{"id":5114,"date":"2020-12-04T22:12:32","date_gmt":"2020-12-04T22:12:32","guid":{"rendered":"https:\/\/www.museros.site\/pagina\/?page_id=5114"},"modified":"2023-11-07T07:06:46","modified_gmt":"2023-11-07T07:06:46","slug":"plan-museros-plus","status":"publish","type":"page","link":"https:\/\/museros.org\/inici\/es\/plan-museros-plus\/","title":{"rendered":"Plan Museros Plus"},"content":{"rendered":"<p>[et_pb_section fb_built=\u00bb1&#8243; _builder_version=\u00bb4.16&#8243; _module_preset=\u00bbdefault\u00bb custom_padding=\u00bb0px||||false|false\u00bb global_colors_info=\u00bb{}\u00bb][et_pb_row column_structure=\u00bb1_4,3_4&#8243; _builder_version=\u00bb4.16&#8243; _module_preset=\u00bbdefault\u00bb custom_margin=\u00bb0px||0px||false|false\u00bb custom_padding=\u00bb0px||0px||false|false\u00bb global_colors_info=\u00bb{}\u00bb][et_pb_column type=\u00bb1_4&#8243; _builder_version=\u00bb4.16&#8243; _module_preset=\u00bbdefault\u00bb global_colors_info=\u00bb{}\u00bb][et_pb_image src=\u00bbhttps:\/\/museros.org\/wp-content\/uploads\/2021\/08\/logo-planmuseros-200&#215;160-1.jpg\u00bb title_text=\u00bblogo-planmuseros-200&#215;160&#8243; url=\u00bbhttps:\/\/museros.org\/inici\/es\/otam-on-line\u00bb use_overlay=\u00bbon\u00bb overlay_icon_color=\u00bb#0C71C3&#8243; hover_overlay_color=\u00bbrgba(255,255,255,0.69)\u00bb hover_icon=\u00bb&#xe04d;||divi||400&#8243; align=\u00bbcenter\u00bb src_tablet=\u00bbhttps:\/\/museros.org\/wp-content\/uploads\/2021\/08\/logo-planmuseros-200&#215;160-1.jpg\u00bb src_phone=\u00bbhttps:\/\/museros.org\/wp-content\/uploads\/2021\/08\/logo-planmuseros-200&#215;160-1.jpg\u00bb src_last_edited=\u00bbon|phone\u00bb _builder_version=\u00bb4.16&#8243; _module_preset=\u00bbdefault\u00bb width=\u00bb100%\u00bb width_tablet=\u00bb40%\u00bb width_phone=\u00bb60%\u00bb width_last_edited=\u00bbon|phone\u00bb custom_margin=\u00bb||||false|false\u00bb custom_margin_tablet=\u00bb\u00bb custom_margin_phone=\u00bb\u00bb custom_margin_last_edited=\u00bbon|tablet\u00bb global_colors_info=\u00bb{}\u00bb src__hover_enabled=\u00bbon|desktop\u00bb src__hover=\u00bbhttps:\/\/museros.org\/wp-content\/uploads\/2021\/08\/logo-planmuseros-200&#215;160-1.jpg\u00bb][\/et_pb_image][\/et_pb_column][et_pb_column type=\u00bb3_4&#8243; _builder_version=\u00bb4.16&#8243; _module_preset=\u00bbdefault\u00bb global_colors_info=\u00bb{}\u00bb][et_pb_text _builder_version=\u00bb4.23&#8243; _module_preset=\u00bbdefault\u00bb custom_padding=\u00bb0px|||||\u00bb hover_enabled=\u00bb0&#8243; global_colors_info=\u00bb{}\u00bb sticky_enabled=\u00bb0&#8243;]<\/p>\n<h2><span style=\"color: #0094ff;\">Plan Museros Plus<br \/><\/span><\/h2>\n<p>Con el Plan Museros Plus podr\u00e1s pagar en 10 cuotas mensuales, de febrero a noviembre, tus impuestos locales (IBI, IVTM, vados e IAE), benefici\u00e1ndote de un 2 % de bonificaci\u00f3n sobre el total a pagar.<\/p>\n<p>Para solicitarlo, solo hay que presentar la solicitud antes del 15 de diciembre en las oficinas del Ayuntamiento de Museros, a trav\u00e9s de la sede electr\u00f3nica o a trav\u00e9s de la OTAM.<\/p>\n<h2><span style=\"color: #0094ff;\"><\/span><\/h2>\n<h2><span style=\"color: #0094ff;\">Solicitud:<\/span><\/h2>\n<p>[\/et_pb_text][\/et_pb_column][\/et_pb_row][et_pb_row column_structure=\u00bb1_4,1_4,1_4,1_4&#8243; _builder_version=\u00bb4.23&#8243; _module_preset=\u00bbdefault\u00bb custom_margin=\u00bb0px||||false|false\u00bb custom_padding=\u00bb0px||||false|false\u00bb locked=\u00bboff\u00bb global_colors_info=\u00bb{}\u00bb][et_pb_column type=\u00bb1_4&#8243; _builder_version=\u00bb4.16&#8243; _module_preset=\u00bbdefault\u00bb global_colors_info=\u00bb{}\u00bb][\/et_pb_column][et_pb_column type=\u00bb1_4&#8243; _builder_version=\u00bb4.16&#8243; _module_preset=\u00bbdefault\u00bb global_colors_info=\u00bb{}\u00bb][et_pb_button button_url=\u00bbhttps:\/\/museros.sedelectronica.es\/info.0&#8243; url_new_window=\u00bbon\u00bb button_text=\u00bbSede electr\u00f3nica\u00bb admin_label=\u00bbPlan Museros Plus PDF\u00bb _builder_version=\u00bb4.23&#8243; _module_preset=\u00bbdefault\u00bb custom_button=\u00bbon\u00bb button_text_color=\u00bb#ffffff\u00bb button_bg_color=\u00bb#0099cc\u00bb button_bg_use_color_gradient=\u00bbon\u00bb button_bg_color_gradient_stops=\u00bb#0099cc 0%|#0099cc 100%\u00bb button_bg_color_gradient_start=\u00bb#0099cc\u00bb button_bg_color_gradient_end=\u00bb#0099cc\u00bb button_border_color=\u00bbrgba(0,0,0,0)\u00bb animation_style=\u00bbfade\u00bb button_bg_color_tablet=\u00bb\u00bb button_bg_color_phone=\u00bb\u00bb button_bg_color_last_edited=\u00bbon|desktop\u00bb global_colors_info=\u00bb{}\u00bb button_bg_color__hover_enabled=\u00bbon|desktop\u00bb button_bg_color__hover=\u00bb#0099cc\u00bb][\/et_pb_button][\/et_pb_column][et_pb_column type=\u00bb1_4&#8243; _builder_version=\u00bb4.16&#8243; _module_preset=\u00bbdefault\u00bb global_colors_info=\u00bb{}\u00bb][et_pb_button button_url=\u00bbhttps:\/\/ayuntamientomuseros.tributoslocales.es\/va\/461775\/amuseros\u00bb url_new_window=\u00bbon\u00bb button_text=\u00bbOTAM\u00bb admin_label=\u00bbPlan Museros Plus PDF\u00bb _builder_version=\u00bb4.23&#8243; _module_preset=\u00bbdefault\u00bb custom_button=\u00bbon\u00bb button_text_color=\u00bb#ffffff\u00bb button_bg_color=\u00bb#0099cc\u00bb button_bg_use_color_gradient=\u00bbon\u00bb button_bg_color_gradient_stops=\u00bb#0099cc 0%|#0099cc 100%\u00bb button_bg_color_gradient_start=\u00bb#0099cc\u00bb button_bg_color_gradient_end=\u00bb#0099cc\u00bb button_border_color=\u00bbrgba(0,0,0,0)\u00bb animation_style=\u00bbfade\u00bb button_bg_color_tablet=\u00bb\u00bb button_bg_color_phone=\u00bb\u00bb button_bg_color_last_edited=\u00bbon|desktop\u00bb global_colors_info=\u00bb{}\u00bb button_bg_color__hover_enabled=\u00bbon|desktop\u00bb button_bg_color__hover=\u00bb#0099cc\u00bb][\/et_pb_button][\/et_pb_column][et_pb_column type=\u00bb1_4&#8243; _builder_version=\u00bb4.16&#8243; _module_preset=\u00bbdefault\u00bb global_colors_info=\u00bb{}\u00bb][\/et_pb_column][\/et_pb_row][et_pb_row column_structure=\u00bb1_4,3_4&#8243; _builder_version=\u00bb4.16&#8243; _module_preset=\u00bbdefault\u00bb custom_margin=\u00bb0px||||false|false\u00bb custom_padding=\u00bb0px||||false|false\u00bb global_colors_info=\u00bb{}\u00bb][et_pb_column type=\u00bb1_4&#8243; _builder_version=\u00bb4.16&#8243; _module_preset=\u00bbdefault\u00bb global_colors_info=\u00bb{}\u00bb][\/et_pb_column][et_pb_column type=\u00bb3_4&#8243; _builder_version=\u00bb4.16&#8243; _module_preset=\u00bbdefault\u00bb global_colors_info=\u00bb{}\u00bb][et_pb_text _builder_version=\u00bb4.19.1&#8243; _module_preset=\u00bbdefault\u00bb custom_margin=\u00bb0px||||false|false\u00bb custom_padding=\u00bb0px||||false|false\u00bb global_colors_info=\u00bb{}\u00bb]<\/p>\n<p><strong>1. Definici\u00f3n<\/strong><\/p>\n<p>El Plan Museros Plus es un sistema especial de pago de recibos que permite realizar ingresos peri\u00f3dicos a cuenta de la deuda anual estimada correspondiente a los siguientes recibos de padr\u00f3n: IBI, IVTM y tasa por aprovechamiento especial de la v\u00eda publica con entrada de veh\u00edculos e impuesto sobre actividades econ\u00f3micas.<\/p>\n<p>No se cobrar\u00e1n intereses de demora, siempre que se paguen las fracciones en los plazos indicados.<\/p>\n<p><strong>2. Requisitos<\/strong><\/p>\n<p><em>a)<\/em> No tener deuda pendiente en ejecutiva con la Administraci\u00f3n Municipal.<\/p>\n<p><em>b)<\/em> La cuota m\u00ednima que resulte de aplicar a la suma de los tributos se\u00f1alados en el p\u00e1rrafo 1 la periodicidad de los pagos seleccionados por el interesado, no podr\u00e1 ser inferior a 20 \u20ac.<\/p>\n<p><em>c)<\/em> Deber\u00e1 domiciliar obligatoriamente el pago de las cuotas en una \u00fanica cuenta.<\/p>\n<p><strong>3. Periodicidad de los pagos<\/strong><\/p>\n<p>Ser\u00e1 mensual. Consistir\u00e1 en diez cuotas cuyo cobro se realizar\u00e1 los d\u00edas 10 de cada mes, desde el 10 de febrero al 10 de noviembre inclusive.<\/p>\n<p><strong>4. Solicitud<\/strong><\/p>\n<p>El interesado en acogerse al Plan Museros Plus deber\u00e1 presentar la solicitud antes del 15 de diciembre del ejercicio anterior a que se refiere la petici\u00f3n. A partir de ese momento quedar\u00e1 adherido al Plan Museros Plus para todos los objetos tributarios de los que sea titular y que se encuentren gravados por alguno de los tributos enumerados en el apartado 1, salvo que el Ayuntamiento de Museros comunique la denegaci\u00f3n por incumplimiento de los requisitos.<\/p>\n<p>Si el responsable del servicio que gestiona la solicitud estimase que \u00e9sta cumple los requisitos exigidos para su concesi\u00f3n, podr\u00e1 elaborar la propuesta de resoluci\u00f3n del Plan Museros Plus solicitado y notificarla al interesado. Una vez dictada la resoluci\u00f3n por el \u00f3rgano competente, si \u00e9sta coincide en todos sus t\u00e9rminos con la propuesta de resoluci\u00f3n notificada al interesado, quedar\u00e1 liberada la Administraci\u00f3n municipal de la obligaci\u00f3n de notificar al interesado la resoluci\u00f3n, siempre y cuando este extremo le fuese as\u00ed comunicado al interesado en el momento de notific\u00e1rsele la propuesta de resoluci\u00f3n y se le haya advertido de la obligaci\u00f3n de realizar los pagos en las fechas o plazos fijados en dicha propuesta, salvo que reciba notificaci\u00f3n en sentido contrario antes del inicio de dichos plazos de pago.<\/p>\n<p><strong>5. Cuotas<\/strong><\/p>\n<p>De acuerdo con los datos que obran en su poder, la Administraci\u00f3n efectuar\u00e1 una estimaci\u00f3n del importe de las cuotas que el interesado debe pagar en cada fracci\u00f3n. El importe del \u00faltimo plazo estar\u00e1 constituido por la diferencia entre la cuant\u00eda de los recibos correspondiente al ejercicio y las cantidades abonadas en los plazos anteriores. En cualquier momento el interesado podr\u00e1 efectuar el pago de una sola vez de todas las cuotas no vencidas, causando baja en el Plan.<\/p>\n<p><strong>6. Descuento<\/strong><\/p>\n<p>Aquellos que se acojan a este sistema, y atiendan puntualmente las mensualidades que se le giren por el banco, disfrutar\u00e1n de un 2 % de descuento sobre el total de la deuda incluida en el Plan Museros Plus.<\/p>\n<p><strong>7. Plazo<\/strong><\/p>\n<p>Siempre antes del 1 de diciembre el interesado deber\u00e1 comunicar expresamente al Ayuntamiento de Museros cualquier cambio en los datos de la adhesi\u00f3n inicial, referida a periodicidad de los pagos, recibos incluidos o n\u00famero de cuenta, que producir\u00e1 efectos en el ejercicio siguiente.<\/p>\n<p><strong>8. Condici\u00f3n<\/strong><\/p>\n<p>Para obtener un certificado de estar al corriente del pago de cualquiera de los tributos acogidos a esta modalidad de pago, ser\u00e1 necesario que se haya producido el pago \u00edntegro de dicho tributo.<\/p>\n<p><strong>9. Duraci\u00f3n<\/strong><\/p>\n<p>La solicitud surtir\u00e1 efectos para los siguientes periodos voluntarios de pago, teniendo validez por tiempo indefinido para los recibos para los que se solicit\u00f3, siempre que no exista manifestaci\u00f3n expresa en contrario por parte del sujeto pasivo y no dejen de realizarse los pagos en la forma establecida. Para renunciar a esta modalidad de pago el interesado deber\u00e1 abonar todos los recibos de los que haya finalizado el per\u00edodo voluntario de pago.<\/p>\n<p><strong>10. Falta de pago<\/strong><\/p>\n<p>Desde el momento en que la Administraci\u00f3n tenga conocimiento del impago de uno de los plazos, podr\u00e1 dejar de cargar los plazos siguientes, consider\u00e1ndose cancelado el fraccionamiento. En ese momento, el r\u00e9gimen de pago anual pasar\u00e1 a ser el general, con los plazos normales en voluntaria. Si la deuda estuviera vencida se proceder\u00e1 a su cobro por las v\u00edas legalmente establecidas. Las cantidades ingresadas en el ejercicio por el Plan Museros Plus se aplicar\u00e1n, en primer lugar a los pagos ya vencidos y la cantidad sobrante a los pagos futuros a criterio de la Administraci\u00f3n, entendi\u00e9ndose a cuenta los importes que no cubran los citados documentos de cobro, en el caso de que queden cantidades pendientes de ingresar.<\/p>\n<h3><span style=\"color: #008ca8;\"><span style=\"color: #0066b5;\">Bonificaciones o exenciones en el IBI<\/span><br \/><\/span><\/h3>\n<p><strong> 1.- Familia numerosa<\/strong><br \/><em>a)<\/em> Categor\u00eda general: bonificaci\u00f3n en la cuota del 70% con un l\u00edmite m\u00e1ximo de 300 \u20ac.<br \/><em>b)<\/em> Categor\u00eda especial: bonificaci\u00f3n en la cuota del 80% con un l\u00edmite m\u00e1ximo de 300 \u20ac.<br \/>Condici\u00f3n indispensable es que sea vivienda habitual y el plazo de solicitud es hasta el 28 de febrero para los recibos del ejercicio en curso.<br \/><strong>2.- Energ\u00eda solar<\/strong><br \/><em>a)<\/em> Para producci\u00f3n de agua caliente sanitaria: bonificaci\u00f3n del 33% de la cuota y con los l\u00edmites establecidos cuando se cumplan los requisitos fijados en la Ordenanza fiscal reguladora.<br \/><em>b)<\/em> Para producci\u00f3n de energ\u00eda el\u00e9ctrica en el porcentaje determinado en la Tabla A para consumo propio: bonificaci\u00f3n del 33% de la cuota y con los l\u00edmites establecidos cuando se cumplan los requisitos fijados en la Ordenanza fiscal reguladora.<br \/>En caso de viviendas sujetas al r\u00e9gimen de propiedad horizontal la solicitud de bonificaci\u00f3n la presentar\u00e1 la representaci\u00f3n de la Comunidad de propietarios.<br \/>El plazo de solicitud es hasta el 28 de febrero para los recibos del ejercicio en curso.<\/p>\n<h3><span style=\"color: #0066b5;\">Bonificaciones o exenciones en el IVTM<\/span><\/h3>\n<p><em>1.-<\/em> Exenci\u00f3n del 100% para personas con diversidad funcional con grado igual superior al 33%, seg\u00fan se establece el RDL 2\/2004 de 5 de marzo reguladora de las Haciendas Locales.<br \/><em>2.-<\/em> Bonificaci\u00f3n del 100% para veh\u00edculos calificados de hist\u00f3ricos o con una antig\u00fcedad m\u00ednima de 25 a\u00f1os, seg\u00fan se establece el RDL 2\/2004 de 5 de marzo reguladora de las Haciendas Locales y la ordenanza fiscal.<br \/><em>3.- <\/em>Bonificaciones para veh\u00edculos no contaminantes:<br \/><em>a)<\/em> Del 75% en la cuota incrementada del impuesto sobre veh\u00edculos de tracci\u00f3n mec\u00e1nica , los veh\u00edculos clasificados como \u201cCero emisiones\u201d<br \/><em>b)<\/em> Del 50% en la cuota incrementada del impuesto sobre veh\u00edculos de tracci\u00f3n mec\u00e1nica, los veh\u00edculos clasificados como \u201cEco\u201d.<br \/>La petici\u00f3n de la exenci\u00f3n y bonificaciones anteriores deber\u00e1 realizarse antes de la fecha de devengo del impuesto (1 de enero). Si la bonificaci\u00f3n se solicita con posterioridad a dicha fecha, la bonificaci\u00f3n se aplicar\u00e1 a partir del periodo impositivo siguiente.<br \/>Todas las bonificaciones anteriormente descritas, quedan condicionadas tanto a estar al corriente del pago de tributos municipales, como a estar empadronado en el padr\u00f3n municipal de habitantes del municipio.<\/p>\n<p>[\/et_pb_text][\/et_pb_column][\/et_pb_row][et_pb_row _builder_version=\u00bb4.16&#8243; _module_preset=\u00bbdefault\u00bb custom_margin=\u00bb25px||-25px||false|false\u00bb custom_padding=\u00bb0px||0px||false|false\u00bb locked=\u00bboff\u00bb global_colors_info=\u00bb{}\u00bb][et_pb_column type=\u00bb4_4&#8243; _builder_version=\u00bb4.16&#8243; _module_preset=\u00bbdefault\u00bb global_colors_info=\u00bb{}\u00bb][et_pb_divider color=\u00bb#999999&#8243; divider_style=\u00bbdotted\u00bb divider_weight=\u00bb7px\u00bb _builder_version=\u00bb4.16&#8243; _module_preset=\u00bbdefault\u00bb width=\u00bb100%\u00bb module_alignment=\u00bbright\u00bb custom_margin=\u00bb0px||20px||false|false\u00bb custom_padding=\u00bb0px||0px||false|false\u00bb locked=\u00bboff\u00bb global_colors_info=\u00bb{}\u00bb][\/et_pb_divider][et_pb_text _builder_version=\u00bb4.16&#8243; _module_preset=\u00bbdefault\u00bb text_text_color=\u00bb#0094ff\u00bb header_text_color=\u00bb#0094ff\u00bb header_2_text_color=\u00bb#0094ff\u00bb global_colors_info=\u00bb{}\u00bb]<\/p>\n<h3><span style=\"color: #3366ff;\">Informaci\u00f3n \u00fatil<\/span><\/h3>\n<p>[\/et_pb_text][\/et_pb_column][\/et_pb_row][et_pb_row column_structure=\u00bb1_5,1_5,1_5,1_5,1_5&#8243; _builder_version=\u00bb4.16&#8243; _module_preset=\u00bbdefault\u00bb locked=\u00bboff\u00bb global_colors_info=\u00bb{}\u00bb][et_pb_column type=\u00bb1_5&#8243; _builder_version=\u00bb4.16&#8243; _module_preset=\u00bbdefault\u00bb global_colors_info=\u00bb{}\u00bb][et_pb_image src=\u00bbhttps:\/\/museros.org\/wp-content\/uploads\/2021\/08\/logo-calendariofis-200&#215;160-1.jpg\u00bb title_text=\u00bblogo-calendariofis-200&#215;160&#8243; url=\u00bbhttps:\/\/www.museros.org\/inici\/es\/calendario-fiscal\/\u00bb use_overlay=\u00bbon\u00bb overlay_icon_color=\u00bbrgba(12,113,195,0.7)\u00bb hover_overlay_color=\u00bbrgba(255,255,255,0.5)\u00bb hover_icon=\u00bb&#xe04e;||divi||400&#8243; align=\u00bbcenter\u00bb src_tablet=\u00bbhttp:\/\/museros.org\/wp-content\/uploads\/2020\/12\/calendario-fiscal-410.png\u00bb src_phone=\u00bbhttp:\/\/museros.org\/wp-content\/uploads\/2020\/12\/calendario-fiscal-410.png\u00bb src_last_edited=\u00bbon|desktop\u00bb _builder_version=\u00bb4.16&#8243; _module_preset=\u00bbdefault\u00bb width=\u00bb100%\u00bb width_tablet=\u00bb70%\u00bb width_phone=\u00bb60%\u00bb width_last_edited=\u00bbon|phone\u00bb global_colors_info=\u00bb{}\u00bb src__hover_enabled=\u00bbon|desktop\u00bb src__hover=\u00bb\u00bb][\/et_pb_image][\/et_pb_column][et_pb_column type=\u00bb1_5&#8243; _builder_version=\u00bb4.16&#8243; _module_preset=\u00bbdefault\u00bb global_colors_info=\u00bb{}\u00bb][et_pb_image src=\u00bbhttps:\/\/museros.org\/wp-content\/uploads\/2021\/08\/logo-famnumerosa-200&#215;160-1.jpg\u00bb title_text=\u00bblogo-famnumerosa-200&#215;160&#8243; url=\u00bbhttps:\/\/www.museros.org\/inici\/es\/familia-numerosa\/\u00bb use_overlay=\u00bbon\u00bb overlay_icon_color=\u00bbrgba(12,113,195,0.7)\u00bb hover_overlay_color=\u00bbrgba(255,255,255,0.5)\u00bb hover_icon=\u00bb&#xe04e;||divi||400&#8243; align=\u00bbcenter\u00bb src_tablet=\u00bbhttp:\/\/museros.org\/wp-content\/uploads\/2020\/12\/familia-numerosa-410.png\u00bb src_phone=\u00bbhttp:\/\/museros.org\/wp-content\/uploads\/2020\/12\/familia-numerosa-410.png\u00bb src_last_edited=\u00bbon|desktop\u00bb _builder_version=\u00bb4.16&#8243; _module_preset=\u00bbdefault\u00bb width=\u00bb100%\u00bb width_tablet=\u00bb69%\u00bb width_phone=\u00bb60%\u00bb width_last_edited=\u00bbon|tablet\u00bb global_colors_info=\u00bb{}\u00bb src__hover_enabled=\u00bbon|desktop\u00bb src__hover=\u00bb\u00bb][\/et_pb_image][\/et_pb_column][et_pb_column type=\u00bb1_5&#8243; _builder_version=\u00bb4.16&#8243; _module_preset=\u00bbdefault\u00bb global_colors_info=\u00bb{}\u00bb][et_pb_image src=\u00bbhttps:\/\/museros.org\/wp-content\/uploads\/2021\/08\/logo-domiciliacion-200&#215;160-1.jpg\u00bb title_text=\u00bblogo-domiciliacion-200&#215;160&#8243; url=\u00bbhttps:\/\/www.museros.org\/inici\/es\/domiciliacion\/\u00bb use_overlay=\u00bbon\u00bb overlay_icon_color=\u00bbrgba(12,113,195,0.7)\u00bb hover_overlay_color=\u00bbrgba(255,255,255,0.5)\u00bb hover_icon=\u00bb&#xe04e;||divi||400&#8243; align=\u00bbcenter\u00bb src_tablet=\u00bbhttp:\/\/museros.org\/wp-content\/uploads\/2020\/12\/domiciliacion410.png\u00bb src_phone=\u00bbhttp:\/\/museros.org\/wp-content\/uploads\/2020\/12\/domiciliacion410.png\u00bb src_last_edited=\u00bbon|desktop\u00bb _builder_version=\u00bb4.16&#8243; _module_preset=\u00bbdefault\u00bb width_tablet=\u00bb70%\u00bb width_phone=\u00bb60%\u00bb width_last_edited=\u00bbon|phone\u00bb global_colors_info=\u00bb{}\u00bb src__hover_enabled=\u00bbon|desktop\u00bb src__hover=\u00bb\u00bb][\/et_pb_image][\/et_pb_column][et_pb_column type=\u00bb1_5&#8243; _builder_version=\u00bb4.16&#8243; _module_preset=\u00bbdefault\u00bb global_colors_info=\u00bb{}\u00bb][et_pb_image src=\u00bbhttps:\/\/museros.org\/wp-content\/uploads\/2021\/08\/logo-altavados-200&#215;160-1.jpg\u00bb title_text=\u00bblogo-altavados-200&#215;160&#8243; url=\u00bbhttps:\/\/www.museros.org\/inici\/es\/alta-vados\/\u00bb use_overlay=\u00bbon\u00bb overlay_icon_color=\u00bbrgba(12,113,195,0.7)\u00bb hover_overlay_color=\u00bbrgba(255,255,255,0.5)\u00bb hover_icon=\u00bb&#xe04e;||divi||400&#8243; align=\u00bbcenter\u00bb align_tablet=\u00bb\u00bb align_phone=\u00bb\u00bb align_last_edited=\u00bbon|phone\u00bb _builder_version=\u00bb4.16&#8243; _module_preset=\u00bbdefault\u00bb width_tablet=\u00bb70%\u00bb width_phone=\u00bb\u00bb width_last_edited=\u00bbon|tablet\u00bb global_colors_info=\u00bb{}\u00bb src__hover_enabled=\u00bbon|desktop\u00bb src__hover=\u00bbhttps:\/\/museros.org\/wp-content\/uploads\/2021\/08\/logo-altavados-200&#215;160-1.jpg\u00bb][\/et_pb_image][\/et_pb_column][et_pb_column type=\u00bb1_5&#8243; _builder_version=\u00bb4.16&#8243; _module_preset=\u00bbdefault\u00bb global_colors_info=\u00bb{}\u00bb][et_pb_image src=\u00bbhttps:\/\/museros.org\/wp-content\/uploads\/2021\/08\/logo-subastas-200&#215;160-1.jpg\u00bb title_text=\u00bblogo-subastas-200&#215;160&#8243; url=\u00bbhttps:\/\/www.museros.org\/inici\/es\/subastas\/\u00bb use_overlay=\u00bbon\u00bb overlay_icon_color=\u00bbrgba(12,113,195,0.7)\u00bb hover_overlay_color=\u00bbrgba(255,255,255,0.5)\u00bb hover_icon=\u00bb&#xe04e;||divi||400&#8243; align=\u00bbcenter\u00bb src_tablet=\u00bbhttp:\/\/museros.org\/wp-content\/uploads\/2020\/12\/subastas-410.png\u00bb src_phone=\u00bbhttp:\/\/museros.org\/wp-content\/uploads\/2020\/12\/subastas-410.png\u00bb src_last_edited=\u00bbon|desktop\u00bb _builder_version=\u00bb4.16&#8243; _module_preset=\u00bbdefault\u00bb width_tablet=\u00bb70%\u00bb width_phone=\u00bb60%\u00bb width_last_edited=\u00bbon|tablet\u00bb global_colors_info=\u00bb{}\u00bb src__hover_enabled=\u00bbon|desktop\u00bb src__hover=\u00bb\u00bb][\/et_pb_image][\/et_pb_column][\/et_pb_row][et_pb_row _builder_version=\u00bb4.16&#8243; _module_preset=\u00bbdefault\u00bb global_colors_info=\u00bb{}\u00bb][et_pb_column type=\u00bb4_4&#8243; _builder_version=\u00bb4.16&#8243; _module_preset=\u00bbdefault\u00bb global_colors_info=\u00bb{}\u00bb][et_pb_divider color=\u00bb#0099cc\u00bb divider_weight=\u00bb4px\u00bb _builder_version=\u00bb4.16&#8243; _module_preset=\u00bbdefault\u00bb width=\u00bb100%\u00bb module_alignment=\u00bbright\u00bb custom_margin=\u00bb0px||20px||false|false\u00bb custom_padding=\u00bb0px||0px||false|false\u00bb locked=\u00bboff\u00bb global_colors_info=\u00bb{}\u00bb][\/et_pb_divider][\/et_pb_column][\/et_pb_row][\/et_pb_section]<\/p>\n","protected":false},"excerpt":{"rendered":"<p>Plan Museros Plus Con el Plan Museros Plus podr\u00e1s pagar en 10 cuotas mensuales, de febrero a noviembre, tus impuestos locales (IBI, IVTM, vados e IAE), benefici\u00e1ndote de un 2 % de bonificaci\u00f3n sobre el total a pagar. Para solicitarlo, solo hay que presentar la solicitud antes del 15 de diciembre en las oficinas del [&hellip;]<\/p>\n","protected":false},"author":8,"featured_media":0,"parent":0,"menu_order":0,"comment_status":"closed","ping_status":"closed","template":"","meta":{"_et_pb_use_builder":"on","_et_pb_old_content":"","_et_gb_content_width":"","_mc_calendar":[],"footnotes":""},"wf_page_folders":[155],"class_list":["post-5114","page","type-page","status-publish","hentry"],"_links":{"self":[{"href":"https:\/\/museros.org\/inici\/wp-json\/wp\/v2\/pages\/5114","targetHints":{"allow":["GET"]}}],"collection":[{"href":"https:\/\/museros.org\/inici\/wp-json\/wp\/v2\/pages"}],"about":[{"href":"https:\/\/museros.org\/inici\/wp-json\/wp\/v2\/types\/page"}],"author":[{"embeddable":true,"href":"https:\/\/museros.org\/inici\/wp-json\/wp\/v2\/users\/8"}],"replies":[{"embeddable":true,"href":"https:\/\/museros.org\/inici\/wp-json\/wp\/v2\/comments?post=5114"}],"version-history":[{"count":35,"href":"https:\/\/museros.org\/inici\/wp-json\/wp\/v2\/pages\/5114\/revisions"}],"predecessor-version":[{"id":266489,"href":"https:\/\/museros.org\/inici\/wp-json\/wp\/v2\/pages\/5114\/revisions\/266489"}],"wp:attachment":[{"href":"https:\/\/museros.org\/inici\/wp-json\/wp\/v2\/media?parent=5114"}],"wp:term":[{"taxonomy":"wf_page_folders","embeddable":true,"href":"https:\/\/museros.org\/inici\/wp-json\/wp\/v2\/wf_page_folders?post=5114"}],"curies":[{"name":"wp","href":"https:\/\/api.w.org\/{rel}","templated":true}]}}