{"id":507,"date":"2020-09-08T09:36:39","date_gmt":"2020-09-08T09:36:39","guid":{"rendered":"https:\/\/www.museros.site\/pagina\/?page_id=507"},"modified":"2023-10-31T09:16:20","modified_gmt":"2023-10-31T09:16:20","slug":"servicios","status":"publish","type":"page","link":"https:\/\/museros.org\/inici\/es\/servicios\/","title":{"rendered":"SERVICIOS"},"content":{"rendered":"<p>[et_pb_section fb_built=\u00bb1&#8243; _builder_version=\u00bb4.16&#8243; custom_padding=\u00bb0px||||false|false\u00bb locked=\u00bboff\u00bb global_colors_info=\u00bb{}\u00bb][et_pb_row column_structure=\u00bb1_4,3_4&#8243; _builder_version=\u00bb4.16&#8243; custom_margin=\u00bb0px||||false|false\u00bb custom_padding=\u00bb0px||||false|false\u00bb global_colors_info=\u00bb{}\u00bb][et_pb_column type=\u00bb1_4&#8243; _builder_version=\u00bb4.16&#8243; global_colors_info=\u00bb{}\u00bb][et_pb_image src=\u00bbhttps:\/\/museros.org\/wp-content\/uploads\/2021\/08\/servicios-200&#215;160-1.jpg\u00bb title_text=\u00bbservicios-200&#215;160&#8243; url=\u00bbhttps:\/\/museros.org\/inici\/es\/otam-on-line\u00bb use_overlay=\u00bbon\u00bb overlay_icon_color=\u00bb#E02B20&#8243; hover_overlay_color=\u00bbrgba(255,255,255,0.7)\u00bb hover_icon=\u00bb&#xe04e;||divi||400&#8243; show_bottom_space=\u00bboff\u00bb align=\u00bbcenter\u00bb _builder_version=\u00bb4.16&#8243; width=\u00bb100%\u00bb custom_margin=\u00bb0px||||false|false\u00bb global_colors_info=\u00bb{}\u00bb][\/et_pb_image][\/et_pb_column][et_pb_column type=\u00bb3_4&#8243; _builder_version=\u00bb4.16&#8243; global_colors_info=\u00bb{}\u00bb][et_pb_text _builder_version=\u00bb4.23&#8243; custom_padding=\u00bb7px|||||\u00bb hover_enabled=\u00bb0&#8243; global_colors_info=\u00bb{}\u00bb sticky_enabled=\u00bb0&#8243;]<\/p>\n<p><a href=\"https:\/\/museros.org\/inici\/es\/otam-on-line\/\">OTAM on line<\/a><br \/><a href=\"https:\/\/museros.org\/inici\/es\/omic-on-line\/\">OMIC on line<\/a><br \/><a href=\"https:\/\/museros.org\/inici\/es\/omac-on-line\/\">OMAC on line<\/a><br \/><a href=\"https:\/\/museros.org\/inici\/es\/museros-inclusivo\/\">Servicios Sociales<\/a><br \/><a href=\"https:\/\/museros.org\/inici\/es\/recursos-humanos\/\">Personal RRHH<\/a><br \/><a href=\"https:\/\/museros.org\/inici\/es\/aedl\/\">AEDL<\/a><br \/><a href=\"https:\/\/museros.org\/inici\/es\/gabinete-psicopedagogico\/\">Gabinete psicopedag\u00f3gico<\/a><br \/><a href=\"https:\/\/museros.org\/inici\/es\/firma-electronica\/\">Firma electr\u00f3nica<\/a><br \/><a href=\"https:\/\/museros.org\/inici\/es\/punto-de-informacion-catastral\/\">Punto de informaci\u00f3n catastral<\/a><br \/><a href=\"https:\/\/museros.org\/inici\/es\/asesoria-juridica\/\">Asesor\u00eda jur\u00eddica<\/a><br \/><a href=\"https:\/\/museros.org\/inici\/es\/juzgado-de-paz\/\">Juzgado de Paz<\/a><br \/><a href=\"https:\/\/museros.sedelectronica.es\/info.0\" target=\"_blank\" rel=\"noopener\">Sede electr\u00f3nica<\/a><br \/><a href=\"https:\/\/museros.governalia.es\/es\/\" target=\"_blank\" rel=\"noopener\">Transparencia<\/a><br \/><a href=\"https:\/\/museros.org\/el-whatsapp-municipal\/\">Whatsapp municipa<\/a><br \/><a href=\"https:\/\/museros.org\/inici\/es\/museros-mas-limpio\/\">Recogida de trastos<\/a><\/p>\n<p>[\/et_pb_text][\/et_pb_column][\/et_pb_row][et_pb_row _builder_version=\u00bb4.16&#8243; _module_preset=\u00bbdefault\u00bb locked=\u00bboff\u00bb global_colors_info=\u00bb{}\u00bb][et_pb_column type=\u00bb4_4&#8243; _builder_version=\u00bb4.16&#8243; _module_preset=\u00bbdefault\u00bb global_colors_info=\u00bb{}\u00bb][et_pb_divider color=\u00bb#E02B20&#8243; divider_weight=\u00bb4px\u00bb _builder_version=\u00bb4.16&#8243; _module_preset=\u00bbdefault\u00bb min_height=\u00bb25px\u00bb global_colors_info=\u00bb{}\u00bb][\/et_pb_divider][\/et_pb_column][\/et_pb_row][\/et_pb_section]<\/p>\n","protected":false},"excerpt":{"rendered":"<p>OTAM on lineOMIC on lineOMAC on lineServicios SocialesPersonal RRHHAEDLGabinete psicopedag\u00f3gicoFirma electr\u00f3nicaPunto de informaci\u00f3n catastralAsesor\u00eda jur\u00eddicaJuzgado de PazSede electr\u00f3nicaTransparenciaWhatsapp municipaRecogida de trastos<\/p>\n","protected":false},"author":8,"featured_media":0,"parent":0,"menu_order":0,"comment_status":"closed","ping_status":"closed","template":"","meta":{"_et_pb_use_builder":"on","_et_pb_old_content":"","_et_gb_content_width":"","_mc_calendar":[],"footnotes":""},"wf_page_folders":[150],"class_list":["post-507","page","type-page","status-publish","hentry"],"_links":{"self":[{"href":"https:\/\/museros.org\/inici\/wp-json\/wp\/v2\/pages\/507","targetHints":{"allow":["GET"]}}],"collection":[{"href":"https:\/\/museros.org\/inici\/wp-json\/wp\/v2\/pages"}],"about":[{"href":"https:\/\/museros.org\/inici\/wp-json\/wp\/v2\/types\/page"}],"author":[{"embeddable":true,"href":"https:\/\/museros.org\/inici\/wp-json\/wp\/v2\/users\/8"}],"replies":[{"embeddable":true,"href":"https:\/\/museros.org\/inici\/wp-json\/wp\/v2\/comments?post=507"}],"version-history":[{"count":15,"href":"https:\/\/museros.org\/inici\/wp-json\/wp\/v2\/pages\/507\/revisions"}],"predecessor-version":[{"id":266439,"href":"https:\/\/museros.org\/inici\/wp-json\/wp\/v2\/pages\/507\/revisions\/266439"}],"wp:attachment":[{"href":"https:\/\/museros.org\/inici\/wp-json\/wp\/v2\/media?parent=507"}],"wp:term":[{"taxonomy":"wf_page_folders","embeddable":true,"href":"https:\/\/museros.org\/inici\/wp-json\/wp\/v2\/wf_page_folders?post=507"}],"curies":[{"name":"wp","href":"https:\/\/api.w.org\/{rel}","templated":true}]}}