{"id":278442,"date":"2026-01-29T12:37:43","date_gmt":"2026-01-29T10:37:43","guid":{"rendered":"https:\/\/museros.org\/inici\/?page_id=278442"},"modified":"2026-02-09T17:05:13","modified_gmt":"2026-02-09T15:05:13","slug":"sant-valenti-2026","status":"publish","type":"page","link":"https:\/\/museros.org\/inici\/sant-valenti-2026\/","title":{"rendered":"Sant Valent\u00ed 2026"},"content":{"rendered":"<p>[et_pb_section fb_built=\u00bb1&#8243; _builder_version=\u00bb4.16&#8243; _module_preset=\u00bbdefault\u00bb custom_padding=\u00bb0px||||false|false\u00bb locked=\u00bboff\u00bb global_colors_info=\u00bb{}\u00bb][et_pb_row column_structure=\u00bb1_3,2_3&#8243; _builder_version=\u00bb4.16&#8243; _module_preset=\u00bbdefault\u00bb custom_margin=\u00bb0px||0px||false|false\u00bb custom_padding=\u00bb0px||0px||false|false\u00bb global_colors_info=\u00bb{}\u00bb][et_pb_column type=\u00bb1_3&#8243; _builder_version=\u00bb4.16&#8243; _module_preset=\u00bbdefault\u00bb global_colors_info=\u00bb{}\u00bb][et_pb_image src=\u00bbhttps:\/\/museros.org\/wp-content\/uploads\/2021\/08\/logo-comerc\u0327-cl-230&#215;180-1.jpg\u00bb title_text=\u00bblogo-comerc\u0327-cl-230&#215;180&#8243; url=\u00bbhttps:\/\/museros.org\/inici\/area-de-comerc\u00bb use_overlay=\u00bbon\u00bb overlay_icon_color=\u00bb#E02B20&#8243; hover_overlay_color=\u00bbrgba(255,255,255,0.7)\u00bb hover_icon=\u00bb&#xe04d;||divi||400&#8243; align=\u00bbcenter\u00bb _builder_version=\u00bb4.17.3&#8243; _module_preset=\u00bbdefault\u00bb width=\u00bb100%\u00bb width_tablet=\u00bb\u00bb width_phone=\u00bb\u00bb width_last_edited=\u00bbon|phone\u00bb module_alignment=\u00bbcenter\u00bb custom_margin=\u00bb0px||0px||false|false\u00bb custom_padding=\u00bb0px||0px||false|false\u00bb global_colors_info=\u00bb{}\u00bb][\/et_pb_image][\/et_pb_column][et_pb_column type=\u00bb2_3&#8243; _builder_version=\u00bb4.16&#8243; _module_preset=\u00bbdefault\u00bb global_colors_info=\u00bb{}\u00bb][et_pb_image src=\u00bbhttps:\/\/museros.org\/wp-content\/uploads\/2026\/02\/voler-museros-es26comerc.jpg\u00bb title_text=\u00bbvoler museros es26comer\u00e7\u00bb _builder_version=\u00bb4.27.5&#8243; _module_preset=\u00bbdefault\u00bb global_colors_info=\u00bb{}\u00bb][\/et_pb_image][et_pb_text _builder_version=\u00bb4.27.5&#8243; _module_preset=\u00bbdefault\u00bb custom_margin=\u00bb40px||||false|false\u00bb custom_padding=\u00bb||1px|0px|false|false\u00bb hover_enabled=\u00bb0&#8243; global_colors_info=\u00bb{}\u00bb sticky_enabled=\u00bb0&#8243;]<\/p>\n<h2>CAMPANYA DE SANT VALENT\u00cd 2026<\/h2>\n<p>Amb el lema \u201cVoler Museros \u00e9s apostar pel seu comer\u201d, l&#8217;Ajuntament de Museros, a trav\u00e9s de la Regidoria de Comer\u00e7, posa en marxa un any m\u00e9s una campanya comercial amb motiu de Sant Valent\u00ed. La iniciativa compta amb la col\u00b7laboraci\u00f3 de l&#8217;Associaci\u00f3 de Comerciants CAMU i de Caixa Popular, i t\u00e9 com a objectiu donar visibilitat al comer\u00e7 local i recon\u00e9ixer el treball dels seus professionals.<\/p>\n<p>Amb aquesta acci\u00f3, el consistori continua impulsant mesures per a promocionar i enfortir el comer\u00e7 de proximitat i l&#8217;hostaleria del municipi, al mateix temps que fomenta un consum responsable entre la ciutadania.<\/p>\n<p>La campanya premia ve\u00efns i ve\u00efnes que facen les compres en els establiments locals mitjan\u00e7ant el sorteig de targetes regal, que posteriorment hauran d&#8217;utilitzar-se de nou en el comer\u00e7 del municipi. D&#8217;aquesta manera, els diners tornen a circular en l&#8217;economia local, refor\u00e7ant el teixit comercial tradicional.<\/p>\n<p>En total, se sortejaran 15 targetes moneder de 50 euros cadascuna, que es podran usar als comer\u00e7os associats a CAMU i en els establiments adherits a la campanya. Participaran en el sorteig totes les compres realitzades entre el 2 i el 15 de febrer, tots dos inclosos.<\/p>\n<p>Per a optar a un dels premis, les persones participants hauran de presentar els tiquets de compra \u2014per un import m\u00ednim de 30 euros, que podr\u00e0 aconseguir-se acumulant diverses compres\u2014, en els quals hauran d&#8217;indicar el nom i n\u00famero de tel\u00e8fon. Els tiquets, degudament grapats en el cas de ser necessari, hauran de depositar-se en l&#8217;espai habilitat a l&#8217;ajuntament de Museros, de dilluns a divendres, en horari de 9.00 a 14.00 hores, fins al 16 de febrer. Es podr\u00e0 participar tantes vegades com es vulga, per\u00f2 nom\u00e9s es podr\u00e0 optar a un premi per persona.<\/p>\n<p>El sorteig se celebrar\u00e0 el dijous 19 de febrer, i el lliurament de premis tindr\u00e0 lloc el dimecres 25 de febrer, a les 19.00 hores, en el sal\u00f3 de plens de l&#8217;ajuntament.<\/p>\n<p>[\/et_pb_text][\/et_pb_column][\/et_pb_row][et_pb_row _builder_version=\u00bb4.16&#8243; _module_preset=\u00bbdefault\u00bb custom_margin=\u00bb50px||0px||false|false\u00bb custom_padding=\u00bb0px||0px||false|false\u00bb global_colors_info=\u00bb{}\u00bb][et_pb_column type=\u00bb4_4&#8243; _builder_version=\u00bb4.16&#8243; _module_preset=\u00bbdefault\u00bb global_colors_info=\u00bb{}\u00bb][et_pb_divider color=\u00bb#E02B20&#8243; divider_weight=\u00bb4px\u00bb _builder_version=\u00bb4.16&#8243; _module_preset=\u00bbdefault\u00bb custom_margin=\u00bb0px||0px||false|false\u00bb custom_padding=\u00bb0px||0px||false|false\u00bb global_colors_info=\u00bb{}\u00bb][\/et_pb_divider][\/et_pb_column][\/et_pb_row][\/et_pb_section]<\/p>\n","protected":false},"excerpt":{"rendered":"<p>CAMPANYA DE SANT VALENT\u00cd 2026 Amb el lema \u201cVoler Museros \u00e9s apostar pel seu comer\u201d, l&#8217;Ajuntament de Museros, a trav\u00e9s de la Regidoria de Comer\u00e7, posa en marxa un any m\u00e9s una campanya comercial amb motiu de Sant Valent\u00ed. La iniciativa compta amb la col\u00b7laboraci\u00f3 de l&#8217;Associaci\u00f3 de Comerciants CAMU i de Caixa Popular, i [&hellip;]<\/p>\n","protected":false},"author":9,"featured_media":0,"parent":0,"menu_order":0,"comment_status":"closed","ping_status":"closed","template":"","meta":{"_et_pb_use_builder":"on","_et_pb_old_content":"","_et_gb_content_width":"","_mc_calendar":[],"footnotes":""},"wf_page_folders":[275,281,294],"class_list":["post-278442","page","type-page","status-publish","hentry"],"_links":{"self":[{"href":"https:\/\/museros.org\/inici\/wp-json\/wp\/v2\/pages\/278442","targetHints":{"allow":["GET"]}}],"collection":[{"href":"https:\/\/museros.org\/inici\/wp-json\/wp\/v2\/pages"}],"about":[{"href":"https:\/\/museros.org\/inici\/wp-json\/wp\/v2\/types\/page"}],"author":[{"embeddable":true,"href":"https:\/\/museros.org\/inici\/wp-json\/wp\/v2\/users\/9"}],"replies":[{"embeddable":true,"href":"https:\/\/museros.org\/inici\/wp-json\/wp\/v2\/comments?post=278442"}],"version-history":[{"count":6,"href":"https:\/\/museros.org\/inici\/wp-json\/wp\/v2\/pages\/278442\/revisions"}],"predecessor-version":[{"id":278586,"href":"https:\/\/museros.org\/inici\/wp-json\/wp\/v2\/pages\/278442\/revisions\/278586"}],"wp:attachment":[{"href":"https:\/\/museros.org\/inici\/wp-json\/wp\/v2\/media?parent=278442"}],"wp:term":[{"taxonomy":"wf_page_folders","embeddable":true,"href":"https:\/\/museros.org\/inici\/wp-json\/wp\/v2\/wf_page_folders?post=278442"}],"curies":[{"name":"wp","href":"https:\/\/api.w.org\/{rel}","templated":true}]}}