{"id":277527,"date":"2025-11-12T14:38:06","date_gmt":"2025-11-12T12:38:06","guid":{"rendered":"https:\/\/museros.org\/inici\/?page_id=277527"},"modified":"2026-01-09T15:47:18","modified_gmt":"2026-01-09T13:47:18","slug":"campana-dia-del-comercio-2025","status":"publish","type":"page","link":"https:\/\/museros.org\/inici\/es\/campana-dia-del-comercio-2025\/","title":{"rendered":"Campa\u00f1a D\u00eda del Comercio 2025"},"content":{"rendered":"<p>[et_pb_section fb_built=\u00bb1&#8243; _builder_version=\u00bb4.16&#8243; _module_preset=\u00bbdefault\u00bb custom_padding=\u00bb0px||||false|false\u00bb locked=\u00bboff\u00bb global_colors_info=\u00bb{}\u00bb][et_pb_row column_structure=\u00bb1_3,2_3&#8243; _builder_version=\u00bb4.16&#8243; _module_preset=\u00bbdefault\u00bb custom_margin=\u00bb0px||0px||false|false\u00bb custom_padding=\u00bb0px||0px||false|false\u00bb global_colors_info=\u00bb{}\u00bb][et_pb_column type=\u00bb1_3&#8243; _builder_version=\u00bb4.16&#8243; _module_preset=\u00bbdefault\u00bb global_colors_info=\u00bb{}\u00bb][et_pb_image src=\u00bbhttps:\/\/museros.org\/wp-content\/uploads\/2021\/06\/logo-comercio-cl-230&#215;180-1.jpg\u00bb title_text=\u00bblogo-comercio-cl-230&#215;180&#8243; url=\u00bbhttps:\/\/museros.org\/inici\/es\/area-de-comercio\u00bb use_overlay=\u00bbon\u00bb overlay_icon_color=\u00bb#E02B20&#8243; hover_overlay_color=\u00bbrgba(255,255,255,0.7)\u00bb hover_icon=\u00bb&#xe04d;||divi||400&#8243; align=\u00bbcenter\u00bb _builder_version=\u00bb4.22.2&#8243; _module_preset=\u00bbdefault\u00bb width=\u00bb100%\u00bb width_tablet=\u00bb\u00bb width_phone=\u00bb\u00bb width_last_edited=\u00bbon|phone\u00bb module_alignment=\u00bbcenter\u00bb custom_margin=\u00bb0px||0px||false|false\u00bb custom_padding=\u00bb0px||0px||false|false\u00bb global_colors_info=\u00bb{}\u00bb][\/et_pb_image][\/et_pb_column][et_pb_column type=\u00bb2_3&#8243; _builder_version=\u00bb4.16&#8243; _module_preset=\u00bbdefault\u00bb global_colors_info=\u00bb{}\u00bb][et_pb_text _builder_version=\u00bb4.27.4&#8243; _module_preset=\u00bbdefault\u00bb custom_margin=\u00bb||||false|false\u00bb custom_padding=\u00bb||1px|0px|false|false\u00bb global_colors_info=\u00bb{}\u00bb]<\/p>\n<h1>CAMPA\u00d1A D\u00cdA DEL COMERCIO 2025<\/h1>\n<p>Desde el Ayuntamiento de Museros queremos poner en valor aquello que nos hace \u00fanicos y nos diferencia, el peque\u00f1o comercio de nuestro pueblo, cada tienda, cada cafeter\u00eda, cada bar, cada servicio es mucho m\u00e1s que un lugar donde comprar, es cercan\u00eda y trato personal. Es hacer pueblo.<\/p>\n<p>Ahora m\u00e1s que nunca el comercio de nuestros pueblos necesita del apoyo de todas las instituciones, y en primer lugar de las administraciones m\u00e1s cercanas, en este caso de los ayuntamientos, por eso el Ayuntamiento de Museros y en concreto la Concejal\u00eda de Comercio, con la colaboraci\u00f3n de la entidad Caixa Popular y la Asociaci\u00f3n de Comerciantes de Museros, quieren celebrar el d\u00eda 25 de octubre, D\u00eda del Comercio en la Comunidad Valenciana.<\/p>\n<p>\u00a0Por este motivo se llevar\u00e1 a t\u00e9rmino una nueva acci\u00f3n comercial que consistir\u00e1 en sortear 15 tarjetas de 40 \u20ac, entre todas aquellas personas que hayan realizado sus compras en nuestros comercios, bares, restaurantes y cafeter\u00edas, del 13 al 25 de octubre, ambos inclusive.<\/p>\n<p>Las compras deber\u00e1n de ser iguales o superiores a 30 \u20ac, los tickets se podr\u00e1n acumular hasta alcanzar dicho importe, estos deber\u00e1n contener los datos del establecimiento donde se haya efectuado el gasto o la compra, adem\u00e1s las personas que presenten dichos tickets deber\u00e1n hacer constar el nombre y tel\u00e9fono para contactar con ellas en caso de resultar ganador o ganadora de una tarjeta.<\/p>\n<p><strong>Cada persona solo podr\u00e1 optar a un premio. <\/strong><\/p>\n<p>Los tickets se depositar\u00e1n en el ayuntamiento de Museros del 13 al 27 de octubre, ambos inclusive, en horario de 09.00 h a 14.00 h, en el sitio habilitado para esta campa\u00f1a.<\/p>\n<p>El sorteo se realizar\u00e1 el jueves d\u00eda 30 de octubre.<\/p>\n<p>La entrega de premios de la campa\u00f1a del D\u00eda del Comercio Local se realizar\u00e1 en el sal\u00f3n de plenos del Ayuntamiento de Museros, el jueves 13 de noviembre a las 19.30 horas.<\/p>\n<p>[\/et_pb_text][et_pb_image src=\u00bbhttps:\/\/museros.org\/wp-content\/uploads\/2025\/11\/dia-del-comerc-25-octubre-2025.jpg\u00bb title_text=\u00bbdia del comer\u00e7 25 octubre 2025&#8243; _builder_version=\u00bb4.27.4&#8243; _module_preset=\u00bbdefault\u00bb custom_margin=\u00bb40px||||false|false\u00bb global_colors_info=\u00bb{}\u00bb][\/et_pb_image][\/et_pb_column][\/et_pb_row][et_pb_row _builder_version=\u00bb4.16&#8243; _module_preset=\u00bbdefault\u00bb custom_margin=\u00bb50px||0px||false|false\u00bb custom_padding=\u00bb0px||0px||false|false\u00bb global_colors_info=\u00bb{}\u00bb][et_pb_column type=\u00bb4_4&#8243; _builder_version=\u00bb4.16&#8243; _module_preset=\u00bbdefault\u00bb global_colors_info=\u00bb{}\u00bb][et_pb_divider color=\u00bb#E02B20&#8243; divider_weight=\u00bb4px\u00bb _builder_version=\u00bb4.16&#8243; _module_preset=\u00bbdefault\u00bb custom_margin=\u00bb0px||0px||false|false\u00bb custom_padding=\u00bb0px||0px||false|false\u00bb global_colors_info=\u00bb{}\u00bb][\/et_pb_divider][\/et_pb_column][\/et_pb_row][\/et_pb_section]<\/p>\n","protected":false},"excerpt":{"rendered":"<p>CAMPA\u00d1A D\u00cdA DEL COMERCIO 2025 Desde el Ayuntamiento de Museros queremos poner en valor aquello que nos hace \u00fanicos y nos diferencia, el peque\u00f1o comercio de nuestro pueblo, cada tienda, cada cafeter\u00eda, cada bar, cada servicio es mucho m\u00e1s que un lugar donde comprar, es cercan\u00eda y trato personal. Es hacer pueblo. Ahora m\u00e1s que [&hellip;]<\/p>\n","protected":false},"author":9,"featured_media":0,"parent":0,"menu_order":0,"comment_status":"closed","ping_status":"closed","template":"","meta":{"_et_pb_use_builder":"on","_et_pb_old_content":"","_et_gb_content_width":"","_mc_calendar":[],"footnotes":""},"wf_page_folders":[281,294],"class_list":["post-277527","page","type-page","status-publish","hentry"],"_links":{"self":[{"href":"https:\/\/museros.org\/inici\/wp-json\/wp\/v2\/pages\/277527","targetHints":{"allow":["GET"]}}],"collection":[{"href":"https:\/\/museros.org\/inici\/wp-json\/wp\/v2\/pages"}],"about":[{"href":"https:\/\/museros.org\/inici\/wp-json\/wp\/v2\/types\/page"}],"author":[{"embeddable":true,"href":"https:\/\/museros.org\/inici\/wp-json\/wp\/v2\/users\/9"}],"replies":[{"embeddable":true,"href":"https:\/\/museros.org\/inici\/wp-json\/wp\/v2\/comments?post=277527"}],"version-history":[{"count":3,"href":"https:\/\/museros.org\/inici\/wp-json\/wp\/v2\/pages\/277527\/revisions"}],"predecessor-version":[{"id":277533,"href":"https:\/\/museros.org\/inici\/wp-json\/wp\/v2\/pages\/277527\/revisions\/277533"}],"wp:attachment":[{"href":"https:\/\/museros.org\/inici\/wp-json\/wp\/v2\/media?parent=277527"}],"wp:term":[{"taxonomy":"wf_page_folders","embeddable":true,"href":"https:\/\/museros.org\/inici\/wp-json\/wp\/v2\/wf_page_folders?post=277527"}],"curies":[{"name":"wp","href":"https:\/\/api.w.org\/{rel}","templated":true}]}}