{"id":275653,"date":"2025-06-26T13:12:52","date_gmt":"2025-06-26T13:12:52","guid":{"rendered":"https:\/\/museros.org\/inici\/?page_id=275653"},"modified":"2025-11-10T15:33:39","modified_gmt":"2025-11-10T13:33:39","slug":"premis-m-2025","status":"publish","type":"page","link":"https:\/\/museros.org\/inici\/premis-m-2025\/","title":{"rendered":"Premis M 2025"},"content":{"rendered":"<p>[et_pb_section fb_built=\u00bb1&#8243; _builder_version=\u00bb4.16&#8243; _module_preset=\u00bbdefault\u00bb custom_margin=\u00bb0px||||false|false\u00bb custom_padding=\u00bb0px||||false|false\u00bb locked=\u00bboff\u00bb global_colors_info=\u00bb{}\u00bb][et_pb_row column_structure=\u00bb1_4,3_4&#8243; _builder_version=\u00bb4.27.4&#8243; _module_preset=\u00bbdefault\u00bb custom_margin=\u00bb40px||||false|false\u00bb custom_padding=\u00bb0px||||false|false\u00bb global_colors_info=\u00bb{}\u00bb][et_pb_column type=\u00bb1_4&#8243; _builder_version=\u00bb4.16&#8243; _module_preset=\u00bbdefault\u00bb global_colors_info=\u00bb{}\u00bb][et_pb_image src=\u00bbhttps:\/\/museros.org\/wp-content\/uploads\/2021\/08\/logo-comerc\u0327-cl-230&#215;180-1.jpg\u00bb title_text=\u00bblogo-comerc\u0327-cl-230&#215;180&#8243; url=\u00bbhttps:\/\/museros.org\/inici\/area-de-comerc\u00bb use_overlay=\u00bbon\u00bb overlay_icon_color=\u00bb#E02B20&#8243; hover_overlay_color=\u00bbrgba(255,255,255,0.71)\u00bb hover_icon=\u00bb&#xe04d;||divi||400&#8243; _builder_version=\u00bb4.27.4&#8243; _module_preset=\u00bbdefault\u00bb global_colors_info=\u00bb{}\u00bb][\/et_pb_image][\/et_pb_column][et_pb_column type=\u00bb3_4&#8243; _builder_version=\u00bb4.16&#8243; _module_preset=\u00bbdefault\u00bb global_colors_info=\u00bb{}\u00bb][et_pb_image src=\u00bbhttps:\/\/museros.org\/wp-content\/uploads\/2025\/06\/premisM-2025-900&#215;800-1.jpg\u00bb title_text=\u00bbpremisM-2025-900&#215;800&#8243; admin_label=\u00bbImage\u00bb _builder_version=\u00bb4.27.4&#8243; _module_preset=\u00bbdefault\u00bb global_colors_info=\u00bb{}\u00bb][\/et_pb_image][et_pb_text _builder_version=\u00bb4.27.4&#8243; _module_preset=\u00bbdefault\u00bb global_colors_info=\u00bb{}\u00bb]<\/p>\n<h1>Quarta edici\u00f3 dels PREMIS &#8216;M&#8217; 2025<\/h1>\n<p>Al comer\u00e7 m\u00e9s ben valorat.<\/p>\n<p>PREMI A L&#8217;EXCEL\u00b7LENCIA<br \/>PREMI A LA TRAJECT\u00d2RIA COMERCIAL<br \/>PREMI A LA INICIATIVA EMPRENEDORA<\/p>\n<p><strong>Inscripcions des de l&#8217;1 de juliol fins al 30 de setembre de 2025.<\/strong><br \/>Sorteig de 10 targetes moneder de 50 \u20ac entre els votants del comer\u00e7 excel\u00b7lent.<\/p>\n<p>[\/et_pb_text][et_pb_text _builder_version=\u00bb4.27.4&#8243; _module_preset=\u00bbdefault\u00bb custom_margin=\u00bb40px||||false|false\u00bb locked=\u00bboff\u00bb global_colors_info=\u00bb{}\u00bb]<\/p>\n<h1>VOTACIONS AL COMER\u00c7 EXCEL\u00b7LENT 2025<\/h1>\n<h3>Vota al Comer\u00e7 Excel\u00b7lent i aconseguix una targeta moneder amb 50 \u20ac<\/h3>\n<p>Fins al diumenge 19 d&#8217;octubre a les 20.00 h, pots votar al Comer\u00e7 Excel\u00b7lent.<br \/>Se sortejaran 10 targetes moneder amb 50 \u20ac cada una, per a consumir en el comer\u00e7 local associat a CAMU.<\/p>\n<p>Per a votar, accedeix al formulari des del bot\u00f3 inferior.<br \/>1. Introdueix el teu nom.<br \/>2. Introdueix el teu tel\u00e8fon de contacte.<br \/>3. Selecciona un comer\u00e7 de la llista desplegable. \u00abBorrar formulario\u00bb \u00e9s per a modificar la teua resposta abans d&#8217;enviar.<br \/>4. Enviar. Una vegada enviada la teua resposta, ja no la pots modificar.<\/p>\n<p>[\/et_pb_text][\/et_pb_column][\/et_pb_row][et_pb_row column_structure=\u00bb1_5,1_5,1_5,1_5,1_5&#8243; _builder_version=\u00bb4.27.4&#8243; _module_preset=\u00bbdefault\u00bb global_colors_info=\u00bb{}\u00bb][et_pb_column type=\u00bb1_5&#8243; _builder_version=\u00bb4.27.4&#8243; _module_preset=\u00bbdefault\u00bb global_colors_info=\u00bb{}\u00bb][et_pb_image src=\u00bbhttps:\/\/museros.org\/wp-content\/uploads\/2023\/12\/nou-llistat-400&#215;320-1.jpg\u00bb title_text=\u00bbnou-llistat-400&#215;320&#8243; url=\u00bbhttps:\/\/museros.org\/inici\/llistat-comercos\u00bb use_overlay=\u00bbon\u00bb overlay_icon_color=\u00bb#E02B20&#8243; hover_overlay_color=\u00bbrgba(255,255,255,0.7)\u00bb hover_icon=\u00bb&#xe04e;||divi||400&#8243; _builder_version=\u00bb4.27.4&#8243; _module_preset=\u00bbdefault\u00bb locked=\u00bboff\u00bb global_colors_info=\u00bb{}\u00bb][\/et_pb_image][\/et_pb_column][et_pb_column type=\u00bb1_5&#8243; _builder_version=\u00bb4.27.4&#8243; _module_preset=\u00bbdefault\u00bb global_colors_info=\u00bb{}\u00bb][et_pb_button button_url=\u00bbhttps:\/\/museros.org\/wp-content\/uploads\/2025\/06\/bases-quarta-edicio-premis-M-2025.pdf\u00bb url_new_window=\u00bbon\u00bb button_text=\u00bbBASES\u00bb button_alignment=\u00bbright\u00bb admin_label=\u00bbbases\u00bb _builder_version=\u00bb4.27.4&#8243; _module_preset=\u00bbdefault\u00bb global_colors_info=\u00bb{}\u00bb][\/et_pb_button][\/et_pb_column][et_pb_column type=\u00bb1_5&#8243; _builder_version=\u00bb4.27.4&#8243; _module_preset=\u00bbdefault\u00bb global_colors_info=\u00bb{}\u00bb][et_pb_button button_url=\u00bbhttps:\/\/museros.org\/wp-content\/uploads\/2025\/06\/fitxa-dinscripcio-premis-m-2025.pdf\u00bb url_new_window=\u00bbon\u00bb button_text=\u00bbFITXA D&#8217;INSCRIPCI\u00d3\u00bb button_alignment=\u00bbcenter\u00bb admin_label=\u00bbfitxa\u00bb _builder_version=\u00bb4.27.4&#8243; _module_preset=\u00bbdefault\u00bb global_colors_info=\u00bb{}\u00bb][\/et_pb_button][\/et_pb_column][et_pb_column type=\u00bb1_5&#8243; _builder_version=\u00bb4.27.4&#8243; _module_preset=\u00bbdefault\u00bb global_colors_info=\u00bb{}\u00bb][et_pb_button button_url=\u00bbhttps:\/\/museros.org\/wp-content\/uploads\/2025\/10\/20251016_publicacion_anuncio_edicto-admision-candidaturas-premios-m.pdf\u00bb url_new_window=\u00bbon\u00bb button_text=\u00bbEDICTE ADMISSI\u00d3 DE LES CANDIDATURES\u00bb button_alignment=\u00bbleft\u00bb admin_label=\u00bbEdicto admisi\u00f3n de las candidaturas \u00bb _builder_version=\u00bb4.27.4&#8243; _module_preset=\u00bbdefault\u00bb locked=\u00bboff\u00bb global_colors_info=\u00bb{}\u00bb][\/et_pb_button][\/et_pb_column][et_pb_column type=\u00bb1_5&#8243; _builder_version=\u00bb4.27.4&#8243; _module_preset=\u00bbdefault\u00bb global_colors_info=\u00bb{}\u00bb][et_pb_button button_url=\u00bbhttps:\/\/museros.org\/wp-content\/uploads\/2025\/11\/20251110_edicto-premios-m.pdf\u00bb url_new_window=\u00bbon\u00bb button_text=\u00bbEDICTE PREMIS\u00bb button_alignment=\u00bbleft\u00bb admin_label=\u00bbEdicte comer\u00e7os i persones premiades\u00bb _builder_version=\u00bb4.27.4&#8243; _module_preset=\u00bbdefault\u00bb locked=\u00bboff\u00bb global_colors_info=\u00bb{}\u00bb][\/et_pb_button][\/et_pb_column][\/et_pb_row][et_pb_row _builder_version=\u00bb4.16&#8243; _module_preset=\u00bbdefault\u00bb global_colors_info=\u00bb{}\u00bb][et_pb_column type=\u00bb4_4&#8243; _builder_version=\u00bb4.16&#8243; _module_preset=\u00bbdefault\u00bb global_colors_info=\u00bb{}\u00bb][et_pb_divider color=\u00bb#E02B20&#8243; divider_weight=\u00bb4px\u00bb _builder_version=\u00bb4.16&#8243; _module_preset=\u00bbdefault\u00bb global_colors_info=\u00bb{}\u00bb][\/et_pb_divider][\/et_pb_column][\/et_pb_row][\/et_pb_section]<\/p>\n","protected":false},"excerpt":{"rendered":"<p>Quarta edici\u00f3 dels PREMIS &#8216;M&#8217; 2025 Al comer\u00e7 m\u00e9s ben valorat. PREMI A L&#8217;EXCEL\u00b7LENCIAPREMI A LA TRAJECT\u00d2RIA COMERCIALPREMI A LA INICIATIVA EMPRENEDORA Inscripcions des de l&#8217;1 de juliol fins al 30 de setembre de 2025.Sorteig de 10 targetes moneder de 50 \u20ac entre els votants del comer\u00e7 excel\u00b7lent.VOTACIONS AL COMER\u00c7 EXCEL\u00b7LENT 2025 Vota al Comer\u00e7 [&hellip;]<\/p>\n","protected":false},"author":8,"featured_media":0,"parent":0,"menu_order":0,"comment_status":"closed","ping_status":"closed","template":"","meta":{"_et_pb_use_builder":"on","_et_pb_old_content":"","_et_gb_content_width":"","_mc_calendar":[],"footnotes":""},"wf_page_folders":[294],"class_list":["post-275653","page","type-page","status-publish","hentry"],"_links":{"self":[{"href":"https:\/\/museros.org\/inici\/wp-json\/wp\/v2\/pages\/275653","targetHints":{"allow":["GET"]}}],"collection":[{"href":"https:\/\/museros.org\/inici\/wp-json\/wp\/v2\/pages"}],"about":[{"href":"https:\/\/museros.org\/inici\/wp-json\/wp\/v2\/types\/page"}],"author":[{"embeddable":true,"href":"https:\/\/museros.org\/inici\/wp-json\/wp\/v2\/users\/8"}],"replies":[{"embeddable":true,"href":"https:\/\/museros.org\/inici\/wp-json\/wp\/v2\/comments?post=275653"}],"version-history":[{"count":17,"href":"https:\/\/museros.org\/inici\/wp-json\/wp\/v2\/pages\/275653\/revisions"}],"predecessor-version":[{"id":277511,"href":"https:\/\/museros.org\/inici\/wp-json\/wp\/v2\/pages\/275653\/revisions\/277511"}],"wp:attachment":[{"href":"https:\/\/museros.org\/inici\/wp-json\/wp\/v2\/media?parent=275653"}],"wp:term":[{"taxonomy":"wf_page_folders","embeddable":true,"href":"https:\/\/museros.org\/inici\/wp-json\/wp\/v2\/wf_page_folders?post=275653"}],"curies":[{"name":"wp","href":"https:\/\/api.w.org\/{rel}","templated":true}]}}