{"id":274379,"date":"2025-05-20T13:06:13","date_gmt":"2025-05-20T13:06:13","guid":{"rendered":"https:\/\/museros.org\/inici\/?page_id=274379"},"modified":"2026-01-12T17:00:39","modified_gmt":"2026-01-12T15:00:39","slug":"nou-mon","status":"publish","type":"page","link":"https:\/\/museros.org\/inici\/nou-mon\/","title":{"rendered":"Nou m\u00f3n"},"content":{"rendered":"<p>[et_pb_section fb_built=\u00bb1&#8243; _builder_version=\u00bb4.16&#8243; _module_preset=\u00bbdefault\u00bb custom_padding=\u00bb0px||||false|false\u00bb locked=\u00bboff\u00bb global_colors_info=\u00bb{}\u00bb][et_pb_row column_structure=\u00bb1_4,3_4&#8243; _builder_version=\u00bb4.17.1&#8243; _module_preset=\u00bbdefault\u00bb min_height=\u00bb1057.3px\u00bb custom_margin=\u00bb0px||||false|false\u00bb custom_padding=\u00bb0px||||false|false\u00bb global_colors_info=\u00bb{}\u00bb][et_pb_column type=\u00bb1_4&#8243; _builder_version=\u00bb4.16&#8243; _module_preset=\u00bbdefault\u00bb global_colors_info=\u00bb{}\u00bb][et_pb_image src=\u00bbhttps:\/\/museros.org\/wp-content\/uploads\/2021\/08\/logo-cultura-cl-230&#215;180-1.jpg\u00bb title_text=\u00bblogo-cultura-cl-230&#215;180&#8243; url=\u00bbhttps:\/\/museros.org\/inici\/area-de-cultura\u00bb use_overlay=\u00bbon\u00bb overlay_icon_color=\u00bbrgba(224,43,32,0.49)\u00bb hover_overlay_color=\u00bbrgba(255,255,255,0.7)\u00bb hover_icon=\u00bb&#xe04d;||divi||400&#8243; src_tablet=\u00bb\u00bb src_phone=\u00bb\u00bb src_last_edited=\u00bbon|desktop\u00bb _builder_version=\u00bb4.27.4&#8243; _module_preset=\u00bbdefault\u00bb global_colors_info=\u00bb{}\u00bb][\/et_pb_image][\/et_pb_column][et_pb_column type=\u00bb3_4&#8243; _builder_version=\u00bb4.16&#8243; _module_preset=\u00bbdefault\u00bb global_colors_info=\u00bb{}\u00bb][et_pb_image src=\u00bbhttps:\/\/museros.org\/wp-content\/uploads\/2025\/05\/cabecera-1080&#215;500-1.jpg\u00bb title_text=\u00bbcabecera-1080&#215;500&#8243; _builder_version=\u00bb4.27.4&#8243; _module_preset=\u00bbdefault\u00bb global_colors_info=\u00bb{}\u00bb][\/et_pb_image][et_pb_divider _builder_version=\u00bb4.27.4&#8243; _module_preset=\u00bbdefault\u00bb locked=\u00bboff\u00bb global_colors_info=\u00bb{}\u00bb][\/et_pb_divider][et_pb_button button_url=\u00bbhttps:\/\/museros.org\/inici\/qui-va-ser-juan-bautista-munoz\/\u00bb button_text=\u00bbQui va ser Juan Bautista Mu\u00f1oz\u00bb _builder_version=\u00bb4.27.4&#8243; _module_preset=\u00bbdefault\u00bb global_colors_info=\u00bb{}\u00bb][\/et_pb_button][et_pb_text _builder_version=\u00bb4.27.4&#8243; _module_preset=\u00bbdefault\u00bb custom_margin=\u00bb40px||40px||false|false\u00bb global_colors_info=\u00bb{}\u00bb]<\/p>\n<h1>Museros i la hist\u00f2ria del nou m\u00f3n<\/h1>\n<p>En 2025 se celebra el 280 aniversari del naixement de Juan Bautista Mu\u00f1oz (1745-1799), personatge m\u00e9s il\u00b7lustre nascut a Museros al s. XVIII. L\u2019Ajuntament de Museros, a trav\u00e9s de les regidories de Cultura i Majors, organitza una s\u00e8rie d\u2019activitats per commemorar l\u2019efem\u00e8ride amb el lema \u201cMuseros i la hist\u00f2ria del nou m\u00f3n\u201d.<\/p>\n<p>[\/et_pb_text][et_pb_text admin_label=\u00bb6 de juny\u00bb _builder_version=\u00bb4.27.4&#8243; _module_preset=\u00bbdefault\u00bb custom_margin=\u00bb40px||40px||false|false\u00bb global_colors_info=\u00bb{}\u00bb]<\/p>\n<p><strong>Divendres, 6 de juny<\/strong><\/p>\n<h4>Visita a la Val\u00e8ncia de Juan Bautista Mu\u00f1oz: Capitania General i La Nau de la Universitat de Val\u00e8ncia<\/h4>\n<p>[\/et_pb_text][et_pb_text admin_label=\u00bb12 juny\u00bb _builder_version=\u00bb4.27.4&#8243; _module_preset=\u00bbdefault\u00bb custom_margin=\u00bb40px||40px||false|false\u00bb global_colors_info=\u00bb{}\u00bb]<\/p>\n<p><strong>Dijous, 12 de juny<\/strong><\/p>\n<h4>Acte commemoratiu del naixement del personatge m\u00e9s il\u00b7lustre nascut a Museros al s. XVIII<\/h4>\n<p>19.30 h, al bust de Juan Bautista Mu\u00f1oz, a la pla\u00e7a Pr\u00edncep d\u2019Espanya.<\/p>\n<p>[\/et_pb_text][et_pb_text admin_label=\u00bb20 juny\u00bb _builder_version=\u00bb4.27.4&#8243; _module_preset=\u00bbdefault\u00bb custom_margin=\u00bb40px||40px||false|false\u00bb global_colors_info=\u00bb{}\u00bb]<\/p>\n<p><strong>Divendres, 20 de juny<\/strong><\/p>\n<h4>Xarrada amb Nicol\u00e1s Bas Mart\u00edn<\/h4>\n<p>19.30 h, a l\u2019ag\u00e8ncia de lectura.<br \/>L\u2019historiador i doctor per la Universitat de Val\u00e8ncia, autor de \u2018El cosm\u00f3grafo e historiador Juan Bautista Mu\u00f1oz\u2019, ens acosta a la figura de Juan Bautista Mu\u00f1oz i al moviment il\u00b7lustrat valenci\u00e0.<\/p>\n<p>[\/et_pb_text][et_pb_text admin_label=\u00bbviatge a Sevilla\u00bb _builder_version=\u00bb4.27.4&#8243; _module_preset=\u00bbdefault\u00bb custom_margin=\u00bb40px||40px||false|false\u00bb global_colors_info=\u00bb{}\u00bb]<\/p>\n<p><strong>26, 27 i 28 de setembre<\/strong><\/p>\n<h4>Viatge a Sevilla i visita a l&#8217;Arxiu General d&#8217;\u00cdndies<\/h4>\n<p>[\/et_pb_text][et_pb_text admin_label=\u00bbateneu\u00bb _builder_version=\u00bb4.27.5&#8243; _module_preset=\u00bbdefault\u00bb custom_margin=\u00bb40px||40px||false|false\u00bb hover_enabled=\u00bb0&#8243; global_colors_info=\u00bb{}\u00bb sticky_enabled=\u00bb0&#8243;]<\/p>\n<p><strong>Dimecres, 19 de novembre<\/strong><\/p>\n<h4>Confer\u00e8ncia sobre l\u2019Arxiu General d\u2019\u00cdndies: 240 anys d\u2019exist\u00e8ncia despr\u00e9s dels postulats de la Il\u00b7lustraci\u00f3.<\/h4>\n<p>19.00 h, a l\u2019Ateneu Mercantil de Val\u00e8ncia (pl. de l\u2019Ajuntament, 18, Val\u00e8ncia). Confer\u00e8ncia dirigida per Esther Cruces Blanco, directora de l\u2019Arxiu General d\u2019\u00cdndies. Acte coordinat per Vicente Bosch.<\/p>\n<p>[\/et_pb_text][et_pb_gallery gallery_ids=\u00bb278267,278270,278273,278275,278278,278280&#8243; fullwidth=\u00bbon\u00bb _builder_version=\u00bb4.27.5&#8243; _module_preset=\u00bbdefault\u00bb background_layout=\u00bbdark\u00bb locked=\u00bboff\u00bb global_colors_info=\u00bb{}\u00bb][\/et_pb_gallery][\/et_pb_column][\/et_pb_row][et_pb_row _builder_version=\u00bb4.16&#8243; _module_preset=\u00bbdefault\u00bb locked=\u00bboff\u00bb global_colors_info=\u00bb{}\u00bb][et_pb_column type=\u00bb4_4&#8243; _builder_version=\u00bb4.16&#8243; _module_preset=\u00bbdefault\u00bb global_colors_info=\u00bb{}\u00bb][et_pb_divider color=\u00bb#cc0000&#8243; divider_weight=\u00bb4px\u00bb _builder_version=\u00bb4.16&#8243; _module_preset=\u00bbdefault\u00bb min_height=\u00bb23px\u00bb global_colors_info=\u00bb{}\u00bb][\/et_pb_divider][\/et_pb_column][\/et_pb_row][\/et_pb_section]<\/p>\n","protected":false},"excerpt":{"rendered":"<p>Museros i la hist\u00f2ria del nou m\u00f3n En 2025 se celebra el 280 aniversari del naixement de Juan Bautista Mu\u00f1oz (1745-1799), personatge m\u00e9s il\u00b7lustre nascut a Museros al s. XVIII. L\u2019Ajuntament de Museros, a trav\u00e9s de les regidories de Cultura i Majors, organitza una s\u00e8rie d\u2019activitats per commemorar l\u2019efem\u00e8ride amb el lema \u201cMuseros i la [&hellip;]<\/p>\n","protected":false},"author":8,"featured_media":0,"parent":0,"menu_order":0,"comment_status":"closed","ping_status":"closed","template":"","meta":{"_et_pb_use_builder":"on","_et_pb_old_content":"","_et_gb_content_width":"","_mc_calendar":[],"footnotes":""},"wf_page_folders":[139],"class_list":["post-274379","page","type-page","status-publish","hentry"],"_links":{"self":[{"href":"https:\/\/museros.org\/inici\/wp-json\/wp\/v2\/pages\/274379","targetHints":{"allow":["GET"]}}],"collection":[{"href":"https:\/\/museros.org\/inici\/wp-json\/wp\/v2\/pages"}],"about":[{"href":"https:\/\/museros.org\/inici\/wp-json\/wp\/v2\/types\/page"}],"author":[{"embeddable":true,"href":"https:\/\/museros.org\/inici\/wp-json\/wp\/v2\/users\/8"}],"replies":[{"embeddable":true,"href":"https:\/\/museros.org\/inici\/wp-json\/wp\/v2\/comments?post=274379"}],"version-history":[{"count":16,"href":"https:\/\/museros.org\/inici\/wp-json\/wp\/v2\/pages\/274379\/revisions"}],"predecessor-version":[{"id":278290,"href":"https:\/\/museros.org\/inici\/wp-json\/wp\/v2\/pages\/274379\/revisions\/278290"}],"wp:attachment":[{"href":"https:\/\/museros.org\/inici\/wp-json\/wp\/v2\/media?parent=274379"}],"wp:term":[{"taxonomy":"wf_page_folders","embeddable":true,"href":"https:\/\/museros.org\/inici\/wp-json\/wp\/v2\/wf_page_folders?post=274379"}],"curies":[{"name":"wp","href":"https:\/\/api.w.org\/{rel}","templated":true}]}}