{"id":273718,"date":"2025-04-22T15:18:21","date_gmt":"2025-04-22T15:18:21","guid":{"rendered":"https:\/\/museros.org\/inici\/?page_id=273718"},"modified":"2025-04-22T21:36:55","modified_gmt":"2025-04-22T21:36:55","slug":"dia-de-la-madre-2025","status":"publish","type":"page","link":"https:\/\/museros.org\/inici\/es\/dia-de-la-madre-2025\/","title":{"rendered":"D\u00eda de la madre 2025"},"content":{"rendered":"<p>[et_pb_section fb_built=\u00bb1&#8243; _builder_version=\u00bb4.16&#8243; _module_preset=\u00bbdefault\u00bb custom_padding=\u00bb0px||||false|false\u00bb locked=\u00bboff\u00bb global_colors_info=\u00bb{}\u00bb][et_pb_row column_structure=\u00bb1_4,3_4&#8243; _builder_version=\u00bb4.16&#8243; _module_preset=\u00bbdefault\u00bb custom_margin=\u00bb0px||0px||false|false\u00bb custom_padding=\u00bb0px||0px||false|false\u00bb global_colors_info=\u00bb{}\u00bb][et_pb_column type=\u00bb1_4&#8243; _builder_version=\u00bb4.16&#8243; _module_preset=\u00bbdefault\u00bb global_colors_info=\u00bb{}\u00bb][et_pb_image src=\u00bbhttps:\/\/museros.org\/wp-content\/uploads\/2021\/06\/logo-comercio-cl-230&#215;180-1.jpg\u00bb title_text=\u00bblogo-comercio-cl-230&#215;180&#8243; url=\u00bbhttps:\/\/museros.org\/inici\/area-de-comercio\u00bb use_overlay=\u00bbon\u00bb overlay_icon_color=\u00bb#E02B20&#8243; hover_overlay_color=\u00bbrgba(255,255,255,0.7)\u00bb hover_icon=\u00bb&#xe04d;||divi||400&#8243; align=\u00bbcenter\u00bb _builder_version=\u00bb4.27.4&#8243; _module_preset=\u00bbdefault\u00bb width=\u00bb100%\u00bb width_tablet=\u00bb\u00bb width_phone=\u00bb\u00bb width_last_edited=\u00bbon|phone\u00bb module_alignment=\u00bbcenter\u00bb custom_margin=\u00bb0px||0px||false|false\u00bb custom_padding=\u00bb0px||0px||false|false\u00bb global_colors_info=\u00bb{}\u00bb][\/et_pb_image][\/et_pb_column][et_pb_column type=\u00bb3_4&#8243; _builder_version=\u00bb4.16&#8243; _module_preset=\u00bbdefault\u00bb global_colors_info=\u00bb{}\u00bb][et_pb_image src=\u00bbhttps:\/\/museros.org\/wp-content\/uploads\/2025\/04\/cartell-diadelamare.jpg\u00bb title_text=\u00bbcartell-diadelamare\u00bb _builder_version=\u00bb4.27.4&#8243; _module_preset=\u00bbdefault\u00bb global_colors_info=\u00bb{}\u00bb][\/et_pb_image][et_pb_text _builder_version=\u00bb4.27.4&#8243; _module_preset=\u00bbdefault\u00bb custom_margin=\u00bb40px||||false|false\u00bb hover_enabled=\u00bb0&#8243; global_colors_info=\u00bb{}\u00bb sticky_enabled=\u00bb0&#8243;]<\/p>\n<h1>\u00a1Mi mejor amiga, mi madre!<\/h1>\n<p>Bajo el lema \u201cMi mejor amiga, mi madre!\u201d y como es habitual en estas fechas, el Ayuntamiento de Museros, a trav\u00e9s de la Concejal\u00eda de Comercio, junto con la Asociaci\u00f3n de Comerciantes CAMU y la entidad Caja Popular, ponen en marcha la campa\u00f1a de comercio con motivo del D\u00eda de la Madre, una campa\u00f1a que contin\u00faa premiando los consumidores y consumidoras que hagan sus compras en el comercio local, unos premios en forma de tarjeta monedero que pueden conseguir comprando en los comercios o al hacer uso de cualesquier de los servicios de los y las profesionales de Museros.<\/p>\n<p>Todos estos premios vuelven a utilizarse en nuestros comercios y crean as\u00ed un tipo de econom\u00eda circular. Esta nueva campa\u00f1a es una continuidad de la l\u00ednea de trabajo de las anteriores, que hasta ahora ha estado llevando a cabo el Ayuntamiento de Museros, junto con la Asociaci\u00f3n de Comerciantes CAMU y con la colaboraci\u00f3n de la entidad Caja Popular, para incentivar el sector comercial tradicional, profesional y de restauraci\u00f3n de nuestro municipio.<\/p>\n<p>Esta campa\u00f1a se llevar\u00e1 a cabo en coincidencia con el D\u00eda de la Madre, con la XI Feria de Comercio y con las fechas tradicionales de comuniones, por ese motivo, la campa\u00f1a se prolongar\u00e1 desde el 25 de abril al 18 de mayo, ambos incluidos.<br \/>La campa\u00f1a incluye el sorteo de 15 tarjetas monedero, por valor de 40 \u20ac cada una, para consumir en los comercios asociados a CAMU y en todos los que se encuentran adheridos a las campa\u00f1as que habitualmente se llevan a cabo.<br \/>Estas tarjetas se sortear\u00e1n entre las compras o consumiciones hechas entre los d\u00edas 25 de abril y 18 de mayo, ambos incluidos, en cualquier comercio, servicios de profesionales y de restauraci\u00f3n de Museros, a excepci\u00f3n de las grandes superficies y franquicias.<\/p>\n<p>Las compras tendr\u00e1n que ser de 25 \u20ac como m\u00ednimo, y se pueden acumular los tickets hasta conseguir ese importe. En el ticket, o en cualquier documento equivalente, tendr\u00e1n que figurar los datos del comercio, del o la profesional o del local de restauraci\u00f3n donde se haya efectuado el gasto.<br \/>Las personas usuarias tendr\u00e1n que depositar los tickets de compra o documento equivalente en el lugar que se habilitar\u00e1 para lo cual en el ayuntamiento. Adem\u00e1s, las personas que participan tendr\u00e1n que indicar nombre y tel\u00e9fono para poder contactar en caso de resultar ganadoras.<br \/>Cada participante solo podr\u00e1 optar a un premio de una tarjeta monedero.<\/p>\n<p>Los tickets se depositar\u00e1n en el ayuntamiento, en horario de 09.00 h a 14.00 horas, del 25 de abril al 18 de mayo. Los premios se sortear\u00e1n entre todos aquellos tickets o comprobantes del gasto que cumplan todos los requisitos.<\/p>\n<p>El sorteo tendr\u00e1 lugar el jueves 22 de mayo.<\/p>\n<p>La entrega de premios ser\u00e1 en la sala de plenos del ayuntamiento el martes 27 de mayo a las 19.00 h.<\/p>\n<p>[\/et_pb_text][\/et_pb_column][\/et_pb_row][et_pb_row _builder_version=\u00bb4.16&#8243; _module_preset=\u00bbdefault\u00bb custom_margin=\u00bb50px||0px||false|false\u00bb custom_padding=\u00bb0px||0px||false|false\u00bb global_colors_info=\u00bb{}\u00bb][et_pb_column type=\u00bb4_4&#8243; _builder_version=\u00bb4.16&#8243; _module_preset=\u00bbdefault\u00bb global_colors_info=\u00bb{}\u00bb][et_pb_divider color=\u00bb#E02B20&#8243; divider_weight=\u00bb4px\u00bb _builder_version=\u00bb4.16&#8243; _module_preset=\u00bbdefault\u00bb custom_margin=\u00bb0px||0px||false|false\u00bb custom_padding=\u00bb0px||0px||false|false\u00bb global_colors_info=\u00bb{}\u00bb][\/et_pb_divider][\/et_pb_column][\/et_pb_row][\/et_pb_section]<\/p>\n","protected":false},"excerpt":{"rendered":"<p>\u00a1Mi mejor amiga, mi madre! Bajo el lema \u201cMi mejor amiga, mi madre!\u201d y como es habitual en estas fechas, el Ayuntamiento de Museros, a trav\u00e9s de la Concejal\u00eda de Comercio, junto con la Asociaci\u00f3n de Comerciantes CAMU y la entidad Caja Popular, ponen en marcha la campa\u00f1a de comercio con motivo del D\u00eda de [&hellip;]<\/p>\n","protected":false},"author":8,"featured_media":0,"parent":0,"menu_order":0,"comment_status":"closed","ping_status":"closed","template":"","meta":{"_et_pb_use_builder":"on","_et_pb_old_content":"","_et_gb_content_width":"","_mc_calendar":[],"footnotes":""},"wf_page_folders":[294],"class_list":["post-273718","page","type-page","status-publish","hentry"],"_links":{"self":[{"href":"https:\/\/museros.org\/inici\/wp-json\/wp\/v2\/pages\/273718","targetHints":{"allow":["GET"]}}],"collection":[{"href":"https:\/\/museros.org\/inici\/wp-json\/wp\/v2\/pages"}],"about":[{"href":"https:\/\/museros.org\/inici\/wp-json\/wp\/v2\/types\/page"}],"author":[{"embeddable":true,"href":"https:\/\/museros.org\/inici\/wp-json\/wp\/v2\/users\/8"}],"replies":[{"embeddable":true,"href":"https:\/\/museros.org\/inici\/wp-json\/wp\/v2\/comments?post=273718"}],"version-history":[{"count":4,"href":"https:\/\/museros.org\/inici\/wp-json\/wp\/v2\/pages\/273718\/revisions"}],"predecessor-version":[{"id":273733,"href":"https:\/\/museros.org\/inici\/wp-json\/wp\/v2\/pages\/273718\/revisions\/273733"}],"wp:attachment":[{"href":"https:\/\/museros.org\/inici\/wp-json\/wp\/v2\/media?parent=273718"}],"wp:term":[{"taxonomy":"wf_page_folders","embeddable":true,"href":"https:\/\/museros.org\/inici\/wp-json\/wp\/v2\/wf_page_folders?post=273718"}],"curies":[{"name":"wp","href":"https:\/\/api.w.org\/{rel}","templated":true}]}}