{"id":273463,"date":"2025-04-07T15:21:14","date_gmt":"2025-04-07T15:21:14","guid":{"rendered":"https:\/\/museros.org\/inici\/?page_id=273463"},"modified":"2025-05-03T18:12:26","modified_gmt":"2025-05-03T18:12:26","slug":"11a-fira-del-comerc","status":"publish","type":"page","link":"https:\/\/museros.org\/inici\/11a-fira-del-comerc\/","title":{"rendered":"11a Fira del Comer\u00e7"},"content":{"rendered":"<p>[et_pb_section fb_built=\u00bb1&#8243; _builder_version=\u00bb4.16&#8243; _module_preset=\u00bbdefault\u00bb custom_padding=\u00bb0px||||false|false\u00bb locked=\u00bboff\u00bb global_colors_info=\u00bb{}\u00bb][et_pb_row column_structure=\u00bb1_3,2_3&#8243; _builder_version=\u00bb4.16&#8243; _module_preset=\u00bbdefault\u00bb custom_margin=\u00bb0px||0px||false|false\u00bb custom_padding=\u00bb0px||0px||false|false\u00bb global_colors_info=\u00bb{}\u00bb][et_pb_column type=\u00bb1_3&#8243; _builder_version=\u00bb4.16&#8243; _module_preset=\u00bbdefault\u00bb global_colors_info=\u00bb{}\u00bb][et_pb_image src=\u00bbhttps:\/\/museros.org\/wp-content\/uploads\/2021\/08\/logo-comerc\u0327-cl-230&#215;180-1.jpg\u00bb title_text=\u00bblogo-comerc\u0327-cl-230&#215;180&#8243; url=\u00bbhttps:\/\/museros.org\/inici\/area-de-comerc\u00bb use_overlay=\u00bbon\u00bb overlay_icon_color=\u00bb#E02B20&#8243; hover_overlay_color=\u00bbrgba(255,255,255,0.7)\u00bb hover_icon=\u00bb&#xe04d;||divi||400&#8243; align=\u00bbcenter\u00bb _builder_version=\u00bb4.17.3&#8243; _module_preset=\u00bbdefault\u00bb width=\u00bb100%\u00bb width_tablet=\u00bb\u00bb width_phone=\u00bb\u00bb width_last_edited=\u00bbon|phone\u00bb module_alignment=\u00bbcenter\u00bb custom_margin=\u00bb0px||0px||false|false\u00bb custom_padding=\u00bb0px||0px||false|false\u00bb global_colors_info=\u00bb{}\u00bb][\/et_pb_image][\/et_pb_column][et_pb_column type=\u00bb2_3&#8243; _builder_version=\u00bb4.16&#8243; _module_preset=\u00bbdefault\u00bb global_colors_info=\u00bb{}\u00bb][et_pb_image src=\u00bbhttps:\/\/museros.org\/wp-content\/uploads\/2025\/04\/fira25-900&#215;500-1.jpg\u00bb title_text=\u00bbfira25-900&#215;500&#8243; _builder_version=\u00bb4.27.4&#8243; _module_preset=\u00bbdefault\u00bb global_colors_info=\u00bb{}\u00bb][\/et_pb_image][et_pb_text _builder_version=\u00bb4.27.4&#8243; _module_preset=\u00bbdefault\u00bb custom_margin=\u00bb40px||||false|false\u00bb global_colors_info=\u00bb{}\u00bb]<\/p>\n<p>Tots aquells comer\u00e7os i professionals que estiguen interessats a exposar i participar-hi de manera totalment gratu\u00efta hauran de registrar la seua sol\u00b7licitud d&#8217;inscripci\u00f3, segons el model que podran trobar en el web de l&#8217;Ajuntament de Museros. Recordeu indicar les necessitats sobre l&#8217;espai expositiu. L&#8217;organitzaci\u00f3 de la fira intentar\u00e0, amb els mitjans de qu\u00e8 disposen, que aquestes necessitats siguen cobertes d&#8217;una manera equitativa i concorde al producte que s&#8217;expose a la venda.<br \/>El termini d&#8217;inscripci\u00f3 ser\u00e0 de cinc dies naturals abans de l&#8217;inici de la fira.<\/p>\n<p>[\/et_pb_text][et_pb_button button_url=\u00bbhttps:\/\/museros.org\/wp-content\/uploads\/2025\/04\/a-sollicitud-despai-fira.pdf\u00bb url_new_window=\u00bbon\u00bb button_text=\u00bbSol\u00b7licitud\u00bb _builder_version=\u00bb4.27.4&#8243; _module_preset=\u00bbdefault\u00bb global_colors_info=\u00bb{}\u00bb][\/et_pb_button][et_pb_divider color=\u00bbrgba(0,0,0,0.4)\u00bb divider_style=\u00bbdotted\u00bb divider_weight=\u00bb7px\u00bb _builder_version=\u00bb4.27.4&#8243; _module_preset=\u00bbdefault\u00bb min_height=\u00bb23px\u00bb custom_margin=\u00bb40px||||false|false\u00bb global_colors_info=\u00bb{}\u00bb][\/et_pb_divider][et_pb_text _builder_version=\u00bb4.27.4&#8243; _module_preset=\u00bbdefault\u00bb hover_enabled=\u00bb0&#8243; global_colors_info=\u00bb{}\u00bb sticky_enabled=\u00bb0&#8243;]<\/p>\n<h1>PROGRAMACI\u00d3<\/h1>\n<p><strong>Dissabte 10<\/strong><br \/>17.00 h<br \/>\u2022 Obertura de la XI Fira del Comer\u00e7 Local<br \/>\u2022 Cercavila d\u2019inauguraci\u00f3 a c\u00e0rrec de la Societat Uni\u00f3 Musical de Museros.<\/p>\n<p>17.30 h<br \/>\u2022 Obertura dels unflables per als m\u00e9s menuts i les m\u00e9s menudes (fins a les 20.00 hores).<br \/>\u2022 Taller d&#8217;activitats i manualitats a c\u00e0rrec de l&#8217;AMPA del CEIP Blasco Ib\u00e1\u00f1ez.<br \/>\u2022 Berenar amb orxata i fartons.<\/p>\n<p>19.00 h<br \/>\u2022 Lliurament de plantes en l&#8217;estand de l&#8217;organitzaci\u00f3 firal (fins a esgotar exist\u00e8ncies).<\/p>\n<p>21.00 h<br \/>\u2022 Sopar de pa i porta (l&#8217;organitzaci\u00f3 facilitar\u00e0 les cadires i taules i oferir\u00e0 cacaus, olives i papes).<\/p>\n<p>22.30 h<br \/>\u2022 Actuaci\u00f3 musical a c\u00e0rrec del duo Jaime y Coral, que amenitzar\u00e0 la vetlada amb el millor dels 60, 70, 80 i pop internacional.<\/p>\n<p>00.30 h<br \/>\u2022 Tancament de la primera jornada de la XI Fira.<\/p>\n<p><strong>Diumenge 11<\/strong><br \/>10.30 h<br \/>\u2022 Obertura fira<\/p>\n<p>11.00 h<br \/>\u2022 Obertura dels unflables per als m\u00e9s menuts i les m\u00e9s menudes (fins a les 13.30 hores).<\/p>\n<p>11.45 h<br \/>\u2022 Concert a c\u00e0rrec de SUM Big band Museros<\/p>\n<p>14.00 h<br \/>\u2022 Degustaci\u00f3 de la paella elaborada per la penya taurina La Por<br \/>(per a aquelles persones que hagen efectuat les seues compres en els estands de la fira i fins a esgotar els tiquets, compres igual o superiors a 15 \u20ac, es podran agrupar els tiquets de les compres per a aconseguir aquest import).<\/p>\n<p>18.00 h<br \/>\u2022 Degustaci\u00f3 de coca de llanda<\/p>\n<p>19.30 h<br \/>\u2022 Mon\u00f2leg a c\u00e0rrec d&#8217;\u00d3scar Tramoyeres.<\/p>\n<p>20.00 hores<br \/>\u2022 Cercavila de fi de fira a c\u00e0rrec de la Societat Uni\u00f3 Musical de Museros.<\/p>\n<p>En la XI fira trobareu manualitats i activitats per a xiquets i xiquetes, unflables, concerts, actuacions musicals, humor, descomptes, degustacions i, sobretot, els millors productes i novetats oferits per tots els comer\u00e7os i professionals participants.<br \/>A m\u00e9s, l\u2019Associaci\u00f3 de Comerciants et convida a participar en el sorteig d&#8217;una targeta per valor de 300 \u20ac, per a canviar en una ag\u00e8ncia de viatge, perqu\u00e8 pugues triar la teua destinaci\u00f3 preferida.<br \/>No et pots perdre la XI Fira de Comer\u00e7 de Museros!<\/p>\n<p>[\/et_pb_text][et_pb_button button_url=\u00bbhttps:\/\/museros.org\/wp-content\/uploads\/2025\/05\/programa-fira-2025.pdf\u00bb url_new_window=\u00bbon\u00bb button_text=\u00bbPrograma en PDF\u00bb _builder_version=\u00bb4.27.4&#8243; _module_preset=\u00bbdefault\u00bb custom_margin=\u00bb40px||||false|false\u00bb hover_enabled=\u00bb0&#8243; locked=\u00bboff\u00bb global_colors_info=\u00bb{}\u00bb sticky_enabled=\u00bb0&#8243;][\/et_pb_button][et_pb_image src=\u00bbhttps:\/\/museros.org\/wp-content\/uploads\/2022\/04\/plano-localitzacio-700.jpg\u00bb title_text=\u00bbplano-localitzacio-300&#8243; show_bottom_space=\u00bboff\u00bb src_tablet=\u00bbhttps:\/\/museros.org\/wp-content\/uploads\/2022\/04\/plano-localitzacio-610.jpg\u00bb src_phone=\u00bbhttps:\/\/museros.org\/wp-content\/uploads\/2022\/04\/plano-localitzacio-300-1.jpg\u00bb src_last_edited=\u00bbon|phone\u00bb _builder_version=\u00bb4.27.4&#8243; _module_preset=\u00bbdefault\u00bb custom_margin=\u00bb40px||||false|false\u00bb global_colors_info=\u00bb{}\u00bb][\/et_pb_image][\/et_pb_column][\/et_pb_row][et_pb_row _builder_version=\u00bb4.16&#8243; _module_preset=\u00bbdefault\u00bb custom_margin=\u00bb50px||0px||false|false\u00bb custom_padding=\u00bb0px||0px||false|false\u00bb global_colors_info=\u00bb{}\u00bb][et_pb_column type=\u00bb4_4&#8243; _builder_version=\u00bb4.16&#8243; _module_preset=\u00bbdefault\u00bb global_colors_info=\u00bb{}\u00bb][et_pb_divider color=\u00bb#E02B20&#8243; divider_weight=\u00bb4px\u00bb _builder_version=\u00bb4.16&#8243; _module_preset=\u00bbdefault\u00bb custom_margin=\u00bb0px||0px||false|false\u00bb custom_padding=\u00bb0px||0px||false|false\u00bb global_colors_info=\u00bb{}\u00bb][\/et_pb_divider][\/et_pb_column][\/et_pb_row][\/et_pb_section]<\/p>\n","protected":false},"excerpt":{"rendered":"<p>Tots aquells comer\u00e7os i professionals que estiguen interessats a exposar i participar-hi de manera totalment gratu\u00efta hauran de registrar la seua sol\u00b7licitud d&#8217;inscripci\u00f3, segons el model que podran trobar en el web de l&#8217;Ajuntament de Museros. Recordeu indicar les necessitats sobre l&#8217;espai expositiu. L&#8217;organitzaci\u00f3 de la fira intentar\u00e0, amb els mitjans de qu\u00e8 disposen, que [&hellip;]<\/p>\n","protected":false},"author":8,"featured_media":0,"parent":0,"menu_order":0,"comment_status":"closed","ping_status":"closed","template":"","meta":{"_et_pb_use_builder":"on","_et_pb_old_content":"","_et_gb_content_width":"","_mc_calendar":[],"footnotes":""},"wf_page_folders":[294],"class_list":["post-273463","page","type-page","status-publish","hentry"],"_links":{"self":[{"href":"https:\/\/museros.org\/inici\/wp-json\/wp\/v2\/pages\/273463","targetHints":{"allow":["GET"]}}],"collection":[{"href":"https:\/\/museros.org\/inici\/wp-json\/wp\/v2\/pages"}],"about":[{"href":"https:\/\/museros.org\/inici\/wp-json\/wp\/v2\/types\/page"}],"author":[{"embeddable":true,"href":"https:\/\/museros.org\/inici\/wp-json\/wp\/v2\/users\/8"}],"replies":[{"embeddable":true,"href":"https:\/\/museros.org\/inici\/wp-json\/wp\/v2\/comments?post=273463"}],"version-history":[{"count":8,"href":"https:\/\/museros.org\/inici\/wp-json\/wp\/v2\/pages\/273463\/revisions"}],"predecessor-version":[{"id":273964,"href":"https:\/\/museros.org\/inici\/wp-json\/wp\/v2\/pages\/273463\/revisions\/273964"}],"wp:attachment":[{"href":"https:\/\/museros.org\/inici\/wp-json\/wp\/v2\/media?parent=273463"}],"wp:term":[{"taxonomy":"wf_page_folders","embeddable":true,"href":"https:\/\/museros.org\/inici\/wp-json\/wp\/v2\/wf_page_folders?post=273463"}],"curies":[{"name":"wp","href":"https:\/\/api.w.org\/{rel}","templated":true}]}}