{"id":273426,"date":"2025-04-05T20:48:42","date_gmt":"2025-04-05T20:48:42","guid":{"rendered":"https:\/\/museros.org\/inici\/?page_id=273426"},"modified":"2025-05-05T10:46:44","modified_gmt":"2025-05-05T10:46:44","slug":"interculturalidad-abril","status":"publish","type":"page","link":"https:\/\/museros.org\/inici\/es\/interculturalidad-abril\/","title":{"rendered":"Interculturalidad abril"},"content":{"rendered":"<p>[et_pb_section fb_built=\u00bb1&#8243; _builder_version=\u00bb4.16&#8243; _module_preset=\u00bbdefault\u00bb custom_margin=\u00bb0px||||false|false\u00bb custom_padding=\u00bb0px||||false|false\u00bb locked=\u00bboff\u00bb global_colors_info=\u00bb{}\u00bb][et_pb_row column_structure=\u00bb1_4,3_4&#8243; _builder_version=\u00bb4.16&#8243; _module_preset=\u00bbdefault\u00bb custom_margin=\u00bb0px||||false|false\u00bb custom_padding=\u00bb0px||||false|false\u00bb global_colors_info=\u00bb{}\u00bb][et_pb_column type=\u00bb1_4&#8243; _builder_version=\u00bb4.16&#8243; _module_preset=\u00bbdefault\u00bb global_colors_info=\u00bb{}\u00bb][et_pb_image src=\u00bbhttps:\/\/museros.org\/wp-content\/uploads\/2021\/07\/espaijove-230&#215;180-1.jpg\u00bb title_text=\u00bbespaijove-230&#215;180&#8243; url=\u00bbhttps:\/\/museros.org\/inici\/es\/espaijove\u00bb use_overlay=\u00bbon\u00bb overlay_icon_color=\u00bbrgba(224,43,32,0.7)\u00bb hover_overlay_color=\u00bbrgba(255,255,255,0.5)\u00bb hover_icon=\u00bb&#xe04d;||divi||400&#8243; align=\u00bbcenter\u00bb _builder_version=\u00bb4.27.4&#8243; _module_preset=\u00bbdefault\u00bb custom_margin=\u00bb0px||||false|false\u00bb custom_padding=\u00bb0px||||false|false\u00bb locked=\u00bboff\u00bb global_colors_info=\u00bb{}\u00bb][\/et_pb_image][\/et_pb_column][et_pb_column type=\u00bb3_4&#8243; _builder_version=\u00bb4.16&#8243; _module_preset=\u00bbdefault\u00bb global_colors_info=\u00bb{}\u00bb][et_pb_image src=\u00bbhttps:\/\/museros.org\/wp-content\/uploads\/2025\/04\/espaijove-abril.jpg\u00bb title_text=\u00bbespaijove-abril\u00bb _builder_version=\u00bb4.27.4&#8243; _module_preset=\u00bbdefault\u00bb global_colors_info=\u00bb{}\u00bb][\/et_pb_image][et_pb_text _builder_version=\u00bb4.27.4&#8243; _module_preset=\u00bbdefault\u00bb custom_margin=\u00bb40px||||false|false\u00bb custom_padding=\u00bb||0px|||\u00bb global_colors_info=\u00bb{}\u00bb]<\/p>\n<h1>Nueva tem\u00e1tica en el Espai Jove: la INTERCULTURALIDAD<\/h1>\n<p>A lo largo del mes desarrollaremos diferentes actividades y din\u00e1micas para trabajar en torno a este concepto y acercarnos a culturas diferentes de la nuestra.<br \/>Destacamos el mi\u00e9rcoles 23 de abril, d\u00eda en el que inauguraremos nuestro CLUB de LECTURA. Trae tu libro preferido y ven a contarnos por qu\u00e9 te gusta tanto. Adem\u00e1s, tambi\u00e9n habr\u00e1 lugar para hacer intercambios de libros, as\u00ed que ya sabes, \u00a1haz una buena selecci\u00f3n y te esperamos!<br \/>En \u00faltimo lugar, mencionamos la importancia del d\u00eda 2 de mayo, D\u00eda Mundial de la Lucha Contra el Acoso Escolar, d\u00eda en el que visualizaremos una serie de videos y abriremos debate.<br \/>Desde el \u00c1rea de Juventud de Museros os recordamos que, para acceder al Espai Jove, ser\u00e1 necesario tener el CARN\u00c9 JOVE del Espai.<br \/>El carn\u00e9 es totalmente GRATUITO y pod\u00e9is encontrar la solicitud tanto en el Espai Jove como en conserjer\u00eda del CEIP Vicente Blasco Ib\u00e1\u00f1ez y del IES Museros. Imprescindible entregar con foto de carn\u00e9.<br \/>No lo dud\u00e9is y venid a disfrutar de todo lo que os ofrece vuestro Espai Jove!<br \/>\u00a1Os esperamos!<\/p>\n<p>[\/et_pb_text][\/et_pb_column][\/et_pb_row][et_pb_row _builder_version=\u00bb4.16&#8243; _module_preset=\u00bbdefault\u00bb global_colors_info=\u00bb{}\u00bb][et_pb_column type=\u00bb4_4&#8243; _builder_version=\u00bb4.16&#8243; _module_preset=\u00bbdefault\u00bb global_colors_info=\u00bb{}\u00bb][et_pb_divider color=\u00bb#E02B20&#8243; divider_weight=\u00bb4px\u00bb _builder_version=\u00bb4.16&#8243; _module_preset=\u00bbdefault\u00bb global_colors_info=\u00bb{}\u00bb][\/et_pb_divider][\/et_pb_column][\/et_pb_row][\/et_pb_section]<\/p>\n","protected":false},"excerpt":{"rendered":"<p>Nueva tem\u00e1tica en el Espai Jove: la INTERCULTURALIDAD A lo largo del mes desarrollaremos diferentes actividades y din\u00e1micas para trabajar en torno a este concepto y acercarnos a culturas diferentes de la nuestra.Destacamos el mi\u00e9rcoles 23 de abril, d\u00eda en el que inauguraremos nuestro CLUB de LECTURA. Trae tu libro preferido y ven a contarnos [&hellip;]<\/p>\n","protected":false},"author":8,"featured_media":0,"parent":0,"menu_order":0,"comment_status":"closed","ping_status":"closed","template":"","meta":{"_et_pb_use_builder":"on","_et_pb_old_content":"","_et_gb_content_width":"","_mc_calendar":[],"footnotes":""},"wf_page_folders":[409],"class_list":["post-273426","page","type-page","status-publish","hentry"],"_links":{"self":[{"href":"https:\/\/museros.org\/inici\/wp-json\/wp\/v2\/pages\/273426","targetHints":{"allow":["GET"]}}],"collection":[{"href":"https:\/\/museros.org\/inici\/wp-json\/wp\/v2\/pages"}],"about":[{"href":"https:\/\/museros.org\/inici\/wp-json\/wp\/v2\/types\/page"}],"author":[{"embeddable":true,"href":"https:\/\/museros.org\/inici\/wp-json\/wp\/v2\/users\/8"}],"replies":[{"embeddable":true,"href":"https:\/\/museros.org\/inici\/wp-json\/wp\/v2\/comments?post=273426"}],"version-history":[{"count":5,"href":"https:\/\/museros.org\/inici\/wp-json\/wp\/v2\/pages\/273426\/revisions"}],"predecessor-version":[{"id":274038,"href":"https:\/\/museros.org\/inici\/wp-json\/wp\/v2\/pages\/273426\/revisions\/274038"}],"wp:attachment":[{"href":"https:\/\/museros.org\/inici\/wp-json\/wp\/v2\/media?parent=273426"}],"wp:term":[{"taxonomy":"wf_page_folders","embeddable":true,"href":"https:\/\/museros.org\/inici\/wp-json\/wp\/v2\/wf_page_folders?post=273426"}],"curies":[{"name":"wp","href":"https:\/\/api.w.org\/{rel}","templated":true}]}}