{"id":273421,"date":"2025-04-05T20:44:23","date_gmt":"2025-04-05T20:44:23","guid":{"rendered":"https:\/\/museros.org\/inici\/?page_id=273421"},"modified":"2025-05-05T10:47:42","modified_gmt":"2025-05-05T10:47:42","slug":"interculturalitat-abril","status":"publish","type":"page","link":"https:\/\/museros.org\/inici\/interculturalitat-abril\/","title":{"rendered":"Interculturalitat abril"},"content":{"rendered":"<p>[et_pb_section fb_built=\u00bb1&#8243; _builder_version=\u00bb4.16&#8243; _module_preset=\u00bbdefault\u00bb custom_margin=\u00bb0px||||false|false\u00bb custom_padding=\u00bb0px||||false|false\u00bb locked=\u00bboff\u00bb global_colors_info=\u00bb{}\u00bb][et_pb_row column_structure=\u00bb1_4,3_4&#8243; _builder_version=\u00bb4.16&#8243; _module_preset=\u00bbdefault\u00bb custom_margin=\u00bb0px||||false|false\u00bb custom_padding=\u00bb0px||||false|false\u00bb global_colors_info=\u00bb{}\u00bb][et_pb_column type=\u00bb1_4&#8243; _builder_version=\u00bb4.16&#8243; _module_preset=\u00bbdefault\u00bb global_colors_info=\u00bb{}\u00bb][et_pb_image src=\u00bbhttps:\/\/museros.org\/wp-content\/uploads\/2021\/07\/espaijove-230&#215;180-1.jpg\u00bb title_text=\u00bbespaijove-230&#215;180&#8243; url=\u00bbhttps:\/\/museros.org\/inici\/espai-jove\u00bb use_overlay=\u00bbon\u00bb overlay_icon_color=\u00bb#E02B20&#8243; hover_overlay_color=\u00bbrgba(255,255,255,0.66)\u00bb hover_icon=\u00bb&#xe04d;||divi||400&#8243; align=\u00bbcenter\u00bb _builder_version=\u00bb4.27.4&#8243; _module_preset=\u00bbdefault\u00bb global_colors_info=\u00bb{}\u00bb][\/et_pb_image][\/et_pb_column][et_pb_column type=\u00bb3_4&#8243; _builder_version=\u00bb4.16&#8243; _module_preset=\u00bbdefault\u00bb global_colors_info=\u00bb{}\u00bb][et_pb_image src=\u00bbhttps:\/\/museros.org\/wp-content\/uploads\/2025\/04\/espaijove-abril.jpg\u00bb title_text=\u00bbespaijove-abril\u00bb _builder_version=\u00bb4.27.4&#8243; _module_preset=\u00bbdefault\u00bb global_colors_info=\u00bb{}\u00bb][\/et_pb_image][et_pb_text _builder_version=\u00bb4.27.4&#8243; _module_preset=\u00bbdefault\u00bb custom_margin=\u00bb40px||||false|false\u00bb custom_padding=\u00bb||0px|||\u00bb global_colors_info=\u00bb{}\u00bb]<\/p>\n<h1>Nova tem\u00e0tica a l&#8217;Espai Jove: la INTERCULTURALITAT<\/h1>\n<p>Al llarg del mes desenvoluparem diferents activitats i din\u00e0miques per a treballar entorn d&#8217;aquest concepte i apropar-nos a cultures diferents de la nostra.<br \/>Destaquem el dimecres 23 d\u2019abril, dia en qu\u00e8 inaugurarem el nostre CLUB de LECTURA. Porta el teu llibre preferit i vine a contar-nos per qu\u00e8 t&#8217;agrada tant. A m\u00e9s, tamb\u00e9 hi haur\u00e0 intercanvi de llibres, aix\u00ed que ja saps, fes una bona selecci\u00f3 i t&#8217;esperem!<br \/>En \u00faltim lloc, mencionem la import\u00e0ncia del dia 2 de maig, Dia Mundial de la Lluita Contra l&#8217;Assetjament Escolar, dia en el qual visualitzarem una s\u00e8rie de v\u00eddeos i obrirem debat.<br \/>Des de l&#8217;\u00c0rea de Joventut de Museros vos recordem que per a accedir a l&#8217;Espai Jove ser\u00e0 necessari tindre el CARNET JOVE de l&#8217;Espai.<br \/>El carnet \u00e9s totalment GRATU\u00cfT i podeu trobar la sol\u00b7licitud tant a l\u2019Espai Jove com a la consergeria del CEIP Vicente Blasco Ib\u00e1\u00f1ez i de l&#8217;IES Museros. Imprescindible entregar amb una foto de carnet.<br \/>No ho dubteu i veniu a gaudir de tot el que vos ofereix el vostre Espai Jove!<br \/>Vos esperem!<\/p>\n<p>[\/et_pb_text][\/et_pb_column][\/et_pb_row][et_pb_row _builder_version=\u00bb4.16&#8243; _module_preset=\u00bbdefault\u00bb global_colors_info=\u00bb{}\u00bb][et_pb_column type=\u00bb4_4&#8243; _builder_version=\u00bb4.16&#8243; _module_preset=\u00bbdefault\u00bb global_colors_info=\u00bb{}\u00bb][et_pb_divider color=\u00bb#E02B20&#8243; divider_weight=\u00bb4px\u00bb _builder_version=\u00bb4.16&#8243; _module_preset=\u00bbdefault\u00bb global_colors_info=\u00bb{}\u00bb][\/et_pb_divider][\/et_pb_column][\/et_pb_row][\/et_pb_section]<\/p>\n","protected":false},"excerpt":{"rendered":"<p>Nova tem\u00e0tica a l&#8217;Espai Jove: la INTERCULTURALITAT Al llarg del mes desenvoluparem diferents activitats i din\u00e0miques per a treballar entorn d&#8217;aquest concepte i apropar-nos a cultures diferents de la nostra.Destaquem el dimecres 23 d\u2019abril, dia en qu\u00e8 inaugurarem el nostre CLUB de LECTURA. Porta el teu llibre preferit i vine a contar-nos per qu\u00e8 t&#8217;agrada [&hellip;]<\/p>\n","protected":false},"author":8,"featured_media":0,"parent":0,"menu_order":0,"comment_status":"closed","ping_status":"closed","template":"","meta":{"_et_pb_use_builder":"on","_et_pb_old_content":"","_et_gb_content_width":"","_mc_calendar":[],"footnotes":""},"wf_page_folders":[409],"class_list":["post-273421","page","type-page","status-publish","hentry"],"_links":{"self":[{"href":"https:\/\/museros.org\/inici\/wp-json\/wp\/v2\/pages\/273421","targetHints":{"allow":["GET"]}}],"collection":[{"href":"https:\/\/museros.org\/inici\/wp-json\/wp\/v2\/pages"}],"about":[{"href":"https:\/\/museros.org\/inici\/wp-json\/wp\/v2\/types\/page"}],"author":[{"embeddable":true,"href":"https:\/\/museros.org\/inici\/wp-json\/wp\/v2\/users\/8"}],"replies":[{"embeddable":true,"href":"https:\/\/museros.org\/inici\/wp-json\/wp\/v2\/comments?post=273421"}],"version-history":[{"count":6,"href":"https:\/\/museros.org\/inici\/wp-json\/wp\/v2\/pages\/273421\/revisions"}],"predecessor-version":[{"id":274040,"href":"https:\/\/museros.org\/inici\/wp-json\/wp\/v2\/pages\/273421\/revisions\/274040"}],"wp:attachment":[{"href":"https:\/\/museros.org\/inici\/wp-json\/wp\/v2\/media?parent=273421"}],"wp:term":[{"taxonomy":"wf_page_folders","embeddable":true,"href":"https:\/\/museros.org\/inici\/wp-json\/wp\/v2\/wf_page_folders?post=273421"}],"curies":[{"name":"wp","href":"https:\/\/api.w.org\/{rel}","templated":true}]}}