{"id":273382,"date":"2025-04-02T20:32:27","date_gmt":"2025-04-02T20:32:27","guid":{"rendered":"https:\/\/museros.org\/inici\/?page_id=273382"},"modified":"2025-04-02T20:33:31","modified_gmt":"2025-04-02T20:33:31","slug":"semana-del-libro","status":"publish","type":"page","link":"https:\/\/museros.org\/inici\/es\/semana-del-libro\/","title":{"rendered":"Semana del libro"},"content":{"rendered":"<p>[et_pb_section fb_built=\u00bb1&#8243; _builder_version=\u00bb4.16&#8243; _module_preset=\u00bbdefault\u00bb custom_padding=\u00bb0px||||false|false\u00bb locked=\u00bboff\u00bb global_colors_info=\u00bb{}\u00bb][et_pb_row column_structure=\u00bb1_4,3_4&#8243; _builder_version=\u00bb4.17.1&#8243; _module_preset=\u00bbdefault\u00bb min_height=\u00bb942.3px\u00bb custom_margin=\u00bb0px||||false|false\u00bb custom_padding=\u00bb0px||||false|false\u00bb global_colors_info=\u00bb{}\u00bb][et_pb_column type=\u00bb1_4&#8243; _builder_version=\u00bb4.16&#8243; _module_preset=\u00bbdefault\u00bb global_colors_info=\u00bb{}\u00bb][et_pb_image src=\u00bbhttps:\/\/museros.org\/wp-content\/uploads\/2021\/08\/logo-cultura-cl-230&#215;180-1.jpg\u00bb title_text=\u00bblogo-cultura-cl-230&#215;180&#8243; url=\u00bbhttps:\/\/museros.org\/inici\/area-cultura\u00bb use_overlay=\u00bbon\u00bb overlay_icon_color=\u00bbrgba(224,43,32,0.49)\u00bb hover_overlay_color=\u00bbrgba(255,255,255,0.7)\u00bb hover_icon=\u00bb&#xe04d;||divi||400&#8243; src_tablet=\u00bb\u00bb src_phone=\u00bb\u00bb src_last_edited=\u00bbon|desktop\u00bb _builder_version=\u00bb4.17.3&#8243; _module_preset=\u00bbdefault\u00bb global_colors_info=\u00bb{}\u00bb locked=\u00bboff\u00bb][\/et_pb_image][et_pb_image src=\u00bbhttps:\/\/museros.org\/wp-content\/uploads\/2025\/04\/setmana-llibre-400&#215;500-1.jpg\u00bb title_text=\u00bbsetmana-llibre-400&#215;500&#8243; _builder_version=\u00bb4.27.4&#8243; _module_preset=\u00bbdefault\u00bb global_colors_info=\u00bb{}\u00bb][\/et_pb_image][\/et_pb_column][et_pb_column type=\u00bb3_4&#8243; _builder_version=\u00bb4.16&#8243; _module_preset=\u00bbdefault\u00bb global_colors_info=\u00bb{}\u00bb][et_pb_image src=\u00bbhttps:\/\/museros.org\/wp-content\/uploads\/2025\/04\/setmana-llibre-900&#215;242-1.jpg\u00bb title_text=\u00bbsetmana-llibre-900&#215;242&#8243; _builder_version=\u00bb4.27.4&#8243; _module_preset=\u00bbdefault\u00bb global_colors_info=\u00bb{}\u00bb][\/et_pb_image][et_pb_text _builder_version=\u00bb4.27.4&#8243; _module_preset=\u00bbdefault\u00bb custom_margin=\u00bb40px||40px||false|false\u00bb global_colors_info=\u00bb{}\u00bb]<\/p>\n<h1>Semana del Libro en Museros<\/h1>\n<p><strong>JUEVES, 10 de abril<\/strong><br \/>11.30 h Charla de motivaci\u00f3n para el alumnado de 2.\u00ba de ESO del IES de Museros, con Christian Espa\u00f1a.<br \/>19.00 h Presentaci\u00f3n del libro El mejor d\u00eda de m\u00ed vida, de Christian Espa\u00f1a, en la agencia de lectura.<\/p>\n<p><strong>VIERNES, 11 de abril<\/strong><br \/>17.30 h Sambori local, con la actuaci\u00f3n del grupo Canta canalla, en la Casa de Cultura.<\/p>\n<p><strong>MARTES, 15 de abril<\/strong><br \/>17.30 h Bebeteca, Pepot y la caja musical, con H\u00e9ctor Gonzalez. Actividad para beb\u00e9s de 0 a 36 meses. Hace falta inscripci\u00f3n previa en la agencia de lectura. M\u00e1ximo 20 personas.<\/p>\n<p><strong>MI\u00c9RCOLES, 16 de abril<\/strong><br \/>Cuentacuentos con La T\u00edtere, La hora del cuento, en la agencia de lectura.<\/p>\n<p><strong>MI\u00c9RCOLES, 23 de abril<\/strong><br \/>Sorteo de la campa\u00f1a \u00abEl premi \u00e9s legir en valenci\u00e0\u00bb.<br \/>19.00 h Lectura dramatizada Bella y Bestia, con ArtXArt, en la Casa de Cultura, hasta completar el aforo.<\/p>\n<p><strong>JUEVES, 24 de abril<\/strong><br \/>17.30 h Entrega de los premios de la campa\u00f1a \u00abEl premi \u00e9s legir en valenci\u00e0\u00bb, en la agencia de lectura.<\/p>\n<p><strong>VIERNES, 25 de abril<\/strong><br \/>18.00 h Sesi\u00f3n del Club de Lectura de Museros.<\/p>\n<p>&nbsp;<\/p>\n<p>[\/et_pb_text][et_pb_image src=\u00bbhttps:\/\/museros.org\/wp-content\/uploads\/2025\/04\/logos-scaled.jpg\u00bb title_text=\u00bblogos\u00bb _builder_version=\u00bb4.27.4&#8243; _module_preset=\u00bbdefault\u00bb global_colors_info=\u00bb{}\u00bb][\/et_pb_image][\/et_pb_column][\/et_pb_row][et_pb_row _builder_version=\u00bb4.16&#8243; _module_preset=\u00bbdefault\u00bb locked=\u00bboff\u00bb global_colors_info=\u00bb{}\u00bb][et_pb_column type=\u00bb4_4&#8243; _builder_version=\u00bb4.16&#8243; _module_preset=\u00bbdefault\u00bb global_colors_info=\u00bb{}\u00bb][et_pb_divider color=\u00bb#cc0000&#8243; divider_weight=\u00bb4px\u00bb _builder_version=\u00bb4.16&#8243; _module_preset=\u00bbdefault\u00bb min_height=\u00bb23px\u00bb global_colors_info=\u00bb{}\u00bb][\/et_pb_divider][\/et_pb_column][\/et_pb_row][\/et_pb_section]<\/p>\n","protected":false},"excerpt":{"rendered":"<p>Semana del Libro en Museros JUEVES, 10 de abril11.30 h Charla de motivaci\u00f3n para el alumnado de 2.\u00ba de ESO del IES de Museros, con Christian Espa\u00f1a.19.00 h Presentaci\u00f3n del libro El mejor d\u00eda de m\u00ed vida, de Christian Espa\u00f1a, en la agencia de lectura. VIERNES, 11 de abril17.30 h Sambori local, con la actuaci\u00f3n [&hellip;]<\/p>\n","protected":false},"author":8,"featured_media":0,"parent":0,"menu_order":0,"comment_status":"closed","ping_status":"closed","template":"","meta":{"_et_pb_use_builder":"on","_et_pb_old_content":"","_et_gb_content_width":"","_mc_calendar":[],"footnotes":""},"wf_page_folders":[139],"class_list":["post-273382","page","type-page","status-publish","hentry"],"_links":{"self":[{"href":"https:\/\/museros.org\/inici\/wp-json\/wp\/v2\/pages\/273382","targetHints":{"allow":["GET"]}}],"collection":[{"href":"https:\/\/museros.org\/inici\/wp-json\/wp\/v2\/pages"}],"about":[{"href":"https:\/\/museros.org\/inici\/wp-json\/wp\/v2\/types\/page"}],"author":[{"embeddable":true,"href":"https:\/\/museros.org\/inici\/wp-json\/wp\/v2\/users\/8"}],"replies":[{"embeddable":true,"href":"https:\/\/museros.org\/inici\/wp-json\/wp\/v2\/comments?post=273382"}],"version-history":[{"count":3,"href":"https:\/\/museros.org\/inici\/wp-json\/wp\/v2\/pages\/273382\/revisions"}],"predecessor-version":[{"id":273386,"href":"https:\/\/museros.org\/inici\/wp-json\/wp\/v2\/pages\/273382\/revisions\/273386"}],"wp:attachment":[{"href":"https:\/\/museros.org\/inici\/wp-json\/wp\/v2\/media?parent=273382"}],"wp:term":[{"taxonomy":"wf_page_folders","embeddable":true,"href":"https:\/\/museros.org\/inici\/wp-json\/wp\/v2\/wf_page_folders?post=273382"}],"curies":[{"name":"wp","href":"https:\/\/api.w.org\/{rel}","templated":true}]}}