{"id":272808,"date":"2025-01-28T13:06:26","date_gmt":"2025-01-28T13:06:26","guid":{"rendered":"https:\/\/museros.org\/inici\/?page_id=272808"},"modified":"2025-01-28T13:14:04","modified_gmt":"2025-01-28T13:14:04","slug":"sant-valenti-2025","status":"publish","type":"page","link":"https:\/\/museros.org\/inici\/sant-valenti-2025\/","title":{"rendered":"Sant Valent\u00ed 2025"},"content":{"rendered":"<p>[et_pb_section fb_built=\u00bb1&#8243; _builder_version=\u00bb4.16&#8243; _module_preset=\u00bbdefault\u00bb custom_padding=\u00bb0px||||false|false\u00bb locked=\u00bboff\u00bb global_colors_info=\u00bb{}\u00bb][et_pb_row column_structure=\u00bb1_3,2_3&#8243; _builder_version=\u00bb4.16&#8243; _module_preset=\u00bbdefault\u00bb custom_margin=\u00bb0px||0px||false|false\u00bb custom_padding=\u00bb0px||0px||false|false\u00bb global_colors_info=\u00bb{}\u00bb][et_pb_column type=\u00bb1_3&#8243; _builder_version=\u00bb4.16&#8243; _module_preset=\u00bbdefault\u00bb global_colors_info=\u00bb{}\u00bb][et_pb_image src=\u00bbhttps:\/\/museros.org\/wp-content\/uploads\/2021\/08\/logo-comerc\u0327-cl-230&#215;180-1.jpg\u00bb title_text=\u00bblogo-comerc\u0327-cl-230&#215;180&#8243; url=\u00bbhttps:\/\/museros.org\/inici\/area-de-comerc\u00bb use_overlay=\u00bbon\u00bb overlay_icon_color=\u00bb#E02B20&#8243; hover_overlay_color=\u00bbrgba(255,255,255,0.7)\u00bb hover_icon=\u00bb&#xe04d;||divi||400&#8243; align=\u00bbcenter\u00bb _builder_version=\u00bb4.17.3&#8243; _module_preset=\u00bbdefault\u00bb width=\u00bb100%\u00bb width_tablet=\u00bb\u00bb width_phone=\u00bb\u00bb width_last_edited=\u00bbon|phone\u00bb module_alignment=\u00bbcenter\u00bb custom_margin=\u00bb0px||0px||false|false\u00bb custom_padding=\u00bb0px||0px||false|false\u00bb global_colors_info=\u00bb{}\u00bb][\/et_pb_image][\/et_pb_column][et_pb_column type=\u00bb2_3&#8243; _builder_version=\u00bb4.16&#8243; _module_preset=\u00bbdefault\u00bb global_colors_info=\u00bb{}\u00bb][et_pb_image src=\u00bbhttps:\/\/museros.org\/wp-content\/uploads\/2025\/01\/santvalenti-900&#215;1125-1.jpg\u00bb title_text=\u00bbsantvalenti-900&#215;1125&#8243; _builder_version=\u00bb4.27.4&#8243; _module_preset=\u00bbdefault\u00bb global_colors_info=\u00bb{}\u00bb][\/et_pb_image][et_pb_text _builder_version=\u00bb4.27.4&#8243; _module_preset=\u00bbdefault\u00bb custom_margin=\u00bb40px||||false|false\u00bb custom_padding=\u00bb||1px|0px|false|false\u00bb hover_enabled=\u00bb0&#8243; global_colors_info=\u00bb{}\u00bb sticky_enabled=\u00bb0&#8243;]<\/p>\n<h2>CAMPANYA DE SANT VALENT\u00cd 2025<\/h2>\n<p style=\"text-align: justify;\">Sota el lema \u201cCompra en el comer\u00e7 local, regala amb el cor\u201d, l&#8217;Ajuntament de Museros, i en concret la Regidoria de Comer\u00e7, organitza, juntament amb \u00a0l&#8217;Associaci\u00f3 de Comerciants de Museros i amb la col\u00b7laboraci\u00f3 de Caixa Popular, la campanya comercial de Sant Valent\u00ed, amb la finalitat de fomentar l&#8217;\u00fas del comer\u00e7 local, i al mateix temps, incentivar i premiar aquelles persones que l\u2019utilitzen.<\/p>\n<p style=\"text-align: justify;\">Esta campanya continua amb la l\u00ednia de treball que, fins ara, mant\u00e9 l&#8217;Ajuntament, en col\u00b7laboraci\u00f3 amb l&#8217;Associaci\u00f3 de Comerciants de Museros, per a ajudar i per a fomentar l&#8217;\u00fas del comer\u00e7\u00a0 local tradicional del nostre municipi.<\/p>\n<p style=\"text-align: justify;\">La campanya, en la qual es convida els ciutadans a realitzar les seues compres en el comer\u00e7 tradicional durant la campanya comercial de Sant Valent\u00ed, inclou el sorteig de 15 targetes moneder per valor de 40 \u20ac cadascuna, per a consumir en aquells comer\u00e7os locals adherits. Estes targetes se sortejaran entre aquelles compres realitzades entre els dies 3 i 15 de febrer, tots dos inclosos.<\/p>\n<p style=\"text-align: justify;\">\u00a0Les compres hauran de fer-se en qualsevol comer\u00e7 de Museros, excepte grans franqu\u00edcies i grans superf\u00edcies. Les compres hauran de ser de 25 \u20ac com a m\u00ednim, i els tiquets de compra es podran acumular fins a aconseguir eixe import, al tiquet o en qualsevol document equivalent, hauran de figurar les dades del comer\u00e7 o del bar o cafeteria on s&#8217;haja efectuat la despesa.<\/p>\n<p style=\"text-align: justify;\">Les persones usu\u00e0ries, mentre dure la campanya, podran depositar els\u00a0 tiquets de compra o el document equivalent, al lloc habilitat per a esta finalitat a l&#8217;Ajuntament de Museros, en horari de 09.00 h a 14.00 h. Les persones que participen, a m\u00e9s, hauran d\u2019indicar el nom i tel\u00e8fon als tiquets, per tal de contactar amb elles en cas de resultar guanyadores, i entre tots eixos tiquets, se sortejaran les targetes.<\/p>\n<p style=\"text-align: justify;\">El sorteig tindr\u00e0 lloc dimarts 18 de febrer.<\/p>\n<p style=\"text-align: justify;\">El lliurament de premis ser\u00e0 al sal\u00f3 de plens de l&#8217;Ajuntament, dijous 20 de febrer a les 19.00 h.<\/p>\n<p>[\/et_pb_text][\/et_pb_column][\/et_pb_row][et_pb_row _builder_version=\u00bb4.16&#8243; _module_preset=\u00bbdefault\u00bb custom_margin=\u00bb50px||0px||false|false\u00bb custom_padding=\u00bb0px||0px||false|false\u00bb global_colors_info=\u00bb{}\u00bb][et_pb_column type=\u00bb4_4&#8243; _builder_version=\u00bb4.16&#8243; _module_preset=\u00bbdefault\u00bb global_colors_info=\u00bb{}\u00bb][et_pb_divider color=\u00bb#E02B20&#8243; divider_weight=\u00bb4px\u00bb _builder_version=\u00bb4.16&#8243; _module_preset=\u00bbdefault\u00bb custom_margin=\u00bb0px||0px||false|false\u00bb custom_padding=\u00bb0px||0px||false|false\u00bb global_colors_info=\u00bb{}\u00bb][\/et_pb_divider][\/et_pb_column][\/et_pb_row][\/et_pb_section]<\/p>\n","protected":false},"excerpt":{"rendered":"<p>CAMPANYA DE SANT VALENT\u00cd 2025 Sota el lema \u201cCompra en el comer\u00e7 local, regala amb el cor\u201d, l&#8217;Ajuntament de Museros, i en concret la Regidoria de Comer\u00e7, organitza, juntament amb \u00a0l&#8217;Associaci\u00f3 de Comerciants de Museros i amb la col\u00b7laboraci\u00f3 de Caixa Popular, la campanya comercial de Sant Valent\u00ed, amb la finalitat de fomentar l&#8217;\u00fas del [&hellip;]<\/p>\n","protected":false},"author":8,"featured_media":0,"parent":0,"menu_order":0,"comment_status":"closed","ping_status":"closed","template":"","meta":{"_et_pb_use_builder":"on","_et_pb_old_content":"","_et_gb_content_width":"","_mc_calendar":[],"footnotes":""},"wf_page_folders":[294],"class_list":["post-272808","page","type-page","status-publish","hentry"],"_links":{"self":[{"href":"https:\/\/museros.org\/inici\/wp-json\/wp\/v2\/pages\/272808","targetHints":{"allow":["GET"]}}],"collection":[{"href":"https:\/\/museros.org\/inici\/wp-json\/wp\/v2\/pages"}],"about":[{"href":"https:\/\/museros.org\/inici\/wp-json\/wp\/v2\/types\/page"}],"author":[{"embeddable":true,"href":"https:\/\/museros.org\/inici\/wp-json\/wp\/v2\/users\/8"}],"replies":[{"embeddable":true,"href":"https:\/\/museros.org\/inici\/wp-json\/wp\/v2\/comments?post=272808"}],"version-history":[{"count":3,"href":"https:\/\/museros.org\/inici\/wp-json\/wp\/v2\/pages\/272808\/revisions"}],"predecessor-version":[{"id":272817,"href":"https:\/\/museros.org\/inici\/wp-json\/wp\/v2\/pages\/272808\/revisions\/272817"}],"wp:attachment":[{"href":"https:\/\/museros.org\/inici\/wp-json\/wp\/v2\/media?parent=272808"}],"wp:term":[{"taxonomy":"wf_page_folders","embeddable":true,"href":"https:\/\/museros.org\/inici\/wp-json\/wp\/v2\/wf_page_folders?post=272808"}],"curies":[{"name":"wp","href":"https:\/\/api.w.org\/{rel}","templated":true}]}}