{"id":272203,"date":"2024-11-28T08:46:53","date_gmt":"2024-11-28T08:46:53","guid":{"rendered":"https:\/\/museros.org\/inici\/?page_id=272203"},"modified":"2025-10-27T17:53:47","modified_gmt":"2025-10-27T15:53:47","slug":"subvencions-generalitat","status":"publish","type":"page","link":"https:\/\/museros.org\/inici\/subvencions-generalitat\/","title":{"rendered":"Subvencions Generalitat"},"content":{"rendered":"<p>[et_pb_section fb_built=\u00bb1&#8243; _builder_version=\u00bb4.16&#8243; _module_preset=\u00bbdefault\u00bb custom_margin=\u00bb0px||||false|false\u00bb custom_padding=\u00bb0px||||false|false\u00bb locked=\u00bboff\u00bb global_colors_info=\u00bb{}\u00bb][et_pb_row column_structure=\u00bb1_4,3_4&#8243; custom_padding_last_edited=\u00bbon|phone\u00bb _builder_version=\u00bb4.16&#8243; _module_preset=\u00bbdefault\u00bb custom_margin=\u00bb0px||||false|false\u00bb custom_margin_tablet=\u00bb\u00bb custom_margin_phone=\u00bb\u00bb custom_margin_last_edited=\u00bbon|phone\u00bb custom_padding=\u00bb1px||||false|false\u00bb custom_padding_tablet=\u00bb\u00bb custom_padding_phone=\u00bb\u00bb global_colors_info=\u00bb{}\u00bb][et_pb_column type=\u00bb1_4&#8243; _builder_version=\u00bb4.16&#8243; _module_preset=\u00bbdefault\u00bb global_colors_info=\u00bb{}\u00bb][et_pb_image src=\u00bbhttps:\/\/museros.org\/wp-content\/uploads\/2025\/05\/generalitat-230&#215;180-1.jpg\u00bb title_text=\u00bbgeneralitat-230&#215;180&#8243; url=\u00bbhttps:\/\/museros.org\/inici\/subvencions\u00bb use_overlay=\u00bbon\u00bb overlay_icon_color=\u00bb#E02B20&#8243; hover_overlay_color=\u00bbrgba(255,255,255,0.6)\u00bb hover_icon=\u00bb&#xe04d;||divi||400&#8243; _builder_version=\u00bb4.27.4&#8243; _module_preset=\u00bbdefault\u00bb global_colors_info=\u00bb{}\u00bb][\/et_pb_image][\/et_pb_column][et_pb_column type=\u00bb3_4&#8243; _builder_version=\u00bb4.16&#8243; _module_preset=\u00bbdefault\u00bb global_colors_info=\u00bb{}\u00bb][et_pb_text _builder_version=\u00bb4.27.4&#8243; _module_preset=\u00bbdefault\u00bb hover_enabled=\u00bb0&#8243; locked=\u00bboff\u00bb global_colors_info=\u00bb{}\u00bb sticky_enabled=\u00bb0&#8243;]<\/p>\n<h1>SUBVENCI\u00d3 DE LA CONSELLERIA D&#8217;EDUCACI\u00d3, CULTURA, UNIVERSITATS I OCUPACI\u00d3 DE LA GENERALITAT VALENCIANA, DESTINADA A LA REALITZACI\u00d3 D&#8217;ACTIVITATS EXTRAESCOLARS I COMPLEMENT\u00c0RIES PER A LA POBLACI\u00d3 ESCOLAR DE 3 A 18 ANYS<\/h1>\n<p>Per part de la Conselleria d&#8217;Educaci\u00f3, Cultura, Universitats i Ocupaci\u00f3 de la Generalitat Valenciana, mitjan\u00e7ant resoluci\u00f3 de 14 d&#8217;octubre de 2024 (DOGV n\u00fam. 9962, de 22.10.2024), dins del programa de subvencions per a la realitzaci\u00f3 d&#8217;activitats extraescolars, complement\u00e0ries, culturals i esportives dirigides a la poblaci\u00f3 escolar d&#8217;entre tres i d\u00edhuit anys, es va concedir a l&#8217;Ajuntament de Museros una subvenci\u00f3 per import de 8.195,20 \u20ac per al programa de Refor\u00e7 Educatiu, amb la finalitat de donar resposta a les necessitats educatives existents dins de la poblaci\u00f3 escolar, i oferir un suport d&#8217;acompanyament escolar a l&#8217;alumnat amb majors dificultats d&#8217;aprenentatge mitjan\u00e7ant diverses accions espec\u00edfiques que han perm\u00e9s un millor desenvolupament del curs acad\u00e8mic per als usuaris i usu\u00e0ries d&#8217;aquest programa.<\/p>\n<p data-pm-slice=\"1 1 []\">Aquest programa ha estat destinat a tot l&#8217;alumnat matriculat en els centres de la localitat durant el curs acad\u00e8mic 2024-2025, concretament en els cursos 5\u00e9 i 6\u00e9 d&#8217;educaci\u00f3 prim\u00e0ria, aix\u00ed com en 1r, 2n, 3r i 4t d&#8217;educaci\u00f3 secund\u00e0ria obligat\u00f2ria (ESO). Per a la selecci\u00f3 de l&#8217;alumnat participant, els tutors i la coordinaci\u00f3 pedag\u00f2gica de cada centre van actuar conforme als criteris establits en el reglament de r\u00e8gim intern aprovat per l&#8217;Ajuntament de Museros. Els grups formats han sigut redu\u00efts i han estat compostos per estudiants pertanyents a la mateixa etapa i al mateix cicle. Aix\u00ed mateix, s&#8217;han organitzat segons l&#8217;\u00e0mbit de refor\u00e7 que cada alumne necessitava, \u00e9s a dir, \u00e0mbit cient\u00edfic o \u00e0mbit socioling\u00fc\u00edstic. En total, el programa ha at\u00e9s 81 alumnes, distribu\u00efts en 10 grups, en horari de vesprada, de 16.00 h a 20.00 h, de dilluns a dijous, des del mes d&#8217;octubre de 2024 fins al mes de juny de 2025.<\/p>\n<p>[\/et_pb_text][et_pb_divider color=\u00bbrgba(0,0,0,0.49)\u00bb divider_style=\u00bbdotted\u00bb divider_weight=\u00bb7px\u00bb _builder_version=\u00bb4.27.4&#8243; _module_preset=\u00bbdefault\u00bb custom_margin=\u00bb40px||||false|false\u00bb locked=\u00bboff\u00bb global_colors_info=\u00bb{}\u00bb][\/et_pb_divider][et_pb_image src=\u00bbhttps:\/\/museros.org\/wp-content\/uploads\/2025\/10\/banner-sebvencio-serveis-socials-1080&#215;300-25.jpg\u00bb title_text=\u00bbbanner sebvencio serveis socials 1080&#215;300 25&#8243; _builder_version=\u00bb4.27.4&#8243; _module_preset=\u00bbdefault\u00bb global_colors_info=\u00bb{}\u00bb][\/et_pb_image][et_pb_text _builder_version=\u00bb4.27.4&#8243; _module_preset=\u00bbdefault\u00bb locked=\u00bboff\u00bb global_colors_info=\u00bb{}\u00bb]<\/p>\n<h1>SUBVENCI\u00d3 DE L&#8217;\u00c0REA DE BENESTAR SOCIAL, DE LA GENERALITAT VALENCIANA \u2013 VICEPRESID\u00c8NCIA PRIMERA I CONSELLERIA DE SERVEIS SOCIALS, IGUALTAT I HABITATGE, DESTINADA A LA MILLORA DE L&#8217;EQUIPAMENT DE CENTRES DE SERVEIS SOCIALS MITJAN\u00c7ANT L&#8217;ADQUISICI\u00d3 DE MOBILIARI INVENTARIABLE<\/h1>\n<p data-pm-slice=\"1 1 []\">Per part de la Vicepresid\u00e8ncia Primera i Conselleria de Serveis Socials, Igualtat i Habitatge de la Generalitat Valenciana, per resoluci\u00f3 de 16\/06\/2025, dins del programa de subvencions per a projectes d&#8217;inversi\u00f3 en mat\u00e8ria d&#8217;equipament i obres en l&#8217;\u00e0mbit dels serveis socials, s&#8217;ha concedit a l&#8217;Ajuntament de Museros una subvenci\u00f3 per import de 2.939,63 \u20ac per a la remodelaci\u00f3 dels espais de quatre despatxos del departament de Serveis Socials de Museros amb noves cadires, taules, calaixeres i armaris amb portes.<\/p>\n<p>[\/et_pb_text][et_pb_divider color=\u00bbrgba(0,0,0,0.49)\u00bb divider_style=\u00bbdotted\u00bb divider_weight=\u00bb7px\u00bb _builder_version=\u00bb4.27.4&#8243; _module_preset=\u00bbdefault\u00bb custom_margin=\u00bb40px||||false|false\u00bb locked=\u00bboff\u00bb global_colors_info=\u00bb{}\u00bb][\/et_pb_divider][et_pb_image src=\u00bbhttps:\/\/museros.org\/wp-content\/uploads\/2024\/11\/JUSTIFICACIO-IMPORT.jpg\u00bb title_text=\u00bbJUSTIFICACIO-IMPORT\u00bb _builder_version=\u00bb4.27.4&#8243; _module_preset=\u00bbdefault\u00bb global_colors_info=\u00bb{}\u00bb][\/et_pb_image][\/et_pb_column][\/et_pb_row][et_pb_row _builder_version=\u00bb4.16&#8243; _module_preset=\u00bbdefault\u00bb global_colors_info=\u00bb{}\u00bb][et_pb_column type=\u00bb4_4&#8243; _builder_version=\u00bb4.16&#8243; _module_preset=\u00bbdefault\u00bb global_colors_info=\u00bb{}\u00bb][et_pb_divider color=\u00bb#E02B20&#8243; divider_weight=\u00bb4px\u00bb _builder_version=\u00bb4.16&#8243; _module_preset=\u00bbdefault\u00bb global_colors_info=\u00bb{}\u00bb][\/et_pb_divider][\/et_pb_column][\/et_pb_row][\/et_pb_section]<\/p>\n","protected":false},"excerpt":{"rendered":"<p>SUBVENCI\u00d3 DE LA CONSELLERIA D&#8217;EDUCACI\u00d3, CULTURA, UNIVERSITATS I OCUPACI\u00d3 DE LA GENERALITAT VALENCIANA, DESTINADA A LA REALITZACI\u00d3 D&#8217;ACTIVITATS EXTRAESCOLARS I COMPLEMENT\u00c0RIES PER A LA POBLACI\u00d3 ESCOLAR DE 3 A 18 ANYS Per part de la Conselleria d&#8217;Educaci\u00f3, Cultura, Universitats i Ocupaci\u00f3 de la Generalitat Valenciana, mitjan\u00e7ant resoluci\u00f3 de 14 d&#8217;octubre de 2024 (DOGV n\u00fam. 9962, [&hellip;]<\/p>\n","protected":false},"author":8,"featured_media":0,"parent":0,"menu_order":0,"comment_status":"closed","ping_status":"closed","template":"","meta":{"_et_pb_use_builder":"on","_et_pb_old_content":"","_et_gb_content_width":"","_mc_calendar":[],"footnotes":""},"wf_page_folders":[1328],"class_list":["post-272203","page","type-page","status-publish","hentry"],"_links":{"self":[{"href":"https:\/\/museros.org\/inici\/wp-json\/wp\/v2\/pages\/272203","targetHints":{"allow":["GET"]}}],"collection":[{"href":"https:\/\/museros.org\/inici\/wp-json\/wp\/v2\/pages"}],"about":[{"href":"https:\/\/museros.org\/inici\/wp-json\/wp\/v2\/types\/page"}],"author":[{"embeddable":true,"href":"https:\/\/museros.org\/inici\/wp-json\/wp\/v2\/users\/8"}],"replies":[{"embeddable":true,"href":"https:\/\/museros.org\/inici\/wp-json\/wp\/v2\/comments?post=272203"}],"version-history":[{"count":11,"href":"https:\/\/museros.org\/inici\/wp-json\/wp\/v2\/pages\/272203\/revisions"}],"predecessor-version":[{"id":277298,"href":"https:\/\/museros.org\/inici\/wp-json\/wp\/v2\/pages\/272203\/revisions\/277298"}],"wp:attachment":[{"href":"https:\/\/museros.org\/inici\/wp-json\/wp\/v2\/media?parent=272203"}],"wp:term":[{"taxonomy":"wf_page_folders","embeddable":true,"href":"https:\/\/museros.org\/inici\/wp-json\/wp\/v2\/wf_page_folders?post=272203"}],"curies":[{"name":"wp","href":"https:\/\/api.w.org\/{rel}","templated":true}]}}