{"id":271360,"date":"2024-09-24T09:24:10","date_gmt":"2024-09-24T09:24:10","guid":{"rendered":"https:\/\/museros.org\/inici\/?page_id=271360"},"modified":"2024-10-08T10:52:07","modified_gmt":"2024-10-08T10:52:07","slug":"presentacio-llibre","status":"publish","type":"page","link":"https:\/\/museros.org\/inici\/presentacio-llibre\/","title":{"rendered":"Presentaci\u00f3 llibre"},"content":{"rendered":"<p>[et_pb_section fb_built=\u00bb1&#8243; _builder_version=\u00bb4.16&#8243; _module_preset=\u00bbdefault\u00bb custom_margin=\u00bb0px||||false|false\u00bb custom_padding=\u00bb0px||||false|false\u00bb locked=\u00bboff\u00bb global_colors_info=\u00bb{}\u00bb][et_pb_row column_structure=\u00bb1_4,3_4&#8243; _builder_version=\u00bb4.16&#8243; _module_preset=\u00bbdefault\u00bb custom_margin=\u00bb0px||||false|false\u00bb custom_padding=\u00bb0px||27px||false|false\u00bb global_colors_info=\u00bb{}\u00bb][et_pb_column type=\u00bb1_4&#8243; _builder_version=\u00bb4.16&#8243; _module_preset=\u00bbdefault\u00bb global_colors_info=\u00bb{}\u00bb][et_pb_image src=\u00bbhttps:\/\/museros.org\/wp-content\/uploads\/2021\/09\/logo-creantdesde-230&#215;230-1.jpg\u00bb title_text=\u00bblogo-creantdesde-230&#215;230&#8243; url=\u00bbhttps:\/\/museros.org\/inici\/creant-des-de\u00bb use_overlay=\u00bbon\u00bb overlay_icon_color=\u00bb#E02B20&#8243; hover_overlay_color=\u00bbrgba(255,255,255,0.71)\u00bb hover_icon=\u00bb&#xe04e;||divi||400&#8243; align=\u00bbcenter\u00bb _builder_version=\u00bb4.27.0&#8243; _module_preset=\u00bbdefault\u00bb width_tablet=\u00bb40%\u00bb width_phone=\u00bb60%\u00bb width_last_edited=\u00bbon|desktop\u00bb global_colors_info=\u00bb{}\u00bb][\/et_pb_image][\/et_pb_column][et_pb_column type=\u00bb3_4&#8243; _builder_version=\u00bb4.16&#8243; _module_preset=\u00bbdefault\u00bb global_colors_info=\u00bb{}\u00bb][et_pb_image src=\u00bbhttps:\/\/museros.org\/wp-content\/uploads\/2024\/07\/banner-507&#215;109-1.jpg\u00bb title_text=\u00bbbanner-507&#215;109&#8243; _builder_version=\u00bb4.27.0&#8243; _module_preset=\u00bbdefault\u00bb width_tablet=\u00bb\u00bb width_phone=\u00bb\u00bb width_last_edited=\u00bbon|phone\u00bb locked=\u00bboff\u00bb global_colors_info=\u00bb{}\u00bb][\/et_pb_image][et_pb_text _builder_version=\u00bb4.27.0&#8243; _module_preset=\u00bbdefault\u00bb custom_margin=\u00bb40px||||false|false\u00bb global_colors_info=\u00bb{}\u00bb]<\/p>\n<h1>Presentaci\u00f3 llibre<\/h1>\n<p>Presentaci\u00f3 del llibre <em>La puta i la santa<\/em>, de Gemma Pasqual i Escriv\u00e0.<\/p>\n<p>Acte que es porta a terme a l\u2019ag\u00e8ncia de lectura de Museros, el 20 de setembre de 2024, com a part de la programaci\u00f3 de activitats del Premi Cultura Museros 2024, dedicat a Gemma Pasqual i Escriv\u00e0.<\/p>\n<p>[\/et_pb_text][et_pb_gallery gallery_ids=\u00bb271354,271355,271356,271357,271358&#8243; gallery_orderby=\u00bbrand\u00bb fullwidth=\u00bbon\u00bb _builder_version=\u00bb4.27.0&#8243; _module_preset=\u00bbdefault\u00bb global_colors_info=\u00bb{}\u00bb][\/et_pb_gallery][\/et_pb_column][\/et_pb_row][et_pb_row _builder_version=\u00bb4.16&#8243; _module_preset=\u00bbdefault\u00bb global_colors_info=\u00bb{}\u00bb][et_pb_column type=\u00bb4_4&#8243; _builder_version=\u00bb4.16&#8243; _module_preset=\u00bbdefault\u00bb global_colors_info=\u00bb{}\u00bb][et_pb_divider color=\u00bb#E02B20&#8243; divider_weight=\u00bb4px\u00bb _builder_version=\u00bb4.16&#8243; _module_preset=\u00bbdefault\u00bb global_colors_info=\u00bb{}\u00bb][\/et_pb_divider][\/et_pb_column][\/et_pb_row][\/et_pb_section]<\/p>\n","protected":false},"excerpt":{"rendered":"<p>Presentaci\u00f3 llibre Presentaci\u00f3 del llibre La puta i la santa, de Gemma Pasqual i Escriv\u00e0. Acte que es porta a terme a l\u2019ag\u00e8ncia de lectura de Museros, el 20 de setembre de 2024, com a part de la programaci\u00f3 de activitats del Premi Cultura Museros 2024, dedicat a Gemma Pasqual i Escriv\u00e0.<\/p>\n","protected":false},"author":8,"featured_media":0,"parent":0,"menu_order":0,"comment_status":"closed","ping_status":"closed","template":"","meta":{"_et_pb_use_builder":"on","_et_pb_old_content":"","_et_gb_content_width":"","_mc_calendar":[],"footnotes":""},"wf_page_folders":[1701],"class_list":["post-271360","page","type-page","status-publish","hentry"],"_links":{"self":[{"href":"https:\/\/museros.org\/inici\/wp-json\/wp\/v2\/pages\/271360","targetHints":{"allow":["GET"]}}],"collection":[{"href":"https:\/\/museros.org\/inici\/wp-json\/wp\/v2\/pages"}],"about":[{"href":"https:\/\/museros.org\/inici\/wp-json\/wp\/v2\/types\/page"}],"author":[{"embeddable":true,"href":"https:\/\/museros.org\/inici\/wp-json\/wp\/v2\/users\/8"}],"replies":[{"embeddable":true,"href":"https:\/\/museros.org\/inici\/wp-json\/wp\/v2\/comments?post=271360"}],"version-history":[{"count":4,"href":"https:\/\/museros.org\/inici\/wp-json\/wp\/v2\/pages\/271360\/revisions"}],"predecessor-version":[{"id":271694,"href":"https:\/\/museros.org\/inici\/wp-json\/wp\/v2\/pages\/271360\/revisions\/271694"}],"wp:attachment":[{"href":"https:\/\/museros.org\/inici\/wp-json\/wp\/v2\/media?parent=271360"}],"wp:term":[{"taxonomy":"wf_page_folders","embeddable":true,"href":"https:\/\/museros.org\/inici\/wp-json\/wp\/v2\/wf_page_folders?post=271360"}],"curies":[{"name":"wp","href":"https:\/\/api.w.org\/{rel}","templated":true}]}}