{"id":270520,"date":"2024-07-08T14:33:21","date_gmt":"2024-07-08T14:33:21","guid":{"rendered":"https:\/\/museros.org\/inici\/?page_id=270520"},"modified":"2025-07-09T06:47:15","modified_gmt":"2025-07-09T06:47:15","slug":"creando-desde-las-letras-premio-2024","status":"publish","type":"page","link":"https:\/\/museros.org\/inici\/es\/creando-desde-las-letras-premio-2024\/","title":{"rendered":"Creando desde las letras premio 2024"},"content":{"rendered":"<p>[et_pb_section fb_built=\u00bb1&#8243; _builder_version=\u00bb4.16&#8243; _module_preset=\u00bbdefault\u00bb custom_margin=\u00bb0px||||false|false\u00bb custom_padding=\u00bb0px||||false|false\u00bb locked=\u00bboff\u00bb global_colors_info=\u00bb{}\u00bb][et_pb_row column_structure=\u00bb1_4,3_4&#8243; _builder_version=\u00bb4.16&#8243; _module_preset=\u00bbdefault\u00bb custom_margin=\u00bb0px||||false|false\u00bb custom_padding=\u00bb0px||27px||false|false\u00bb global_colors_info=\u00bb{}\u00bb][et_pb_column type=\u00bb1_4&#8243; _builder_version=\u00bb4.16&#8243; _module_preset=\u00bbdefault\u00bb global_colors_info=\u00bb{}\u00bb][et_pb_image src=\u00bbhttps:\/\/museros.org\/wp-content\/uploads\/2021\/09\/logo-creantdesde-230&#215;230-1.jpg\u00bb title_text=\u00bblogo-creantdesde-230&#215;230&#8243; url=\u00bbhttps:\/\/museros.org\/inici\/es\/creando-desde\u00bb use_overlay=\u00bbon\u00bb overlay_icon_color=\u00bb#E02B20&#8243; hover_overlay_color=\u00bbrgba(255,255,255,0.71)\u00bb hover_icon=\u00bb&#xe04e;||divi||400&#8243; align=\u00bbcenter\u00bb _builder_version=\u00bb4.27.4&#8243; _module_preset=\u00bbdefault\u00bb width_tablet=\u00bb40%\u00bb width_phone=\u00bb60%\u00bb width_last_edited=\u00bbon|desktop\u00bb hover_enabled=\u00bb0&#8243; global_colors_info=\u00bb{}\u00bb sticky_enabled=\u00bb0&#8243;][\/et_pb_image][\/et_pb_column][et_pb_column type=\u00bb3_4&#8243; _builder_version=\u00bb4.16&#8243; _module_preset=\u00bbdefault\u00bb global_colors_info=\u00bb{}\u00bb][et_pb_image src=\u00bbhttps:\/\/museros.org\/wp-content\/uploads\/2024\/07\/banner-507&#215;109-1.jpg\u00bb title_text=\u00bbbanner-507&#215;109&#8243; _builder_version=\u00bb4.26.0&#8243; _module_preset=\u00bbdefault\u00bb width_tablet=\u00bb\u00bb width_phone=\u00bb\u00bb width_last_edited=\u00bbon|phone\u00bb locked=\u00bboff\u00bb global_colors_info=\u00bb{}\u00bb][\/et_pb_image][et_pb_text _builder_version=\u00bb4.26.0&#8243; _module_preset=\u00bbdefault\u00bb custom_margin=\u00bb40px||||false|false\u00bb global_colors_info=\u00bb{}\u00bb]<\/p>\n<p style=\"margin: 0cm; margin-bottom: .0001pt; text-align: justify; line-height: 150%; vertical-align: baseline;\"><span style=\"font-family: 'Arial',sans-serif; color: #333333;\">El Ayuntamiento de Museros, y en concreto, la Concejal\u00eda de Cultura y Promoci\u00f3n Ling\u00fc\u00edstica, otorgan el premio Cultura Museros 2024 a Gemma Pasqual i Escriv\u00e0 como reconocimiento por su trayectoria creativa en el mundo de las letras a lo largo de su vida.<o:p><\/o:p><\/span><span style=\"font-family: 'Arial',sans-serif; color: #333333;\"><o:p><\/o:p><\/span><\/p>\n<p>[\/et_pb_text][et_pb_divider color=\u00bb#999999&#8243; divider_style=\u00bbdotted\u00bb divider_weight=\u00bb7px\u00bb _builder_version=\u00bb4.22.1&#8243; _module_preset=\u00bbdefault\u00bb custom_margin=\u00bb40px||||false|false\u00bb global_colors_info=\u00bb{}\u00bb][\/et_pb_divider][\/et_pb_column][\/et_pb_row][et_pb_row column_structure=\u00bb1_4,1_4,1_4,1_4&#8243; _builder_version=\u00bb4.23&#8243; _module_preset=\u00bbdefault\u00bb locked=\u00bboff\u00bb global_colors_info=\u00bb{}\u00bb][et_pb_column type=\u00bb1_4&#8243; _builder_version=\u00bb4.23&#8243; _module_preset=\u00bbdefault\u00bb global_colors_info=\u00bb{}\u00bb][et_pb_image src=\u00bbhttps:\/\/museros.org\/wp-content\/uploads\/2024\/09\/presentacion.jpg\u00bb title_text=\u00bbpresentacion\u00bb url=\u00bbhttps:\/\/museros.org\/inici\/presentacion-libro\/\u00bb use_overlay=\u00bbon\u00bb overlay_icon_color=\u00bb#E02B20&#8243; hover_overlay_color=\u00bbrgba(255,255,255,0.71)\u00bb hover_icon=\u00bb&#xe04e;||divi||400&#8243; _builder_version=\u00bb4.27.0&#8243; _module_preset=\u00bbdefault\u00bb global_colors_info=\u00bb{}\u00bb][\/et_pb_image][\/et_pb_column][et_pb_column type=\u00bb1_4&#8243; _builder_version=\u00bb4.23&#8243; _module_preset=\u00bbdefault\u00bb global_colors_info=\u00bb{}\u00bb][et_pb_image src=\u00bbhttps:\/\/museros.org\/wp-content\/uploads\/2024\/10\/3rvideo2024-400&#215;320-1-300&#215;240.jpg\u00bb title_text=\u00bb3rvideo2024-400&#215;320&#8243; url=\u00bbhttps:\/\/youtu.be\/eHzqktd2Eqo\u00bb url_new_window=\u00bbon\u00bb use_overlay=\u00bbon\u00bb overlay_icon_color=\u00bb#E02B20&#8243; hover_overlay_color=\u00bbrgba(255,255,255,0.71)\u00bb hover_icon=\u00bb&#xe04e;||divi||400&#8243; _builder_version=\u00bb4.27.2&#8243; _module_preset=\u00bbdefault\u00bb locked=\u00bboff\u00bb global_colors_info=\u00bb{}\u00bb][\/et_pb_image][\/et_pb_column][et_pb_column type=\u00bb1_4&#8243; _builder_version=\u00bb4.23&#8243; _module_preset=\u00bbdefault\u00bb global_colors_info=\u00bb{}\u00bb][et_pb_image src=\u00bbhttps:\/\/museros.org\/wp-content\/uploads\/2024\/10\/fotos-2024-400&#215;320-1.jpg\u00bb title_text=\u00bbfotos-2024-400&#215;320&#8243; url=\u00bbhttps:\/\/museros.org\/inici\/es\/galeria-de-imagenes-gemma\u00bb use_overlay=\u00bbon\u00bb overlay_icon_color=\u00bb#E02B20&#8243; hover_overlay_color=\u00bbrgba(255,255,255,0.71)\u00bb hover_icon=\u00bb&#xe04e;||divi||400&#8243; _builder_version=\u00bb4.27.2&#8243; _module_preset=\u00bbdefault\u00bb locked=\u00bboff\u00bb global_colors_info=\u00bb{}\u00bb][\/et_pb_image][\/et_pb_column][et_pb_column type=\u00bb1_4&#8243; _builder_version=\u00bb4.23&#8243; _module_preset=\u00bbdefault\u00bb global_colors_info=\u00bb{}\u00bb][et_pb_image src=\u00bbhttps:\/\/museros.org\/wp-content\/uploads\/2024\/10\/2nvideo2024-400&#215;320-1-300&#215;240.jpg\u00bb title_text=\u00bb2nvideo2024-400&#215;320&#8243; url=\u00bbhttps:\/\/youtu.be\/pW5EVfAHgYs\u00bb url_new_window=\u00bbon\u00bb use_overlay=\u00bbon\u00bb overlay_icon_color=\u00bb#E02B20&#8243; hover_overlay_color=\u00bbrgba(255,255,255,0.71)\u00bb hover_icon=\u00bb&#xe04e;||divi||400&#8243; _builder_version=\u00bb4.27.2&#8243; _module_preset=\u00bbdefault\u00bb locked=\u00bboff\u00bb global_colors_info=\u00bb{}\u00bb][\/et_pb_image][\/et_pb_column][\/et_pb_row][et_pb_row column_structure=\u00bb1_4,3_4&#8243; _builder_version=\u00bb4.16&#8243; _module_preset=\u00bbdefault\u00bb custom_margin=\u00bb0px||||false|false\u00bb custom_padding=\u00bb0px||27px||false|false\u00bb global_colors_info=\u00bb{}\u00bb][et_pb_column type=\u00bb1_4&#8243; _builder_version=\u00bb4.16&#8243; _module_preset=\u00bbdefault\u00bb global_colors_info=\u00bb{}\u00bb][\/et_pb_column][et_pb_column type=\u00bb3_4&#8243; _builder_version=\u00bb4.16&#8243; _module_preset=\u00bbdefault\u00bb global_colors_info=\u00bb{}\u00bb][et_pb_text _builder_version=\u00bb4.26.0&#8243; _module_preset=\u00bbdefault\u00bb global_colors_info=\u00bb{}\u00bb]<\/p>\n<h1>Gemma Pasqual i Escriv\u00e0<br \/>Premi Cultura Museros 2024<\/h1>\n<p style=\"text-align: justify;\">GEMMA PASCUAL I ESCRIV\u00c0 (Almoines 1967). Es escritora. Asesora del sello editorial Jollibre, y adem\u00e1s, ha colaborado en diferentes medios de comunicaci\u00f3n, como por ejemplo\u00a0<em>Serra d\u2019Or<\/em>,\u00a0<em>Llengua Nacional, Barcelona Review<\/em>,\u00a0<em>Literatures<\/em>,\u00a0<em>Car\u00e0cters<\/em>\u00a0de la Universitat de Val\u00e8ncia,\u00a0<em>El Punt Avui, La Vanguardia<\/em>\u00a0y Vilaweb; ha formado parte del consejo de redacci\u00f3n de\u00a0<em>L\u2019Escletxa,<\/em>\u00a0y ha sido miembro del consejo editorial del diario\u00a0<em>Jornada<\/em>.<\/p>\n<p style=\"text-align: justify;\">Conferenciante en varias universidades como Universitat Rovira i Virgili, Universitat de Val\u00e8ncia, Universidad de Liubliana o Universidad de Guip\u00fazcoa, entre otras, y en centros culturales, educativos y bibliotecas, con coloquios y conferencias sobre literatura.<\/p>\n<p style=\"text-align: justify;\">Ha participado en diferentes congresos y ferias de literatura infantil y juvenil: VI Congreso de \u201cLlegir per llegir\u201d en Barcelona, V Congreso de Literatura Infantil y Juvenil Catalana en Barcelona, III Festival Iberoamericano de Literatura Infantil y Juvenil de la Fundaci\u00f3n Santillana, Sal\u00f3 de l\u2019Autor de Val\u00e8ncia, Feria del libro de Valencia o la Feria del libro infantil y juvenil de Bolonia, entre otros.<\/p>\n<p style=\"text-align: justify;\">Es presidenta de la Societat Coral el Micalet, vocal de la junta directiva de la Societat Catalana de Pedagog\u00eda (filial del IEC), miembro del PEN Catal\u00e0 y socia y vicepresidenta de la l\u2019Associaci\u00f3 d\u2019Escriptors en Llengua Catalana de la secci\u00f3n del Pa\u00eds Valenci\u00e0. Tambi\u00e9n ha sido vocal de la Junta Directiva y del Consell Assessor de la Instituci\u00f3 de les Lletres Catalanes, patrona de la Fundaci\u00f3 Sambori, patrona de la Fundaci\u00f3 FULL i vicepresidenta d\u2019Acci\u00f3 Cultural del Pa\u00eds Valenci\u00e0.<\/p>\n<p style=\"text-align: justify;\">Ha sido galardonada con varios premios a su obra, entre los cuales destacan: Premi Samaruc 2002, 2003, 2005, 2015, Premi Benvingut Oliver 2007, Premi Barcanova 2007 y Premi Mallorca 2008, y ha sido finalista del Premi Llibreter 2020 con la obra\u00a0<em>Viure perillosament<\/em>. Su \u00faltimo libro es\u00a0<em>Torturades<\/em>\u00a0(2023), un ensayo period\u00edstico en el cual relata el horror de la tortura, con sesgo de g\u00e9nero, en la Comisar\u00eda de Polic\u00eda de Via Laietana de Barcelona.<\/p>\n<p>[\/et_pb_text][et_pb_divider color=\u00bb#999999&#8243; divider_style=\u00bbdotted\u00bb divider_weight=\u00bb7px\u00bb _builder_version=\u00bb4.22.1&#8243; _module_preset=\u00bbdefault\u00bb custom_margin=\u00bb40px||||false|false\u00bb global_colors_info=\u00bb{}\u00bb][\/et_pb_divider][et_pb_image src=\u00bbhttps:\/\/museros.org\/wp-content\/uploads\/2024\/07\/programa-2024-1080&#215;1527-1.jpg\u00bb title_text=\u00bbprograma-2024-1080&#215;1527&#8243; _builder_version=\u00bb4.26.0&#8243; _module_preset=\u00bbdefault\u00bb global_colors_info=\u00bb{}\u00bb][\/et_pb_image][\/et_pb_column][\/et_pb_row][et_pb_row _builder_version=\u00bb4.16&#8243; _module_preset=\u00bbdefault\u00bb global_colors_info=\u00bb{}\u00bb][et_pb_column type=\u00bb4_4&#8243; _builder_version=\u00bb4.16&#8243; _module_preset=\u00bbdefault\u00bb global_colors_info=\u00bb{}\u00bb][et_pb_divider color=\u00bb#E02B20&#8243; divider_weight=\u00bb4px\u00bb _builder_version=\u00bb4.16&#8243; _module_preset=\u00bbdefault\u00bb global_colors_info=\u00bb{}\u00bb][\/et_pb_divider][\/et_pb_column][\/et_pb_row][\/et_pb_section]<\/p>\n","protected":false},"excerpt":{"rendered":"<p>El Ayuntamiento de Museros, y en concreto, la Concejal\u00eda de Cultura y Promoci\u00f3n Ling\u00fc\u00edstica, otorgan el premio Cultura Museros 2024 a Gemma Pasqual i Escriv\u00e0 como reconocimiento por su trayectoria creativa en el mundo de las letras a lo largo de su vida.Gemma Pasqual i Escriv\u00e0Premi Cultura Museros 2024 GEMMA PASCUAL I ESCRIV\u00c0 (Almoines 1967). [&hellip;]<\/p>\n","protected":false},"author":8,"featured_media":0,"parent":0,"menu_order":0,"comment_status":"closed","ping_status":"closed","template":"","meta":{"_et_pb_use_builder":"on","_et_pb_old_content":"","_et_gb_content_width":"","_mc_calendar":[],"footnotes":""},"wf_page_folders":[1701],"class_list":["post-270520","page","type-page","status-publish","hentry"],"_links":{"self":[{"href":"https:\/\/museros.org\/inici\/wp-json\/wp\/v2\/pages\/270520","targetHints":{"allow":["GET"]}}],"collection":[{"href":"https:\/\/museros.org\/inici\/wp-json\/wp\/v2\/pages"}],"about":[{"href":"https:\/\/museros.org\/inici\/wp-json\/wp\/v2\/types\/page"}],"author":[{"embeddable":true,"href":"https:\/\/museros.org\/inici\/wp-json\/wp\/v2\/users\/8"}],"replies":[{"embeddable":true,"href":"https:\/\/museros.org\/inici\/wp-json\/wp\/v2\/comments?post=270520"}],"version-history":[{"count":15,"href":"https:\/\/museros.org\/inici\/wp-json\/wp\/v2\/pages\/270520\/revisions"}],"predecessor-version":[{"id":276109,"href":"https:\/\/museros.org\/inici\/wp-json\/wp\/v2\/pages\/270520\/revisions\/276109"}],"wp:attachment":[{"href":"https:\/\/museros.org\/inici\/wp-json\/wp\/v2\/media?parent=270520"}],"wp:term":[{"taxonomy":"wf_page_folders","embeddable":true,"href":"https:\/\/museros.org\/inici\/wp-json\/wp\/v2\/wf_page_folders?post=270520"}],"curies":[{"name":"wp","href":"https:\/\/api.w.org\/{rel}","templated":true}]}}