{"id":270110,"date":"2024-06-05T07:54:48","date_gmt":"2024-06-05T07:54:48","guid":{"rendered":"https:\/\/museros.org\/inici\/?page_id=270110"},"modified":"2025-07-02T08:04:39","modified_gmt":"2025-07-02T08:04:39","slug":"juzgado-de-paz","status":"publish","type":"page","link":"https:\/\/museros.org\/inici\/es\/juzgado-de-paz\/","title":{"rendered":"Juzgado de paz"},"content":{"rendered":"<p>[et_pb_section fb_built=\u00bb1&#8243; _builder_version=\u00bb4.16&#8243; _module_preset=\u00bbdefault\u00bb custom_padding=\u00bb0px||||false|false\u00bb locked=\u00bboff\u00bb global_colors_info=\u00bb{}\u00bb][et_pb_row column_structure=\u00bb1_4,3_4&#8243; _builder_version=\u00bb4.16&#8243; _module_preset=\u00bbdefault\u00bb custom_padding=\u00bb0px||||false|false\u00bb global_colors_info=\u00bb{}\u00bb][et_pb_column type=\u00bb1_4&#8243; _builder_version=\u00bb4.16&#8243; _module_preset=\u00bbdefault\u00bb global_colors_info=\u00bb{}\u00bb][et_pb_image src=\u00bbhttps:\/\/museros.org\/wp-content\/uploads\/2021\/08\/logo-juzgadodepaz.jpg\u00bb title_text=\u00bblogo-juzgadodepaz\u00bb url=\u00bbhttps:\/\/museros.org\/inici\/es\/\u00bb use_overlay=\u00bbon\u00bb overlay_icon_color=\u00bb#E02B20&#8243; hover_overlay_color=\u00bbrgba(255,255,255,0.69)\u00bb hover_icon=\u00bb&#xe04d;||divi||400&#8243; align=\u00bbcenter\u00bb _builder_version=\u00bb4.16&#8243; _module_preset=\u00bbdefault\u00bb global_colors_info=\u00bb{}\u00bb][\/et_pb_image][\/et_pb_column][et_pb_column type=\u00bb3_4&#8243; _builder_version=\u00bb4.16&#8243; _module_preset=\u00bbdefault\u00bb global_colors_info=\u00bb{}\u00bb][et_pb_text _builder_version=\u00bb4.27.4&#8243; _module_preset=\u00bbdefault\u00bb custom_padding=\u00bb2px||0px|||\u00bb hover_enabled=\u00bb0&#8243; global_colors_info=\u00bb{}\u00bb sticky_enabled=\u00bb0&#8243;]<\/p>\n<h2>Juzgado de Paz<\/h2>\n<p>Hace las funciones de Registro Civil, siendo un registro p\u00fablico cuya finalidad es dar constancia oficial de los hechos y actos que se refieren al estado civil de las personas, as\u00ed como el nombre y apellidos, el nacimiento, la defunci\u00f3n, la filiaci\u00f3n, el sexo o la nacionalidad de las personas de Museros.<\/p>\n<p>Casa de Cultura &#8211; Piso 3\u00ba<br \/>Avenida del Pa\u00eds Valenci\u00e0, 17<br \/>Tel\u00e9fono: 961 444 835<\/p>\n<p><span style=\"color: #333333; font-family: 'Open Sans', Arial, sans-serif; font-size: 16px; font-style: normal; font-variant-ligatures: normal; font-variant-caps: normal; font-weight: 500; letter-spacing: normal; orphans: 2; text-align: left; text-indent: 0px; text-transform: none; widows: 2; word-spacing: 0px; -webkit-text-stroke-width: 0px; white-space: normal; background-color: #ffffff; text-decoration-thickness: initial; text-decoration-style: initial; text-decoration-color: initial; display: inline !important; float: none;\">E-mail:<\/span><br style=\"box-sizing: border-box; color: #333333; font-family: 'Open Sans', Arial, sans-serif; font-size: 16px; font-style: normal; font-variant-ligatures: normal; font-variant-caps: normal; font-weight: 500; letter-spacing: normal; orphans: 2; text-align: left; text-indent: 0px; text-transform: none; widows: 2; word-spacing: 0px; -webkit-text-stroke-width: 0px; white-space: normal; background-color: #ffffff; text-decoration-thickness: initial; text-decoration-style: initial; text-decoration-color: initial;\" \/><a style=\"box-sizing: border-box; text-decoration: none; margin: 0px; padding: 0px; border: 0px; outline: 0px; font-size: 16px; text-size-adjust: 100%; vertical-align: baseline; background: #ffffff; color: #cc3333; font-family: 'Open Sans', Arial, sans-serif; font-style: normal; font-variant-ligatures: normal; font-variant-caps: normal; font-weight: 500; letter-spacing: normal; orphans: 2; text-align: left; text-indent: 0px; text-transform: none; widows: 2; word-spacing: 0px; -webkit-text-stroke-width: 0px; white-space: normal;\" href=\"mailto:juzgadodepaz@museros.es\" target=\"_blank\" rel=\"noopener\">juzgadodepaz@museros.es<\/a><\/p>\n<h3>Horario<\/h3>\n<p>Lunes de 09.00 h a 11.00 h. en el ayuntamiento.<\/p>\n<p>[\/et_pb_text][\/et_pb_column][\/et_pb_row][et_pb_row _builder_version=\u00bb4.16&#8243; _module_preset=\u00bbdefault\u00bb custom_margin=\u00bb25px||||false|false\u00bb global_colors_info=\u00bb{}\u00bb][et_pb_column type=\u00bb4_4&#8243; _builder_version=\u00bb4.16&#8243; _module_preset=\u00bbdefault\u00bb global_colors_info=\u00bb{}\u00bb][et_pb_divider color=\u00bb#E02B20&#8243; divider_weight=\u00bb4px\u00bb _builder_version=\u00bb4.16&#8243; _module_preset=\u00bbdefault\u00bb global_colors_info=\u00bb{}\u00bb][\/et_pb_divider][\/et_pb_column][\/et_pb_row][\/et_pb_section]<\/p>\n","protected":false},"excerpt":{"rendered":"<p>Juzgado de Paz Hace las funciones de Registro Civil, siendo un registro p\u00fablico cuya finalidad es dar constancia oficial de los hechos y actos que se refieren al estado civil de las personas, as\u00ed como el nombre y apellidos, el nacimiento, la defunci\u00f3n, la filiaci\u00f3n, el sexo o la nacionalidad de las personas de Museros. [&hellip;]<\/p>\n","protected":false},"author":8,"featured_media":0,"parent":0,"menu_order":0,"comment_status":"closed","ping_status":"closed","template":"","meta":{"_et_pb_use_builder":"on","_et_pb_old_content":"","_et_gb_content_width":"","_mc_calendar":[],"footnotes":""},"wf_page_folders":[388],"class_list":["post-270110","page","type-page","status-publish","hentry"],"_links":{"self":[{"href":"https:\/\/museros.org\/inici\/wp-json\/wp\/v2\/pages\/270110","targetHints":{"allow":["GET"]}}],"collection":[{"href":"https:\/\/museros.org\/inici\/wp-json\/wp\/v2\/pages"}],"about":[{"href":"https:\/\/museros.org\/inici\/wp-json\/wp\/v2\/types\/page"}],"author":[{"embeddable":true,"href":"https:\/\/museros.org\/inici\/wp-json\/wp\/v2\/users\/8"}],"replies":[{"embeddable":true,"href":"https:\/\/museros.org\/inici\/wp-json\/wp\/v2\/comments?post=270110"}],"version-history":[{"count":7,"href":"https:\/\/museros.org\/inici\/wp-json\/wp\/v2\/pages\/270110\/revisions"}],"predecessor-version":[{"id":275878,"href":"https:\/\/museros.org\/inici\/wp-json\/wp\/v2\/pages\/270110\/revisions\/275878"}],"wp:attachment":[{"href":"https:\/\/museros.org\/inici\/wp-json\/wp\/v2\/media?parent=270110"}],"wp:term":[{"taxonomy":"wf_page_folders","embeddable":true,"href":"https:\/\/museros.org\/inici\/wp-json\/wp\/v2\/wf_page_folders?post=270110"}],"curies":[{"name":"wp","href":"https:\/\/api.w.org\/{rel}","templated":true}]}}