{"id":268714,"date":"2024-04-28T15:48:24","date_gmt":"2024-04-28T15:48:24","guid":{"rendered":"https:\/\/museros.org\/inici\/?page_id=268714"},"modified":"2024-07-23T19:50:53","modified_gmt":"2024-07-23T19:50:53","slug":"bo-comerc-2024","status":"publish","type":"page","link":"https:\/\/museros.org\/inici\/bo-comerc-2024\/","title":{"rendered":"Bo Comer\u00e7 2024"},"content":{"rendered":"<p>[et_pb_section fb_built=\u00bb1&#8243; _builder_version=\u00bb4.16&#8243; _module_preset=\u00bbdefault\u00bb custom_padding=\u00bb0px||||false|false\u00bb locked=\u00bboff\u00bb global_colors_info=\u00bb{}\u00bb][et_pb_row column_structure=\u00bb1_4,3_4&#8243; _builder_version=\u00bb4.16&#8243; _module_preset=\u00bbdefault\u00bb custom_margin=\u00bb0px||0px||false|false\u00bb custom_padding=\u00bb0px||0px||false|false\u00bb global_colors_info=\u00bb{}\u00bb][et_pb_column type=\u00bb1_4&#8243; _builder_version=\u00bb4.16&#8243; _module_preset=\u00bbdefault\u00bb global_colors_info=\u00bb{}\u00bb][et_pb_image src=\u00bbhttps:\/\/museros.org\/wp-content\/uploads\/2021\/08\/logo-comerc\u0327-cl-230&#215;180-1.jpg\u00bb title_text=\u00bblogo-comerc\u0327-cl-230&#215;180&#8243; url=\u00bbhttps:\/\/museros.org\/inici\/area-de-comerc\u00bb use_overlay=\u00bbon\u00bb overlay_icon_color=\u00bb#E02B20&#8243; hover_overlay_color=\u00bbrgba(255,255,255,0.7)\u00bb hover_icon=\u00bb&#xe04d;||divi||400&#8243; align=\u00bbcenter\u00bb _builder_version=\u00bb4.17.3&#8243; _module_preset=\u00bbdefault\u00bb width=\u00bb100%\u00bb width_tablet=\u00bb\u00bb width_phone=\u00bb\u00bb width_last_edited=\u00bbon|phone\u00bb module_alignment=\u00bbcenter\u00bb custom_margin=\u00bb0px||0px||false|false\u00bb custom_padding=\u00bb0px||0px||false|false\u00bb global_colors_info=\u00bb{}\u00bb][\/et_pb_image][\/et_pb_column][et_pb_column type=\u00bb3_4&#8243; _builder_version=\u00bb4.16&#8243; _module_preset=\u00bbdefault\u00bb global_colors_info=\u00bb{}\u00bb][et_pb_image src=\u00bbhttps:\/\/museros.org\/wp-content\/uploads\/2024\/07\/bo-2024-487&#215;325-19.jpg\u00bb title_text=\u00bbbo-2024-487&#215;325-19&#8243; _builder_version=\u00bb4.26.0&#8243; _module_preset=\u00bbdefault\u00bb global_colors_info=\u00bb{}\u00bb][\/et_pb_image][et_pb_text _builder_version=\u00bb4.25.0&#8243; _module_preset=\u00bbdefault\u00bb custom_margin=\u00bb||||false|false\u00bb custom_padding=\u00bb||1px|0px|false|false\u00bb global_colors_info=\u00bb{}\u00bb]<\/p>\n<h1>BO COMER\u00c7 MUSEROS 2024<\/h1>\n<p style=\"text-align: justify;\">Programa d&#8217;impuls del comer\u00e7 local mitjan\u00e7ant el qual l&#8217;Ajuntament de Museros destina 30.000,00 \u20ac, en format de targetes banc\u00e0ries, suport dels \u00abBons al comer\u00e7 Museros 2024\u00bb amb els quals es pret\u00e9n beneficiar tant el comer\u00e7 local com les fam\u00edlies residents, en estimular la compra en els establiments locals que desitgen participar en la campanya de manera volunt\u00e0ria.<br \/>Es formalitzaran amb targetes banc\u00e0ries per valor de 30 \u20ac que l&#8217;Ajuntament de Museros entregar\u00e0 als ve\u00efns i a les ve\u00efnes que s&#8217;hagen inscrit pr\u00e8viament i hagen resultat adjudicataris o adjudicat\u00e0ries en la promoci\u00f3.<\/p>\n<p>[\/et_pb_text][\/et_pb_column][\/et_pb_row][et_pb_row column_structure=\u00bb1_5,1_5,1_5,1_5,1_5&#8243; _builder_version=\u00bb4.21.0&#8243; _module_preset=\u00bbdefault\u00bb global_colors_info=\u00bb{}\u00bb][et_pb_column type=\u00bb1_5&#8243; _builder_version=\u00bb4.21.0&#8243; _module_preset=\u00bbdefault\u00bb global_colors_info=\u00bb{}\u00bb][\/et_pb_column][et_pb_column type=\u00bb1_5&#8243; _builder_version=\u00bb4.21.0&#8243; _module_preset=\u00bbdefault\u00bb global_colors_info=\u00bb{}\u00bb][et_pb_button button_url=\u00bbhttps:\/\/museros.org\/wp-content\/uploads\/2024\/05\/BASES-BONO-COMERC-2024.pdf\u00bb url_new_window=\u00bbon\u00bb button_text=\u00bbBASES\u00bb _builder_version=\u00bb4.25.0&#8243; _module_preset=\u00bbdefault\u00bb global_colors_info=\u00bb{}\u00bb][\/et_pb_button][\/et_pb_column][et_pb_column type=\u00bb1_5&#8243; _builder_version=\u00bb4.21.0&#8243; _module_preset=\u00bbdefault\u00bb global_colors_info=\u00bb{}\u00bb][et_pb_button button_url=\u00bbhttps:\/\/museros.org\/wp-content\/uploads\/2024\/05\/CERTIF.-JGL-09.05.24-APROB.-MODIF.-BASES-BONOS-COMERCIO-2024-POR-INCLUS.-NUEVOS-EPIGRAFES-IAE-Y-APROB.-CONV.-COLAB.sign_.pdf\u00bb button_text=\u00bbMODIFICACI\u00d3 DE LES BASES\u00bb _builder_version=\u00bb4.25.0&#8243; _module_preset=\u00bbdefault\u00bb global_colors_info=\u00bb{}\u00bb][\/et_pb_button][\/et_pb_column][et_pb_column type=\u00bb1_5&#8243; _builder_version=\u00bb4.21.0&#8243; _module_preset=\u00bbdefault\u00bb global_colors_info=\u00bb{}\u00bb][\/et_pb_column][et_pb_column type=\u00bb1_5&#8243; _builder_version=\u00bb4.21.0&#8243; _module_preset=\u00bbdefault\u00bb global_colors_info=\u00bb{}\u00bb][et_pb_button url_new_window=\u00bbon\u00bb button_text=\u00bbANEX IV &#8211; CONVENI \u00bb _builder_version=\u00bb4.25.0&#8243; _module_preset=\u00bbdefault\u00bb global_colors_info=\u00bb{}\u00bb][\/et_pb_button][\/et_pb_column][\/et_pb_row][et_pb_row column_structure=\u00bb1_2,1_2&#8243; _builder_version=\u00bb4.21.0&#8243; _module_preset=\u00bbdefault\u00bb global_colors_info=\u00bb{}\u00bb][et_pb_column type=\u00bb1_2&#8243; _builder_version=\u00bb4.21.0&#8243; _module_preset=\u00bbdefault\u00bb global_colors_info=\u00bb{}\u00bb][et_pb_image src=\u00bbhttps:\/\/museros.org\/wp-content\/uploads\/2024\/05\/comerciants24-2.jpg\u00bb title_text=\u00bbcomerciants24-2&#8243; _builder_version=\u00bb4.25.1&#8243; _module_preset=\u00bbdefault\u00bb global_colors_info=\u00bb{}\u00bb][\/et_pb_image][et_pb_text _builder_version=\u00bb4.25.1&#8243; _module_preset=\u00bbdefault\u00bb global_colors_info=\u00bb{}\u00bb]<\/p>\n<h3>Llistat definitiu dels comer\u00e7os adherits en la campanya BO COMER\u00c7 2024<\/h3>\n<p>[\/et_pb_text][et_pb_text _builder_version=\u00bb4.25.1&#8243; _module_preset=\u00bbdefault\u00bb locked=\u00bboff\u00bb global_colors_info=\u00bb{}\u00bb]<\/p>\n<h3>COMER\u00c7OS INSCRITS<\/h3>\n<p>AMBIENTS<br \/>ANA AROCA STYLE ART<br \/>BAR CAFETERIA HOGAR DEL JUBILADO<br \/>BASE GRANELL ESPORT SL<br \/>CARNICERIA COSTA I BOSCH<br \/>CARNICERIA DEMETRIO<br \/>EDUARDO PALANCA SL<br \/>FORN DE LA PLA\u00c7A DE MUSEROS SL<br \/>FRUTERIA LA CISTELLA<br \/>GINES PONCE SLU<br \/>HEALTHYMEATFIT SL<br \/>HERBASANA ECOTENDES SL<br \/>HORNO BALTASAR Y CARMEN<br \/>JOIERIA USO FONTESTAD SL<br \/>LA TIENDA DE LU<br \/>LA TIENDA DE ROSA ALCOVER<br \/>LENCERIA Y ROPA ROSA<br \/>OPTICA ALBA<br \/>OPTICA MUSEROS<br \/>ORTOPARA MUSEROS SL<br \/>PAPELERIA MUSEROS SL<br \/>PELUQUERIA ENCARNA<br \/>PELUQUERIA GABI<br \/>PELUQUERIA MY LOOK<br \/>PELUQUERIA NOVES TENDENCIES TERE<br \/>TINTORERIA ROSA<\/p>\n<p>[\/et_pb_text][et_pb_text _builder_version=\u00bb4.25.1&#8243; _module_preset=\u00bbdefault\u00bb global_colors_info=\u00bb{}\u00bb]<\/p>\n<h4>Comer\u00e7os inscrits per\u00f2 exclosos per no estar dins dels ep\u00edgrafs d&#8217;IAE, conforme a l&#8217;article 5 de les bases.<\/h4>\n<p>CLINICA DENTAL FONT DE LA ROSA<br \/>CRISTALERIA IBORRA<\/p>\n<p>[\/et_pb_text][et_pb_button button_url=\u00bbhttps:\/\/museros.org\/wp-content\/uploads\/2024\/06\/CERTIFICADO-JGL-06.0624-listado-comercios-admitidos-excluidos.-Firmado.pdf\u00bb url_new_window=\u00bbon\u00bb button_text=\u00bbCertificat oficial\u00bb _builder_version=\u00bb4.25.1&#8243; _module_preset=\u00bbdefault\u00bb custom_margin=\u00bb40px||||false|false\u00bb locked=\u00bboff\u00bb global_colors_info=\u00bb{}\u00bb][\/et_pb_button][et_pb_divider color=\u00bb#E02B20&#8243; divider_weight=\u00bb4px\u00bb _builder_version=\u00bb4.25.1&#8243; _module_preset=\u00bbdefault\u00bb custom_margin=\u00bb40px||||false|false\u00bb global_colors_info=\u00bb{}\u00bb][\/et_pb_divider][\/et_pb_column][et_pb_column type=\u00bb1_2&#8243; _builder_version=\u00bb4.21.0&#8243; _module_preset=\u00bbdefault\u00bb global_colors_info=\u00bb{}\u00bb][et_pb_image src=\u00bbhttps:\/\/museros.org\/wp-content\/uploads\/2024\/05\/clients24-2.jpg\u00bb title_text=\u00bbclients24-2&#8243; _builder_version=\u00bb4.25.1&#8243; _module_preset=\u00bbdefault\u00bb global_colors_info=\u00bb{}\u00bb][\/et_pb_image][et_pb_text _builder_version=\u00bb4.26.0&#8243; _module_preset=\u00bbdefault\u00bb global_colors_info=\u00bb{}\u00bb]<\/p>\n<h3>Llistat definitiu de beneficiaris i llista de reserva per als \u201cBO COMER\u00c7 MUSEROS 2024\u201d de l\u2019Ajuntament de Museros.<\/h3>\n<p>Recollida de les targetes a l\u2019Ajuntament, del 17 de juny <strong>al 19 de<\/strong><br \/><strong>juliol<\/strong> de 2024, tots dos inclosos, en horari de 12.00 h a 14.00 h, de dilluns a divendres.<br \/>Per a la recollida dels bons comer\u00e7, les persones adjudicat\u00e0ries hauran de presentar l\u2018annex III, omplit (excepte el n\u00famero de targeta que es facilitar\u00e0 en el moment del seu lliurament) i un document d\u2019identificaci\u00f3 vigent (DNI, NIE, passaport, etc.) per a identificar-se.<br \/>Una persona podr\u00e0 ser autoritzada a recollir els bons d\u2019una altra persona adjudicat\u00e0ria sempre que aporte el poder de representaci\u00f3 (annex II) firmat per la representant i per la persona representada, i la fotoc\u00f2pia del DNI o NIE de la persona representada.<\/p>\n<p>[\/et_pb_text][et_pb_button button_url=\u00bbhttps:\/\/museros.org\/wp-content\/uploads\/2024\/06\/ANNEX-3-2024.pdf\u00bb url_new_window=\u00bbon\u00bb button_text=\u00bbDocument PDF &#8211; Annex III &#8211; Lliurament de targetes\u00bb _builder_version=\u00bb4.25.2&#8243; _module_preset=\u00bbdefault\u00bb global_colors_info=\u00bb{}\u00bb][\/et_pb_button][et_pb_button button_url=\u00bbhttps:\/\/museros.org\/wp-content\/uploads\/2024\/06\/ANNEX-2-2024.pdf\u00bb url_new_window=\u00bbon\u00bb button_text=\u00bbDocument PDF &#8211; Annex II &#8211; Poder de representaci\u00f3\u00bb _builder_version=\u00bb4.25.2&#8243; _module_preset=\u00bbdefault\u00bb global_colors_info=\u00bb{}\u00bb][\/et_pb_button][et_pb_button button_url=\u00bbhttps:\/\/museros.org\/wp-content\/uploads\/2024\/06\/DECRET-2024-0633-RESOLUCION-listado-beneficiarios-BONOS-COMERCIO-24.pdf\u00bb url_new_window=\u00bbon\u00bb button_text=\u00bbRESOLUCI\u00d3 llistat beneficiaris BO COMER\u00c7 2024&#8243; _builder_version=\u00bb4.25.2&#8243; _module_preset=\u00bbdefault\u00bb custom_margin=\u00bb40px||||false|false\u00bb locked=\u00bboff\u00bb global_colors_info=\u00bb{}\u00bb][\/et_pb_button][et_pb_divider color=\u00bb#E02B20&#8243; divider_weight=\u00bb4px\u00bb _builder_version=\u00bb4.25.1&#8243; _module_preset=\u00bbdefault\u00bb custom_margin=\u00bb40px||||false|false\u00bb locked=\u00bboff\u00bb global_colors_info=\u00bb{}\u00bb][\/et_pb_divider][\/et_pb_column][\/et_pb_row][\/et_pb_section]<\/p>\n","protected":false},"excerpt":{"rendered":"<p>BO COMER\u00c7 MUSEROS 2024 Programa d&#8217;impuls del comer\u00e7 local mitjan\u00e7ant el qual l&#8217;Ajuntament de Museros destina 30.000,00 \u20ac, en format de targetes banc\u00e0ries, suport dels \u00abBons al comer\u00e7 Museros 2024\u00bb amb els quals es pret\u00e9n beneficiar tant el comer\u00e7 local com les fam\u00edlies residents, en estimular la compra en els establiments locals que desitgen participar [&hellip;]<\/p>\n","protected":false},"author":8,"featured_media":0,"parent":0,"menu_order":0,"comment_status":"closed","ping_status":"closed","template":"","meta":{"_et_pb_use_builder":"on","_et_pb_old_content":"","_et_gb_content_width":"","_mc_calendar":[],"footnotes":""},"wf_page_folders":[294],"class_list":["post-268714","page","type-page","status-publish","hentry"],"_links":{"self":[{"href":"https:\/\/museros.org\/inici\/wp-json\/wp\/v2\/pages\/268714","targetHints":{"allow":["GET"]}}],"collection":[{"href":"https:\/\/museros.org\/inici\/wp-json\/wp\/v2\/pages"}],"about":[{"href":"https:\/\/museros.org\/inici\/wp-json\/wp\/v2\/types\/page"}],"author":[{"embeddable":true,"href":"https:\/\/museros.org\/inici\/wp-json\/wp\/v2\/users\/8"}],"replies":[{"embeddable":true,"href":"https:\/\/museros.org\/inici\/wp-json\/wp\/v2\/comments?post=268714"}],"version-history":[{"count":26,"href":"https:\/\/museros.org\/inici\/wp-json\/wp\/v2\/pages\/268714\/revisions"}],"predecessor-version":[{"id":271243,"href":"https:\/\/museros.org\/inici\/wp-json\/wp\/v2\/pages\/268714\/revisions\/271243"}],"wp:attachment":[{"href":"https:\/\/museros.org\/inici\/wp-json\/wp\/v2\/media?parent=268714"}],"wp:term":[{"taxonomy":"wf_page_folders","embeddable":true,"href":"https:\/\/museros.org\/inici\/wp-json\/wp\/v2\/wf_page_folders?post=268714"}],"curies":[{"name":"wp","href":"https:\/\/api.w.org\/{rel}","templated":true}]}}