{"id":268616,"date":"2024-04-18T10:16:41","date_gmt":"2024-04-18T10:16:41","guid":{"rendered":"https:\/\/museros.org\/inici\/?page_id=268616"},"modified":"2024-04-18T15:17:29","modified_gmt":"2024-04-18T15:17:29","slug":"gracias-mama","status":"publish","type":"page","link":"https:\/\/museros.org\/inici\/es\/gracias-mama\/","title":{"rendered":"Gracias mam\u00e1"},"content":{"rendered":"<p>[et_pb_section fb_built=\u00bb1&#8243; _builder_version=\u00bb4.24.2&#8243; _module_preset=\u00bbdefault\u00bb custom_padding=\u00bb0px||||false|false\u00bb locked=\u00bboff\u00bb global_colors_info=\u00bb{}\u00bb][et_pb_row column_structure=\u00bb1_3,2_3&#8243; _builder_version=\u00bb4.24.2&#8243; _module_preset=\u00bbdefault\u00bb custom_margin=\u00bb0px||0px||false|false\u00bb custom_padding=\u00bb0px||0px||false|false\u00bb global_colors_info=\u00bb{}\u00bb][et_pb_column type=\u00bb1_3&#8243; _builder_version=\u00bb4.16&#8243; _module_preset=\u00bbdefault\u00bb global_colors_info=\u00bb{}\u00bb][et_pb_image src=\u00bbhttps:\/\/museros.org\/wp-content\/uploads\/2021\/06\/logo-comercio-cl-230&#215;180-1.jpg\u00bb title_text=\u00bblogo-comercio-cl-230&#215;180&#8243; url=\u00bbhttps:\/\/museros.org\/inici\/es\/area-de-comercio\u00bb use_overlay=\u00bbon\u00bb overlay_icon_color=\u00bb#E02B20&#8243; hover_overlay_color=\u00bbrgba(255,255,255,0.7)\u00bb hover_icon=\u00bb&#xe04d;||divi||400&#8243; align=\u00bbcenter\u00bb _builder_version=\u00bb4.24.2&#8243; _module_preset=\u00bbdefault\u00bb width=\u00bb100%\u00bb width_tablet=\u00bb\u00bb width_phone=\u00bb\u00bb width_last_edited=\u00bbon|phone\u00bb module_alignment=\u00bbcenter\u00bb custom_margin=\u00bb0px||0px||false|false\u00bb custom_padding=\u00bb0px||0px||false|false\u00bb global_colors_info=\u00bb{}\u00bb][\/et_pb_image][\/et_pb_column][et_pb_column type=\u00bb2_3&#8243; _builder_version=\u00bb4.16&#8243; _module_preset=\u00bbdefault\u00bb global_colors_info=\u00bb{}\u00bb][et_pb_image src=\u00bbhttps:\/\/museros.org\/wp-content\/uploads\/2024\/04\/gracias-mama-800&#215;300-1.jpg\u00bb title_text=\u00bbgracias-mama-800&#215;300&#8243; _builder_version=\u00bb4.24.3&#8243; _module_preset=\u00bbdefault\u00bb hover_enabled=\u00bb0&#8243; global_colors_info=\u00bb{}\u00bb sticky_enabled=\u00bb0&#8243; align=\u00bbcenter\u00bb][\/et_pb_image][et_pb_text _builder_version=\u00bb4.24.3&#8243; _module_preset=\u00bbdefault\u00bb custom_margin=\u00bb||||false|false\u00bb custom_padding=\u00bb||1px|0px|false|false\u00bb global_colors_info=\u00bb{}\u00bb]<\/p>\n<h2>Gracias mam\u00e1!<\/h2>\n<p>Bajo el lema, Gracias mam\u00e1! y como es habitual en estas fechas, el Ayuntamiento de Museros, mediante la Concejal\u00eda de Comercio, y conjuntamente con la Asociaci\u00f3n de Comerciantes CAMU y la entidad Caja Popular, ponen en marcha la campa\u00f1a de comercio con motivo del D\u00eda de la Madre, una campa\u00f1a m\u00e1s, que contin\u00faa incentivando los consumidores y las consumidoras que realizan sus compras en el comercio local, con premios que pueden conseguir al realizar sus compras, o al utilizar cualquier de los servicios de profesionales de Museros.<\/p>\n<p>Todos estos premios, en forma de tarjetas monedero, vuelven a utilizarse en nuestros comercios, de forma que se crea un tipo de econom\u00eda circular, esta nueva campa\u00f1a es una continuidad de la l\u00ednea de trabajo de las anteriores, y que hasta ahora han sido llevadas a cabo por el Equipo de Gobierno del Ayuntamiento de Museros, con la Asociaci\u00f3n de Comerciantes CAMU y la entidad Caja Popular, para secundar, defender e incentivar el sector comercial tradicional, profesional y de restauraci\u00f3n de nuestro municipio, como pilares fundamentales de nuestra econom\u00eda.<\/p>\n<p>Esta campa\u00f1a, coincidir\u00e1 con la X Feria del Comercio de Museros, en el D\u00eda de la Madre y en las fechas tradicionales de comuniones, y es por ese motivo, que la campa\u00f1a se realizar\u00e1 desde el 4 de mayo, fecha de inicio de la Feria del Comercio, hasta el 26 de mayo. La campa\u00f1a incluye el sorteo de 15 tarjetas monedero por valor de 50 \u20ac cada una, para consumir en los comercios asociados a CAMU y en todos aquellos que se hayan adherido a la campa\u00f1a.<\/p>\n<p>Estas tarjetas se sortear\u00e1n entre aquellas compras realizadas entre los d\u00edas 4 y 26 de mayo, ambos incluidos, en cualquier comercio de Museros, excepto grandes franquicias y grandes superficies.<\/p>\n<p>\u00a0Las compras tendr\u00e1n que ser de 25 \u20ac como m\u00ednimo, y se podr\u00e1n acumular los tickets hasta conseguir ese importe, en el ticket o en cualquier documento equivalente, tendr\u00e1n que figurar los datos del comercio, del profesional o del local de restauraci\u00f3n donde se haya efectuado el gasto.<\/p>\n<p>Las personas usuarias tendr\u00e1n que depositar los tickets de compra o documento equivalente, al lugar habilitado para lo cual en el Ayuntamiento, las personas que participan tambi\u00e9n tendr\u00e1n que indicar el nombre y el tel\u00e9fono para contactar con ellas en caso de resultar ganadoras.<\/p>\n<p>Los tickets se depositar\u00e1n en el Ayuntamiento de Museros, en horario de 09.00 h a 14.00 h, hasta el d\u00eda 27 de mayo, los premios se sortear\u00e1n entre todos aquellos tickets o comprobantes del gasto que cumplan todos los requisitos.<\/p>\n<p>El sorteo tendr\u00e1 lugar martes 11 de junio.<\/p>\n<p>\u00a0La entrega de los premios estar\u00e1 en la sala de plenos del Ayuntamiento, jueves, 13 de junio, a las 19.00 h.<\/p>\n<p>&nbsp;<\/p>\n<p>[\/et_pb_text][\/et_pb_column][\/et_pb_row][et_pb_row _builder_version=\u00bb4.16&#8243; _module_preset=\u00bbdefault\u00bb custom_margin=\u00bb50px||0px||false|false\u00bb custom_padding=\u00bb0px||0px||false|false\u00bb global_colors_info=\u00bb{}\u00bb][et_pb_column type=\u00bb4_4&#8243; _builder_version=\u00bb4.16&#8243; _module_preset=\u00bbdefault\u00bb global_colors_info=\u00bb{}\u00bb][et_pb_divider color=\u00bb#E02B20&#8243; divider_weight=\u00bb4px\u00bb _builder_version=\u00bb4.16&#8243; _module_preset=\u00bbdefault\u00bb custom_margin=\u00bb0px||0px||false|false\u00bb custom_padding=\u00bb0px||0px||false|false\u00bb global_colors_info=\u00bb{}\u00bb][\/et_pb_divider][\/et_pb_column][\/et_pb_row][\/et_pb_section]<\/p>\n","protected":false},"excerpt":{"rendered":"<p>Gracias mam\u00e1! Bajo el lema, Gracias mam\u00e1! y como es habitual en estas fechas, el Ayuntamiento de Museros, mediante la Concejal\u00eda de Comercio, y conjuntamente con la Asociaci\u00f3n de Comerciantes CAMU y la entidad Caja Popular, ponen en marcha la campa\u00f1a de comercio con motivo del D\u00eda de la Madre, una campa\u00f1a m\u00e1s, que contin\u00faa [&hellip;]<\/p>\n","protected":false},"author":8,"featured_media":0,"parent":0,"menu_order":0,"comment_status":"closed","ping_status":"closed","template":"","meta":{"_et_pb_use_builder":"on","_et_pb_old_content":"","_et_gb_content_width":"","_mc_calendar":[],"footnotes":""},"wf_page_folders":[294],"class_list":["post-268616","page","type-page","status-publish","hentry"],"_links":{"self":[{"href":"https:\/\/museros.org\/inici\/wp-json\/wp\/v2\/pages\/268616","targetHints":{"allow":["GET"]}}],"collection":[{"href":"https:\/\/museros.org\/inici\/wp-json\/wp\/v2\/pages"}],"about":[{"href":"https:\/\/museros.org\/inici\/wp-json\/wp\/v2\/types\/page"}],"author":[{"embeddable":true,"href":"https:\/\/museros.org\/inici\/wp-json\/wp\/v2\/users\/8"}],"replies":[{"embeddable":true,"href":"https:\/\/museros.org\/inici\/wp-json\/wp\/v2\/comments?post=268616"}],"version-history":[{"count":5,"href":"https:\/\/museros.org\/inici\/wp-json\/wp\/v2\/pages\/268616\/revisions"}],"predecessor-version":[{"id":268639,"href":"https:\/\/museros.org\/inici\/wp-json\/wp\/v2\/pages\/268616\/revisions\/268639"}],"wp:attachment":[{"href":"https:\/\/museros.org\/inici\/wp-json\/wp\/v2\/media?parent=268616"}],"wp:term":[{"taxonomy":"wf_page_folders","embeddable":true,"href":"https:\/\/museros.org\/inici\/wp-json\/wp\/v2\/wf_page_folders?post=268616"}],"curies":[{"name":"wp","href":"https:\/\/api.w.org\/{rel}","templated":true}]}}