{"id":268537,"date":"2024-04-16T13:19:07","date_gmt":"2024-04-16T13:19:07","guid":{"rendered":"https:\/\/museros.org\/inici\/?page_id=268537"},"modified":"2024-09-12T09:37:10","modified_gmt":"2024-09-12T09:37:10","slug":"cent-destelles","status":"publish","type":"page","link":"https:\/\/museros.org\/inici\/cent-destelles\/","title":{"rendered":"Cent d&#8217;Estell\u00e9s"},"content":{"rendered":"<p>[et_pb_section fb_built=\u00bb1&#8243; _builder_version=\u00bb4.16&#8243; _module_preset=\u00bbdefault\u00bb custom_margin=\u00bb0px||||false|false\u00bb custom_padding=\u00bb0px||||false|false\u00bb locked=\u00bboff\u00bb global_colors_info=\u00bb{}\u00bb][et_pb_row column_structure=\u00bb1_4,3_4&#8243; _builder_version=\u00bb4.18.0&#8243; _module_preset=\u00bbdefault\u00bb custom_margin=\u00bb0px||||false|false\u00bb custom_padding=\u00bb0px||||false|false\u00bb global_colors_info=\u00bb{}\u00bb][et_pb_column type=\u00bb1_4&#8243; _builder_version=\u00bb4.16&#8243; _module_preset=\u00bbdefault\u00bb global_colors_info=\u00bb{}\u00bb][et_pb_image src=\u00bbhttps:\/\/museros.org\/wp-content\/uploads\/2024\/04\/100dEstelles-400&#215;320-1.jpg\u00bb title_text=\u00bb100dEstelles-400&#215;320&#8243; url=\u00bbhttps:\/\/museros.org\/inici\/area-de-cultura\/\u00bb use_overlay=\u00bbon\u00bb overlay_icon_color=\u00bb#E02B20&#8243; hover_overlay_color=\u00bbrgba(255,255,255,0.71)\u00bb hover_icon=\u00bb&#xe04d;||divi||400&#8243; _builder_version=\u00bb4.24.3&#8243; _module_preset=\u00bbdefault\u00bb global_colors_info=\u00bb{}\u00bb][\/et_pb_image][\/et_pb_column][et_pb_column type=\u00bb3_4&#8243; _builder_version=\u00bb4.16&#8243; _module_preset=\u00bbdefault\u00bb global_colors_info=\u00bb{}\u00bb][et_pb_text _builder_version=\u00bb4.24.3&#8243; _module_preset=\u00bbdefault\u00bb global_colors_info=\u00bb{}\u00bb]<\/p>\n<h1>Cent d&#8217;Estell\u00e9s 1924-2024<\/h1>\n<p>Vicent Andr\u00e9s Estell\u00e9s\u00a0(Burjassot, l&#8217;Horta, 1924 &#8211; Val\u00e8ncia, 1993). Poeta i periodista. Considerat el principal renovador de la poesia valenciana contempor\u00e0nia, \u00e9s tamb\u00e9 recordat com el poeta m\u00e9s gran que ha donat la Comunitat Valenciana, del segle XV fins a l&#8217;actualitat, \u00e9s a dir, des de l&#8217;\u00e8poca d&#8217;Ausi\u00e0s March i Ro\u00eds de Corella.<\/p>\n<p>Dels seus llibres de poesia, destaca el segon volum de l&#8217;obra completa,\u00a0<em>Les pedres de l&#8217;\u00e0mfora<\/em>, que va rebre els premis Lletra d&#8217;Or (1974) i Cr\u00edtica Serra d&#8217;Or (1975). S\u00f3n remarcables tamb\u00e9 dos poemaris que descriuen el Pa\u00eds Valenci\u00e0:\u00a0<em>Llibre de meravelles<\/em>\u00a0i\u00a0<em>Mural del Pa\u00eds Valenci\u00e0<\/em>. Va rebre el Premi d&#8217;Honor de les Lletres Catalanes (1978) i el Premi de les Lletres Valencianes (1984). Diversos cantants han musicat poemes seus. D&#8217;entre ells, destaca Ovidi Montllor amb\u00a0<em>Coral romput<\/em>.<\/p>\n<p>[\/et_pb_text][\/et_pb_column][\/et_pb_row][et_pb_row column_structure=\u00bb1_6,1_6,1_6,1_6,1_6,1_6&#8243; _builder_version=\u00bb4.18.0&#8243; _module_preset=\u00bbdefault\u00bb global_colors_info=\u00bb{}\u00bb][et_pb_column type=\u00bb1_6&#8243; _builder_version=\u00bb4.18.0&#8243; _module_preset=\u00bbdefault\u00bb global_colors_info=\u00bb{}\u00bb][et_pb_button button_url=\u00bbhttps:\/\/museros.org\/wp-content\/uploads\/2024\/04\/Biografia.pdf\u00bb url_new_window=\u00bbon\u00bb button_text=\u00bbBiografia\u00bb _builder_version=\u00bb4.24.3&#8243; _module_preset=\u00bbdefault\u00bb global_colors_info=\u00bb{}\u00bb][\/et_pb_button][\/et_pb_column][et_pb_column type=\u00bb1_6&#8243; _builder_version=\u00bb4.18.0&#8243; _module_preset=\u00bbdefault\u00bb global_colors_info=\u00bb{}\u00bb][et_pb_button button_url=\u00bbhttps:\/\/museros.org\/wp-content\/uploads\/2024\/04\/Obra.pdf\u00bb url_new_window=\u00bbon\u00bb button_text=\u00bbObra\u00bb _builder_version=\u00bb4.24.3&#8243; _module_preset=\u00bbdefault\u00bb global_colors_info=\u00bb{}\u00bb][\/et_pb_button][\/et_pb_column][et_pb_column type=\u00bb1_6&#8243; _builder_version=\u00bb4.18.0&#8243; _module_preset=\u00bbdefault\u00bb global_colors_info=\u00bb{}\u00bb][et_pb_button button_url=\u00bbhttps:\/\/museros.org\/wp-content\/uploads\/2024\/04\/Premis.pdf\u00bb url_new_window=\u00bbon\u00bb button_text=\u00bbPremis\u00bb _builder_version=\u00bb4.24.3&#8243; _module_preset=\u00bbdefault\u00bb global_colors_info=\u00bb{}\u00bb][\/et_pb_button][\/et_pb_column][et_pb_column type=\u00bb1_6&#8243; _builder_version=\u00bb4.18.0&#8243; _module_preset=\u00bbdefault\u00bb global_colors_info=\u00bb{}\u00bb][et_pb_button button_url=\u00bbhttps:\/\/museros.org\/wp-content\/uploads\/2024\/04\/Comic.pdf\u00bb url_new_window=\u00bbon\u00bb button_text=\u00bbC\u00f2mic\u00bb _builder_version=\u00bb4.24.3&#8243; _module_preset=\u00bbdefault\u00bb global_colors_info=\u00bb{}\u00bb][\/et_pb_button][\/et_pb_column][et_pb_column type=\u00bb1_6&#8243; _builder_version=\u00bb4.18.0&#8243; _module_preset=\u00bbdefault\u00bb global_colors_info=\u00bb{}\u00bb][et_pb_button button_url=\u00bbhttps:\/\/museros.org\/wp-content\/uploads\/2024\/09\/programa-estelles-02.jpg\u00bb url_new_window=\u00bbon\u00bb button_text=\u00bbNoves activitats\u00bb _builder_version=\u00bb4.27.0&#8243; _module_preset=\u00bbdefault\u00bb global_colors_info=\u00bb{}\u00bb][\/et_pb_button][et_pb_button button_url=\u00bbhttps:\/\/museros.org\/wp-content\/uploads\/2024\/09\/programa-estelles-01.jpg\u00bb button_text=\u00bbActivitats\u00bb _builder_version=\u00bb4.27.0&#8243; _module_preset=\u00bbdefault\u00bb hover_enabled=\u00bb0&#8243; global_colors_info=\u00bb{}\u00bb url_new_window=\u00bbon\u00bb sticky_enabled=\u00bb0&#8243;][\/et_pb_button][\/et_pb_column][et_pb_column type=\u00bb1_6&#8243; _builder_version=\u00bb4.18.0&#8243; _module_preset=\u00bbdefault\u00bb global_colors_info=\u00bb{}\u00bb][et_pb_button button_url=\u00bbhttps:\/\/museros.org\/wp-content\/uploads\/2024\/04\/U0775284.pdf\u00bb button_text=\u00bbLa Val\u00e8ncia de Vicent Andr\u00e9s Estell\u00e9s. Mirada d\u2019un poeta   \u00bb _builder_version=\u00bb4.24.3&#8243; _module_preset=\u00bbdefault\u00bb global_colors_info=\u00bb{}\u00bb][\/et_pb_button][\/et_pb_column][\/et_pb_row][et_pb_row column_structure=\u00bb1_2,1_2&#8243; _builder_version=\u00bb4.24.3&#8243; _module_preset=\u00bbdefault\u00bb global_colors_info=\u00bb{}\u00bb][et_pb_column type=\u00bb1_2&#8243; _builder_version=\u00bb4.24.3&#8243; _module_preset=\u00bbdefault\u00bb global_colors_info=\u00bb{}\u00bb][et_pb_image src=\u00bbhttps:\/\/museros.org\/wp-content\/uploads\/2024\/04\/cartel-A3-scaled.jpg\u00bb title_text=\u00bbcartel-A3&#8243; _builder_version=\u00bb4.24.3&#8243; _module_preset=\u00bbdefault\u00bb global_colors_info=\u00bb{}\u00bb][\/et_pb_image][\/et_pb_column][et_pb_column type=\u00bb1_2&#8243; _builder_version=\u00bb4.24.3&#8243; _module_preset=\u00bbdefault\u00bb global_colors_info=\u00bb{}\u00bb][et_pb_gallery gallery_ids=\u00bb268550,268560,268558,268557,268556,268555,268554,268552,268586,268585,268579,268582,268584,268583,268581,268580,268578,268576,268577&#8243; fullwidth=\u00bbon\u00bb _builder_version=\u00bb4.24.3&#8243; _module_preset=\u00bbdefault\u00bb global_colors_info=\u00bb{}\u00bb][\/et_pb_gallery][\/et_pb_column][\/et_pb_row][et_pb_row _builder_version=\u00bb4.16&#8243; _module_preset=\u00bbdefault\u00bb global_colors_info=\u00bb{}\u00bb][et_pb_column type=\u00bb4_4&#8243; _builder_version=\u00bb4.16&#8243; _module_preset=\u00bbdefault\u00bb global_colors_info=\u00bb{}\u00bb][et_pb_divider color=\u00bb#E02B20&#8243; divider_weight=\u00bb4px\u00bb _builder_version=\u00bb4.16&#8243; _module_preset=\u00bbdefault\u00bb global_colors_info=\u00bb{}\u00bb][\/et_pb_divider][\/et_pb_column][\/et_pb_row][\/et_pb_section]<\/p>\n","protected":false},"excerpt":{"rendered":"<p>Cent d&#8217;Estell\u00e9s 1924-2024 Vicent Andr\u00e9s Estell\u00e9s\u00a0(Burjassot, l&#8217;Horta, 1924 &#8211; Val\u00e8ncia, 1993). Poeta i periodista. Considerat el principal renovador de la poesia valenciana contempor\u00e0nia, \u00e9s tamb\u00e9 recordat com el poeta m\u00e9s gran que ha donat la Comunitat Valenciana, del segle XV fins a l&#8217;actualitat, \u00e9s a dir, des de l&#8217;\u00e8poca d&#8217;Ausi\u00e0s March i Ro\u00eds de Corella. [&hellip;]<\/p>\n","protected":false},"author":8,"featured_media":0,"parent":0,"menu_order":0,"comment_status":"closed","ping_status":"closed","template":"","meta":{"_et_pb_use_builder":"on","_et_pb_old_content":"","_et_gb_content_width":"","_mc_calendar":[],"footnotes":""},"wf_page_folders":[139],"class_list":["post-268537","page","type-page","status-publish","hentry"],"_links":{"self":[{"href":"https:\/\/museros.org\/inici\/wp-json\/wp\/v2\/pages\/268537","targetHints":{"allow":["GET"]}}],"collection":[{"href":"https:\/\/museros.org\/inici\/wp-json\/wp\/v2\/pages"}],"about":[{"href":"https:\/\/museros.org\/inici\/wp-json\/wp\/v2\/types\/page"}],"author":[{"embeddable":true,"href":"https:\/\/museros.org\/inici\/wp-json\/wp\/v2\/users\/8"}],"replies":[{"embeddable":true,"href":"https:\/\/museros.org\/inici\/wp-json\/wp\/v2\/comments?post=268537"}],"version-history":[{"count":10,"href":"https:\/\/museros.org\/inici\/wp-json\/wp\/v2\/pages\/268537\/revisions"}],"predecessor-version":[{"id":271299,"href":"https:\/\/museros.org\/inici\/wp-json\/wp\/v2\/pages\/268537\/revisions\/271299"}],"wp:attachment":[{"href":"https:\/\/museros.org\/inici\/wp-json\/wp\/v2\/media?parent=268537"}],"wp:term":[{"taxonomy":"wf_page_folders","embeddable":true,"href":"https:\/\/museros.org\/inici\/wp-json\/wp\/v2\/wf_page_folders?post=268537"}],"curies":[{"name":"wp","href":"https:\/\/api.w.org\/{rel}","templated":true}]}}