{"id":268170,"date":"2024-02-27T12:23:22","date_gmt":"2024-02-27T12:23:22","guid":{"rendered":"https:\/\/museros.org\/inici\/?page_id=268170"},"modified":"2024-03-11T13:47:51","modified_gmt":"2024-03-11T13:47:51","slug":"fallas-2024","status":"publish","type":"page","link":"https:\/\/museros.org\/inici\/es\/fallas-2024\/","title":{"rendered":"Fallas 2024"},"content":{"rendered":"<p>[et_pb_section fb_built=\u00bb1&#8243; _builder_version=\u00bb4.16&#8243; _module_preset=\u00bbdefault\u00bb custom_margin=\u00bb0px||||false|false\u00bb custom_padding=\u00bb0px||||false|false\u00bb locked=\u00bboff\u00bb global_colors_info=\u00bb{}\u00bb][et_pb_row column_structure=\u00bb1_4,3_4&#8243; _builder_version=\u00bb4.20.0&#8243; _module_preset=\u00bbdefault\u00bb custom_margin=\u00bb0px||40px||false|false\u00bb custom_padding=\u00bb0px||0px||false|false\u00bb global_colors_info=\u00bb{}\u00bb][et_pb_column type=\u00bb1_4&#8243; _builder_version=\u00bb4.16&#8243; _module_preset=\u00bbdefault\u00bb global_colors_info=\u00bb{}\u00bb][et_pb_image src=\u00bbhttps:\/\/museros.org\/wp-content\/uploads\/2022\/12\/logo-fiestas-vl-cl-230&#215;115-1.jpg\u00bb title_text=\u00bblogo-fiestas-vl-cl-230&#215;115&#8243; url=\u00bbhttps:\/\/museros.org\/inici\/es\/area-de-fiestas\u00bb use_overlay=\u00bbon\u00bb overlay_icon_color=\u00bb#E02B20&#8243; hover_overlay_color=\u00bbrgba(255,255,255,0.67)\u00bb hover_icon=\u00bb&#xe04d;||divi||400&#8243; _builder_version=\u00bb4.24.2&#8243; _module_preset=\u00bbdefault\u00bb global_colors_info=\u00bb{}\u00bb][\/et_pb_image][\/et_pb_column][et_pb_column type=\u00bb3_4&#8243; _builder_version=\u00bb4.16&#8243; _module_preset=\u00bbdefault\u00bb global_colors_info=\u00bb{}\u00bb][et_pb_text _builder_version=\u00bb4.24.2&#8243; _module_preset=\u00bbdefault\u00bb hover_enabled=\u00bb0&#8243; global_colors_info=\u00bb{}\u00bb sticky_enabled=\u00bb0&#8243;]<\/p>\n<h1>FALLAS 2024<\/h1>\n<h3>Las zonas autorizadas para tirar petardos de las clases I y II son:<\/h3>\n<p>&#8211; Parque de Verdolaga \u2013 C\/ Mesquita excepto en la zona de prohibici\u00f3n se\u00f1alizada.<br \/>&#8211; Pista de patinaje (C\/ Mol\u00ed).<br \/>&#8211; Zona C\/ Xopar<br \/>&#8211; Zona peatonal de la ermita.<br \/>&#8211; Av. Alexandre VI (desde la C\/ Emperador hasta la C\/ Albalat dels Sorells.<\/p>\n<h3>Las zoaes de las fallas:<\/h3>\n<p>&#8211; Falla El Castell (av. Pa\u00eds Valenci\u00e0) Prohibido dentro del parque de la M\u00fasica.<br \/>&#8211; Falla de Museros (C\/ Ordre de Sant Jaume)<\/p>\n<h3>D\u00edas y horarios maarzo de 2024:<\/h3>\n<p>&#8211; D\u00edas 2 i 3, 9 y 10, de 11.00 h a 14.00 h y de 17.00 h a 20.00 h.<br \/>&#8211; D\u00edas 4, 5, 6, 7, 8, 11, 12, 13, 14 y 15 de 17.00 h a 20.00 h<br \/>&#8211; D\u00edas 16, 17, 18 y 19, de 11.00 h a 14.00 h y de 17.00 h a 20.00 h.<\/p>\n<p>[\/et_pb_text][et_pb_image src=\u00bbhttps:\/\/museros.org\/wp-content\/uploads\/2024\/02\/corte2024-400&#215;320-1.jpg\u00bb title_text=\u00bbcorte2024-400&#215;320&#8243; url=\u00bbhttps:\/\/museros.org\/inici\/es\/corte-de-calles-2024&#8243; use_overlay=\u00bbon\u00bb overlay_icon_color=\u00bb#E02B20&#8243; hover_overlay_color=\u00bbrgba(255,255,255,0.7)\u00bb hover_icon=\u00bb&#xe04e;||divi||400&#8243; _builder_version=\u00bb4.24.2&#8243; _module_preset=\u00bbdefault\u00bb width=\u00bb38%\u00bb custom_margin=\u00bb40px||||false|false\u00bb locked=\u00bboff\u00bb global_colors_info=\u00bb{}\u00bb][\/et_pb_image][\/et_pb_column][\/et_pb_row][et_pb_row column_structure=\u00bb1_4,1_4,1_4,1_4&#8243; _builder_version=\u00bb4.20.0&#8243; _module_preset=\u00bbdefault\u00bb global_colors_info=\u00bb{}\u00bb][et_pb_column type=\u00bb1_4&#8243; _builder_version=\u00bb4.20.0&#8243; _module_preset=\u00bbdefault\u00bb global_colors_info=\u00bb{}\u00bb][\/et_pb_column][et_pb_column type=\u00bb1_4&#8243; _builder_version=\u00bb4.20.0&#8243; _module_preset=\u00bbdefault\u00bb global_colors_info=\u00bb{}\u00bb][et_pb_button button_url=\u00bbhttps:\/\/museros.org\/wp-content\/uploads\/2024\/03\/BANDO-PETARDOS-2024-11-marzo.pdf\u00bb url_new_window=\u00bbon\u00bb button_text=\u00bbBANDO petardos\u00bb _builder_version=\u00bb4.24.2&#8243; _module_preset=\u00bbdefault\u00bb global_colors_info=\u00bb{}\u00bb][\/et_pb_button][\/et_pb_column][et_pb_column type=\u00bb1_4&#8243; _builder_version=\u00bb4.20.0&#8243; _module_preset=\u00bbdefault\u00bb global_colors_info=\u00bb{}\u00bb][et_pb_button button_url=\u00bbhttps:\/\/museros.org\/wp-content\/uploads\/2024\/02\/AUTORIZA-PETARDOS-MENORES.pdf\u00bb url_new_window=\u00bbon\u00bb button_text=\u00bbAutoritzaci\u00f3n\u00bb _builder_version=\u00bb4.24.2&#8243; _module_preset=\u00bbdefault\u00bb global_colors_info=\u00bb{}\u00bb][\/et_pb_button][\/et_pb_column][et_pb_column type=\u00bb1_4&#8243; _builder_version=\u00bb4.20.0&#8243; _module_preset=\u00bbdefault\u00bb global_colors_info=\u00bb{}\u00bb][\/et_pb_column][\/et_pb_row][et_pb_row _builder_version=\u00bb4.16&#8243; _module_preset=\u00bbdefault\u00bb global_colors_info=\u00bb{}\u00bb][et_pb_column type=\u00bb4_4&#8243; _builder_version=\u00bb4.16&#8243; _module_preset=\u00bbdefault\u00bb global_colors_info=\u00bb{}\u00bb][et_pb_divider color=\u00bb#E02B20&#8243; divider_weight=\u00bb4px\u00bb _builder_version=\u00bb4.16&#8243; _module_preset=\u00bbdefault\u00bb global_colors_info=\u00bb{}\u00bb][\/et_pb_divider][\/et_pb_column][\/et_pb_row][\/et_pb_section]<\/p>\n","protected":false},"excerpt":{"rendered":"<p>FALLAS 2024 Las zonas autorizadas para tirar petardos de las clases I y II son: &#8211; Parque de Verdolaga \u2013 C\/ Mesquita excepto en la zona de prohibici\u00f3n se\u00f1alizada.- Pista de patinaje (C\/ Mol\u00ed).- Zona C\/ Xopar- Zona peatonal de la ermita.- Av. Alexandre VI (desde la C\/ Emperador hasta la C\/ Albalat dels Sorells. [&hellip;]<\/p>\n","protected":false},"author":8,"featured_media":0,"parent":0,"menu_order":0,"comment_status":"closed","ping_status":"closed","template":"","meta":{"_et_pb_use_builder":"on","_et_pb_old_content":"","_et_gb_content_width":"","_mc_calendar":[],"footnotes":""},"wf_page_folders":[175],"class_list":["post-268170","page","type-page","status-publish","hentry"],"_links":{"self":[{"href":"https:\/\/museros.org\/inici\/wp-json\/wp\/v2\/pages\/268170","targetHints":{"allow":["GET"]}}],"collection":[{"href":"https:\/\/museros.org\/inici\/wp-json\/wp\/v2\/pages"}],"about":[{"href":"https:\/\/museros.org\/inici\/wp-json\/wp\/v2\/types\/page"}],"author":[{"embeddable":true,"href":"https:\/\/museros.org\/inici\/wp-json\/wp\/v2\/users\/8"}],"replies":[{"embeddable":true,"href":"https:\/\/museros.org\/inici\/wp-json\/wp\/v2\/comments?post=268170"}],"version-history":[{"count":5,"href":"https:\/\/museros.org\/inici\/wp-json\/wp\/v2\/pages\/268170\/revisions"}],"predecessor-version":[{"id":268287,"href":"https:\/\/museros.org\/inici\/wp-json\/wp\/v2\/pages\/268170\/revisions\/268287"}],"wp:attachment":[{"href":"https:\/\/museros.org\/inici\/wp-json\/wp\/v2\/media?parent=268170"}],"wp:term":[{"taxonomy":"wf_page_folders","embeddable":true,"href":"https:\/\/museros.org\/inici\/wp-json\/wp\/v2\/wf_page_folders?post=268170"}],"curies":[{"name":"wp","href":"https:\/\/api.w.org\/{rel}","templated":true}]}}