{"id":268146,"date":"2024-02-27T12:13:08","date_gmt":"2024-02-27T12:13:08","guid":{"rendered":"https:\/\/museros.org\/inici\/?page_id=268146"},"modified":"2024-03-11T13:46:42","modified_gmt":"2024-03-11T13:46:42","slug":"falles-2024","status":"publish","type":"page","link":"https:\/\/museros.org\/inici\/falles-2024\/","title":{"rendered":"Falles 2024"},"content":{"rendered":"<p>[et_pb_section fb_built=\u00bb1&#8243; _builder_version=\u00bb4.16&#8243; _module_preset=\u00bbdefault\u00bb custom_margin=\u00bb0px||||false|false\u00bb custom_padding=\u00bb0px||||false|false\u00bb locked=\u00bboff\u00bb global_colors_info=\u00bb{}\u00bb][et_pb_row column_structure=\u00bb1_4,3_4&#8243; _builder_version=\u00bb4.20.0&#8243; _module_preset=\u00bbdefault\u00bb custom_margin=\u00bb0px||40px||false|false\u00bb custom_padding=\u00bb0px||0px||false|false\u00bb global_colors_info=\u00bb{}\u00bb][et_pb_column type=\u00bb1_4&#8243; _builder_version=\u00bb4.16&#8243; _module_preset=\u00bbdefault\u00bb global_colors_info=\u00bb{}\u00bb][et_pb_image src=\u00bbhttps:\/\/museros.org\/wp-content\/uploads\/2021\/08\/logo-festes-cl-230&#215;180-1.jpg\u00bb title_text=\u00bblogo-festes-cl-230&#215;180&#8243; url=\u00bbhttps:\/\/museros.org\/inici\/area-de-festes\u00bb use_overlay=\u00bbon\u00bb overlay_icon_color=\u00bb#E02B20&#8243; hover_overlay_color=\u00bbrgba(255,255,255,0.67)\u00bb hover_icon=\u00bb&#xe04d;||divi||400&#8243; _builder_version=\u00bb4.24.2&#8243; _module_preset=\u00bbdefault\u00bb global_colors_info=\u00bb{}\u00bb][\/et_pb_image][\/et_pb_column][et_pb_column type=\u00bb3_4&#8243; _builder_version=\u00bb4.16&#8243; _module_preset=\u00bbdefault\u00bb global_colors_info=\u00bb{}\u00bb][et_pb_text _builder_version=\u00bb4.24.2&#8243; _module_preset=\u00bbdefault\u00bb hover_enabled=\u00bb0&#8243; global_colors_info=\u00bb{}\u00bb sticky_enabled=\u00bb0&#8243;]<\/p>\n<h1>FALLES 2024<\/h1>\n<h3>Les zones autoritzades per a tirar petards de les classes I i II s\u00f3n:<\/h3>\n<p>&#8211; Parc de Verdolaga \u2013 C\/ Mesquita excepte a la zona de prohibici\u00f3 senyalitzada.<br \/>&#8211; Pista de patinatge (C\/ Mol\u00ed).<br \/>&#8211; Zona C\/ Xopar<br \/>&#8211; Zona de vianants de l\u2019ermita.<br \/>&#8211; Av. Alexandre VI (des del C\/ Emperador fins al C\/ Albalat dels Sorells.<\/p>\n<h3>Les zones de les falles:<\/h3>\n<p>&#8211; Falla El Castell (av. Pa\u00eds Valenci\u00e0) Prohibit dins del parc de la M\u00fasica.<br \/>&#8211; Falla de Museros (C\/ Ordre de Sant Jaume)<\/p>\n<h3>Dies i horaris mar\u00e7 de 2024:<\/h3>\n<p>&#8211; Dies 2 i 3, 9 i 10, d&#8217;11.00 h a 14.00 h i de 17.00 h a 20.00 h.<br \/>&#8211; Dies 4, 5, 6, 7, 8, 11, 12, 13, 14 i 15 de 17.00 h a 20.00 h<br \/>&#8211; Dies 16, 17, 18 i 19, d&#8217;11.00 h a 14.00 h i de 17.00 h a 20.00 h.<\/p>\n<p>[\/et_pb_text][et_pb_image src=\u00bbhttps:\/\/museros.org\/wp-content\/uploads\/2024\/02\/tall2024-400&#215;320-1.jpg\u00bb title_text=\u00bbtall2024-400&#215;320&#8243; url=\u00bbhttps:\/\/museros.org\/inici\/tall-de-carrers-2024&#8243; use_overlay=\u00bbon\u00bb overlay_icon_color=\u00bb#E02B20&#8243; hover_overlay_color=\u00bbrgba(255,255,255,0.7)\u00bb hover_icon=\u00bb&#xe04e;||divi||400&#8243; _builder_version=\u00bb4.24.2&#8243; _module_preset=\u00bbdefault\u00bb width=\u00bb38%\u00bb module_alignment=\u00bbleft\u00bb custom_margin=\u00bb40px||||false|false\u00bb locked=\u00bboff\u00bb global_colors_info=\u00bb{}\u00bb][\/et_pb_image][\/et_pb_column][\/et_pb_row][et_pb_row column_structure=\u00bb1_4,1_4,1_4,1_4&#8243; _builder_version=\u00bb4.20.0&#8243; _module_preset=\u00bbdefault\u00bb global_colors_info=\u00bb{}\u00bb][et_pb_column type=\u00bb1_4&#8243; _builder_version=\u00bb4.20.0&#8243; _module_preset=\u00bbdefault\u00bb global_colors_info=\u00bb{}\u00bb][\/et_pb_column][et_pb_column type=\u00bb1_4&#8243; _builder_version=\u00bb4.20.0&#8243; _module_preset=\u00bbdefault\u00bb global_colors_info=\u00bb{}\u00bb][et_pb_button button_url=\u00bbhttps:\/\/museros.org\/wp-content\/uploads\/2024\/03\/BAN-Pertads-2024-11-marc.pdf\u00bb url_new_window=\u00bbon\u00bb button_text=\u00bbBAND petards\u00bb _builder_version=\u00bb4.24.2&#8243; _module_preset=\u00bbdefault\u00bb global_colors_info=\u00bb{}\u00bb][\/et_pb_button][\/et_pb_column][et_pb_column type=\u00bb1_4&#8243; _builder_version=\u00bb4.20.0&#8243; _module_preset=\u00bbdefault\u00bb global_colors_info=\u00bb{}\u00bb][et_pb_button button_url=\u00bbhttps:\/\/museros.org\/wp-content\/uploads\/2024\/02\/AUTORIZA-PETARDOS-MENORES.pdf\u00bb url_new_window=\u00bbon\u00bb button_text=\u00bbAutoritzaci\u00f3\u00bb _builder_version=\u00bb4.24.2&#8243; _module_preset=\u00bbdefault\u00bb global_colors_info=\u00bb{}\u00bb][\/et_pb_button][\/et_pb_column][et_pb_column type=\u00bb1_4&#8243; _builder_version=\u00bb4.20.0&#8243; _module_preset=\u00bbdefault\u00bb global_colors_info=\u00bb{}\u00bb][\/et_pb_column][\/et_pb_row][et_pb_row _builder_version=\u00bb4.16&#8243; _module_preset=\u00bbdefault\u00bb global_colors_info=\u00bb{}\u00bb][et_pb_column type=\u00bb4_4&#8243; _builder_version=\u00bb4.16&#8243; _module_preset=\u00bbdefault\u00bb global_colors_info=\u00bb{}\u00bb][et_pb_divider color=\u00bb#E02B20&#8243; divider_weight=\u00bb4px\u00bb _builder_version=\u00bb4.16&#8243; _module_preset=\u00bbdefault\u00bb global_colors_info=\u00bb{}\u00bb][\/et_pb_divider][\/et_pb_column][\/et_pb_row][\/et_pb_section]<\/p>\n","protected":false},"excerpt":{"rendered":"<p>FALLES 2024 Les zones autoritzades per a tirar petards de les classes I i II s\u00f3n: &#8211; Parc de Verdolaga \u2013 C\/ Mesquita excepte a la zona de prohibici\u00f3 senyalitzada.- Pista de patinatge (C\/ Mol\u00ed).- Zona C\/ Xopar- Zona de vianants de l\u2019ermita.- Av. Alexandre VI (des del C\/ Emperador fins al C\/ Albalat dels [&hellip;]<\/p>\n","protected":false},"author":8,"featured_media":0,"parent":0,"menu_order":0,"comment_status":"closed","ping_status":"closed","template":"","meta":{"_et_pb_use_builder":"on","_et_pb_old_content":"","_et_gb_content_width":"","_mc_calendar":[],"footnotes":""},"wf_page_folders":[175],"class_list":["post-268146","page","type-page","status-publish","hentry"],"_links":{"self":[{"href":"https:\/\/museros.org\/inici\/wp-json\/wp\/v2\/pages\/268146","targetHints":{"allow":["GET"]}}],"collection":[{"href":"https:\/\/museros.org\/inici\/wp-json\/wp\/v2\/pages"}],"about":[{"href":"https:\/\/museros.org\/inici\/wp-json\/wp\/v2\/types\/page"}],"author":[{"embeddable":true,"href":"https:\/\/museros.org\/inici\/wp-json\/wp\/v2\/users\/8"}],"replies":[{"embeddable":true,"href":"https:\/\/museros.org\/inici\/wp-json\/wp\/v2\/comments?post=268146"}],"version-history":[{"count":7,"href":"https:\/\/museros.org\/inici\/wp-json\/wp\/v2\/pages\/268146\/revisions"}],"predecessor-version":[{"id":268285,"href":"https:\/\/museros.org\/inici\/wp-json\/wp\/v2\/pages\/268146\/revisions\/268285"}],"wp:attachment":[{"href":"https:\/\/museros.org\/inici\/wp-json\/wp\/v2\/media?parent=268146"}],"wp:term":[{"taxonomy":"wf_page_folders","embeddable":true,"href":"https:\/\/museros.org\/inici\/wp-json\/wp\/v2\/wf_page_folders?post=268146"}],"curies":[{"name":"wp","href":"https:\/\/api.w.org\/{rel}","templated":true}]}}