{"id":268111,"date":"2024-02-26T17:16:31","date_gmt":"2024-02-26T17:16:31","guid":{"rendered":"https:\/\/museros.org\/inici\/?page_id=268111"},"modified":"2024-02-26T17:16:31","modified_gmt":"2024-02-26T17:16:31","slug":"mejor-padre-2024","status":"publish","type":"page","link":"https:\/\/museros.org\/inici\/es\/mejor-padre-2024\/","title":{"rendered":"Mejor padre 2024"},"content":{"rendered":"<p>[et_pb_section fb_built=\u00bb1&#8243; _builder_version=\u00bb4.24.2&#8243; _module_preset=\u00bbdefault\u00bb custom_padding=\u00bb0px||||false|false\u00bb hover_enabled=\u00bb0&#8243; locked=\u00bboff\u00bb global_colors_info=\u00bb{}\u00bb theme_builder_area=\u00bbpost_content\u00bb sticky_enabled=\u00bb0&#8243;][et_pb_row column_structure=\u00bb1_3,2_3&#8243; _builder_version=\u00bb4.24.2&#8243; _module_preset=\u00bbdefault\u00bb custom_margin=\u00bb0px||0px||false|false\u00bb custom_padding=\u00bb0px||0px||false|false\u00bb hover_enabled=\u00bb0&#8243; global_colors_info=\u00bb{}\u00bb theme_builder_area=\u00bbpost_content\u00bb sticky_enabled=\u00bb0&#8243;][et_pb_column type=\u00bb1_3&#8243; _builder_version=\u00bb4.16&#8243; _module_preset=\u00bbdefault\u00bb global_colors_info=\u00bb{}\u00bb theme_builder_area=\u00bbpost_content\u00bb][et_pb_image src=\u00bbhttps:\/\/museros.org\/wp-content\/uploads\/2021\/06\/logo-comercio-cl-230&#215;180-1.jpg\u00bb title_text=\u00bblogo-comercio-cl-230&#215;180&#8243; url=\u00bbhttps:\/\/museros.org\/inici\/es\/area-de-comercio\u00bb use_overlay=\u00bbon\u00bb overlay_icon_color=\u00bb#E02B20&#8243; hover_overlay_color=\u00bbrgba(255,255,255,0.7)\u00bb hover_icon=\u00bb&#xe04d;||divi||400&#8243; align=\u00bbcenter\u00bb _builder_version=\u00bb4.24.2&#8243; _module_preset=\u00bbdefault\u00bb width=\u00bb100%\u00bb width_tablet=\u00bb\u00bb width_phone=\u00bb\u00bb width_last_edited=\u00bbon|phone\u00bb module_alignment=\u00bbcenter\u00bb custom_margin=\u00bb0px||0px||false|false\u00bb custom_padding=\u00bb0px||0px||false|false\u00bb hover_enabled=\u00bb0&#8243; global_colors_info=\u00bb{}\u00bb theme_builder_area=\u00bbpost_content\u00bb sticky_enabled=\u00bb0&#8243;][\/et_pb_image][\/et_pb_column][et_pb_column type=\u00bb2_3&#8243; _builder_version=\u00bb4.16&#8243; _module_preset=\u00bbdefault\u00bb global_colors_info=\u00bb{}\u00bb theme_builder_area=\u00bbpost_content\u00bb][et_pb_image src=\u00bbhttps:\/\/museros.org\/wp-content\/uploads\/2024\/02\/mejorpadre-800&#215;400-1.jpg\u00bb title_text=\u00bbmejorpadre-800&#215;400&#8243; _builder_version=\u00bb4.24.2&#8243; _module_preset=\u00bbdefault\u00bb hover_enabled=\u00bb0&#8243; global_colors_info=\u00bb{}\u00bb theme_builder_area=\u00bbpost_content\u00bb sticky_enabled=\u00bb0&#8243;][\/et_pb_image][et_pb_text _builder_version=\u00bb4.24.2&#8243; _module_preset=\u00bbdefault\u00bb custom_margin=\u00bb||||false|false\u00bb custom_padding=\u00bb||1px|0px|false|false\u00bb hover_enabled=\u00bb0&#8243; global_colors_info=\u00bb{}\u00bb theme_builder_area=\u00bbpost_content\u00bb sticky_enabled=\u00bb0&#8243;]<\/p>\n<h2>El mejor padre!<\/h2>\n<p>Bajo el lema \u00a0El mejor padre, y como es habitual en estas fechas, el Ayuntamiento de Museros, a trav\u00e9s de \u00a0la Concejal\u00eda de Comercio, y con la colaboraci\u00f3n de la Asociaci\u00f3n de Comerciantes CAMU y de la entidad Caixa Popular, ponen en marcha una nueva campa\u00f1a \u00a0de comercio; en esta ocasi\u00f3n, con motivo de la celebraci\u00f3n del \u00a0D\u00eda del Padre, con la idea de continuar incentivando a los consumidores y consumidoras, con premios que pueden conseguir al realizar sus compras de una manera responsable, en el comercio local, o al utilizar cualquiera de los servicios de profesionales o de restauraci\u00f3n de Museros, que previamente se hayan adherido a la campa\u00f1a.<\/p>\n<p>Por otra parte, estos \u00a0premios vuelven a utilizarse en nuestros comercios, para crear as\u00ed un tipo de econom\u00eda circular, esta nueva iniciativa es una continuidad de la l\u00ednea de trabajo que hasta ahora ha mantenido el Equipo de Gobierno del ayuntamiento de Museros, junto con la Asociaci\u00f3n de Comerciantes CAMU y la entidad \u00a0Caixa Popular, para apoyar, defender e incentivar el sector comercial tradicional, profesional y de restauraci\u00f3n de nuestro municipio, sectores \u00a0esenciales de nuestra econom\u00eda.<\/p>\n<p>Esta campa\u00f1a, en la cual se invita a los ciudadanos y ciudadanas a realizar sus compras en los comercios de Museros, incluye el sorteo de 15 tarjetas monedero por valor de 50 \u20ac cada una, para consumir en los comercios asociados a CAMU y en todos aquellos que se hayan adherido a la campa\u00f1a.<\/p>\n<p>Estas tarjetas se sortear\u00e1n entre aquellas compras realizadas entre los d\u00edas 4 y 20 de marzo, ambos incluidos, en cualquier comercio de Museros, exceptuando grandes franquicias y grandes superficies.<\/p>\n<p>Las compras deber\u00e1n de ser de 15 \u20ac como m\u00ednimo, pudiendo acumular los tickets hasta alcanzar ese importe, las personas usuarias deber\u00e1n depositar los tickets de compra o documento equivalente, en lugar habilitado para ello en el ayuntamiento, las personas que participen deber\u00e1n adem\u00e1s indicar nombre y tel\u00e9fono para poder contactar con ellas en caso de resultar ganadoras.<\/p>\n<p>En el ticket o en cualquier documento equivalente, deber\u00e1n figurar los datos del comercio, del profesional o del local de restauraci\u00f3n donde se haya efectuado el gasto.<\/p>\n<p>Los tickets se depositar\u00e1n en el Ayuntamiento de Museros, en lugar habilitado para esta finalidad, en horario de 09.00 h a 14.00 horas, hasta el d\u00eda 20 de marzo; los premios se sortear\u00e1n entre todos aquellos tickets o comprobantes del gasto que cumplan todos los requisitos.<\/p>\n<p>El sorteo tendr\u00e1 lugar el jueves 21 de marzo.<\/p>\n<p>La entrega de premios ser\u00e1 en la sala de plenos del Ayuntamiento, el jueves, 11 de abril, a las 20.00 h.<\/p>\n<p>[\/et_pb_text][\/et_pb_column][\/et_pb_row][et_pb_row _builder_version=\u00bb4.16&#8243; _module_preset=\u00bbdefault\u00bb custom_margin=\u00bb50px||0px||false|false\u00bb custom_padding=\u00bb0px||0px||false|false\u00bb global_colors_info=\u00bb{}\u00bb theme_builder_area=\u00bbpost_content\u00bb][et_pb_column type=\u00bb4_4&#8243; _builder_version=\u00bb4.16&#8243; _module_preset=\u00bbdefault\u00bb global_colors_info=\u00bb{}\u00bb theme_builder_area=\u00bbpost_content\u00bb][et_pb_divider color=\u00bb#E02B20&#8243; divider_weight=\u00bb4px\u00bb _builder_version=\u00bb4.16&#8243; _module_preset=\u00bbdefault\u00bb custom_margin=\u00bb0px||0px||false|false\u00bb custom_padding=\u00bb0px||0px||false|false\u00bb global_colors_info=\u00bb{}\u00bb theme_builder_area=\u00bbpost_content\u00bb][\/et_pb_divider][\/et_pb_column][\/et_pb_row][\/et_pb_section]<\/p>\n","protected":false},"excerpt":{"rendered":"<p>El mejor padre! Bajo el lema \u00a0El mejor padre, y como es habitual en estas fechas, el Ayuntamiento de Museros, a trav\u00e9s de \u00a0la Concejal\u00eda de Comercio, y con la colaboraci\u00f3n de la Asociaci\u00f3n de Comerciantes CAMU y de la entidad Caixa Popular, ponen en marcha una nueva campa\u00f1a \u00a0de comercio; en esta ocasi\u00f3n, con [&hellip;]<\/p>\n","protected":false},"author":8,"featured_media":0,"parent":0,"menu_order":0,"comment_status":"closed","ping_status":"closed","template":"","meta":{"_et_pb_use_builder":"on","_et_pb_old_content":"","_et_gb_content_width":"","_mc_calendar":[],"footnotes":""},"wf_page_folders":[294],"class_list":["post-268111","page","type-page","status-publish","hentry"],"_links":{"self":[{"href":"https:\/\/museros.org\/inici\/wp-json\/wp\/v2\/pages\/268111","targetHints":{"allow":["GET"]}}],"collection":[{"href":"https:\/\/museros.org\/inici\/wp-json\/wp\/v2\/pages"}],"about":[{"href":"https:\/\/museros.org\/inici\/wp-json\/wp\/v2\/types\/page"}],"author":[{"embeddable":true,"href":"https:\/\/museros.org\/inici\/wp-json\/wp\/v2\/users\/8"}],"replies":[{"embeddable":true,"href":"https:\/\/museros.org\/inici\/wp-json\/wp\/v2\/comments?post=268111"}],"version-history":[{"count":2,"href":"https:\/\/museros.org\/inici\/wp-json\/wp\/v2\/pages\/268111\/revisions"}],"predecessor-version":[{"id":268114,"href":"https:\/\/museros.org\/inici\/wp-json\/wp\/v2\/pages\/268111\/revisions\/268114"}],"wp:attachment":[{"href":"https:\/\/museros.org\/inici\/wp-json\/wp\/v2\/media?parent=268111"}],"wp:term":[{"taxonomy":"wf_page_folders","embeddable":true,"href":"https:\/\/museros.org\/inici\/wp-json\/wp\/v2\/wf_page_folders?post=268111"}],"curies":[{"name":"wp","href":"https:\/\/api.w.org\/{rel}","templated":true}]}}