{"id":267318,"date":"2024-01-19T17:24:00","date_gmt":"2024-01-19T17:24:00","guid":{"rendered":"https:\/\/museros.org\/inici\/?page_id=267318"},"modified":"2024-02-02T10:07:41","modified_gmt":"2024-02-02T10:07:41","slug":"ayuda-para-el-trampeo","status":"publish","type":"page","link":"https:\/\/museros.org\/inici\/es\/ayuda-para-el-trampeo\/","title":{"rendered":"AYUDA PARA EL TRAMPEO"},"content":{"rendered":"<p>[et_pb_section fb_built=\u00bb1&#8243; _builder_version=\u00bb4.16&#8243; _module_preset=\u00bbdefault\u00bb custom_padding=\u00bb0px||||false|false\u00bb locked=\u00bboff\u00bb global_colors_info=\u00bb{}\u00bb][et_pb_row column_structure=\u00bb1_4,3_4&#8243; _builder_version=\u00bb4.16&#8243; _module_preset=\u00bbdefault\u00bb custom_margin=\u00bb0px||||false|false\u00bb custom_padding=\u00bb0px||||false|false\u00bb global_colors_info=\u00bb{}\u00bb][et_pb_column type=\u00bb1_4&#8243; _builder_version=\u00bb4.16&#8243; _module_preset=\u00bbdefault\u00bb global_colors_info=\u00bb{}\u00bb][et_pb_image src=\u00bbhttps:\/\/museros.org\/wp-content\/uploads\/2021\/06\/logo-agricultura-cl-230&#215;180-1.jpg\u00bb title_text=\u00bblogo-agricultura-cl-230&#215;180&#8243; url=\u00bbhttps:\/\/museros.org\/inici\/es\/area-de-agricultura\/\u00bb use_overlay=\u00bbon\u00bb overlay_icon_color=\u00bb#E02B20&#8243; hover_overlay_color=\u00bbrgba(255,255,255,0.69)\u00bb hover_icon=\u00bb&#xe04d;||divi||400&#8243; align=\u00bbcenter\u00bb _builder_version=\u00bb4.24.0&#8243; _module_preset=\u00bbdefault\u00bb width=\u00bb100%\u00bb width_tablet=\u00bb\u00bb width_phone=\u00bb\u00bb width_last_edited=\u00bbon|desktop\u00bb global_colors_info=\u00bb{}\u00bb][\/et_pb_image][\/et_pb_column][et_pb_column type=\u00bb3_4&#8243; _builder_version=\u00bb4.16&#8243; _module_preset=\u00bbdefault\u00bb global_colors_info=\u00bb{}\u00bb][et_pb_text _builder_version=\u00bb4.24.0&#8243; _module_preset=\u00bbdefault\u00bb global_colors_info=\u00bb{}\u00bb]<\/p>\n<h3>ANUNCIO DEL AYUNTAMIENTO DE MUSEROS RELATIVO A LA AYUDA PARA EL TRAMPEO MASIVO EN C\u00cdTRICOS 2024<\/h3>\n<p>Reparto de dispositivos de atracci\u00f3n y muerte para el control del &#8216;Delottococcus aberiae&#8217; (cotonet de Sur\u00e1frica) al cultivo de c\u00edtricos de la CV. Para reducir los da\u00f1os y evitar su dispersi\u00f3n, en los municipios con presencia confirmada de esta plaga, la Conseller\u00eda facilitar\u00e1 dispositivos de atracci\u00f3n y muerte con piretrines.<\/p>\n<p>Plazo m\u00e1ximo para presentar las solicitudes: 25 de enero.<\/p>\n<p>Las pueden encontrar a <a href=\"http:\/\/www.museros.org\" target=\"_blank\" rel=\"noopener\">www.museros.org\u2028\u2028<\/a><\/p>\n<p>Inscripciones: registro de entrada del Ayuntamiento. M\u00e1s informaci\u00f3n: 961441680.<\/p>\n<p>La ayuda consiste en el reparto de las trampas, cubriendo la mitad de la superficie declarada siempre que el agricultor cubra la otra mitad. A colocar un m\u00e1ximo de hasta 225 trampas por hect\u00e1rea, y la superficie m\u00ednima de los cuales son 5 hect\u00e1reas.\u2028En la inscripci\u00f3n se tendr\u00e1n que indicar: DNI, apellidos y nombre de la persona solicitante, fecha de solicitud, t\u00e9rmino municipal donde se encuentra la explotaci\u00f3n, n.\u00ba de pol\u00edgono, parcela y recinto Sigpac, superficie (hect\u00e1reas), especie y variedad de la explotaci\u00f3n.<\/p>\n<p>[\/et_pb_text][\/et_pb_column][\/et_pb_row][et_pb_row column_structure=\u00bb1_5,1_5,1_5,1_5,1_5&#8243; _builder_version=\u00bb4.16&#8243; _module_preset=\u00bbdefault\u00bb global_colors_info=\u00bb{}\u00bb][et_pb_column type=\u00bb1_5&#8243; _builder_version=\u00bb4.16&#8243; _module_preset=\u00bbdefault\u00bb global_colors_info=\u00bb{}\u00bb][et_pb_button _builder_version=\u00bb4.24.0&#8243; _module_preset=\u00bbdefault\u00bb button_text=\u00bbBENEFICIARIOS DE LA AYUDA\u00bb button_url=\u00bbhttps:\/\/museros.org\/wp-content\/uploads\/2024\/02\/ANUNCIO-COMPRA-DE-DISPOSITIVOS.pdf\u00bb url_new_window=\u00bbon\u00bb hover_enabled=\u00bb0&#8243; sticky_enabled=\u00bb0&#8243;][\/et_pb_button][\/et_pb_column][et_pb_column type=\u00bb1_5&#8243; _builder_version=\u00bb4.16&#8243; _module_preset=\u00bbdefault\u00bb global_colors_info=\u00bb{}\u00bb][et_pb_button button_url=\u00bbhttps:\/\/museros.org\/wp-content\/uploads\/2024\/01\/Carta-reparto-dispositivos-feromona-piretrinas-frente-Delottococcus-aberiae-2024_firmado.pdf\u00bb url_new_window=\u00bbon\u00bb button_text=\u00bbCARTA REPARTO DISPOSITIVOS\u00bb button_alignment=\u00bbcenter\u00bb admin_label=\u00bbCarta\u00bb _builder_version=\u00bb4.24.0&#8243; _module_preset=\u00bbdefault\u00bb global_colors_info=\u00bb{}\u00bb][\/et_pb_button][\/et_pb_column][et_pb_column type=\u00bb1_5&#8243; _builder_version=\u00bb4.16&#8243; _module_preset=\u00bbdefault\u00bb global_colors_info=\u00bb{}\u00bb][et_pb_button button_url=\u00bbhttps:\/\/museros.org\/wp-content\/uploads\/2024\/01\/ANUNCIO.pdf\u00bb url_new_window=\u00bbon\u00bb button_text=\u00bbANUNCIO\u00bb button_alignment=\u00bbcenter\u00bb admin_label=\u00bbAnunci\u00bb _builder_version=\u00bb4.24.0&#8243; _module_preset=\u00bbdefault\u00bb global_colors_info=\u00bb{}\u00bb][\/et_pb_button][\/et_pb_column][et_pb_column type=\u00bb1_5&#8243; _builder_version=\u00bb4.16&#8243; _module_preset=\u00bbdefault\u00bb global_colors_info=\u00bb{}\u00bb][et_pb_button button_url=\u00bbhttps:\/\/museros.org\/wp-content\/uploads\/2024\/01\/MODELO-DE-ANEXO-I.pdf\u00bb url_new_window=\u00bbon\u00bb button_text=\u00bbMODELO ANEXO 1&#8243; button_alignment=\u00bbcenter\u00bb admin_label=\u00bbAnnex 1&#8243; _builder_version=\u00bb4.24.0&#8243; _module_preset=\u00bbdefault\u00bb global_colors_info=\u00bb{}\u00bb][\/et_pb_button][\/et_pb_column][et_pb_column type=\u00bb1_5&#8243; _builder_version=\u00bb4.16&#8243; _module_preset=\u00bbdefault\u00bb global_colors_info=\u00bb{}\u00bb][et_pb_button button_url=\u00bbhttps:\/\/museros.org\/wp-content\/uploads\/2024\/01\/FORMULARI-DE-SOLLICITUD.pdf\u00bb url_new_window=\u00bbon\u00bb button_text=\u00bbFORMULARIO DE SOLICITUD\u00bb button_alignment=\u00bbcenter\u00bb admin_label=\u00bbDeclaraci\u00f3 horts\u00bb _builder_version=\u00bb4.24.0&#8243; _module_preset=\u00bbdefault\u00bb global_colors_info=\u00bb{}\u00bb][\/et_pb_button][\/et_pb_column][\/et_pb_row][et_pb_row _builder_version=\u00bb4.16&#8243; _module_preset=\u00bbdefault\u00bb global_colors_info=\u00bb{}\u00bb][et_pb_column type=\u00bb4_4&#8243; _builder_version=\u00bb4.16&#8243; _module_preset=\u00bbdefault\u00bb global_colors_info=\u00bb{}\u00bb][et_pb_divider color=\u00bb#E02B20&#8243; divider_weight=\u00bb4px\u00bb _builder_version=\u00bb4.16&#8243; _module_preset=\u00bbdefault\u00bb global_colors_info=\u00bb{}\u00bb][\/et_pb_divider][\/et_pb_column][\/et_pb_row][\/et_pb_section]<\/p>\n","protected":false},"excerpt":{"rendered":"<p>ANUNCIO DEL AYUNTAMIENTO DE MUSEROS RELATIVO A LA AYUDA PARA EL TRAMPEO MASIVO EN C\u00cdTRICOS 2024 Reparto de dispositivos de atracci\u00f3n y muerte para el control del &#8216;Delottococcus aberiae&#8217; (cotonet de Sur\u00e1frica) al cultivo de c\u00edtricos de la CV. Para reducir los da\u00f1os y evitar su dispersi\u00f3n, en los municipios con presencia confirmada de esta [&hellip;]<\/p>\n","protected":false},"author":8,"featured_media":0,"parent":0,"menu_order":0,"comment_status":"closed","ping_status":"closed","template":"","meta":{"_et_pb_use_builder":"on","_et_pb_old_content":"","_et_gb_content_width":"","_mc_calendar":[],"footnotes":""},"wf_page_folders":[300],"class_list":["post-267318","page","type-page","status-publish","hentry"],"_links":{"self":[{"href":"https:\/\/museros.org\/inici\/wp-json\/wp\/v2\/pages\/267318","targetHints":{"allow":["GET"]}}],"collection":[{"href":"https:\/\/museros.org\/inici\/wp-json\/wp\/v2\/pages"}],"about":[{"href":"https:\/\/museros.org\/inici\/wp-json\/wp\/v2\/types\/page"}],"author":[{"embeddable":true,"href":"https:\/\/museros.org\/inici\/wp-json\/wp\/v2\/users\/8"}],"replies":[{"embeddable":true,"href":"https:\/\/museros.org\/inici\/wp-json\/wp\/v2\/comments?post=267318"}],"version-history":[{"count":5,"href":"https:\/\/museros.org\/inici\/wp-json\/wp\/v2\/pages\/267318\/revisions"}],"predecessor-version":[{"id":267458,"href":"https:\/\/museros.org\/inici\/wp-json\/wp\/v2\/pages\/267318\/revisions\/267458"}],"wp:attachment":[{"href":"https:\/\/museros.org\/inici\/wp-json\/wp\/v2\/media?parent=267318"}],"wp:term":[{"taxonomy":"wf_page_folders","embeddable":true,"href":"https:\/\/museros.org\/inici\/wp-json\/wp\/v2\/wf_page_folders?post=267318"}],"curies":[{"name":"wp","href":"https:\/\/api.w.org\/{rel}","templated":true}]}}