{"id":267285,"date":"2024-01-16T11:20:11","date_gmt":"2024-01-16T11:20:11","guid":{"rendered":"https:\/\/museros.org\/inici\/?page_id=267285"},"modified":"2024-02-08T07:37:14","modified_gmt":"2024-02-08T07:37:14","slug":"plan-antifraude","status":"publish","type":"page","link":"https:\/\/museros.org\/inici\/es\/plan-antifraude\/","title":{"rendered":"Plan antifraude"},"content":{"rendered":"<p>[et_pb_section fb_built=\u00bb1&#8243; _builder_version=\u00bb4.16&#8243; _module_preset=\u00bbdefault\u00bb custom_margin=\u00bb0px||||false|false\u00bb custom_padding=\u00bb0px||||false|false\u00bb locked=\u00bboff\u00bb global_colors_info=\u00bb{}\u00bb][et_pb_row column_structure=\u00bb1_4,3_4&#8243; _builder_version=\u00bb4.16&#8243; _module_preset=\u00bbdefault\u00bb custom_margin=\u00bb0px||0px||false|false\u00bb custom_padding=\u00bb0px||0px||false|false\u00bb global_colors_info=\u00bb{}\u00bb][et_pb_column type=\u00bb1_4&#8243; _builder_version=\u00bb4.16&#8243; _module_preset=\u00bbdefault\u00bb global_colors_info=\u00bb{}\u00bb][et_pb_image src=\u00bbhttps:\/\/museros.org\/wp-content\/uploads\/2021\/08\/escudo-230&#215;140-1.jpg\u00bb title_text=\u00bbescudo-230&#215;140&#8243; src_tablet=\u00bbhttps:\/\/museros.org\/wp-content\/uploads\/2021\/08\/escudo-230&#215;140-1.jpg\u00bb src_phone=\u00bbhttps:\/\/museros.org\/wp-content\/uploads\/2021\/08\/escudo-230&#215;140-1.jpg\u00bb src_last_edited=\u00bbon|phone\u00bb admin_label=\u00bbEscudo\u00bb _builder_version=\u00bb4.16&#8243; _module_preset=\u00bbdefault\u00bb global_colors_info=\u00bb{}\u00bb][\/et_pb_image][\/et_pb_column][et_pb_column type=\u00bb3_4&#8243; _builder_version=\u00bb4.16&#8243; _module_preset=\u00bbdefault\u00bb global_colors_info=\u00bb{}\u00bb][et_pb_text admin_label=\u00bbPleno\u00bb _builder_version=\u00bb4.24.0&#8243; _module_preset=\u00bbdefault\u00bb custom_margin=\u00bb0px||0px||false|false\u00bb custom_margin_tablet=\u00bb0px||0px||false|false\u00bb custom_margin_phone=\u00bb||0px||false|false\u00bb custom_margin_last_edited=\u00bbon|desktop\u00bb custom_padding=\u00bb0px||0px||false|false\u00bb hover_enabled=\u00bb0&#8243; global_colors_info=\u00bb{}\u00bb sticky_enabled=\u00bb0&#8243;]<\/p>\n<h2>Plan antifraude<\/h2>\n<p><a href=\"https:\/\/museros.org\/wp-content\/uploads\/2024\/01\/1.PLAN-DE-MEDIDAS-ANTIFRAUDE-AYUNTAMIENTO-DE-MUSEROS.pdf\" target=\"_blank\" rel=\"noopener\">1. Plan medidas antifraude PDF<\/a><br \/><a href=\"https:\/\/museros.org\/wp-content\/uploads\/2024\/01\/2.DECRET-2022-0664-DECRETO-DE-APROBACION-PLAN-DE-MEDIDAS-ANTIFRAUDE.pdf\" target=\"_blank\" rel=\"noopener\">2. Decreto aprobaci\u00f3n Plan de medidas PDF<\/a><br \/><a href=\"https:\/\/museros.org\/wp-content\/uploads\/2024\/01\/3.ANEXO-DEL-PLAN-DE-MEDIDAS-ANTIFRAUDE-ACTUALIZADO-A-MODIFICACION-12_05_2023.pdf\" target=\"_blank\" rel=\"noopener\">3. Anexo del Plan de medidas PDF<\/a><br \/><a href=\"https:\/\/museros.org\/wp-content\/uploads\/2024\/01\/4.DECRET-2023-0388-DECRETO-DE-APROBACION-MODIFICACION-POR-ADAPTACION-TECNICA-NORMATIVA-PLAN-DE-MEDIDAS-ANTIFRAUDE.pdf\" target=\"_blank\" rel=\"noopener\">4. Decreto aprobaci\u00f3n modificaci\u00f3n PDF<\/a><br \/><a href=\"https:\/\/museros.org\/wp-content\/uploads\/2024\/01\/5.DECRET-2023-0946-RESOL-DESIG-RESPONSABLE-SII.pdf\" target=\"_blank\" rel=\"noopener\">5. Decreto designaci\u00f3n responsable sistema informaci\u00f3n interno PDF<\/a><br \/><a href=\"https:\/\/museros.org\/wp-content\/uploads\/2024\/01\/6.CERTIFICADO-2024-0003.-Acuerdo-Pleno-28.12.23-aprob.-decl.-instit.cod_.-conductaadhes.-protocolo-AVAF.pdf\" target=\"_blank\" rel=\"noopener\">6. Certificado pleno 28.12.23 PDF<\/a><br \/><a href=\"https:\/\/museros.org\/wp-content\/uploads\/2024\/01\/7.CODIGO-DE-CONDUCTA-EMPLEADOS-PUBLICOS-ANEXO-IV-PMA-firmado.pdf\" target=\"_blank\" rel=\"noopener\">7. C\u00f3digo de conducta PDF<\/a><br \/><a href=\"https:\/\/museros.org\/wp-content\/uploads\/2024\/01\/8.DECLARACION-INSTITUCIONAL-ANTIFRAUDE-ANEXO-III-PMA.pdf\" target=\"_blank\" rel=\"noopener\">8. Declaraci\u00f3n institucional PDF<\/a><br \/><a href=\"https:\/\/museros.org\/wp-content\/uploads\/2024\/02\/Protocolo_de_colaboracion_funcional_Ayuntamiento_de_Museros_-_AVAF_-_SEFYCU_4820054.pdf\" target=\"_blank\" rel=\"noopener\">9. Protocolo de colaboraci\u00f3n PDF<\/a><\/p>\n<p>[\/et_pb_text][\/et_pb_column][\/et_pb_row][et_pb_row _builder_version=\u00bb4.16&#8243; _module_preset=\u00bbdefault\u00bb global_colors_info=\u00bb{}\u00bb][et_pb_column type=\u00bb4_4&#8243; _builder_version=\u00bb4.16&#8243; _module_preset=\u00bbdefault\u00bb global_colors_info=\u00bb{}\u00bb][et_pb_divider color=\u00bb#cc0000&#8243; divider_weight=\u00bb4px\u00bb _builder_version=\u00bb4.16&#8243; _module_preset=\u00bbdefault\u00bb custom_margin=\u00bb45px||||false|false\u00bb global_colors_info=\u00bb{}\u00bb][\/et_pb_divider][\/et_pb_column][\/et_pb_row][\/et_pb_section]<\/p>\n","protected":false},"excerpt":{"rendered":"<p>Plan antifraude 1. Plan medidas antifraude PDF2. Decreto aprobaci\u00f3n Plan de medidas PDF3. Anexo del Plan de medidas PDF4. Decreto aprobaci\u00f3n modificaci\u00f3n PDF5. Decreto designaci\u00f3n responsable sistema informaci\u00f3n interno PDF6. Certificado pleno 28.12.23 PDF7. C\u00f3digo de conducta PDF8. Declaraci\u00f3n institucional PDF9. Protocolo de colaboraci\u00f3n PDF<\/p>\n","protected":false},"author":8,"featured_media":0,"parent":0,"menu_order":0,"comment_status":"closed","ping_status":"closed","template":"","meta":{"_et_pb_use_builder":"on","_et_pb_old_content":"","_et_gb_content_width":"","_mc_calendar":[],"footnotes":""},"wf_page_folders":[1592],"class_list":["post-267285","page","type-page","status-publish","hentry"],"_links":{"self":[{"href":"https:\/\/museros.org\/inici\/wp-json\/wp\/v2\/pages\/267285","targetHints":{"allow":["GET"]}}],"collection":[{"href":"https:\/\/museros.org\/inici\/wp-json\/wp\/v2\/pages"}],"about":[{"href":"https:\/\/museros.org\/inici\/wp-json\/wp\/v2\/types\/page"}],"author":[{"embeddable":true,"href":"https:\/\/museros.org\/inici\/wp-json\/wp\/v2\/users\/8"}],"replies":[{"embeddable":true,"href":"https:\/\/museros.org\/inici\/wp-json\/wp\/v2\/comments?post=267285"}],"version-history":[{"count":5,"href":"https:\/\/museros.org\/inici\/wp-json\/wp\/v2\/pages\/267285\/revisions"}],"predecessor-version":[{"id":267726,"href":"https:\/\/museros.org\/inici\/wp-json\/wp\/v2\/pages\/267285\/revisions\/267726"}],"wp:attachment":[{"href":"https:\/\/museros.org\/inici\/wp-json\/wp\/v2\/media?parent=267285"}],"wp:term":[{"taxonomy":"wf_page_folders","embeddable":true,"href":"https:\/\/museros.org\/inici\/wp-json\/wp\/v2\/wf_page_folders?post=267285"}],"curies":[{"name":"wp","href":"https:\/\/api.w.org\/{rel}","templated":true}]}}