{"id":267271,"date":"2024-01-16T11:09:29","date_gmt":"2024-01-16T11:09:29","guid":{"rendered":"https:\/\/museros.org\/inici\/?page_id=267271"},"modified":"2024-02-08T07:35:49","modified_gmt":"2024-02-08T07:35:49","slug":"pla-antifrau","status":"publish","type":"page","link":"https:\/\/museros.org\/inici\/pla-antifrau\/","title":{"rendered":"Pla antifrau"},"content":{"rendered":"<p>[et_pb_section fb_built=\u00bb1&#8243; _builder_version=\u00bb4.16&#8243; _module_preset=\u00bbdefault\u00bb custom_margin=\u00bb0px||||false|false\u00bb custom_padding=\u00bb0px||||false|false\u00bb locked=\u00bboff\u00bb global_colors_info=\u00bb{}\u00bb][et_pb_row column_structure=\u00bb1_4,3_4&#8243; _builder_version=\u00bb4.16&#8243; _module_preset=\u00bbdefault\u00bb custom_margin=\u00bb0px||0px||false|false\u00bb custom_padding=\u00bb0px||0px||false|false\u00bb global_colors_info=\u00bb{}\u00bb][et_pb_column type=\u00bb1_4&#8243; _builder_version=\u00bb4.16&#8243; _module_preset=\u00bbdefault\u00bb global_colors_info=\u00bb{}\u00bb][et_pb_image src=\u00bbhttps:\/\/museros.org\/wp-content\/uploads\/2021\/08\/escudo-230&#215;140-1.jpg\u00bb title_text=\u00bbescudo-230&#215;140&#8243; src_tablet=\u00bbhttps:\/\/museros.org\/wp-content\/uploads\/2021\/08\/escudo-230&#215;140-1.jpg\u00bb src_phone=\u00bbhttps:\/\/museros.org\/wp-content\/uploads\/2021\/08\/escudo-230&#215;140-1.jpg\u00bb src_last_edited=\u00bbon|phone\u00bb admin_label=\u00bbEscudo\u00bb _builder_version=\u00bb4.23.4&#8243; _module_preset=\u00bbdefault\u00bb global_colors_info=\u00bb{}\u00bb][\/et_pb_image][\/et_pb_column][et_pb_column type=\u00bb3_4&#8243; _builder_version=\u00bb4.16&#8243; _module_preset=\u00bbdefault\u00bb global_colors_info=\u00bb{}\u00bb][et_pb_text admin_label=\u00bbPleno\u00bb _builder_version=\u00bb4.24.0&#8243; _module_preset=\u00bbdefault\u00bb custom_margin=\u00bb0px||0px||false|false\u00bb custom_margin_tablet=\u00bb0px||0px||false|false\u00bb custom_margin_phone=\u00bb||0px||false|false\u00bb custom_margin_last_edited=\u00bbon|desktop\u00bb custom_padding=\u00bb0px||0px||false|false\u00bb hover_enabled=\u00bb0&#8243; global_colors_info=\u00bb{}\u00bb sticky_enabled=\u00bb0&#8243;]<\/p>\n<h2>Pla antifrau<\/h2>\n<p><a href=\"https:\/\/museros.org\/wp-content\/uploads\/2024\/01\/1.PLAN-DE-MEDIDAS-ANTIFRAUDE-AYUNTAMIENTO-DE-MUSEROS.pdf\" target=\"_blank\" rel=\"noopener\">1. Pla mesures antifrau PDF<\/a><br \/><a href=\"https:\/\/museros.org\/wp-content\/uploads\/2024\/02\/DECRET-2022-0664-DECRET-DAPROVACIO-PLA-DE-MESURES-ANTIFRAU.pdf\" target=\"_blank\" rel=\"noopener\">2. Decret aprovaci\u00f3 Pla de mesures PDF<\/a><br \/><a href=\"https:\/\/museros.org\/wp-content\/uploads\/2024\/02\/ANNEX-PLA-DE-MESURES-ANTIFRAU.pdf\" target=\"_blank\" rel=\"noopener\">3. Annex del Pla de mesures PDF<\/a><br \/><a href=\"https:\/\/museros.org\/wp-content\/uploads\/2024\/02\/DECRET-2023-0388-DECRET-DAPROVACIO-MODIFICACIO-PER-ADAPTACIO-TECNICA-NORMATIVA-PLA-DE-MESURES-ANTIFRAU.pdf\" target=\"_blank\" rel=\"noopener\">4. Decret aprovaci\u00f3 modificaci\u00f3 PDF<\/a><br \/><a href=\"https:\/\/museros.org\/wp-content\/uploads\/2024\/02\/DECRET-2023-0946-RESOL-DESIG-RESPONSABLE-SII.pdf\" target=\"_blank\" rel=\"noopener\">5. Decret designaci\u00f3 responsable sistema informaci\u00f3 intern PDF<\/a><br \/><a href=\"https:\/\/museros.org\/wp-content\/uploads\/2024\/01\/6.CERTIFICADO-2024-0003.-Acuerdo-Pleno-28.12.23-aprob.-decl.-instit.cod_.-conductaadhes.-protocolo-AVAF.pdf\" target=\"_blank\" rel=\"noopener\">6. Certificat ple 28.12.23 PDF<\/a><br \/><a href=\"https:\/\/museros.org\/wp-content\/uploads\/2024\/02\/Codi-de-conducta-dels-treballadors-publics-ANNEX-IV-PMA-firmat.pdf\" target=\"_blank\" rel=\"noopener\">7. Codi de conducta PDF<\/a><br \/><a href=\"https:\/\/museros.org\/wp-content\/uploads\/2024\/02\/DECLARACIO-INSTITUCIONAL-ANTIFRAU-ANEXE-III-PMA.pdf\" target=\"_blank\" rel=\"noopener\">8. Declaraci\u00f3 institucional PDF<\/a><br \/><a href=\"https:\/\/museros.org\/wp-content\/uploads\/2024\/02\/Protocol_de_collaboracio_funcional_Ajuntament_de_Museros_-_AVAF_-_SEFYCU_4820039.pdf\" target=\"_blank\" rel=\"noopener\">9. Protocol de col\u00b7laboraci\u00f3 PDF<\/a><\/p>\n<p>[\/et_pb_text][\/et_pb_column][\/et_pb_row][et_pb_row _builder_version=\u00bb4.16&#8243; _module_preset=\u00bbdefault\u00bb global_colors_info=\u00bb{}\u00bb][et_pb_column type=\u00bb4_4&#8243; _builder_version=\u00bb4.16&#8243; _module_preset=\u00bbdefault\u00bb global_colors_info=\u00bb{}\u00bb][et_pb_divider color=\u00bb#cc0000&#8243; divider_weight=\u00bb4px\u00bb _builder_version=\u00bb4.16&#8243; _module_preset=\u00bbdefault\u00bb custom_margin=\u00bb45px||||false|false\u00bb global_colors_info=\u00bb{}\u00bb][\/et_pb_divider][\/et_pb_column][\/et_pb_row][\/et_pb_section]<\/p>\n","protected":false},"excerpt":{"rendered":"<p>Pla antifrau 1. Pla mesures antifrau PDF2. Decret aprovaci\u00f3 Pla de mesures PDF3. Annex del Pla de mesures PDF4. Decret aprovaci\u00f3 modificaci\u00f3 PDF5. Decret designaci\u00f3 responsable sistema informaci\u00f3 intern PDF6. Certificat ple 28.12.23 PDF7. Codi de conducta PDF8. Declaraci\u00f3 institucional PDF9. Protocol de col\u00b7laboraci\u00f3 PDF<\/p>\n","protected":false},"author":8,"featured_media":0,"parent":0,"menu_order":0,"comment_status":"closed","ping_status":"closed","template":"","meta":{"_et_pb_use_builder":"on","_et_pb_old_content":"","_et_gb_content_width":"","_mc_calendar":[],"footnotes":""},"wf_page_folders":[1592],"class_list":["post-267271","page","type-page","status-publish","hentry"],"_links":{"self":[{"href":"https:\/\/museros.org\/inici\/wp-json\/wp\/v2\/pages\/267271","targetHints":{"allow":["GET"]}}],"collection":[{"href":"https:\/\/museros.org\/inici\/wp-json\/wp\/v2\/pages"}],"about":[{"href":"https:\/\/museros.org\/inici\/wp-json\/wp\/v2\/types\/page"}],"author":[{"embeddable":true,"href":"https:\/\/museros.org\/inici\/wp-json\/wp\/v2\/users\/8"}],"replies":[{"embeddable":true,"href":"https:\/\/museros.org\/inici\/wp-json\/wp\/v2\/comments?post=267271"}],"version-history":[{"count":9,"href":"https:\/\/museros.org\/inici\/wp-json\/wp\/v2\/pages\/267271\/revisions"}],"predecessor-version":[{"id":267725,"href":"https:\/\/museros.org\/inici\/wp-json\/wp\/v2\/pages\/267271\/revisions\/267725"}],"wp:attachment":[{"href":"https:\/\/museros.org\/inici\/wp-json\/wp\/v2\/media?parent=267271"}],"wp:term":[{"taxonomy":"wf_page_folders","embeddable":true,"href":"https:\/\/museros.org\/inici\/wp-json\/wp\/v2\/wf_page_folders?post=267271"}],"curies":[{"name":"wp","href":"https:\/\/api.w.org\/{rel}","templated":true}]}}