{"id":265859,"date":"2023-09-04T15:51:12","date_gmt":"2023-09-04T15:51:12","guid":{"rendered":"https:\/\/museros.org\/inici\/?page_id=265859"},"modified":"2024-09-23T12:44:00","modified_gmt":"2024-09-23T12:44:00","slug":"creant-des-de-la-musica-premi-2023","status":"publish","type":"page","link":"https:\/\/museros.org\/inici\/creant-des-de-la-musica-premi-2023\/","title":{"rendered":"Creant des de la M\u00fasica Premi 2023"},"content":{"rendered":"<p>[et_pb_section fb_built=\u00bb1&#8243; _builder_version=\u00bb4.16&#8243; _module_preset=\u00bbdefault\u00bb custom_margin=\u00bb0px||||false|false\u00bb custom_padding=\u00bb0px||||false|false\u00bb locked=\u00bboff\u00bb global_colors_info=\u00bb{}\u00bb][et_pb_row column_structure=\u00bb1_4,3_4&#8243; _builder_version=\u00bb4.16&#8243; _module_preset=\u00bbdefault\u00bb custom_margin=\u00bb0px||||false|false\u00bb custom_padding=\u00bb0px||27px||false|false\u00bb global_colors_info=\u00bb{}\u00bb][et_pb_column type=\u00bb1_4&#8243; _builder_version=\u00bb4.16&#8243; _module_preset=\u00bbdefault\u00bb global_colors_info=\u00bb{}\u00bb][et_pb_image src=\u00bbhttps:\/\/museros.org\/wp-content\/uploads\/2021\/09\/logo-creantdesde-230&#215;230-1.jpg\u00bb title_text=\u00bblogo-creantdesde-230&#215;230&#8243; url=\u00bbhttps:\/\/museros.org\/ca\/creant-des-de\u00bb use_overlay=\u00bbon\u00bb overlay_icon_color=\u00bb#E02B20&#8243; hover_overlay_color=\u00bbrgba(255,255,255,0.71)\u00bb hover_icon=\u00bb&#xe04e;||divi||400&#8243; align=\u00bbcenter\u00bb _builder_version=\u00bb4.16&#8243; _module_preset=\u00bbdefault\u00bb width_tablet=\u00bb40%\u00bb width_phone=\u00bb60%\u00bb width_last_edited=\u00bbon|desktop\u00bb global_colors_info=\u00bb{}\u00bb][\/et_pb_image][\/et_pb_column][et_pb_column type=\u00bb3_4&#8243; _builder_version=\u00bb4.16&#8243; _module_preset=\u00bbdefault\u00bb global_colors_info=\u00bb{}\u00bb][et_pb_image src=\u00bbhttps:\/\/museros.org\/wp-content\/uploads\/2023\/09\/banner-450&#215;109-3.jpg\u00bb title_text=\u00bbbanner-450&#215;109-3&#8243; _builder_version=\u00bb4.22.1&#8243; _module_preset=\u00bbdefault\u00bb width_tablet=\u00bb\u00bb width_phone=\u00bb\u00bb width_last_edited=\u00bbon|phone\u00bb locked=\u00bboff\u00bb global_colors_info=\u00bb{}\u00bb][\/et_pb_image][et_pb_text _builder_version=\u00bb4.23&#8243; _module_preset=\u00bbdefault\u00bb custom_margin=\u00bb40px||||false|false\u00bb global_colors_info=\u00bb{}\u00bb]<\/p>\n<p>L\u2019Ajuntament de Museros, i en concret, la Regidoria de Cultura i Promoci\u00f3 Ling\u00fc\u00edstica, atorguen el Premi Cultura Museros 2023 a Vicent Roig Gimeno com a reconeixement per la seua traject\u00f2ria art\u00edstica en el m\u00f3n musical al llarg de la seua vida.<\/p>\n<p>[\/et_pb_text][et_pb_divider color=\u00bb#999999&#8243; divider_style=\u00bbdotted\u00bb divider_weight=\u00bb7px\u00bb _builder_version=\u00bb4.22.1&#8243; _module_preset=\u00bbdefault\u00bb custom_margin=\u00bb40px||||false|false\u00bb global_colors_info=\u00bb{}\u00bb][\/et_pb_divider][\/et_pb_column][\/et_pb_row][et_pb_row column_structure=\u00bb1_3,1_3,1_3&#8243; _builder_version=\u00bb4.23&#8243; _module_preset=\u00bbdefault\u00bb locked=\u00bboff\u00bb global_colors_info=\u00bb{}\u00bb][et_pb_column type=\u00bb1_3&#8243; _builder_version=\u00bb4.23&#8243; _module_preset=\u00bbdefault\u00bb global_colors_info=\u00bb{}\u00bb][et_pb_image src=\u00bbhttps:\/\/museros.org\/wp-content\/uploads\/2023\/10\/video-musica-400&#215;320-1.jpg\u00bb title_text=\u00bbvideo-musica-400&#215;320&#8243; url=\u00bbhttps:\/\/www.youtube.com\/watch?v=dKcvjcKm0NE\u00bb url_new_window=\u00bbon\u00bb use_overlay=\u00bbon\u00bb overlay_icon_color=\u00bb#E02B20&#8243; hover_overlay_color=\u00bbrgba(255,255,255,0.71)\u00bb hover_icon=\u00bb&#xe04e;||divi||400&#8243; _builder_version=\u00bb4.23&#8243; _module_preset=\u00bbdefault\u00bb locked=\u00bboff\u00bb global_colors_info=\u00bb{}\u00bb][\/et_pb_image][\/et_pb_column][et_pb_column type=\u00bb1_3&#8243; _builder_version=\u00bb4.23&#8243; _module_preset=\u00bbdefault\u00bb global_colors_info=\u00bb{}\u00bb][et_pb_image src=\u00bbhttps:\/\/museros.org\/wp-content\/uploads\/2023\/10\/docu-musica-400&#215;320-1.jpg\u00bb title_text=\u00bbdocu-musica-400&#215;320&#8243; url=\u00bbhttps:\/\/www.youtube.com\/watch?v=iF4DIHdQxBU\u00bb url_new_window=\u00bbon\u00bb use_overlay=\u00bbon\u00bb overlay_icon_color=\u00bb#E02B20&#8243; hover_overlay_color=\u00bbrgba(255,255,255,0.7)\u00bb hover_icon=\u00bb&#xe04e;||divi||400&#8243; _builder_version=\u00bb4.23&#8243; _module_preset=\u00bbdefault\u00bb global_colors_info=\u00bb{}\u00bb][\/et_pb_image][\/et_pb_column][et_pb_column type=\u00bb1_3&#8243; _builder_version=\u00bb4.23&#8243; _module_preset=\u00bbdefault\u00bb global_colors_info=\u00bb{}\u00bb][et_pb_image src=\u00bbhttps:\/\/museros.org\/wp-content\/uploads\/2023\/10\/fotos-musica-400&#215;320-1.jpg\u00bb title_text=\u00bbfotos-musica-400&#215;320&#8243; url=\u00bbhttps:\/\/museros.org\/inici\/galeria-dimatges-vicent\/\u00bb use_overlay=\u00bbon\u00bb overlay_icon_color=\u00bb#E02B20&#8243; hover_overlay_color=\u00bbrgba(255,255,255,0.71)\u00bb hover_icon=\u00bb&#xe04e;||divi||400&#8243; _builder_version=\u00bb4.23&#8243; _module_preset=\u00bbdefault\u00bb global_colors_info=\u00bb{}\u00bb][\/et_pb_image][\/et_pb_column][\/et_pb_row][et_pb_row column_structure=\u00bb1_4,3_4&#8243; _builder_version=\u00bb4.16&#8243; _module_preset=\u00bbdefault\u00bb custom_margin=\u00bb0px||||false|false\u00bb custom_padding=\u00bb0px||27px||false|false\u00bb global_colors_info=\u00bb{}\u00bb][et_pb_column type=\u00bb1_4&#8243; _builder_version=\u00bb4.16&#8243; _module_preset=\u00bbdefault\u00bb global_colors_info=\u00bb{}\u00bb][\/et_pb_column][et_pb_column type=\u00bb3_4&#8243; _builder_version=\u00bb4.16&#8243; _module_preset=\u00bbdefault\u00bb global_colors_info=\u00bb{}\u00bb][et_pb_text _builder_version=\u00bb4.22.1&#8243; _module_preset=\u00bbdefault\u00bb custom_margin=\u00bb40px||||false|false\u00bb global_colors_info=\u00bb{}\u00bb]<\/p>\n<h1>Vicent Roig Gimeno<br \/>Premi Cultura Museros 2023<\/h1>\n<p>Fill de Vicent i Mercedes, Vicent naix a Val\u00e8ncia el 5 d\u2019agost de 1968, en una fam\u00edlia amb tradici\u00f3 musical. El germ\u00e0 de la seua \u00e0via, Jos\u00e9 Mir F\u00e8lix, era compositor i director, i va ser el primer m\u00fasic professional del poble de Museros.<br \/>Vicent es forma des de ben menut en l\u2019escola de m\u00fasica de la Uni\u00f3 Musical de Museros; en primer lloc, estudia trompeta per\u00f2 ho ha de deixar per problemes asm\u00e0tics, i \u00e9s per aix\u00f2, que s\u2019inclina per la percussi\u00f3.<br \/>Estudia percussi\u00f3 al Conservatori Joaqu\u00edn Rodrigo de Val\u00e8ncia amb Manuel Tom\u00e1s i Joan Cerver\u00f3, i al Conservatori Superior de M\u00fasica Oscar Espl\u00e1 amb Joan Iborra. Ha estat professor de percussi\u00f3 i llenguatge musical en diverses escoles de m\u00fasica com en la Societat Uni\u00f3 Musical de Museros, Uni\u00f3 Musical de Massamagrell, La Primitiva de Rafelbunyol, Centre Art\u00edstic Musical de B\u00e9tera, Uni\u00f3 Musical de Montcada, etc. Treballa tamb\u00e9 com a professor de percussi\u00f3 en el Conservatori Professional de M\u00fasica de Ribarroja.<br \/>Col\u00b7labora com a percussionista en l\u2019Orquestra Ciudad de Granada i Orquesta Joven Europea Maditerr\u00e1nea, i \u00e9s membre fundador del grup de percussi\u00f3 Maula Percussi\u00f3 i del grup de m\u00fasica folk tradicional La Folkabanda.<br \/>Tamb\u00e9 cursa estudis de direcci\u00f3 d\u2019orquestra en el taller de M\u00fasica Jove amb el Mestre Henry Adams i amb Jos\u00e9 Rafael Pascual Vilaplana.<br \/>Des de l\u2019any 1995, \u00e9s director de la banda de m\u00fasica del Centre de M\u00fasica i Dansa de Natzaret, amb la qual va aconseguir el primer premi de la tercera secci\u00f3 en el Certamen de Bandes de M\u00fasica de la Diputaci\u00f3 de Val\u00e8ncia l\u2019any 2000. En l\u2019any 2003, es fa c\u00e0rrec de la direcci\u00f3 de la banda de la Uni\u00f3n Musical de Montcada, i en l\u2019any 2016, de la direcci\u00f3 de la banda de la Societat Uni\u00f3 Musical de Museros. A m\u00e9s, \u00e9s professor inter\u00ed de la especialitat de m\u00fasica en el cos de professors d\u2019ensenyament secundari de la Conselleria d\u2019Educaci\u00f3 de la Generalitat Valenciana des de l\u2019any 2007.<\/p>\n<p>[\/et_pb_text][et_pb_divider color=\u00bb#999999&#8243; divider_style=\u00bbdotted\u00bb divider_weight=\u00bb7px\u00bb _builder_version=\u00bb4.22.1&#8243; _module_preset=\u00bbdefault\u00bb custom_margin=\u00bb40px||||false|false\u00bb global_colors_info=\u00bb{}\u00bb][\/et_pb_divider][et_pb_image src=\u00bbhttps:\/\/museros.org\/wp-content\/uploads\/2023\/09\/cartell-programa-2.jpg\u00bb title_text=\u00bbcartell-programa-2&#8243; _builder_version=\u00bb4.22.1&#8243; _module_preset=\u00bbdefault\u00bb global_colors_info=\u00bb{}\u00bb][\/et_pb_image][\/et_pb_column][\/et_pb_row][et_pb_row _builder_version=\u00bb4.16&#8243; _module_preset=\u00bbdefault\u00bb global_colors_info=\u00bb{}\u00bb][et_pb_column type=\u00bb4_4&#8243; _builder_version=\u00bb4.16&#8243; _module_preset=\u00bbdefault\u00bb global_colors_info=\u00bb{}\u00bb][et_pb_divider color=\u00bb#E02B20&#8243; divider_weight=\u00bb4px\u00bb _builder_version=\u00bb4.16&#8243; _module_preset=\u00bbdefault\u00bb global_colors_info=\u00bb{}\u00bb][\/et_pb_divider][\/et_pb_column][\/et_pb_row][\/et_pb_section]<\/p>\n","protected":false},"excerpt":{"rendered":"<p>L\u2019Ajuntament de Museros, i en concret, la Regidoria de Cultura i Promoci\u00f3 Ling\u00fc\u00edstica, atorguen el Premi Cultura Museros 2023 a Vicent Roig Gimeno com a reconeixement per la seua traject\u00f2ria art\u00edstica en el m\u00f3n musical al llarg de la seua vida.Vicent Roig GimenoPremi Cultura Museros 2023 Fill de Vicent i Mercedes, Vicent naix a Val\u00e8ncia [&hellip;]<\/p>\n","protected":false},"author":8,"featured_media":0,"parent":0,"menu_order":0,"comment_status":"closed","ping_status":"closed","template":"","meta":{"_et_pb_use_builder":"on","_et_pb_old_content":"","_et_gb_content_width":"","_mc_calendar":[],"footnotes":""},"wf_page_folders":[1545],"class_list":["post-265859","page","type-page","status-publish","hentry"],"_links":{"self":[{"href":"https:\/\/museros.org\/inici\/wp-json\/wp\/v2\/pages\/265859","targetHints":{"allow":["GET"]}}],"collection":[{"href":"https:\/\/museros.org\/inici\/wp-json\/wp\/v2\/pages"}],"about":[{"href":"https:\/\/museros.org\/inici\/wp-json\/wp\/v2\/types\/page"}],"author":[{"embeddable":true,"href":"https:\/\/museros.org\/inici\/wp-json\/wp\/v2\/users\/8"}],"replies":[{"embeddable":true,"href":"https:\/\/museros.org\/inici\/wp-json\/wp\/v2\/comments?post=265859"}],"version-history":[{"count":12,"href":"https:\/\/museros.org\/inici\/wp-json\/wp\/v2\/pages\/265859\/revisions"}],"predecessor-version":[{"id":271351,"href":"https:\/\/museros.org\/inici\/wp-json\/wp\/v2\/pages\/265859\/revisions\/271351"}],"wp:attachment":[{"href":"https:\/\/museros.org\/inici\/wp-json\/wp\/v2\/media?parent=265859"}],"wp:term":[{"taxonomy":"wf_page_folders","embeddable":true,"href":"https:\/\/museros.org\/inici\/wp-json\/wp\/v2\/wf_page_folders?post=265859"}],"curies":[{"name":"wp","href":"https:\/\/api.w.org\/{rel}","templated":true}]}}