{"id":265113,"date":"2023-07-07T12:05:20","date_gmt":"2023-07-07T12:05:20","guid":{"rendered":"https:\/\/museros.org\/inici\/?page_id=265113"},"modified":"2023-07-07T12:08:51","modified_gmt":"2023-07-07T12:08:51","slug":"area-de-turismo","status":"publish","type":"page","link":"https:\/\/museros.org\/inici\/es\/area-de-turismo\/","title":{"rendered":"\u00c1rea de Turismo"},"content":{"rendered":"<p>[et_pb_section fb_built=\u00bb1&#8243; _builder_version=\u00bb4.16&#8243; _module_preset=\u00bbdefault\u00bb custom_padding=\u00bb0px||||false|false\u00bb locked=\u00bboff\u00bb global_colors_info=\u00bb{}\u00bb][et_pb_row column_structure=\u00bb1_4,3_4&#8243; _builder_version=\u00bb4.16&#8243; _module_preset=\u00bbdefault\u00bb custom_margin=\u00bb0px||0px||false|false\u00bb custom_padding=\u00bb0px||0px||false|false\u00bb global_colors_info=\u00bb{}\u00bb][et_pb_column type=\u00bb1_4&#8243; _builder_version=\u00bb4.16&#8243; _module_preset=\u00bbdefault\u00bb global_colors_info=\u00bb{}\u00bb][et_pb_image src=\u00bbhttps:\/\/museros.org\/wp-content\/uploads\/2023\/07\/logo-turisme-cl-230&#215;180-1.jpg\u00bb title_text=\u00bblogo-turisme-cl-230&#215;180&#8243; url=\u00bbhttps:\/\/museros.org\/inici\/es\/concejalias\/\u00bb use_overlay=\u00bbon\u00bb overlay_icon_color=\u00bb#E02B20&#8243; hover_overlay_color=\u00bbrgba(255,255,255,0.7)\u00bb hover_icon=\u00bb&#xe04d;||divi||400&#8243; align=\u00bbcenter\u00bb _builder_version=\u00bb4.21.0&#8243; _module_preset=\u00bbdefault\u00bb width=\u00bb100%\u00bb width_tablet=\u00bb\u00bb width_phone=\u00bb\u00bb width_last_edited=\u00bbon|phone\u00bb module_alignment=\u00bbcenter\u00bb custom_margin=\u00bb0px||0px||false|false\u00bb custom_padding=\u00bb0px||0px||false|false\u00bb hover_enabled=\u00bb0&#8243; global_colors_info=\u00bb{}\u00bb sticky_enabled=\u00bb0&#8243;][\/et_pb_image][\/et_pb_column][et_pb_column type=\u00bb3_4&#8243; _builder_version=\u00bb4.16&#8243; _module_preset=\u00bbdefault\u00bb global_colors_info=\u00bb{}\u00bb][et_pb_text _builder_version=\u00bb4.21.0&#8243; _module_preset=\u00bbdefault\u00bb hover_enabled=\u00bb0&#8243; global_colors_info=\u00bb{}\u00bb sticky_enabled=\u00bb0&#8243;]<\/p>\n<h1>Turismo<strong><\/strong><\/h1>\n<p>Desde la Concejal\u00eda de Turismo, trabajamos por la promoci\u00f3n de Museros, de su patrimonio cultural y arquitect\u00f3nico y de sus fiestas y tradiciones populares.<\/p>\n<p>Esta tarea se lleva a cabo intermediando diferentes l\u00edneas de actuaci\u00f3n tanto a nivel local como externo:<br \/>\u2022 Impulso y potenciaci\u00f3n de rutas tur\u00edsticas destinadas tanto a los vecinos y vecinas de Museros como visitantes, como son la ruta ornitol\u00f3gica y otros de preparaci\u00f3n y organizaci\u00f3n inmediata.<br \/>\u2022 Promoci\u00f3n del capital cultural y patrimonial del municipio.<br \/>\u2022 Definici\u00f3n de pol\u00edticas y estrategias de preservaci\u00f3n y valorizaci\u00f3n del patrimonio cultural y natural en cuanto al turismo.<br \/>\u2022 Elaboraci\u00f3n de material de promoci\u00f3n tur\u00edstica para el web municipal.<br \/>\u2022 Participaci\u00f3n y colaboraci\u00f3n con otras entidades p\u00fablicas para trabajar conjuntamente y difundir la vertiente tur\u00edstica que puede tener Museros.<br \/>\u2022 Gesti\u00f3n de tr\u00e1mites de tipos tur\u00edsticos.<\/p>\n<p>[\/et_pb_text][\/et_pb_column][\/et_pb_row][et_pb_row _builder_version=\u00bb4.16&#8243; _module_preset=\u00bbdefault\u00bb custom_margin=\u00bb50px||0px||false|false\u00bb custom_padding=\u00bb0px||0px||false|false\u00bb global_colors_info=\u00bb{}\u00bb][et_pb_column type=\u00bb4_4&#8243; _builder_version=\u00bb4.16&#8243; _module_preset=\u00bbdefault\u00bb global_colors_info=\u00bb{}\u00bb][et_pb_divider color=\u00bb#E02B20&#8243; divider_weight=\u00bb4px\u00bb _builder_version=\u00bb4.16&#8243; _module_preset=\u00bbdefault\u00bb custom_margin=\u00bb0px||0px||false|false\u00bb custom_padding=\u00bb0px||0px||false|false\u00bb global_colors_info=\u00bb{}\u00bb][\/et_pb_divider][\/et_pb_column][\/et_pb_row][\/et_pb_section]<\/p>\n","protected":false},"excerpt":{"rendered":"<p>Turismo Desde la Concejal\u00eda de Turismo, trabajamos por la promoci\u00f3n de Museros, de su patrimonio cultural y arquitect\u00f3nico y de sus fiestas y tradiciones populares. Esta tarea se lleva a cabo intermediando diferentes l\u00edneas de actuaci\u00f3n tanto a nivel local como externo:\u2022 Impulso y potenciaci\u00f3n de rutas tur\u00edsticas destinadas tanto a los vecinos y vecinas [&hellip;]<\/p>\n","protected":false},"author":8,"featured_media":0,"parent":0,"menu_order":0,"comment_status":"closed","ping_status":"closed","template":"","meta":{"_et_pb_use_builder":"on","_et_pb_old_content":"","_et_gb_content_width":"","_mc_calendar":[],"footnotes":""},"wf_page_folders":[1526],"class_list":["post-265113","page","type-page","status-publish","hentry"],"_links":{"self":[{"href":"https:\/\/museros.org\/inici\/wp-json\/wp\/v2\/pages\/265113","targetHints":{"allow":["GET"]}}],"collection":[{"href":"https:\/\/museros.org\/inici\/wp-json\/wp\/v2\/pages"}],"about":[{"href":"https:\/\/museros.org\/inici\/wp-json\/wp\/v2\/types\/page"}],"author":[{"embeddable":true,"href":"https:\/\/museros.org\/inici\/wp-json\/wp\/v2\/users\/8"}],"replies":[{"embeddable":true,"href":"https:\/\/museros.org\/inici\/wp-json\/wp\/v2\/comments?post=265113"}],"version-history":[{"count":4,"href":"https:\/\/museros.org\/inici\/wp-json\/wp\/v2\/pages\/265113\/revisions"}],"predecessor-version":[{"id":278045,"href":"https:\/\/museros.org\/inici\/wp-json\/wp\/v2\/pages\/265113\/revisions\/278045"}],"wp:attachment":[{"href":"https:\/\/museros.org\/inici\/wp-json\/wp\/v2\/media?parent=265113"}],"wp:term":[{"taxonomy":"wf_page_folders","embeddable":true,"href":"https:\/\/museros.org\/inici\/wp-json\/wp\/v2\/wf_page_folders?post=265113"}],"curies":[{"name":"wp","href":"https:\/\/api.w.org\/{rel}","templated":true}]}}