{"id":265109,"date":"2023-07-07T12:01:54","date_gmt":"2023-07-07T12:01:54","guid":{"rendered":"https:\/\/museros.org\/inici\/?page_id=265109"},"modified":"2023-07-07T12:07:11","modified_gmt":"2023-07-07T12:07:11","slug":"area-de-turisme","status":"publish","type":"page","link":"https:\/\/museros.org\/inici\/area-de-turisme\/","title":{"rendered":"\u00c0rea de turisme"},"content":{"rendered":"<p>[et_pb_section fb_built=\u00bb1&#8243; _builder_version=\u00bb4.16&#8243; _module_preset=\u00bbdefault\u00bb custom_padding=\u00bb0px||||false|false\u00bb locked=\u00bboff\u00bb global_colors_info=\u00bb{}\u00bb][et_pb_row column_structure=\u00bb1_4,3_4&#8243; _builder_version=\u00bb4.16&#8243; _module_preset=\u00bbdefault\u00bb custom_margin=\u00bb0px||0px||false|false\u00bb custom_padding=\u00bb0px||0px||false|false\u00bb global_colors_info=\u00bb{}\u00bb][et_pb_column type=\u00bb1_4&#8243; _builder_version=\u00bb4.16&#8243; _module_preset=\u00bbdefault\u00bb global_colors_info=\u00bb{}\u00bb][et_pb_image src=\u00bbhttps:\/\/museros.org\/wp-content\/uploads\/2023\/07\/logo-turisme-cl-230&#215;180-1.jpg\u00bb title_text=\u00bblogo-turisme-cl-230&#215;180&#8243; url=\u00bbhttps:\/\/museros.org\/inici\/regidories\/\u00bb use_overlay=\u00bbon\u00bb overlay_icon_color=\u00bb#E02B20&#8243; hover_overlay_color=\u00bbrgba(255,255,255,0.7)\u00bb hover_icon=\u00bb&#xe04d;||divi||400&#8243; align=\u00bbcenter\u00bb _builder_version=\u00bb4.21.0&#8243; _module_preset=\u00bbdefault\u00bb width=\u00bb100%\u00bb width_tablet=\u00bb\u00bb width_phone=\u00bb\u00bb width_last_edited=\u00bbon|phone\u00bb module_alignment=\u00bbcenter\u00bb custom_margin=\u00bb0px||0px||false|false\u00bb custom_padding=\u00bb0px||0px||false|false\u00bb hover_enabled=\u00bb0&#8243; global_colors_info=\u00bb{}\u00bb sticky_enabled=\u00bb0&#8243;][\/et_pb_image][\/et_pb_column][et_pb_column type=\u00bb3_4&#8243; _builder_version=\u00bb4.16&#8243; _module_preset=\u00bbdefault\u00bb global_colors_info=\u00bb{}\u00bb][et_pb_text _builder_version=\u00bb4.21.0&#8243; _module_preset=\u00bbdefault\u00bb hover_enabled=\u00bb0&#8243; global_colors_info=\u00bb{}\u00bb sticky_enabled=\u00bb0&#8243;]<\/p>\n<h1>Turisme<strong><\/strong><\/h1>\n<p>Des de la Regidoria de Turisme, treballem per la promoci\u00f3 de Museros, del seu patrimoni cultural i arquitect\u00f2nic i de les seues festes i tradicions populars.<\/p>\n<p>Aquesta tasca es porta a terme mitjan\u00e7ant diferents l\u00ednies d&#8217;actuaci\u00f3 tant a nivell local com extern:<br \/>\u2022 Impuls i potenciaci\u00f3 de rutes tur\u00edstiques destinades tant als ve\u00efns i ve\u00efnes de Museros com a visitants, com s\u00f3n la ruta ornitol\u00f2gica i d\u2019altres de preparaci\u00f3 i organitzaci\u00f3 immediata.<br \/>\u2022 Promoci\u00f3 del capital cultural i patrimonial del municipi.<br \/>\u2022 Definici\u00f3 de pol\u00edtiques i estrat\u00e8gies de preservaci\u00f3 i valoritzaci\u00f3 del patrimoni cultural i natural pel que fa al turisme.<br \/>\u2022 Elaboraci\u00f3 de material de promoci\u00f3 tur\u00edstica per al web municipal.<br \/>\u2022 Participaci\u00f3 i col\u00b7laboraci\u00f3 amb unes altres entitats p\u00fabliques per treballar conjuntament i difondre el vessant tur\u00edstic que pot tindre Museros.<br \/>\u2022 Gesti\u00f3 de tr\u00e0mits de tipus tur\u00edstics.<\/p>\n<p>[\/et_pb_text][\/et_pb_column][\/et_pb_row][et_pb_row _builder_version=\u00bb4.16&#8243; _module_preset=\u00bbdefault\u00bb custom_margin=\u00bb50px||0px||false|false\u00bb custom_padding=\u00bb0px||0px||false|false\u00bb global_colors_info=\u00bb{}\u00bb][et_pb_column type=\u00bb4_4&#8243; _builder_version=\u00bb4.16&#8243; _module_preset=\u00bbdefault\u00bb global_colors_info=\u00bb{}\u00bb][et_pb_divider color=\u00bb#E02B20&#8243; divider_weight=\u00bb4px\u00bb _builder_version=\u00bb4.16&#8243; _module_preset=\u00bbdefault\u00bb custom_margin=\u00bb0px||0px||false|false\u00bb custom_padding=\u00bb0px||0px||false|false\u00bb global_colors_info=\u00bb{}\u00bb][\/et_pb_divider][\/et_pb_column][\/et_pb_row][\/et_pb_section]<\/p>\n","protected":false},"excerpt":{"rendered":"<p>Turisme Des de la Regidoria de Turisme, treballem per la promoci\u00f3 de Museros, del seu patrimoni cultural i arquitect\u00f2nic i de les seues festes i tradicions populars. Aquesta tasca es porta a terme mitjan\u00e7ant diferents l\u00ednies d&#8217;actuaci\u00f3 tant a nivell local com extern:\u2022 Impuls i potenciaci\u00f3 de rutes tur\u00edstiques destinades tant als ve\u00efns i ve\u00efnes [&hellip;]<\/p>\n","protected":false},"author":8,"featured_media":0,"parent":0,"menu_order":0,"comment_status":"closed","ping_status":"closed","template":"","meta":{"_et_pb_use_builder":"on","_et_pb_old_content":"","_et_gb_content_width":"","_mc_calendar":[],"footnotes":""},"wf_page_folders":[1526],"class_list":["post-265109","page","type-page","status-publish","hentry"],"_links":{"self":[{"href":"https:\/\/museros.org\/inici\/wp-json\/wp\/v2\/pages\/265109","targetHints":{"allow":["GET"]}}],"collection":[{"href":"https:\/\/museros.org\/inici\/wp-json\/wp\/v2\/pages"}],"about":[{"href":"https:\/\/museros.org\/inici\/wp-json\/wp\/v2\/types\/page"}],"author":[{"embeddable":true,"href":"https:\/\/museros.org\/inici\/wp-json\/wp\/v2\/users\/8"}],"replies":[{"embeddable":true,"href":"https:\/\/museros.org\/inici\/wp-json\/wp\/v2\/comments?post=265109"}],"version-history":[{"count":4,"href":"https:\/\/museros.org\/inici\/wp-json\/wp\/v2\/pages\/265109\/revisions"}],"predecessor-version":[{"id":265118,"href":"https:\/\/museros.org\/inici\/wp-json\/wp\/v2\/pages\/265109\/revisions\/265118"}],"wp:attachment":[{"href":"https:\/\/museros.org\/inici\/wp-json\/wp\/v2\/media?parent=265109"}],"wp:term":[{"taxonomy":"wf_page_folders","embeddable":true,"href":"https:\/\/museros.org\/inici\/wp-json\/wp\/v2\/wf_page_folders?post=265109"}],"curies":[{"name":"wp","href":"https:\/\/api.w.org\/{rel}","templated":true}]}}