{"id":263998,"date":"2023-03-23T16:15:16","date_gmt":"2023-03-23T16:15:16","guid":{"rendered":"https:\/\/museros.org\/inici\/?page_id=263998"},"modified":"2023-03-23T16:49:17","modified_gmt":"2023-03-23T16:49:17","slug":"curso-monitores","status":"publish","type":"page","link":"https:\/\/museros.org\/inici\/es\/curso-monitores\/","title":{"rendered":"Curso monitoires"},"content":{"rendered":"\n[et_pb_section fb_built=\u00bb1&#8243; _builder_version=\u00bb4.16&#8243; _module_preset=\u00bbdefault\u00bb custom_margin=\u00bb0px||||false|false\u00bb custom_padding=\u00bb0px||||false|false\u00bb locked=\u00bboff\u00bb global_colors_info=\u00bb{}\u00bb][et_pb_row column_structure=\u00bb1_4,3_4&#8243; _builder_version=\u00bb4.16&#8243; _module_preset=\u00bbdefault\u00bb custom_margin=\u00bb0px||||false|false\u00bb custom_padding=\u00bb0px||||false|false\u00bb global_colors_info=\u00bb{}\u00bb][et_pb_column type=\u00bb1_4&#8243; _builder_version=\u00bb4.16&#8243; _module_preset=\u00bbdefault\u00bb global_colors_info=\u00bb{}\u00bb][et_pb_image src=\u00bbhttps:\/\/museros.org\/wp-content\/uploads\/2021\/07\/espaijove-230&#215;180-1.jpg\u00bb title_text=\u00bbespaijove-230&#215;180&#8243; url=\u00bbhttps:\/\/museros.org\/inici\/es\/area-de-juventud\/\u00bb use_overlay=\u00bbon\u00bb overlay_icon_color=\u00bbrgba(224,43,32,0.7)\u00bb hover_overlay_color=\u00bbrgba(255,255,255,0.5)\u00bb hover_icon=\u00bb&#xe04d;||divi||400&#8243; align=\u00bbcenter\u00bb _builder_version=\u00bb4.16&#8243; _module_preset=\u00bbdefault\u00bb custom_margin=\u00bb0px||||false|false\u00bb custom_padding=\u00bb0px||||false|false\u00bb global_colors_info=\u00bb{}\u00bb][\/et_pb_image][\/et_pb_column][et_pb_column type=\u00bb3_4&#8243; _builder_version=\u00bb4.16&#8243; _module_preset=\u00bbdefault\u00bb global_colors_info=\u00bb{}\u00bb][et_pb_image src=\u00bbhttps:\/\/museros.org\/wp-content\/uploads\/2023\/03\/cartell-MAT.jpg\u00bb title_text=\u00bbcartell-MAT\u00bb _builder_version=\u00bb4.20.2&#8243; _module_preset=\u00bbdefault\u00bb custom_padding=\u00bb||30px||false|false\u00bb hover_enabled=\u00bb0&#8243; global_colors_info=\u00bb{}\u00bb sticky_enabled=\u00bb0&#8243;][\/et_pb_image][et_pb_text _builder_version=\u00bb4.20.2&#8243; _module_preset=\u00bbdefault\u00bb custom_padding=\u00bb||0px|||\u00bb locked=\u00bboff\u00bb global_colors_info=\u00bb{}\u00bb]Os recordamos que hoy se abre el periodo de inscripciones para el CURSO DE MONITOR\/A de ACTIVIDADES DE TIEMPO LIBRE EDUCATIVO INFANTIL Y JUVENIL (MAT)\n\nFormulario: <a href=\"https:\/\/forms.gle\/FwyU2N1rjFxaFH7R8\" target=\"_blank\" rel=\"noopener\">https:\/\/forms.gle\/FwyU2N1rjFxaFH7R8<\/a>\n\nUna vez completas las plazas, se seguir\u00e1 la orden de la lista de espera.\n\nHorario curso: viernes, de 16.00 h a 21.00 h, y s\u00e1bados, de 9.00 h a 14.00 h, desde el 21 de abril al 30 de junio.\n\nPrecio: 169\u20ac\n\nM\u00e1s informaci\u00f3n:\nhttps:\/\/drive.google.com\/&#8230;\/193ssIPKrtR&#8230;\/view&#8230;\n<a href=\"mailto:mailto.joventut@massamagrell.es\" target=\"_blank\" rel=\"noopener\">joventut@massamagrell.es<\/a>\n96 144 39 53 (extensi\u00f3n 4) \/ 603 42 34 29\nO atenci\u00f3n e informaci\u00f3n en el Centro Cultural de Massamagrell lunes, mi\u00e9rcoles y viernes de 9.00 h a 14.00 h y mi\u00e9rcoles de 16.30 h a 18.30[\/et_pb_text][\/et_pb_column][\/et_pb_row][et_pb_row _builder_version=\u00bb4.16&#8243; _module_preset=\u00bbdefault\u00bb global_colors_info=\u00bb{}\u00bb][et_pb_column type=\u00bb4_4&#8243; _builder_version=\u00bb4.16&#8243; _module_preset=\u00bbdefault\u00bb global_colors_info=\u00bb{}\u00bb][et_pb_divider color=\u00bb#E02B20&#8243; divider_weight=\u00bb4px\u00bb _builder_version=\u00bb4.16&#8243; _module_preset=\u00bbdefault\u00bb global_colors_info=\u00bb{}\u00bb][\/et_pb_divider][\/et_pb_column][\/et_pb_row][\/et_pb_section]\n","protected":false},"excerpt":{"rendered":"<p>Os recordamos que hoy se abre el periodo de inscripciones para el CURSO DE MONITOR\/A de ACTIVIDADES DE TIEMPO LIBRE EDUCATIVO INFANTIL Y JUVENIL (MAT) Formulario: https:\/\/forms.gle\/FwyU2N1rjFxaFH7R8 Una vez completas las plazas, se seguir\u00e1 la orden de la lista de espera. Horario curso: viernes, de 16.00 h a 21.00 h, y s\u00e1bados, de 9.00 h [&hellip;]<\/p>\n","protected":false},"author":8,"featured_media":0,"parent":0,"menu_order":0,"comment_status":"closed","ping_status":"closed","template":"","meta":{"_et_pb_use_builder":"on","_et_pb_old_content":"","_et_gb_content_width":"","_mc_calendar":[],"footnotes":""},"wf_page_folders":[409],"class_list":["post-263998","page","type-page","status-publish","hentry"],"_links":{"self":[{"href":"https:\/\/museros.org\/inici\/wp-json\/wp\/v2\/pages\/263998","targetHints":{"allow":["GET"]}}],"collection":[{"href":"https:\/\/museros.org\/inici\/wp-json\/wp\/v2\/pages"}],"about":[{"href":"https:\/\/museros.org\/inici\/wp-json\/wp\/v2\/types\/page"}],"author":[{"embeddable":true,"href":"https:\/\/museros.org\/inici\/wp-json\/wp\/v2\/users\/8"}],"replies":[{"embeddable":true,"href":"https:\/\/museros.org\/inici\/wp-json\/wp\/v2\/comments?post=263998"}],"version-history":[{"count":8,"href":"https:\/\/museros.org\/inici\/wp-json\/wp\/v2\/pages\/263998\/revisions"}],"predecessor-version":[{"id":264024,"href":"https:\/\/museros.org\/inici\/wp-json\/wp\/v2\/pages\/263998\/revisions\/264024"}],"wp:attachment":[{"href":"https:\/\/museros.org\/inici\/wp-json\/wp\/v2\/media?parent=263998"}],"wp:term":[{"taxonomy":"wf_page_folders","embeddable":true,"href":"https:\/\/museros.org\/inici\/wp-json\/wp\/v2\/wf_page_folders?post=263998"}],"curies":[{"name":"wp","href":"https:\/\/api.w.org\/{rel}","templated":true}]}}