{"id":263735,"date":"2023-02-28T10:48:10","date_gmt":"2023-02-28T10:48:10","guid":{"rendered":"https:\/\/museros.org\/inici\/?page_id=263735"},"modified":"2023-02-28T10:48:10","modified_gmt":"2023-02-28T10:48:10","slug":"dia-del-padre","status":"publish","type":"page","link":"https:\/\/museros.org\/inici\/es\/dia-del-padre\/","title":{"rendered":"D\u00eda del padre"},"content":{"rendered":"<p>[et_pb_section fb_built=\u00bb1&#8243; _builder_version=\u00bb4.16&#8243; _module_preset=\u00bbdefault\u00bb custom_padding=\u00bb0px||||false|false\u00bb locked=\u00bboff\u00bb global_colors_info=\u00bb{}\u00bb theme_builder_area=\u00bbpost_content\u00bb][et_pb_row column_structure=\u00bb1_3,2_3&#8243; _builder_version=\u00bb4.16&#8243; _module_preset=\u00bbdefault\u00bb custom_margin=\u00bb0px||0px||false|false\u00bb custom_padding=\u00bb0px||0px||false|false\u00bb global_colors_info=\u00bb{}\u00bb theme_builder_area=\u00bbpost_content\u00bb][et_pb_column type=\u00bb1_3&#8243; _builder_version=\u00bb4.16&#8243; _module_preset=\u00bbdefault\u00bb global_colors_info=\u00bb{}\u00bb theme_builder_area=\u00bbpost_content\u00bb][et_pb_image src=\u00bbhttps:\/\/museros.org\/wp-content\/uploads\/2021\/06\/logo-comercio-cl-230&#215;180-1.jpg\u00bb title_text=\u00bblogo-comercio-cl-230&#215;180&#8243; url=\u00bbhttps:\/\/museros.org\/inici\/es\/area-de-comercio\u00bb use_overlay=\u00bbon\u00bb overlay_icon_color=\u00bb#E02B20&#8243; hover_overlay_color=\u00bbrgba(255,255,255,0.7)\u00bb hover_icon=\u00bb&#xe04d;||divi||400&#8243; align=\u00bbcenter\u00bb _builder_version=\u00bb4.20.0&#8243; _module_preset=\u00bbdefault\u00bb width=\u00bb100%\u00bb width_tablet=\u00bb\u00bb width_phone=\u00bb\u00bb width_last_edited=\u00bbon|phone\u00bb module_alignment=\u00bbcenter\u00bb custom_margin=\u00bb0px||0px||false|false\u00bb custom_padding=\u00bb0px||0px||false|false\u00bb hover_enabled=\u00bb0&#8243; global_colors_info=\u00bb{}\u00bb theme_builder_area=\u00bbpost_content\u00bb sticky_enabled=\u00bb0&#8243;][\/et_pb_image][\/et_pb_column][et_pb_column type=\u00bb2_3&#8243; _builder_version=\u00bb4.16&#8243; _module_preset=\u00bbdefault\u00bb global_colors_info=\u00bb{}\u00bb theme_builder_area=\u00bbpost_content\u00bb][et_pb_image src=\u00bbhttps:\/\/museros.org\/wp-content\/uploads\/2023\/02\/tulovales-600&#215;300-1.jpg\u00bb title_text=\u00bbtulovales-600&#215;300&#8243; _builder_version=\u00bb4.20.0&#8243; _module_preset=\u00bbdefault\u00bb hover_enabled=\u00bb0&#8243; global_colors_info=\u00bb{}\u00bb theme_builder_area=\u00bbpost_content\u00bb sticky_enabled=\u00bb0&#8243;][\/et_pb_image][et_pb_text _builder_version=\u00bb4.20.0&#8243; _module_preset=\u00bbdefault\u00bb custom_margin=\u00bb||||false|false\u00bb custom_padding=\u00bb||1px|0px|false|false\u00bb hover_enabled=\u00bb0&#8243; global_colors_info=\u00bb{}\u00bb theme_builder_area=\u00bbpost_content\u00bb sticky_enabled=\u00bb0&#8243;]<\/p>\n<h4>Si sellas tu pasaporte en los comercios adheridos, entrar\u00e1s en el sorteo de 13 tarjetas monedero por valor de 50 \u20ac cada una para consumir en el comercio local asociado a CAMU.<\/h4>\n<h2>Pap\u00e1 t\u00fa lo vales!<\/h2>\n<p>Bajo el lema Pap\u00e1 t\u00fa lo vales!, el Ayuntamiento de Museros, mediante la Concejal\u00eda de Comercio, y con la colaboraci\u00f3n de Caja Popular y CAMU, pone en marcha una nueva campa\u00f1a comercial; en esta ocasi\u00f3n, con motivo del D\u00eda del Padre, con la idea de continuar incentivando los consumidores y las consumidoras, con premios que pueden conseguir al realizar sus compras en el comercio local o al utilizar cualquier de los servicios de profesionales o de restauraci\u00f3n de la localidad, esta nueva iniciativa es una continuidad de la l\u00ednea de trabajo que, hasta ahora, ha mantenido el Equipo de Gobierno junto con la Asociaci\u00f3n de Comerciantes y la entidad financiera Caja Popular, para secundar y defender el sector comercial tradicional, profesional y de restauraci\u00f3n del municipio de Museros, motor esencial de nuestra econom\u00eda.<\/p>\n<p>Esta campa\u00f1a, en la cual se invita los ciudadanos y las ciudadanas a realizar sus compras en los comercios de Museros, incluye el sorteo de 13 tarjetas monedero por valor de 50 \u20ac cada una para consumir en el comercio local asociado a CAMU, estas tarjetas se sortear\u00e1n entre aquellas compras realizadas entre los d\u00edas 1 y 19 de marzo, ambos incluidos, en cualquier comercio de Museros, excepto franquicias o grandes superficies.<\/p>\n<p>Al efectuar las compras, las cuales ser\u00e1n de 10 \u20ac como m\u00ednimo, en cualquier de los comercios, tendr\u00e1n que llenar el pasaporte con sus datos personales y adjuntar el ticket de compra.<\/p>\n<p>En el ticket, o en cualquier otro documento equivalente, tendr\u00e1n que figurar los datos del comercio, del profesional o del local de restauraci\u00f3n donde se haya efectuado el gasto.<\/p>\n<p>Los tickets se depositar\u00e1n en el Ayuntamiento de Museros al lugar habilitado para esta finalidad, en horario de 09.00 h a 14.00 h, excepto festivos, hasta el d\u00eda 20 de marzo; entre todos aquellos tickets o comprobantes del gasto que cumplan todos los requisitos, se sortear\u00e1n los premios.<\/p>\n<p>El sorteo tendr\u00e1 lugar el martes 21 de marzo.<\/p>\n<p>La entrega de premios estar\u00e1 en la sala de plenarios del Ayuntamiento, el martes 28 de marzo a las 20.00 h.<\/p>\n<p>&nbsp;<\/p>\n<p>[\/et_pb_text][\/et_pb_column][\/et_pb_row][et_pb_row _builder_version=\u00bb4.16&#8243; _module_preset=\u00bbdefault\u00bb custom_margin=\u00bb50px||0px||false|false\u00bb custom_padding=\u00bb0px||0px||false|false\u00bb global_colors_info=\u00bb{}\u00bb theme_builder_area=\u00bbpost_content\u00bb][et_pb_column type=\u00bb4_4&#8243; _builder_version=\u00bb4.16&#8243; _module_preset=\u00bbdefault\u00bb global_colors_info=\u00bb{}\u00bb theme_builder_area=\u00bbpost_content\u00bb][et_pb_divider color=\u00bb#E02B20&#8243; divider_weight=\u00bb4px\u00bb _builder_version=\u00bb4.16&#8243; _module_preset=\u00bbdefault\u00bb custom_margin=\u00bb0px||0px||false|false\u00bb custom_padding=\u00bb0px||0px||false|false\u00bb global_colors_info=\u00bb{}\u00bb theme_builder_area=\u00bbpost_content\u00bb][\/et_pb_divider][\/et_pb_column][\/et_pb_row][\/et_pb_section]<\/p>\n","protected":false},"excerpt":{"rendered":"<p>Si sellas tu pasaporte en los comercios adheridos, entrar\u00e1s en el sorteo de 13 tarjetas monedero por valor de 50 \u20ac cada una para consumir en el comercio local asociado a CAMU. Pap\u00e1 t\u00fa lo vales! Bajo el lema Pap\u00e1 t\u00fa lo vales!, el Ayuntamiento de Museros, mediante la Concejal\u00eda de Comercio, y con la [&hellip;]<\/p>\n","protected":false},"author":8,"featured_media":0,"parent":0,"menu_order":0,"comment_status":"closed","ping_status":"closed","template":"","meta":{"_et_pb_use_builder":"on","_et_pb_old_content":"","_et_gb_content_width":"","_mc_calendar":[],"footnotes":""},"wf_page_folders":[294],"class_list":["post-263735","page","type-page","status-publish","hentry"],"_links":{"self":[{"href":"https:\/\/museros.org\/inici\/wp-json\/wp\/v2\/pages\/263735","targetHints":{"allow":["GET"]}}],"collection":[{"href":"https:\/\/museros.org\/inici\/wp-json\/wp\/v2\/pages"}],"about":[{"href":"https:\/\/museros.org\/inici\/wp-json\/wp\/v2\/types\/page"}],"author":[{"embeddable":true,"href":"https:\/\/museros.org\/inici\/wp-json\/wp\/v2\/users\/8"}],"replies":[{"embeddable":true,"href":"https:\/\/museros.org\/inici\/wp-json\/wp\/v2\/comments?post=263735"}],"version-history":[{"count":2,"href":"https:\/\/museros.org\/inici\/wp-json\/wp\/v2\/pages\/263735\/revisions"}],"predecessor-version":[{"id":263738,"href":"https:\/\/museros.org\/inici\/wp-json\/wp\/v2\/pages\/263735\/revisions\/263738"}],"wp:attachment":[{"href":"https:\/\/museros.org\/inici\/wp-json\/wp\/v2\/media?parent=263735"}],"wp:term":[{"taxonomy":"wf_page_folders","embeddable":true,"href":"https:\/\/museros.org\/inici\/wp-json\/wp\/v2\/wf_page_folders?post=263735"}],"curies":[{"name":"wp","href":"https:\/\/api.w.org\/{rel}","templated":true}]}}