{"id":263441,"date":"2023-01-26T17:26:15","date_gmt":"2023-01-26T17:26:15","guid":{"rendered":"https:\/\/museros.org\/inici\/?page_id=263441"},"modified":"2023-01-26T17:31:10","modified_gmt":"2023-01-26T17:31:10","slug":"sant-valenti","status":"publish","type":"page","link":"https:\/\/museros.org\/inici\/sant-valenti\/","title":{"rendered":"Sant Valent\u00ed"},"content":{"rendered":"<p>[et_pb_section fb_built=\u00bb1&#8243; _builder_version=\u00bb4.16&#8243; _module_preset=\u00bbdefault\u00bb custom_padding=\u00bb0px||||false|false\u00bb locked=\u00bboff\u00bb global_colors_info=\u00bb{}\u00bb][et_pb_row column_structure=\u00bb1_3,2_3&#8243; _builder_version=\u00bb4.16&#8243; _module_preset=\u00bbdefault\u00bb custom_margin=\u00bb0px||0px||false|false\u00bb custom_padding=\u00bb0px||0px||false|false\u00bb global_colors_info=\u00bb{}\u00bb][et_pb_column type=\u00bb1_3&#8243; _builder_version=\u00bb4.16&#8243; _module_preset=\u00bbdefault\u00bb global_colors_info=\u00bb{}\u00bb][et_pb_image src=\u00bbhttps:\/\/museros.org\/wp-content\/uploads\/2021\/08\/logo-comerc\u0327-cl-230&#215;180-1.jpg\u00bb title_text=\u00bblogo-comerc\u0327-cl-230&#215;180&#8243; url=\u00bbhttps:\/\/museros.org\/inici\/area-de-comerc\u00bb use_overlay=\u00bbon\u00bb overlay_icon_color=\u00bb#E02B20&#8243; hover_overlay_color=\u00bbrgba(255,255,255,0.7)\u00bb hover_icon=\u00bb&#xe04d;||divi||400&#8243; align=\u00bbcenter\u00bb _builder_version=\u00bb4.17.3&#8243; _module_preset=\u00bbdefault\u00bb width=\u00bb100%\u00bb width_tablet=\u00bb\u00bb width_phone=\u00bb\u00bb width_last_edited=\u00bbon|phone\u00bb module_alignment=\u00bbcenter\u00bb custom_margin=\u00bb0px||0px||false|false\u00bb custom_padding=\u00bb0px||0px||false|false\u00bb global_colors_info=\u00bb{}\u00bb][\/et_pb_image][\/et_pb_column][et_pb_column type=\u00bb2_3&#8243; _builder_version=\u00bb4.16&#8243; _module_preset=\u00bbdefault\u00bb global_colors_info=\u00bb{}\u00bb][et_pb_image src=\u00bbhttps:\/\/museros.org\/wp-content\/uploads\/2023\/01\/SanValentin-800&#215;800-1.jpg\u00bb title_text=\u00bbSanValentin-800&#215;800&#8243; _builder_version=\u00bb4.19.5&#8243; _module_preset=\u00bbdefault\u00bb hover_enabled=\u00bb0&#8243; global_colors_info=\u00bb{}\u00bb show_bottom_space=\u00bboff\u00bb custom_margin=\u00bb40px||40px||false|false\u00bb sticky_enabled=\u00bb0&#8243;][\/et_pb_image][et_pb_text _builder_version=\u00bb4.19.5&#8243; _module_preset=\u00bbdefault\u00bb custom_margin=\u00bb||||false|false\u00bb custom_padding=\u00bb||1px|0px|false|false\u00bb global_colors_info=\u00bb{}\u00bb]<\/p>\n<h1>El comer\u00e7 local et vol<\/h1>\n<p>Sota el lema El comer\u00e7 local et vol, l&#8217;Ajuntament de Museros, mitjan\u00e7ant la Regidoria de Comer\u00e7, i amb la col\u00b7laboraci\u00f3 de Caixa Popular i CAMU, posa en marxa la campanya comercial de Sant Valent\u00ed, amb la idea d&#8217;incentivar els consumidors i fomentar l&#8217;\u00fas del comer\u00e7 local.<\/p>\n<p>Aquesta nova iniciativa cont\u00ednua amb la l\u00ednia que fins ara ha mantingut l&#8217;Equip de Govern per a secundar i defensar al sector comercial tradicional del municipi.<\/p>\n<p>Aquesta campanya, en la qual es convida els ciutadans i les ciutadanes a realitzar les seues compres en el comer\u00e7 tradicional durant el dia de Sant Valent\u00ed, inclou el sorteig de 10 targetes moneder per valor de 50 \u20ac cadascuna per a consumir en el comer\u00e7 local associat a CAMU, aquestes targetes se sortejaran entre aquelles compres realitzades entre els dies 3 i 14 de febrer, tots dos inclosos, en els comer\u00e7os de Museros que s&#8217;adherisquen a la campanya.<\/p>\n<p>Per a adherir-se a la campanya, \u00fanicament, han de posar-se en contacte amb la Regidoria de Comer\u00e7 pels mitjans habituals; abans de l&#8217;inici de la campanya, se&#8217;ls lliurar\u00e0 un cartell distintiu com a participants.<\/p>\n<p>En efectuar la compra en qualsevol dels comer\u00e7os participants, se&#8217;ls entregar\u00e0 un passaport, en el qual es trobar\u00e0 el segell de l&#8217;establiment i en el qual les persones participants hauran d&#8217;anotar nom i n\u00famero de tel\u00e8fon, que serviran per a posar-se en contacte amb elles, si foren guanyadores. La compra haur\u00e0 de ser almenys per un import de 10 \u20ac, i caldr\u00e0 grapar el tiquet de compra al passaport.<\/p>\n<p>Els passaports es depositaran, mentre dure la campanya, a l&#8217;Ajuntament de Museros en el lloc habilitat per a aquesta finalitat, de dilluns a divendres, en horari de 09.00 h a 14.00 h.<\/p>\n<p>Entre tots aquests passaports se sortejaran els premis el dijous 15 de febrer.<\/p>\n<p>El lliurament de premis ser\u00e0 al sal\u00f3 de plens de l&#8217;Ajuntament, el dilluns 20 de febrer, a les 20.00 hores.<\/p>\n<p>[\/et_pb_text][\/et_pb_column][\/et_pb_row][et_pb_row _builder_version=\u00bb4.16&#8243; _module_preset=\u00bbdefault\u00bb custom_margin=\u00bb50px||0px||false|false\u00bb custom_padding=\u00bb0px||0px||false|false\u00bb global_colors_info=\u00bb{}\u00bb][et_pb_column type=\u00bb4_4&#8243; _builder_version=\u00bb4.16&#8243; _module_preset=\u00bbdefault\u00bb global_colors_info=\u00bb{}\u00bb][et_pb_divider color=\u00bb#E02B20&#8243; divider_weight=\u00bb4px\u00bb _builder_version=\u00bb4.16&#8243; _module_preset=\u00bbdefault\u00bb custom_margin=\u00bb0px||0px||false|false\u00bb custom_padding=\u00bb0px||0px||false|false\u00bb global_colors_info=\u00bb{}\u00bb][\/et_pb_divider][\/et_pb_column][\/et_pb_row][\/et_pb_section]<\/p>\n","protected":false},"excerpt":{"rendered":"<p>El comer\u00e7 local et vol Sota el lema El comer\u00e7 local et vol, l&#8217;Ajuntament de Museros, mitjan\u00e7ant la Regidoria de Comer\u00e7, i amb la col\u00b7laboraci\u00f3 de Caixa Popular i CAMU, posa en marxa la campanya comercial de Sant Valent\u00ed, amb la idea d&#8217;incentivar els consumidors i fomentar l&#8217;\u00fas del comer\u00e7 local. Aquesta nova iniciativa cont\u00ednua [&hellip;]<\/p>\n","protected":false},"author":8,"featured_media":0,"parent":0,"menu_order":0,"comment_status":"closed","ping_status":"closed","template":"","meta":{"_et_pb_use_builder":"on","_et_pb_old_content":"","_et_gb_content_width":"","_mc_calendar":[],"footnotes":""},"wf_page_folders":[294],"class_list":["post-263441","page","type-page","status-publish","hentry"],"_links":{"self":[{"href":"https:\/\/museros.org\/inici\/wp-json\/wp\/v2\/pages\/263441","targetHints":{"allow":["GET"]}}],"collection":[{"href":"https:\/\/museros.org\/inici\/wp-json\/wp\/v2\/pages"}],"about":[{"href":"https:\/\/museros.org\/inici\/wp-json\/wp\/v2\/types\/page"}],"author":[{"embeddable":true,"href":"https:\/\/museros.org\/inici\/wp-json\/wp\/v2\/users\/8"}],"replies":[{"embeddable":true,"href":"https:\/\/museros.org\/inici\/wp-json\/wp\/v2\/comments?post=263441"}],"version-history":[{"count":4,"href":"https:\/\/museros.org\/inici\/wp-json\/wp\/v2\/pages\/263441\/revisions"}],"predecessor-version":[{"id":267733,"href":"https:\/\/museros.org\/inici\/wp-json\/wp\/v2\/pages\/263441\/revisions\/267733"}],"wp:attachment":[{"href":"https:\/\/museros.org\/inici\/wp-json\/wp\/v2\/media?parent=263441"}],"wp:term":[{"taxonomy":"wf_page_folders","embeddable":true,"href":"https:\/\/museros.org\/inici\/wp-json\/wp\/v2\/wf_page_folders?post=263441"}],"curies":[{"name":"wp","href":"https:\/\/api.w.org\/{rel}","templated":true}]}}