{"id":263405,"date":"2023-01-20T10:18:53","date_gmt":"2023-01-20T10:18:53","guid":{"rendered":"https:\/\/museros.org\/inici\/?page_id=263405"},"modified":"2023-01-20T10:46:34","modified_gmt":"2023-01-20T10:46:34","slug":"campana-de-prevencion","status":"publish","type":"page","link":"https:\/\/museros.org\/inici\/es\/campana-de-prevencion\/","title":{"rendered":"Campa\u00f1a de prevenci\u00f3n"},"content":{"rendered":"\n\n[et_pb_section fb_built=\u00bb1&#8243; _builder_version=\u00bb4.16&#8243; _module_preset=\u00bbdefault\u00bb custom_padding=\u00bb0px||||false|false\u00bb locked=\u00bboff\u00bb global_colors_info=\u00bb{}\u00bb][et_pb_row column_structure=\u00bb1_4,3_4&#8243; _builder_version=\u00bb4.16&#8243; _module_preset=\u00bbdefault\u00bb custom_padding=\u00bb0px||||false|false\u00bb global_colors_info=\u00bb{}\u00bb][et_pb_column type=\u00bb1_4&#8243; _builder_version=\u00bb4.16&#8243; _module_preset=\u00bbdefault\u00bb global_colors_info=\u00bb{}\u00bb][et_pb_image src=\u00bbhttps:\/\/museros.org\/wp-content\/uploads\/2021\/06\/logo-politicas-cl-230&#215;180-1.jpg\u00bb title_text=\u00bblogo-politicas-cl-230&#215;180&#8243; url=\u00bbhttps:\/\/museros.org\/inici\/es\/igualdad-y-violencia-de-genero\/\u00bb use_overlay=\u00bbon\u00bb overlay_icon_color=\u00bb#E02B20&#8243; hover_overlay_color=\u00bbrgba(255,255,255,0.7)\u00bb hover_icon=\u00bb&#xe04d;||divi||400&#8243; align=\u00bbcenter\u00bb _builder_version=\u00bb4.19.4&#8243; _module_preset=\u00bbdefault\u00bb width=\u00bb100%\u00bb width_tablet=\u00bb\u00bb width_phone=\u00bb\u00bb width_last_edited=\u00bbon|desktop\u00bb custom_margin=\u00bb0px||0px||false|false\u00bb custom_padding=\u00bb0px||0px||false|false\u00bb hover_enabled=\u00bb0&#8243; global_colors_info=\u00bb{}\u00bb sticky_enabled=\u00bb0&#8243;][\/et_pb_image][\/et_pb_column][et_pb_column type=\u00bb3_4&#8243; _builder_version=\u00bb4.16&#8243; _module_preset=\u00bbdefault\u00bb global_colors_info=\u00bb{}\u00bb][et_pb_text _builder_version=\u00bb4.19.4&#8243; _module_preset=\u00bbdefault\u00bb hover_enabled=\u00bb0&#8243; global_colors_info=\u00bb{}\u00bb sticky_enabled=\u00bb0&#8243;]<h2>Campa\u00f1a de prevenci\u00f3n de la prostituci\u00f3n y explotaci\u00f3n sexual<\/h2>\n<p>El Ayuntamiento de Museros recibi\u00f3 una subvenci\u00f3n de la Diputaci\u00f3n de Val\u00e8ncia por importe de 4.235 \u20ac, en concepto de ayudas para ayuntamiento de municipios adheridos a la Red de Municipios Protegidos contra la Violencia de G\u00e9nero, en el ejercicio 2022.<\/p>\n<p>Esta subvenci\u00f3n tuvo como objetivo desarrollar proyectos y campa\u00f1as municipales de sensibilizaci\u00f3n, prevenci\u00f3n y lucha contra la violencia de g\u00e9nero.<\/p>\n<p>En nuestro caso, esta subvenci\u00f3n recibida, fue destinada a hacer una campa\u00f1a de prevenci\u00f3n de la prostituci\u00f3n y explotaci\u00f3n sexual, y el protocolo de coordinaci\u00f3n para la prevenci\u00f3n y erradicaci\u00f3n de la violencia de g\u00e9nero en el municipio de Museros.<\/p>[\/et_pb_text][\/et_pb_column][\/et_pb_row][et_pb_row column_structure=\u00bb1_4,1_4,1_4,1_4&#8243; _builder_version=\u00bb4.19.4&#8243; _module_preset=\u00bbdefault\u00bb global_colors_info=\u00bb{}\u00bb][et_pb_column type=\u00bb1_4&#8243; _builder_version=\u00bb4.19.4&#8243; _module_preset=\u00bbdefault\u00bb global_colors_info=\u00bb{}\u00bb][et_pb_image src=\u00bbhttps:\/\/museros.org\/wp-content\/uploads\/2023\/01\/308719795_454022836758167_6836213802400672447_n.jpg\u00bb title_text=\u00bb308719795_454022836758167_6836213802400672447_n\u00bb _builder_version=\u00bb4.19.4&#8243; _module_preset=\u00bbdefault\u00bb global_colors_info=\u00bb{}\u00bb][\/et_pb_image][\/et_pb_column][et_pb_column type=\u00bb1_4&#8243; _builder_version=\u00bb4.19.4&#8243; _module_preset=\u00bbdefault\u00bb global_colors_info=\u00bb{}\u00bb][et_pb_image src=\u00bbhttps:\/\/museros.org\/wp-content\/uploads\/2023\/01\/308805966_454022886758162_3772942176905894920_n.jpg\u00bb title_text=\u00bb308805966_454022886758162_3772942176905894920_n\u00bb _builder_version=\u00bb4.19.4&#8243; _module_preset=\u00bbdefault\u00bb global_colors_info=\u00bb{}\u00bb][\/et_pb_image][\/et_pb_column][et_pb_column type=\u00bb1_4&#8243; _builder_version=\u00bb4.19.4&#8243; _module_preset=\u00bbdefault\u00bb global_colors_info=\u00bb{}\u00bb][et_pb_image src=\u00bbhttps:\/\/museros.org\/wp-content\/uploads\/2023\/01\/308544122_454022803424837_2617841637695605482_n.jpg\u00bb title_text=\u00bb308544122_454022803424837_2617841637695605482_n\u00bb _builder_version=\u00bb4.19.4&#8243; _module_preset=\u00bbdefault\u00bb global_colors_info=\u00bb{}\u00bb][\/et_pb_image][\/et_pb_column][et_pb_column type=\u00bb1_4&#8243; _builder_version=\u00bb4.19.4&#8243; _module_preset=\u00bbdefault\u00bb global_colors_info=\u00bb{}\u00bb][et_pb_image src=\u00bbhttps:\/\/museros.org\/wp-content\/uploads\/2023\/01\/308654142_454022793424838_96662207591447079_n.jpg\u00bb title_text=\u00bb308654142_454022793424838_96662207591447079_n\u00bb _builder_version=\u00bb4.19.4&#8243; _module_preset=\u00bbdefault\u00bb global_colors_info=\u00bb{}\u00bb][\/et_pb_image][\/et_pb_column][\/et_pb_row][et_pb_row _builder_version=\u00bb4.16&#8243; _module_preset=\u00bbdefault\u00bb global_colors_info=\u00bb{}\u00bb][et_pb_column type=\u00bb4_4&#8243; _builder_version=\u00bb4.16&#8243; _module_preset=\u00bbdefault\u00bb global_colors_info=\u00bb{}\u00bb][et_pb_divider color=\u00bb#E02B20&#8243; divider_weight=\u00bb3px\u00bb _builder_version=\u00bb4.16&#8243; _module_preset=\u00bbdefault\u00bb width=\u00bb100%\u00bb global_colors_info=\u00bb{}\u00bb][\/et_pb_divider][\/et_pb_column][\/et_pb_row][\/et_pb_section]\n\n","protected":false},"excerpt":{"rendered":"<p>Campa\u00f1a de prevenci\u00f3n de la prostituci\u00f3n y explotaci\u00f3n sexual El Ayuntamiento de Museros recibi\u00f3 una subvenci\u00f3n de la Diputaci\u00f3n de Val\u00e8ncia por importe de 4.235 \u20ac, en concepto de ayudas para ayuntamiento de municipios adheridos a la Red de Municipios Protegidos contra la Violencia de G\u00e9nero, en el ejercicio 2022. Esta subvenci\u00f3n tuvo como objetivo [&hellip;]<\/p>\n","protected":false},"author":8,"featured_media":0,"parent":0,"menu_order":0,"comment_status":"closed","ping_status":"closed","template":"","meta":{"_et_pb_use_builder":"on","_et_pb_old_content":"","_et_gb_content_width":"","_mc_calendar":[],"footnotes":""},"wf_page_folders":[290],"class_list":["post-263405","page","type-page","status-publish","hentry"],"_links":{"self":[{"href":"https:\/\/museros.org\/inici\/wp-json\/wp\/v2\/pages\/263405","targetHints":{"allow":["GET"]}}],"collection":[{"href":"https:\/\/museros.org\/inici\/wp-json\/wp\/v2\/pages"}],"about":[{"href":"https:\/\/museros.org\/inici\/wp-json\/wp\/v2\/types\/page"}],"author":[{"embeddable":true,"href":"https:\/\/museros.org\/inici\/wp-json\/wp\/v2\/users\/8"}],"replies":[{"embeddable":true,"href":"https:\/\/museros.org\/inici\/wp-json\/wp\/v2\/comments?post=263405"}],"version-history":[{"count":6,"href":"https:\/\/museros.org\/inici\/wp-json\/wp\/v2\/pages\/263405\/revisions"}],"predecessor-version":[{"id":273053,"href":"https:\/\/museros.org\/inici\/wp-json\/wp\/v2\/pages\/263405\/revisions\/273053"}],"wp:attachment":[{"href":"https:\/\/museros.org\/inici\/wp-json\/wp\/v2\/media?parent=263405"}],"wp:term":[{"taxonomy":"wf_page_folders","embeddable":true,"href":"https:\/\/museros.org\/inici\/wp-json\/wp\/v2\/wf_page_folders?post=263405"}],"curies":[{"name":"wp","href":"https:\/\/api.w.org\/{rel}","templated":true}]}}