{"id":261664,"date":"2022-09-13T13:37:33","date_gmt":"2022-09-13T13:37:33","guid":{"rendered":"https:\/\/museros.org\/inici\/?page_id=261664"},"modified":"2022-10-11T19:48:20","modified_gmt":"2022-10-11T19:48:20","slug":"curriculum-vitae-maria","status":"publish","type":"page","link":"https:\/\/museros.org\/inici\/curriculum-vitae-maria\/","title":{"rendered":"Curriculum vitae Maria"},"content":{"rendered":"<p>[et_pb_section fb_built=\u00bb1&#8243; _builder_version=\u00bb4.16&#8243; _module_preset=\u00bbdefault\u00bb custom_margin=\u00bb0px||||false|false\u00bb custom_padding=\u00bb0px||||false|false\u00bb locked=\u00bboff\u00bb global_colors_info=\u00bb{}\u00bb][et_pb_row column_structure=\u00bb1_4,3_4&#8243; _builder_version=\u00bb4.18.0&#8243; _module_preset=\u00bbdefault\u00bb custom_margin=\u00bb0px||||false|false\u00bb custom_padding=\u00bb0px||||false|false\u00bb global_colors_info=\u00bb{}\u00bb][et_pb_column type=\u00bb1_4&#8243; _builder_version=\u00bb4.16&#8243; _module_preset=\u00bbdefault\u00bb global_colors_info=\u00bb{}\u00bb][et_pb_image src=\u00bbhttps:\/\/museros.org\/wp-content\/uploads\/2022\/09\/rostro-230&#215;471-1.jpg\u00bb title_text=\u00bbrostro-230&#215;471&#8243; url=\u00bbhttps:\/\/museros.org\/inici\/creant-des-de\/\u00bb use_overlay=\u00bbon\u00bb overlay_icon_color=\u00bb#E02B20&#8243; hover_overlay_color=\u00bbrgba(255,255,255,0.71)\u00bb hover_icon=\u00bb&#xe04d;||divi||400&#8243; src_tablet=\u00bb\u00bb src_phone=\u00bb\u00bb src_last_edited=\u00bbon|tablet\u00bb _builder_version=\u00bb4.18.0&#8243; _module_preset=\u00bbdefault\u00bb width=\u00bb100%\u00bb width_tablet=\u00bb30%\u00bb width_phone=\u00bb60%\u00bb width_last_edited=\u00bbon|tablet\u00bb global_colors_info=\u00bb{}\u00bb][\/et_pb_image][et_pb_button button_url=\u00bbhttps:\/\/www.youtube.com\/watch?v=Jfi_GL-k7dc\u00bb url_new_window=\u00bbon\u00bb button_text=\u00bbDOCUMENTAL\u00bb _builder_version=\u00bb4.18.0&#8243; _module_preset=\u00bbdefault\u00bb global_colors_info=\u00bb{}\u00bb][\/et_pb_button][et_pb_button button_url=\u00bbhttps:\/\/www.youtube.com\/watch?v=UhZyiB2_f5Q\u00bb url_new_window=\u00bbon\u00bb button_text=\u00bbGALA\u00bb _builder_version=\u00bb4.18.0&#8243; _module_preset=\u00bbdefault\u00bb global_colors_info=\u00bb{}\u00bb][\/et_pb_button][et_pb_button button_url=\u00bbhttps:\/\/museros.org\/inici\/galeria-dimatges-maria\/\u00bb button_text=\u00bbFOTOS\u00bb _builder_version=\u00bb4.18.0&#8243; _module_preset=\u00bbdefault\u00bb hover_enabled=\u00bb0&#8243; global_colors_info=\u00bb{}\u00bb sticky_enabled=\u00bb0&#8243;][\/et_pb_button][\/et_pb_column][et_pb_column type=\u00bb3_4&#8243; _builder_version=\u00bb4.16&#8243; _module_preset=\u00bbdefault\u00bb global_colors_info=\u00bb{}\u00bb][et_pb_image src=\u00bbhttps:\/\/museros.org\/wp-content\/uploads\/2022\/09\/banner-600&#215;266-1.jpg\u00bb title_text=\u00bbbanner-600&#215;266&#8243; _builder_version=\u00bb4.18.0&#8243; _module_preset=\u00bbdefault\u00bb width=\u00bb40%\u00bb width_tablet=\u00bb51%\u00bb width_phone=\u00bb100%\u00bb width_last_edited=\u00bbon|phone\u00bb global_colors_info=\u00bb{}\u00bb][\/et_pb_image][et_pb_text _builder_version=\u00bb4.18.0&#8243; _module_preset=\u00bbdefault\u00bb global_colors_info=\u00bb{}\u00bb]<\/p>\n<p>Psic\u00f2loga i pedagoga per la Universitat de Val\u00e8ncia, es forma com a actriu a l\u2019Escola d\u2019Arts Esc\u00e8niques on aprofundeix en la disciplina del pallasso i en la mediaci\u00f3 art\u00edstica des del teatre.<\/p>\n<p>Des de 1984, es dedica professionalment al m\u00f3n del teatre, com a actriu, pedagoga teatral, directora, autora, gestora i pallassa, i \u00e9s membre cofundadora de les companyies Falaguera, Teatre Exc\u00e8ntric i La Mar Sal\u00e0.<\/p>\n<p>Desenvolupa, juntament amb Carmen Rubio, <em>Coloclown<\/em>, espectacle d\u2019improvisaci\u00f3 per a la intervenci\u00f3 teatral des de la perspectiva de la identificaci\u00f3 i mediaci\u00f3 de conflictes, i col\u00b7labora amb la Fundaci\u00f3 Pau i Solidaritat en campanyes de sensibilitzaci\u00f3 sobre la cooperaci\u00f3 en diversos centres educatius des de l&#8217;\u00e0mbit de la mediaci\u00f3 art\u00edstica.<\/p>\n<p>Col\u00b7labora en tasques de direcci\u00f3 esc\u00e8nica amb diferents companyies com el Circ Gran Fele, Dosificats Teatre i Melomans, i com a responsable de la coordinaci\u00f3 interna, programaci\u00f3 i secretaria de la Mostra Internacional de Pallassos, de Xirivella, durant dotze edicions.<\/p>\n<p>Porta a terme una s\u00e8rie de col\u00b7laboracions amb entitats i organitzacions diverses en el disseny, la coordinaci\u00f3 i la realitzaci\u00f3 de jornades i esdeveniments relacionats amb l&#8217;\u00e0mbit de les arts esc\u00e8niques, com Jornadas Nacionales de Circo, organitzades des de l\u2019INAEM, i \u201cL&#8217;espai de l&#8217;art en \u00e0mbits educatius, socials i de salut\u201d, a la Facultat de Belles Arts de la Universitat Polit\u00e8cnica de Val\u00e8ncia, l\u2019any 2011.<\/p>\n<p>Com a pedagoga teatral i mediadora art\u00edstica des del teatre, imparteix classes de teatre en diverses escoles municipals valencianes (Xirivella, Manises, Alboraia\u2026); en diverses campanyes de l\u2019Excma. Diputaci\u00f3 Provincial de Val\u00e8ncia i de la Conselleria de Cultura i Educaci\u00f3, i en diversos centres escolars (Escola La Masia) i cases de cultura (Massamagrell, Museros, Foios&#8230;).<\/p>\n<p>\u00c9s professora en el Centre de Formaci\u00f3 Actoral Escalante de les assignatures d&#8217;Hist\u00f2ria del Teatre, Joc Dram\u00e0tic i Dramatitzaci\u00f3, des de fa 15 anys, i en les \u00e0rees 9 i 11 de Salut Mental de la Comunitat Valenciana, amb pacients cr\u00f2nics de Salut Mental.<\/p>\n<p>Coordinadora de l&#8217;Escola Municipal de Teatre de Quart de Poblet des de l\u2019any 2010 fins al 2021, on ha posat en marxa diversos tallers anuals de teatre, com per exemple un d&#8217;inclusi\u00f3 i un altre de teatre comunitari i propostes de creaci\u00f3 i intercanvi intergeneracional.<\/p>\n<p>Com a mediadora art\u00edstica ha col\u00b7laborat en la Fundaci\u00f3n Yehudi Menuhin Espa\u00f1a en el programa Mus-E, des de l&#8217;any 2000, i tamb\u00e9, des de la mediaci\u00f3 art\u00edstica per a la inclusi\u00f3 social, en diferents escoles de la Comunitat Valenciana en barris d&#8217;atenci\u00f3 preferent i en risc d&#8217;exclusi\u00f3. Actualment, treballa en el Centre Caes Antonio Ferrandis, del barri de la Coma, a Paterna.<\/p>\n<p>Tamb\u00e9 exerceix com a mediadora des del teatre en el programa Educar-te i en el programa ARCE (Agrupaciones y Redes de Centros Educativos), des de la perspectiva de la integraci\u00f3 social mitjan\u00e7ant l\u2019art. Avui en dia, col\u00b7labora en aquest sentit amb el CEIP Fernando de los R\u00edos de Burjassot.<\/p>\n<p>Formadora de formadors en el Centre de Formaci\u00f3, Innovaci\u00f3 i Recursos per al Professorat, Cefire; en diferents escoles d\u2019estiu de formaci\u00f3 professional, i en universitats, com ara a la Universitat Rovira i Virgili de Tarragona; al FEAPS Castella i Lle\u00f3 (Confederaci\u00f3n Espa\u00f1ola de Organizaciones en favor de las Personas con Discapacidad Intelectual o del Desarrollo), i a la Universitat d\u2019Estiu de Lleida.<\/p>\n<p>Formadora en l&#8217;especialitat de pallasso en diversos espais i escoles al Pa\u00eds Basc, Navarra, Catalunya i Comunitat Valenciana.<\/p>\n<p>Professora i membre de l&#8217;equip pedag\u00f2gic creador del M\u00e0ster en Artter\u00e0pia de la Facultat de Belles Arts de la Universitat Polit\u00e8cnica de Val\u00e8ncia, des de la seua creaci\u00f3 l\u2019any 2012, i responsable dels \u00e0mbits de mediaci\u00f3 i projectes, i en el qual coorganitza les jornades anuals d&#8217;educaci\u00f3 i artter\u00e0pia organitzades amb la col\u00b7laboraci\u00f3 del Centre Cultural del Carme, i tamb\u00e9, els cicles d&#8217;Artter\u00e0pia a l\u2019estiu.<\/p>\n<p>Membre fundadora d\u2019El Chafl\u00e1n, espai de creaci\u00f3, i d\u2019Idecart, Instituto para la Creaci\u00f3n, la Investigaci\u00f3n y Desarrollo del Arteterapia.<\/p>\n<p>\u00c9s membre de Payasos Sin Fronteras Espa\u00f1a des de la seua creaci\u00f3 l\u2019any 1993 i col\u00b7labora amb aquesta organitzaci\u00f3 de manera volunt\u00e0ria, de la qual ha sigut la presidenta des d\u2019abril de 2004 fins a l\u2019any 2009, i vicepresidenta fins al 2012.<\/p>\n<p>Membre del Consell Assessor Nacional de Circ de l\u2019Inaem, del 2006 al 2015, i vocal en qualitat d&#8217;experta en el Consell Estatal de les Arts Esc\u00e8niques, i membre del Consell Art\u00edstic de Circ de l\u2019Inaem del 2006 al 2016.<\/p>\n<p>Ha rebut la Medalla d\u2019Or al M\u00e8rit en les Belles Arts Premi 2008, modalitat de circ, concedida pel Ministeri de Cultura d\u2019Espanya a aquelles persones o institucions que destaquen en els camps literari, dram\u00e0tic, musical, coreogr\u00e0fic, d&#8217;interpretaci\u00f3, etc. sempre que hagen destacat en el camp de la creaci\u00f3 art\u00edstica i cultural o hagen prestat notoris serveis al foment, desenvolupament o difusi\u00f3 de l&#8217;art i la cultura o a la conservaci\u00f3 del patrimoni art\u00edstic.<\/p>\n<p>Responsable de les \u00e0rees d\u2019Arts al Carrer i de Narraci\u00f3 Oral, en la Trobada Mostra Viva del Mediterrani des de la seua creaci\u00f3 en l\u2019any 2012. I des d\u2019abril de 2019, \u00e9s la presidenta de l&#8217;Associaci\u00f3 Mostra Viva del Mediterrani.<\/p>\n<p>Presidenta de l&#8217;Associaci\u00f3 de Professionals de Circ de la Comunitat Valenciana des de febrer de 2019, actualment vicepresidenta.<\/p>\n<p>Vicepresidenta de la Junta Directiva de Circored, Federaci\u00f3n Estatal d&#8217;Asociaciones Profersionales de Circo de Espa\u00f1a.<\/p>\n<p>Forma part del grup de deu experts designat pel Ministeri d&#8217;Afers Exteriors d&#8217;Espanya per a participar com a experta en l&#8217;\u00e0mbit cultural en Le Sommet de deux Rives, cimera de les dues riberes del Mediterrani, promoguda pel govern franc\u00e9s i organitzada conjuntament pels deu pa\u00efsos del mediterrani occidental. Participa en els f\u00f2rums de Montpeller, Tun\u00edsia i Marsella, al llarg de maig i juny de 2019, i Par\u00eds, pel febrer de 2020.<\/p>\n<p>Participa com a ponent en diverses jornades, cursos, taules redones, etc.:<\/p>\n<ul>\n<li>\u201cL&#8217;Educaci\u00f3 Infantil d&#8217;Associaci\u00f3 Nacional d&#8217;Escoles Infantils d&#8217;Espanya\u201d, Adeit, 2004.<\/li>\n<li>Primeres Jornades d&#8217;Humor sobre Humor i Societat, de la Universitat de Lleida, abril de 2005.<\/li>\n<li>Jornades de Salut Integral de la Universitat de Tarragona.<\/li>\n<li>Jornades El Amor i la Muerte, Societat Espanyola e Internacional de Tanatologia, 2005.<\/li>\n<li>Cursos d&#8217;Estiu de l\u2019UNED a \u00c0vila.<\/li>\n<li>Curs d&#8217;Estiu de la Universitat Sek de Seg\u00f2via, 2006.<\/li>\n<li>Universitat d\u2019Estiu de Lleida, 2007.<\/li>\n<li>Jornades sobre l\u2019amor i la mort: una mirada interdisciplin\u00e0ria, CPR de Conca, 2008.<\/li>\n<li>Jornades de Teatre i Salut Mental, organitzades per Forn de Teatre, Barcelona, 2009.<\/li>\n<li>Jornadas Nacionales, Assitej,<\/li>\n<li>Experta en la taula de debat \u201cRetribuci\u00f3 Emocional en el M\u00f3n Laboral\u201d, Mediterrani Consultors, 2010.<\/li>\n<li>Jornades d&#8217;Art i Salut, Facultat de Belles Arts, Val\u00e8ncia, 2011.<\/li>\n<li>Professora en el seminari La mirada de l&#8217;humor en salut mental, curs Art i salut: la creaci\u00f3 acompanyada com a proc\u00e9s terap\u00e8utic, Facultat de Belles Arts, abril de 2012.<\/li>\n<li>Col\u00b7laboradora en la Fundaci\u00f3n Cuadernos Rubio, com a tallerista en les Jornades Artter\u00e0pia i Educaci\u00f3, Universitat Polit\u00e8cnica de Val\u00e8ncia, maig de 2014.<\/li>\n<li>\u201cBones pr\u00e0ctiques en el circ\u201d, Jornada Nit de Circ i Dones en el Circ, Associaci\u00f3 de Professionals de Circ de la Comunitat Valenciana i Institut Valenci\u00e0 de Cultura, novembre de 2017 i 2018.<\/li>\n<\/ul>\n<p>Entre els articles publicats, i les col\u00b7laboracions amb diverses revistes, destaquen:<\/p>\n<ul>\n<li>\u201cEl cuerpo, lugar de expresi\u00f3n\u201d, cat\u00e0leg de la XII Mostra Internacional de Mim de Sueca, setembre de 2001.<\/li>\n<li>\u201cSer payaso@\u201d i \u201cSer payasa: la mirada diferente\u201d. <em>Payasos: una mirada humana del mundo<\/em>, llibre publicat en la Mostra Internacional de Pallass@s de Xirivella, novembre de 2004.<\/li>\n<li>\u201cR\u00e9flexions autour de la P\u00e9dagogie (Avec Payasos Sin Fronteras au Salvador)\u201d. Revista <em>Culture Clown, <\/em>n\u00fam. 9, mar\u00e7 de 2005.<\/li>\n<li>\u201cVivre l\u2019aventure du clown au coeur de la r\u00e9alit\u00e9 sociale\u201d. <em>Culture Clown, <\/em>n\u00fam. 10, octubre de 2005.<\/li>\n<li>\u201c<em>Coloclown<\/em>: radiograf\u00eda del mundo laboral desde el humor\u201d. Primeres Jornades d&#8217;Humor i Societat de la Universitat de Lleida.<\/li>\n<li>\u201cAmor y humor: la sonrisa ante la muerte\u201d. III Jornadas sobre el Amor i la Muerte, Infancia y Adolescencia, Asociaci\u00f3n Espa\u00f1ola e Internacional de Tanatolog\u00eda, octubre de 2005.<\/li>\n<li>\u201cLa risa\u201d, en <em>Risas y humor<\/em>. Payasos Sin Fronteras i Fundaci\u00f3n Inocente, amb la col\u00b7laboraci\u00f3 de la Diputaci\u00f3 de Lleida, abril de 2006.<\/li>\n<li>\u201cLa mirada y la escucha en co-creaci\u00f3. El humor como herramienta\u201d i \u201cEl personaje, el otro y yo: di\u00e1logo desde la empat\u00eda\u201d. Ministeri d&#8217;Educaci\u00f3 i Ci\u00e8ncia, col\u00b7lecci\u00f3 \u201cAules d&#8217;Estiu\u201d.<\/li>\n<li>\u201cEl buit per omplir: itineraris d\u2019una pallassa\u201d. <em>La rialla \u00e9s el cam\u00ed m\u00e9s curt entre la teua i nosaltres<\/em>, Xirivella, novembre de 2018.<\/li>\n<li>Col\u00b7labora amb diverses revistes i publicacions com <em>Eq\u2019iliqu\u00e0<\/em> de l&#8217;Associaci\u00f3 d\u2019Actors i Actrius Professionals Valencians; Red Esc\u00e9nica, revista especialitzada en les arts esc\u00e8niques; <em>Escena Valenciana<\/em> (Esceval) del Centre de Documentaci\u00f3 Esc\u00e8nica de l\u2019Institut Valenci\u00e0 de Cultura.<\/li>\n<\/ul>\n<p>[\/et_pb_text][\/et_pb_column][\/et_pb_row][et_pb_row _builder_version=\u00bb4.16&#8243; _module_preset=\u00bbdefault\u00bb global_colors_info=\u00bb{}\u00bb][et_pb_column type=\u00bb4_4&#8243; _builder_version=\u00bb4.16&#8243; _module_preset=\u00bbdefault\u00bb global_colors_info=\u00bb{}\u00bb][et_pb_divider color=\u00bb#E02B20&#8243; divider_weight=\u00bb4px\u00bb _builder_version=\u00bb4.16&#8243; _module_preset=\u00bbdefault\u00bb global_colors_info=\u00bb{}\u00bb][\/et_pb_divider][\/et_pb_column][\/et_pb_row][\/et_pb_section]<\/p>\n","protected":false},"excerpt":{"rendered":"<p>Psic\u00f2loga i pedagoga per la Universitat de Val\u00e8ncia, es forma com a actriu a l\u2019Escola d\u2019Arts Esc\u00e8niques on aprofundeix en la disciplina del pallasso i en la mediaci\u00f3 art\u00edstica des del teatre. Des de 1984, es dedica professionalment al m\u00f3n del teatre, com a actriu, pedagoga teatral, directora, autora, gestora i pallassa, i \u00e9s membre [&hellip;]<\/p>\n","protected":false},"author":8,"featured_media":0,"parent":0,"menu_order":0,"comment_status":"closed","ping_status":"closed","template":"","meta":{"_et_pb_use_builder":"on","_et_pb_old_content":"","_et_gb_content_width":"","_mc_calendar":[],"footnotes":""},"wf_page_folders":[1384],"class_list":["post-261664","page","type-page","status-publish","hentry"],"_links":{"self":[{"href":"https:\/\/museros.org\/inici\/wp-json\/wp\/v2\/pages\/261664","targetHints":{"allow":["GET"]}}],"collection":[{"href":"https:\/\/museros.org\/inici\/wp-json\/wp\/v2\/pages"}],"about":[{"href":"https:\/\/museros.org\/inici\/wp-json\/wp\/v2\/types\/page"}],"author":[{"embeddable":true,"href":"https:\/\/museros.org\/inici\/wp-json\/wp\/v2\/users\/8"}],"replies":[{"embeddable":true,"href":"https:\/\/museros.org\/inici\/wp-json\/wp\/v2\/comments?post=261664"}],"version-history":[{"count":19,"href":"https:\/\/museros.org\/inici\/wp-json\/wp\/v2\/pages\/261664\/revisions"}],"predecessor-version":[{"id":262155,"href":"https:\/\/museros.org\/inici\/wp-json\/wp\/v2\/pages\/261664\/revisions\/262155"}],"wp:attachment":[{"href":"https:\/\/museros.org\/inici\/wp-json\/wp\/v2\/media?parent=261664"}],"wp:term":[{"taxonomy":"wf_page_folders","embeddable":true,"href":"https:\/\/museros.org\/inici\/wp-json\/wp\/v2\/wf_page_folders?post=261664"}],"curies":[{"name":"wp","href":"https:\/\/api.w.org\/{rel}","templated":true}]}}