{"id":261329,"date":"2022-07-28T15:05:55","date_gmt":"2022-07-28T15:05:55","guid":{"rendered":"https:\/\/museros.org\/inici\/?page_id=261329"},"modified":"2022-08-01T08:03:06","modified_gmt":"2022-08-01T08:03:06","slug":"boto-sos-alertcops","status":"publish","type":"page","link":"https:\/\/museros.org\/inici\/boto-sos-alertcops\/","title":{"rendered":"Bot\u00f3 SOS Alertcops"},"content":{"rendered":"<p>[et_pb_section fb_built=\u00bb1&#8243; _builder_version=\u00bb4.17.6&#8243; _module_preset=\u00bbdefault\u00bb custom_padding=\u00bb0px||||false|false\u00bb locked=\u00bboff\u00bb global_colors_info=\u00bb{}\u00bb][et_pb_row column_structure=\u00bb1_4,3_4&#8243; _builder_version=\u00bb4.17.6&#8243; _module_preset=\u00bbdefault\u00bb custom_margin=\u00bb40px||0px||false|false\u00bb custom_padding=\u00bb0px||||false|false\u00bb global_colors_info=\u00bb{}\u00bb][et_pb_column type=\u00bb1_4&#8243; _builder_version=\u00bb4.16&#8243; _module_preset=\u00bbdefault\u00bb global_colors_info=\u00bb{}\u00bb][et_pb_image src=\u00bbhttps:\/\/museros.org\/wp-content\/uploads\/2021\/08\/logo-politiques-cl-230&#215;180-1.jpg\u00bb title_text=\u00bblogo-politiques-cl-230&#215;180&#8243; url=\u00bbhttps:\/\/museros.org\/inici\/igualtat-i-violencia-de-genere\/\u00bb use_overlay=\u00bbon\u00bb overlay_icon_color=\u00bb#E02B20&#8243; hover_overlay_color=\u00bbrgba(255,255,255,0.7)\u00bb hover_icon=\u00bb&#xe04d;||divi||400&#8243; align=\u00bbcenter\u00bb _builder_version=\u00bb4.17.6&#8243; _module_preset=\u00bbdefault\u00bb width=\u00bb100%\u00bb width_tablet=\u00bb\u00bb width_phone=\u00bb\u00bb width_last_edited=\u00bbon|desktop\u00bb custom_margin=\u00bb0px||0px||false|false\u00bb custom_padding=\u00bb0px||0px||false|false\u00bb global_colors_info=\u00bb{}\u00bb][\/et_pb_image][\/et_pb_column][et_pb_column type=\u00bb3_4&#8243; _builder_version=\u00bb4.16&#8243; _module_preset=\u00bbdefault\u00bb global_colors_info=\u00bb{}\u00bb][et_pb_image src=\u00bbhttps:\/\/museros.org\/wp-content\/uploads\/2022\/07\/boto-sos-800X400.jpg\u00bb title_text=\u00bbboto-sos-800X400&#8243; _builder_version=\u00bb4.17.6&#8243; _module_preset=\u00bbdefault\u00bb global_colors_info=\u00bb{}\u00bb][\/et_pb_image][et_pb_text _builder_version=\u00bb4.16&#8243; _module_preset=\u00bbdefault\u00bb global_colors_info=\u00bb{}\u00bb]<\/p>\n<h1>BOT\u00d3 SOS<br \/>V\u00cdCTIMES DE VIOL\u00c8NCIA DE G\u00c8NERE<\/h1>\n<p>[\/et_pb_text][et_pb_text _builder_version=\u00bb4.17.6&#8243; _module_preset=\u00bbdefault\u00bb hover_enabled=\u00bb0&#8243; global_colors_info=\u00bb{}\u00bb sticky_enabled=\u00bb0&#8243;]<\/p>\n<p>L&#8217;aplicaci\u00f3 ALERTCOPS del Ministeri de l&#8217;Interior, \u00e9s gratu\u00efta i es pot descarregar en dispositius IOS i Android.<\/p>\n<p>&gt; PER A QU\u00c8 SERVEIX EL BOT\u00d3 SOS?<br \/>Envia una alerta urgent al centre policial m\u00e9s pr\u00f2xim juntament amb la teua posici\u00f3 i un enregistrament d&#8217;\u00e0udio de 10 segons del que passa.<\/p>\n<p>&gt; COM L\u2019INSTAL\u00b7LE?<br \/>1. Instal\u00b7la AlertCops i registra&#8217;t.<\/p>\n<p>2. Identifica&#8217;t com a membre del col\u00b7lectiu V\u00edctimes de Viol\u00e8ncia de G\u00e8nere, accedeix a \u00abLes meues dades\u00bb en la pestanya \u00abM\u00c9S\u00bb i completa la secci\u00f3 \u00abCol\u00b7lectiu\u00bb amb el codi \u00abAVDG\u00bb i el teu DNI o NIE.<\/p>\n<p>[\/et_pb_text][et_pb_image src=\u00bbhttps:\/\/museros.org\/wp-content\/uploads\/2022\/07\/dos-pasos.png\u00bb title_text=\u00bbdos-pasos\u00bb _builder_version=\u00bb4.17.6&#8243; _module_preset=\u00bbdefault\u00bb global_colors_info=\u00bb{}\u00bb][\/et_pb_image][et_pb_text _builder_version=\u00bb4.17.6&#8243; _module_preset=\u00bbdefault\u00bb hover_enabled=\u00bb0&#8243; global_colors_info=\u00bb{}\u00bb sticky_enabled=\u00bb0&#8243;]<\/p>\n<p>3. Accedeix a l&#8217;opci\u00f3 \u00abBot\u00f3 SOS\u00bb des de la pestanya \u00abM\u00c9S\u00bb i concedeix tots els permisos per a gravar i emmagatzemar l\u2019\u00e0udio.<\/p>\n<p>4. Afig el giny d\u2019AlertCops en el teu m\u00f2bil Android o IOS.<\/p>\n<p>[\/et_pb_text][\/et_pb_column][\/et_pb_row][et_pb_row column_structure=\u00bb1_4,1_4,1_4,1_4&#8243; _builder_version=\u00bb4.17.6&#8243; _module_preset=\u00bbdefault\u00bb custom_margin=\u00bb0px||0px||false|false\u00bb global_colors_info=\u00bb{}\u00bb][et_pb_column type=\u00bb1_4&#8243; _builder_version=\u00bb4.17.6&#8243; _module_preset=\u00bbdefault\u00bb global_colors_info=\u00bb{}\u00bb][et_pb_image src=\u00bbhttps:\/\/museros.org\/wp-content\/uploads\/2022\/07\/qr-google.png\u00bb title_text=\u00bbqr-google\u00bb align=\u00bbcenter\u00bb _builder_version=\u00bb4.17.6&#8243; _module_preset=\u00bbdefault\u00bb width=\u00bb75%\u00bb global_colors_info=\u00bb{}\u00bb][\/et_pb_image][\/et_pb_column][et_pb_column type=\u00bb1_4&#8243; _builder_version=\u00bb4.17.6&#8243; _module_preset=\u00bbdefault\u00bb global_colors_info=\u00bb{}\u00bb][et_pb_text _builder_version=\u00bb4.17.6&#8243; _module_preset=\u00bbdefault\u00bb hover_enabled=\u00bb0&#8243; global_colors_info=\u00bb{}\u00bb sticky_enabled=\u00bb0&#8243;]<\/p>\n<h3>PER A ANDROID:<\/h3>\n<p>&#8211; Mant\u00edn premut un espai buit d&#8217;una pantalla d&#8217;inici. <br \/>&#8211; Toca el giny i busca \u00abBot\u00f3 SOS\u00bb. <br \/>&#8211; Mant\u00edn premut el giny \u00abBot\u00f3 SOS\u00bb. <br \/>&#8211; Llisca el giny a la ubicaci\u00f3 que desitges. Al\u00e7a el dit.<\/p>\n<p>[\/et_pb_text][\/et_pb_column][et_pb_column type=\u00bb1_4&#8243; _builder_version=\u00bb4.17.6&#8243; _module_preset=\u00bbdefault\u00bb global_colors_info=\u00bb{}\u00bb][et_pb_image src=\u00bbhttps:\/\/museros.org\/wp-content\/uploads\/2022\/07\/pr-apple.png\u00bb title_text=\u00bbpr-apple\u00bb align=\u00bbcenter\u00bb _builder_version=\u00bb4.17.6&#8243; _module_preset=\u00bbdefault\u00bb width=\u00bb75%\u00bb global_colors_info=\u00bb{}\u00bb][\/et_pb_image][\/et_pb_column][et_pb_column type=\u00bb1_4&#8243; _builder_version=\u00bb4.17.6&#8243; _module_preset=\u00bbdefault\u00bb global_colors_info=\u00bb{}\u00bb][et_pb_text _builder_version=\u00bb4.17.6&#8243; _module_preset=\u00bbdefault\u00bb hover_enabled=\u00bb0&#8243; global_colors_info=\u00bb{}\u00bb sticky_enabled=\u00bb0&#8243;]<\/p>\n<h3>PER A iOS:<\/h3>\n<p>&#8211; Llisca el dit cap a la dreta en la pantalla d&#8217;inici o en la pantalla de bloqueig.<br \/>&#8211; Despla\u00e7a&#8217;t fins al final i prem \u201cEditar\u201d.<br \/>&#8211; Per a afegir un giny, prem \u201c+\u201d.<br \/>&#8211; Per a acabar, prem \u201cOK\u201d.<\/p>\n<p>[\/et_pb_text][\/et_pb_column][\/et_pb_row][et_pb_row column_structure=\u00bb1_4,3_4&#8243; _builder_version=\u00bb4.17.6&#8243; _module_preset=\u00bbdefault\u00bb global_colors_info=\u00bb{}\u00bb][et_pb_column type=\u00bb1_4&#8243; _builder_version=\u00bb4.17.6&#8243; _module_preset=\u00bbdefault\u00bb global_colors_info=\u00bb{}\u00bb][\/et_pb_column][et_pb_column type=\u00bb3_4&#8243; _builder_version=\u00bb4.17.6&#8243; _module_preset=\u00bbdefault\u00bb global_colors_info=\u00bb{}\u00bb][et_pb_image src=\u00bbhttps:\/\/museros.org\/wp-content\/uploads\/2022\/07\/doble-pantalla.png\u00bb title_text=\u00bbdoble-pantalla\u00bb _builder_version=\u00bb4.17.6&#8243; _module_preset=\u00bbdefault\u00bb width=\u00bb60%\u00bb global_colors_info=\u00bb{}\u00bb][\/et_pb_image][et_pb_text _builder_version=\u00bb4.17.6&#8243; _module_preset=\u00bbdefault\u00bb hover_enabled=\u00bb0&#8243; global_colors_info=\u00bb{}\u00bb sticky_enabled=\u00bb0&#8243;]<\/p>\n<p>&gt; COM ENVIAR UNA ALERTA SOS?<br \/>En cas de trobar-te en situaci\u00f3 de risc, prem de repetidament el \u00abBot\u00f3 SOS\u00bb, almenys 5 vegades en menys de 6 segons. El sistema remetr\u00e0 una alerta SOS al centre policial m\u00e9s pr\u00f2xim de manera autom\u00e0tica i desatesa.<\/p>\n<p>M\u00e9s informaci\u00f3 en: <a href=\"https:\/\/alertcops.ses.mir.es\/mialertcops\/\" target=\"_blank\" rel=\"noopener\">https:\/\/alertcops.ses.mir.es\/mialertcops\/<\/a><\/p>\n<p>[\/et_pb_text][\/et_pb_column][\/et_pb_row][et_pb_row _builder_version=\u00bb4.16&#8243; _module_preset=\u00bbdefault\u00bb global_colors_info=\u00bb{}\u00bb][et_pb_column type=\u00bb4_4&#8243; _builder_version=\u00bb4.16&#8243; _module_preset=\u00bbdefault\u00bb global_colors_info=\u00bb{}\u00bb][et_pb_divider color=\u00bb#E02B20&#8243; divider_weight=\u00bb3px\u00bb _builder_version=\u00bb4.16&#8243; _module_preset=\u00bbdefault\u00bb width=\u00bb100%\u00bb global_colors_info=\u00bb{}\u00bb][\/et_pb_divider][\/et_pb_column][\/et_pb_row][\/et_pb_section]<\/p>\n","protected":false},"excerpt":{"rendered":"<p>BOT\u00d3 SOSV\u00cdCTIMES DE VIOL\u00c8NCIA DE G\u00c8NEREL&#8217;aplicaci\u00f3 ALERTCOPS del Ministeri de l&#8217;Interior, \u00e9s gratu\u00efta i es pot descarregar en dispositius IOS i Android. &gt; PER A QU\u00c8 SERVEIX EL BOT\u00d3 SOS?Envia una alerta urgent al centre policial m\u00e9s pr\u00f2xim juntament amb la teua posici\u00f3 i un enregistrament d&#8217;\u00e0udio de 10 segons del que passa. &gt; COM [&hellip;]<\/p>\n","protected":false},"author":8,"featured_media":0,"parent":0,"menu_order":0,"comment_status":"closed","ping_status":"closed","template":"","meta":{"_et_pb_use_builder":"on","_et_pb_old_content":"","_et_gb_content_width":"","_mc_calendar":[],"footnotes":""},"wf_page_folders":[278],"class_list":["post-261329","page","type-page","status-publish","hentry"],"_links":{"self":[{"href":"https:\/\/museros.org\/inici\/wp-json\/wp\/v2\/pages\/261329","targetHints":{"allow":["GET"]}}],"collection":[{"href":"https:\/\/museros.org\/inici\/wp-json\/wp\/v2\/pages"}],"about":[{"href":"https:\/\/museros.org\/inici\/wp-json\/wp\/v2\/types\/page"}],"author":[{"embeddable":true,"href":"https:\/\/museros.org\/inici\/wp-json\/wp\/v2\/users\/8"}],"replies":[{"embeddable":true,"href":"https:\/\/museros.org\/inici\/wp-json\/wp\/v2\/comments?post=261329"}],"version-history":[{"count":9,"href":"https:\/\/museros.org\/inici\/wp-json\/wp\/v2\/pages\/261329\/revisions"}],"predecessor-version":[{"id":261374,"href":"https:\/\/museros.org\/inici\/wp-json\/wp\/v2\/pages\/261329\/revisions\/261374"}],"wp:attachment":[{"href":"https:\/\/museros.org\/inici\/wp-json\/wp\/v2\/media?parent=261329"}],"wp:term":[{"taxonomy":"wf_page_folders","embeddable":true,"href":"https:\/\/museros.org\/inici\/wp-json\/wp\/v2\/wf_page_folders?post=261329"}],"curies":[{"name":"wp","href":"https:\/\/api.w.org\/{rel}","templated":true}]}}