{"id":261113,"date":"2022-07-21T12:00:28","date_gmt":"2022-07-21T12:00:28","guid":{"rendered":"https:\/\/museros.org\/inici\/?page_id=261113"},"modified":"2023-05-16T07:11:40","modified_gmt":"2023-05-16T07:11:40","slug":"cursos-municipales-22-23","status":"publish","type":"page","link":"https:\/\/museros.org\/inici\/es\/cursos-municipales-22-23\/","title":{"rendered":"Cursos municipales 22-23"},"content":{"rendered":"<p>[et_pb_section fb_built=\u00bb1&#8243; _builder_version=\u00bb4.16&#8243; _module_preset=\u00bbdefault\u00bb custom_margin=\u00bb0px||||false|false\u00bb custom_padding=\u00bb0px||||false|false\u00bb locked=\u00bboff\u00bb global_colors_info=\u00bb{}\u00bb][et_pb_row column_structure=\u00bb1_4,3_4&#8243; _builder_version=\u00bb4.17.6&#8243; _module_preset=\u00bbdefault\u00bb custom_margin=\u00bb0px|auto|-40px|auto|false|false\u00bb custom_padding=\u00bb0px||||false|false\u00bb global_colors_info=\u00bb{}\u00bb][et_pb_column type=\u00bb1_4&#8243; _builder_version=\u00bb4.16&#8243; _module_preset=\u00bbdefault\u00bb global_colors_info=\u00bb{}\u00bb][et_pb_image src=\u00bbhttps:\/\/museros.org\/wp-content\/uploads\/2021\/08\/logo-casacultura-200&#215;160-1.jpg\u00bb title_text=\u00bblogo-casacultura-200&#215;160&#8243; url=\u00bbhttps:\/\/museros.org\/inici\/es\/casa-de-cultura-cs\u00bb use_overlay=\u00bbon\u00bb overlay_icon_color=\u00bb#E02B20&#8243; hover_overlay_color=\u00bbrgba(255,255,255,0.66)\u00bb hover_icon=\u00bb&#xe04d;||divi||400&#8243; align=\u00bbcenter\u00bb _builder_version=\u00bb4.17.6&#8243; _module_preset=\u00bbdefault\u00bb global_colors_info=\u00bb{}\u00bb][\/et_pb_image][\/et_pb_column][et_pb_column type=\u00bb3_4&#8243; _builder_version=\u00bb4.16&#8243; _module_preset=\u00bbdefault\u00bb global_colors_info=\u00bb{}\u00bb][et_pb_image src=\u00bbhttps:\/\/museros.org\/wp-content\/uploads\/2022\/07\/cabecera-cursos-22-23.jpg\u00bb title_text=\u00bbcabecera-cursos-22-23&#8243; show_bottom_space=\u00bboff\u00bb _builder_version=\u00bb4.17.6&#8243; _module_preset=\u00bbdefault\u00bb custom_margin=\u00bb50px||||false|false\u00bb global_colors_info=\u00bb{}\u00bb][\/et_pb_image][\/et_pb_column][\/et_pb_row][et_pb_row column_structure=\u00bb1_2,1_2&#8243; _builder_version=\u00bb4.17.6&#8243; _module_preset=\u00bbdefault\u00bb min_height=\u00bb348px\u00bb custom_margin=\u00bb-40px|auto|-40px|auto|false|false\u00bb custom_padding=\u00bb||||false|false\u00bb global_colors_info=\u00bb{}\u00bb][et_pb_column type=\u00bb1_2&#8243; _builder_version=\u00bb4.17.6&#8243; _module_preset=\u00bbdefault\u00bb global_colors_info=\u00bb{}\u00bb][et_pb_image src=\u00bbhttps:\/\/museros.org\/wp-content\/uploads\/2022\/08\/lunes-2022-23.jpg\u00bb title_text=\u00bblunes-2022-23&#8243; _builder_version=\u00bb4.17.6&#8243; _module_preset=\u00bbdefault\u00bb global_colors_info=\u00bb{}\u00bb][\/et_pb_image][\/et_pb_column][et_pb_column type=\u00bb1_2&#8243; _builder_version=\u00bb4.17.6&#8243; _module_preset=\u00bbdefault\u00bb global_colors_info=\u00bb{}\u00bb][et_pb_image src=\u00bbhttps:\/\/museros.org\/wp-content\/uploads\/2022\/07\/martes-22-23.jpg\u00bb title_text=\u00bbmartes-22-23&#8243; _builder_version=\u00bb4.17.6&#8243; _module_preset=\u00bbdefault\u00bb global_colors_info=\u00bb{}\u00bb][\/et_pb_image][\/et_pb_column][\/et_pb_row][et_pb_row column_structure=\u00bb1_2,1_2&#8243; _builder_version=\u00bb4.17.6&#8243; _module_preset=\u00bbdefault\u00bb min_height=\u00bb348px\u00bb custom_margin=\u00bb-40px|auto||auto|false|false\u00bb custom_padding=\u00bb||||false|false\u00bb global_colors_info=\u00bb{}\u00bb][et_pb_column type=\u00bb1_2&#8243; _builder_version=\u00bb4.17.6&#8243; _module_preset=\u00bbdefault\u00bb global_colors_info=\u00bb{}\u00bb][et_pb_image src=\u00bbhttps:\/\/museros.org\/wp-content\/uploads\/2022\/08\/miercoles-2022-23.jpg\u00bb title_text=\u00bbmiercoles-2022-23&#8243; _builder_version=\u00bb4.17.6&#8243; _module_preset=\u00bbdefault\u00bb global_colors_info=\u00bb{}\u00bb][\/et_pb_image][\/et_pb_column][et_pb_column type=\u00bb1_2&#8243; _builder_version=\u00bb4.17.6&#8243; _module_preset=\u00bbdefault\u00bb global_colors_info=\u00bb{}\u00bb][et_pb_image src=\u00bbhttps:\/\/museros.org\/wp-content\/uploads\/2022\/07\/jueves-22-23.jpg\u00bb title_text=\u00bbjueves-22-23&#8243; _builder_version=\u00bb4.17.6&#8243; _module_preset=\u00bbdefault\u00bb global_colors_info=\u00bb{}\u00bb][\/et_pb_image][\/et_pb_column][\/et_pb_row][et_pb_row column_structure=\u00bb1_4,3_4&#8243; _builder_version=\u00bb4.17.6&#8243; _module_preset=\u00bbdefault\u00bb global_colors_info=\u00bb{}\u00bb][et_pb_column type=\u00bb1_4&#8243; _builder_version=\u00bb4.17.6&#8243; _module_preset=\u00bbdefault\u00bb global_colors_info=\u00bb{}\u00bb][\/et_pb_column][et_pb_column type=\u00bb3_4&#8243; _builder_version=\u00bb4.17.6&#8243; _module_preset=\u00bbdefault\u00bb global_colors_info=\u00bb{}\u00bb][et_pb_text _builder_version=\u00bb4.17.6&#8243; _module_preset=\u00bbdefault\u00bb global_colors_info=\u00bb{}\u00bb]<\/p>\n<h3>PREINSCRIPCI\u00d3N Y MATR\u00cdCULA EN LOS CURSOS MUNICIPALES 2022-2023<\/h3>\n<p>\u2022 La preinscripci\u00f3n no garantiza la plaza hasta que no la confirme la coordinadora de la Casa de Cultura y se haga el pago de la matr\u00edcula del curso.<\/p>\n<p>\u2022 Las plazas se adjudicar\u00e1n por riguroso orden de registro de entrada.<\/p>\n<p>\u2022 Las inscripciones en l\u00ednea con certificado digital se tendr\u00e1n que hacer dentro del mismo horario que las inscripciones presenciales.<\/p>\n<p>\u2022 Los cursos se regir\u00e1n por el calendario escolar.<\/p>\n<p>\u2022 Quien no cumpla el plazo de pago y la presentaci\u00f3n del justificante bancario del pago de la matr\u00edcula, se quedar\u00e1 sin la plaza y se avisar\u00e1 el alumno o la alumna que est\u00e9 en la lista de espera.<\/p>\n<p>\u2022 El m\u00e1ximo es de dos inscripciones por persona y curso.<\/p>\n<p>\u2022 El formulario para las inscripciones se podr\u00e1 recoger en la Casa de Cultura o se podr\u00e1 descargar en el siguiente enlace:<\/p>\n<p><a href=\"https:\/\/museros.org\/wp-content\/uploads\/2022\/04\/a-inscripcio-cursos-municipals.pdf\" target=\"_blank\" rel=\"noopener\">https:\/\/museros.org\/wp-content\/uploads\/2022\/04\/a-inscripcio-cursos-municipals.pdf<\/a><\/p>\n<p>\u2022 El pago en l\u00ednea se podr\u00e1 hacer a trav\u00e9s del siguiente enlace:<\/p>\n<p><a href=\"https:\/\/ayuntamientomuseros.tributoslocales.es\/va\/461775\/AMUSEROS\/tasas\" target=\"_blank\" rel=\"noopener\">https:\/\/ayuntamientomuseros.tributoslocales.es\/va\/461775\/AMUSEROS\/tasas<\/a><\/p>\n<p>\u2022 Plazas:<br \/>\u2022 M\u00e1ximo: 15 personas por grupo.<br \/>\u2022 M\u00ednimo: 10 personas por grupo.<\/p>\n<p>\u2022 Precios:<br \/>Gimnasia preventiva (menores de 65 a\u00f1os): 100 \u20ac<br \/>Yoga en silla: 25 \u20ac<br \/>Yoga: 100 \u20ac<br \/>Pilates: 100 \u20ac<br \/>Funcional: 100 \u20ac<br \/>Dibujo y pintura (infantil y adulto): 100 \u20ac<br \/>Artesan\u00eda y restauraci\u00f3n: 100 \u20ac<br \/>Inform\u00e1tica: 25 \u20ac<br \/>Tabal: 100 \u20ac<br \/>Dulzaina: 100 \u20ac<br \/>Teatro (infantil y adulto): 50 \u20ac<\/p>\n<p>PLAZOS DE INSCRIPCIONES<\/p>\n<p>INFORM\u00c1TICA Y YOGA EN SILLA (no hay registro on line)<br \/>D\u00edas del 6 al 8 de septiembre:<br \/>\u2022 Presencial: en la Casa de Cultura, de martes a jueves, de 10.00 h a 13.00 h y de 17.30 h a 20.00 h.<br \/>(Por orden de llegada, se cumplimentar\u00e1n las solicitudes de inscripci\u00f3n en la Casa de Cultura, o se llevar\u00e1n ya cumplimentadas).<\/p>\n<p>YOGA<br \/>D\u00edas: del 6 al 8 de septiembre:<br \/>\u2022 On line, con certificado digital.<br \/>\u2022 Presencial: en la Casa de Cultura, de martes a jueves, de 10.00 h a 13.00 h y de 17.30 h a 20.00 h.<br \/>El d\u00eda 9 de septiembre, se avisar\u00e1 la persona que tenga plaza en el curso para que haga el pago de la matr\u00edcula.<br \/>Del 12 al 14 de septiembre, habr\u00e1 que entregar el justificante del pago de la matr\u00edcula:<br \/>\u2022 Correo electr\u00f3nico: <a href=\"mailto:museroscasacultura@gmail.com\" target=\"_blank\" rel=\"noopener\">museroscasacultura@gmail.com<\/a><br \/>\u2022 Presencial: en la Casa de Cultura, de lunes a mi\u00e9rcoles, de 10.00 h a 13.00 h y de 17.30 h a 20.00 h.<\/p>\n<p>PILATES Y FUNCIONAL<br \/>D\u00edas: del 12 al 14 de septiembre:<br \/>\u2022 On line, con certificado digital.<br \/>\u2022 Presencial: en la Casa de Cultura, de lunes a jueves, de 10.00 h a 13.00 h y de 17.30 h a 20.00 h.<br \/>El d\u00eda 15 de septiembre, se avisar\u00e1 la persona que tenga plaza en el curso para que haga el pago de la matr\u00edcula.<br \/>Del 16 al 20 de septiembre, entrega del justificante del pago de la matr\u00edcula:<br \/>\u2022 Correo electr\u00f3nico: <a href=\"mailto:museroscasacultura@gmail.com\" target=\"_blank\" rel=\"noopener\">museroscasacultura@gmail.com<\/a><br \/>\u2022 Presencial: en la Casa de Cultura, viernes, de 10.00 h a 13.00 h y lunes y martes, de 10.00 h a 13.00 y de 17.30 h a 20.00 h.<\/p>\n<p>DIBUJO Y PINTURA, ARTESAN\u00cdA Y RESTAURACI\u00d3N, TEATRO, TABAL, DULZAINA<br \/>D\u00edas: del 20 al 22 de septiembre:<br \/>\u2022 On line, con certificado digital.<br \/>\u2022 Presencial: en la Casa de Cultura, de martes a jueves, de 10.00 h a 13.00 h Y de 17.30 h a 20.00 h.<br \/>El d\u00eda 23 de septiembre, se avisar\u00e1 la persona que tenga plaza en el curso para que haga el pago de la matr\u00edcula.<br \/>Del 26 al 28 de septiembre, entrega del justificante del pago de la matr\u00edcula:<br \/>\u2022 Correo electr\u00f3nico: <a href=\"mailto:museroscasacultura@gmail.com\" target=\"_blank\" rel=\"noopener\">museroscasacultura@gmail.com<\/a><br \/>\u2022 Presencial: en la Casa de Cultura, de lunes a mi\u00e9rcoles, de 10.00 h a 13.00 y de 17.30 h a 20.00 h.<\/p>\n<p>Los cursos de dibujo y pintura y teatro infantil, se impartir\u00e1n en el CEIP Blasco Ib\u00e1\u00f1ez, si hay aulas disponibles en el centro; en caso contrario, se har\u00e1n en la Casa de Cultura.<br \/>\u2022 Dibujo y pintura infantil (de 3 a 12 a\u00f1os).<br \/>\u2022 Teatro infantil (de 6 a 12 a\u00f1os).<\/p>\n<p><span style=\"color: #333333; font-family: 'Open Sans', Arial, sans-serif; font-size: 16px; font-style: normal; font-variant-ligatures: normal; font-variant-caps: normal; font-weight: 500; letter-spacing: normal; orphans: 2; text-align: left; text-indent: 0px; text-transform: none; white-space: normal; widows: 2; word-spacing: 0px; -webkit-text-stroke-width: 0px; background-color: #ffffff; text-decoration-thickness: initial; text-decoration-style: initial; text-decoration-color: initial; display: inline !important; float: none;\">\u00a0<\/span><\/p>\n<p>[\/et_pb_text][et_pb_image src=\u00bbhttps:\/\/museros.org\/wp-content\/uploads\/2021\/09\/signatura-cursos.jpg\u00bb title_text=\u00bbsignatura-cursos\u00bb _builder_version=\u00bb4.16&#8243; _module_preset=\u00bbdefault\u00bb width=\u00bb75%\u00bb width_tablet=\u00bb75%\u00bb width_phone=\u00bb100%\u00bb width_last_edited=\u00bbon|desktop\u00bb custom_margin=\u00bb||50px||false|false\u00bb global_colors_info=\u00bb{}\u00bb][\/et_pb_image][et_pb_button button_url=\u00bbhttps:\/\/museros.org\/inici\/es\/inscripciones\/\u00bb button_text=\u00bbSolicitud de inscripci\u00f3n\u00bb _builder_version=\u00bb4.21.0&#8243; _module_preset=\u00bbdefault\u00bb hover_enabled=\u00bb0&#8243; global_colors_info=\u00bb{}\u00bb sticky_enabled=\u00bb0&#8243;][\/et_pb_button][et_pb_button button_url=\u00bbhttps:\/\/museros.org\/wp-content\/uploads\/2022\/08\/PREINSCRIPCIONES-CURSOS-22-23.pdf\u00bb url_new_window=\u00bbon\u00bb button_text=\u00bbPreinscripciones de los cursos en PDF\u00bb _builder_version=\u00bb4.17.6&#8243; _module_preset=\u00bbdefault\u00bb global_colors_info=\u00bb{}\u00bb][\/et_pb_button][\/et_pb_column][\/et_pb_row][et_pb_row _builder_version=\u00bb4.16&#8243; _module_preset=\u00bbdefault\u00bb global_colors_info=\u00bb{}\u00bb][et_pb_column type=\u00bb4_4&#8243; _builder_version=\u00bb4.16&#8243; _module_preset=\u00bbdefault\u00bb global_colors_info=\u00bb{}\u00bb][et_pb_divider color=\u00bb#E02B20&#8243; divider_weight=\u00bb4px\u00bb _builder_version=\u00bb4.16&#8243; _module_preset=\u00bbdefault\u00bb global_colors_info=\u00bb{}\u00bb][\/et_pb_divider][\/et_pb_column][\/et_pb_row][\/et_pb_section]<\/p>\n","protected":false},"excerpt":{"rendered":"<p>PREINSCRIPCI\u00d3N Y MATR\u00cdCULA EN LOS CURSOS MUNICIPALES 2022-2023 \u2022 La preinscripci\u00f3n no garantiza la plaza hasta que no la confirme la coordinadora de la Casa de Cultura y se haga el pago de la matr\u00edcula del curso. \u2022 Las plazas se adjudicar\u00e1n por riguroso orden de registro de entrada. \u2022 Las inscripciones en l\u00ednea con [&hellip;]<\/p>\n","protected":false},"author":8,"featured_media":0,"parent":0,"menu_order":0,"comment_status":"closed","ping_status":"closed","template":"","meta":{"_et_pb_use_builder":"on","_et_pb_old_content":"","_et_gb_content_width":"","_mc_calendar":[],"footnotes":""},"wf_page_folders":[382],"class_list":["post-261113","page","type-page","status-publish","hentry"],"_links":{"self":[{"href":"https:\/\/museros.org\/inici\/wp-json\/wp\/v2\/pages\/261113","targetHints":{"allow":["GET"]}}],"collection":[{"href":"https:\/\/museros.org\/inici\/wp-json\/wp\/v2\/pages"}],"about":[{"href":"https:\/\/museros.org\/inici\/wp-json\/wp\/v2\/types\/page"}],"author":[{"embeddable":true,"href":"https:\/\/museros.org\/inici\/wp-json\/wp\/v2\/users\/8"}],"replies":[{"embeddable":true,"href":"https:\/\/museros.org\/inici\/wp-json\/wp\/v2\/comments?post=261113"}],"version-history":[{"count":11,"href":"https:\/\/museros.org\/inici\/wp-json\/wp\/v2\/pages\/261113\/revisions"}],"predecessor-version":[{"id":264483,"href":"https:\/\/museros.org\/inici\/wp-json\/wp\/v2\/pages\/261113\/revisions\/264483"}],"wp:attachment":[{"href":"https:\/\/museros.org\/inici\/wp-json\/wp\/v2\/media?parent=261113"}],"wp:term":[{"taxonomy":"wf_page_folders","embeddable":true,"href":"https:\/\/museros.org\/inici\/wp-json\/wp\/v2\/wf_page_folders?post=261113"}],"curies":[{"name":"wp","href":"https:\/\/api.w.org\/{rel}","templated":true}]}}