{"id":260826,"date":"2022-07-05T14:51:03","date_gmt":"2022-07-05T14:51:03","guid":{"rendered":"https:\/\/museros.org\/inici\/?page_id=260826"},"modified":"2022-07-15T11:14:42","modified_gmt":"2022-07-15T11:14:42","slug":"semana-personas-mayores-2022","status":"publish","type":"page","link":"https:\/\/museros.org\/inici\/es\/semana-personas-mayores-2022\/","title":{"rendered":"Semana personas mayores 2022"},"content":{"rendered":"<p>[et_pb_section fb_built=\u00bb1&#8243; _builder_version=\u00bb4.17.4&#8243; _module_preset=\u00bbdefault\u00bb custom_margin=\u00bb40px||||false|false\u00bb custom_padding=\u00bb0px||||false|false\u00bb locked=\u00bboff\u00bb global_colors_info=\u00bb{}\u00bb][et_pb_row column_structure=\u00bb1_4,3_4&#8243; _builder_version=\u00bb4.17.4&#8243; _module_preset=\u00bbdefault\u00bb custom_padding=\u00bb0px||||false|false\u00bb global_colors_info=\u00bb{}\u00bb][et_pb_column type=\u00bb1_4&#8243; _builder_version=\u00bb4.16&#8243; _module_preset=\u00bbdefault\u00bb global_colors_info=\u00bb{}\u00bb][et_pb_image src=\u00bbhttps:\/\/museros.org\/wp-content\/uploads\/2022\/07\/semana-pm-230&#215;180-1.jpg\u00bb title_text=\u00bbsemana-pm-230&#215;180&#8243; url=\u00bbhttps:\/\/museros.org\/inici\/es\/area-de-mayores\/\u00bb use_overlay=\u00bbon\u00bb overlay_icon_color=\u00bb#E02B20&#8243; hover_overlay_color=\u00bbrgba(255,255,255,0.71)\u00bb hover_icon=\u00bb&#xe04d;||divi||400&#8243; show_bottom_space=\u00bboff\u00bb align=\u00bbcenter\u00bb _builder_version=\u00bb4.17.4&#8243; _module_preset=\u00bbdefault\u00bb locked=\u00bboff\u00bb global_colors_info=\u00bb{}\u00bb][\/et_pb_image][et_pb_button button_url=\u00bbhttps:\/\/museros.org\/wp-content\/uploads\/2022\/07\/Semana-personas-mayores-2022.pdf\u00bb url_new_window=\u00bbon\u00bb button_text=\u00bbPrograma en PDF\u00bb button_alignment=\u00bbcenter\u00bb _builder_version=\u00bb4.17.6&#8243; _module_preset=\u00bbdefault\u00bb hover_enabled=\u00bb0&#8243; locked=\u00bboff\u00bb global_colors_info=\u00bb{}\u00bb sticky_enabled=\u00bb0&#8243;][\/et_pb_button][\/et_pb_column][et_pb_column type=\u00bb3_4&#8243; _builder_version=\u00bb4.16&#8243; _module_preset=\u00bbdefault\u00bb global_colors_info=\u00bb{}\u00bb][et_pb_text _builder_version=\u00bb4.17.6&#8243; _module_preset=\u00bbdefault\u00bb custom_padding=\u00bb2px|||||\u00bb global_colors_info=\u00bb{}\u00bb]<\/p>\n<h1>SEMANA DE LAS PERSONAS MAYORES<\/h1>\n<h3>DEL 25 AL 29 DE JULIO<\/h3>\n<h4><strong>Lunes, 25 de julio<\/strong><strong><\/strong><\/h4>\n<p><strong>10.00 h<\/strong><br \/>Primera parte del taller de bisuter\u00eda de cer\u00e1mica polim\u00e9rica.<br \/>Plazas limitadas a 15 personas.<br \/>Lugar: Hogar del Jubilado.<\/p>\n<p><strong>17.30 h<\/strong><br \/>Merienda para coger fuerzas.<br \/>Inscripciones para el campeonato de parch\u00eds.<br \/>Premios para las personas ganadoras participantes.<br \/>Plazas limitadas.<br \/>Lugar: Hogar del Jubilado.<\/p>\n<p><strong>18.00 h<\/strong><br \/>Taller de risoterapia.<br \/>Plazas limitadas a 25 personas.<br \/>Lugar: Hogar del Jubilado.<\/p>\n<h4><strong>Martes, 26 de julio<\/strong><\/h4>\n<p><strong>10.00 h<\/strong><br \/>Salida con destino Sueca, donde volveremos a visitar el museo y la f\u00e1brica Chocolates Comes, donde podremos degustar y adquirir sus productos.<br \/>Salida desde el Punt d&#8217;Amics.<br \/>Plazas hasta a completar el autob\u00fas.<\/p>\n<p><strong>17.30 h<\/strong><br \/>Merienda para coger fuerzas.<br \/>Lugar: Hogar del Jubilado.<\/p>\n<p><strong>18.00 h<\/strong><br \/>Comienzo del campeonato de parch\u00eds.<br \/>Lugar: Hogar del Jubilado.<\/p>\n<h4><strong>Mi\u00e9rcoles, 27 de julio<\/strong><\/h4>\n<p><strong>11.00 h<\/strong><br \/>Taller de alimentaci\u00f3n saludable (actividad de cocina relacionada con el plato saludable y, posteriormente, cata de los resultados).<br \/>Plazas limitadas a 20 personas.<br \/>Lugar: Hogar del Jubilado.<\/p>\n<p><strong>20.30 h<\/strong><br \/>Cena de sobaquillo a la fresca, con bebida y tapas a cargo de la Concejal\u00eda de Mayores. Ameniza el grupo musical Los Bohemios, que interpretar\u00e1n m\u00fasica de todos los tiempos.<br \/>Plazas limitadas.<br \/>Lugar: pla\u00e7a del Poeta Llorente.<br \/>Precio 2 \u20ac<\/p>\n<h4><strong>Jueves, 28 de julio<\/strong><\/h4>\n<p><strong>10.00 h<\/strong><br \/>Salida con destino a Benissan\u00f3, donde visitaremos su castillo, y al final de la visita, realizaremos una actividad de decoraci\u00f3n de azulejos.<br \/>Salida desde el Punt d&#8217;Amics.<br \/>Plazas limitadas hasta completar el autob\u00fas.<\/p>\n<p><strong>17.30 h<\/strong><br \/>Merienda para coger fuerzas.<br \/>Lugar: Hogar del Jubilado.<\/p>\n<p><strong>18.00 h<\/strong><br \/>Continuamos con el campeonato de parch\u00eds.<br \/>Lugar: Hogar del Jubilado.<\/p>\n<p><strong>22.30 h<\/strong><br \/>Concierto de la SUM Big Band Museros. M\u00fasica swing.<br \/>Lugar: plaza del Poeta Llorente.<\/p>\n<h4><strong>Viernes, 29 de julio<\/strong><\/h4>\n<p><strong>10.00 h<\/strong><br \/>Segunda parte del taller de cer\u00e1mica polim\u00e9rica.<br \/>Montaje de piezas.<br \/>Lugar: Hogar del Jubilado.<\/p>\n<p><strong>17.30 h<\/strong><br \/>Merienda para coger fuerzas.<br \/>Lugar: Hogar del Jubilado.<\/p>\n<p><strong>18.00 h<\/strong><br \/>Final del campeonato de parch\u00eds y entrega de premios a las personas ganadoras y a las participantes.<br \/>Lugar: Hogar del Jubilado.<\/p>\n<p><strong>22.30 h<\/strong><br \/>Espect\u00e1culo de humor <em>Quarentena<\/em>, a cargo de la humorista Carol Tom\u00e1s.<br \/>Lugar: plaza del Poeta Llorente.<\/p>\n<h4><strong>Inscripciones en el Hogar del Jubilado<\/strong><\/h4>\n<p>Los lunes, jueves y viernes, de 10.00 h a 13.00 h, del 11 al 22 de julio.<\/p>\n<p>[\/et_pb_text][\/et_pb_column][\/et_pb_row][et_pb_row _builder_version=\u00bb4.16&#8243; _module_preset=\u00bbdefault\u00bb custom_margin=\u00bb0px||||false|false\u00bb custom_padding=\u00bb0px||||false|false\u00bb global_colors_info=\u00bb{}\u00bb][et_pb_column type=\u00bb4_4&#8243; _builder_version=\u00bb4.16&#8243; _module_preset=\u00bbdefault\u00bb global_colors_info=\u00bb{}\u00bb][et_pb_divider color=\u00bb#E02B20&#8243; divider_weight=\u00bb4px\u00bb _builder_version=\u00bb4.16&#8243; _module_preset=\u00bbdefault\u00bb custom_margin=\u00bb40px||||false|false\u00bb global_colors_info=\u00bb{}\u00bb][\/et_pb_divider][\/et_pb_column][\/et_pb_row][\/et_pb_section]<\/p>\n","protected":false},"excerpt":{"rendered":"<p>SEMANA DE LAS PERSONAS MAYORES DEL 25 AL 29 DE JULIO Lunes, 25 de julio 10.00 hPrimera parte del taller de bisuter\u00eda de cer\u00e1mica polim\u00e9rica.Plazas limitadas a 15 personas.Lugar: Hogar del Jubilado. 17.30 hMerienda para coger fuerzas.Inscripciones para el campeonato de parch\u00eds.Premios para las personas ganadoras participantes.Plazas limitadas.Lugar: Hogar del Jubilado. 18.00 hTaller de risoterapia.Plazas [&hellip;]<\/p>\n","protected":false},"author":8,"featured_media":0,"parent":0,"menu_order":0,"comment_status":"closed","ping_status":"closed","template":"","meta":{"_et_pb_use_builder":"on","_et_pb_old_content":"","_et_gb_content_width":"","_mc_calendar":[],"footnotes":""},"wf_page_folders":[296],"class_list":["post-260826","page","type-page","status-publish","hentry"],"_links":{"self":[{"href":"https:\/\/museros.org\/inici\/wp-json\/wp\/v2\/pages\/260826","targetHints":{"allow":["GET"]}}],"collection":[{"href":"https:\/\/museros.org\/inici\/wp-json\/wp\/v2\/pages"}],"about":[{"href":"https:\/\/museros.org\/inici\/wp-json\/wp\/v2\/types\/page"}],"author":[{"embeddable":true,"href":"https:\/\/museros.org\/inici\/wp-json\/wp\/v2\/users\/8"}],"replies":[{"embeddable":true,"href":"https:\/\/museros.org\/inici\/wp-json\/wp\/v2\/comments?post=260826"}],"version-history":[{"count":14,"href":"https:\/\/museros.org\/inici\/wp-json\/wp\/v2\/pages\/260826\/revisions"}],"predecessor-version":[{"id":267763,"href":"https:\/\/museros.org\/inici\/wp-json\/wp\/v2\/pages\/260826\/revisions\/267763"}],"wp:attachment":[{"href":"https:\/\/museros.org\/inici\/wp-json\/wp\/v2\/media?parent=260826"}],"wp:term":[{"taxonomy":"wf_page_folders","embeddable":true,"href":"https:\/\/museros.org\/inici\/wp-json\/wp\/v2\/wf_page_folders?post=260826"}],"curies":[{"name":"wp","href":"https:\/\/api.w.org\/{rel}","templated":true}]}}