{"id":260735,"date":"2022-07-04T13:53:16","date_gmt":"2022-07-04T13:53:16","guid":{"rendered":"https:\/\/museros.org\/inici\/?page_id=260735"},"modified":"2024-02-08T17:41:23","modified_gmt":"2024-02-08T17:41:23","slug":"actividades-de-julio-2022","status":"publish","type":"page","link":"https:\/\/museros.org\/inici\/es\/actividades-de-julio-2022\/","title":{"rendered":"Actividades de julio 2022"},"content":{"rendered":"\n[et_pb_section fb_built=\u00bb1&#8243; _builder_version=\u00bb4.16&#8243; _module_preset=\u00bbdefault\u00bb custom_padding=\u00bb0px||||false|false\u00bb locked=\u00bboff\u00bb global_colors_info=\u00bb{}\u00bb][et_pb_row column_structure=\u00bb1_4,3_4&#8243; _builder_version=\u00bb4.16&#8243; _module_preset=\u00bbdefault\u00bb custom_padding=\u00bb0px||||false|false\u00bb global_colors_info=\u00bb{}\u00bb][et_pb_column type=\u00bb1_4&#8243; _builder_version=\u00bb4.16&#8243; _module_preset=\u00bbdefault\u00bb global_colors_info=\u00bb{}\u00bb][et_pb_image src=\u00bbhttps:\/\/museros.org\/wp-content\/uploads\/2021\/06\/logo-deportes-cl-230&#215;180-1.jpg\u00bb title_text=\u00bblogo-deportes-cl-230&#215;180&#8243; url=\u00bbhttps:\/\/museros.org\/inici\/area-de-deportes\/\u00bb use_overlay=\u00bbon\u00bb overlay_icon_color=\u00bb#E02B20&#8243; hover_overlay_color=\u00bbrgba(255,255,255,0.71)\u00bb hover_icon=\u00bb&#xe04d;||divi||400&#8243; show_bottom_space=\u00bboff\u00bb align=\u00bbcenter\u00bb _builder_version=\u00bb4.17.4&#8243; _module_preset=\u00bbdefault\u00bb locked=\u00bboff\u00bb global_colors_info=\u00bb{}\u00bb][\/et_pb_image][\/et_pb_column][et_pb_column type=\u00bb3_4&#8243; _builder_version=\u00bb4.16&#8243; _module_preset=\u00bbdefault\u00bb global_colors_info=\u00bb{}\u00bb][et_pb_image src=\u00bbhttps:\/\/museros.org\/wp-content\/uploads\/2022\/07\/julio-800&#215;640-1.jpg\u00bb title_text=\u00bbjulio-800&#215;640&#8243; _builder_version=\u00bb4.17.4&#8243; _module_preset=\u00bbdefault\u00bb global_colors_info=\u00bb{}\u00bb][\/et_pb_image][et_pb_text _builder_version=\u00bb4.17.4&#8243; _module_preset=\u00bbdefault\u00bb custom_padding=\u00bb2px|||||\u00bb hover_enabled=\u00bb0&#8243; global_colors_info=\u00bb{}\u00bb sticky_enabled=\u00bb0&#8243;]<h2>ACTIVIDADES DEPORTIVAS DE JULIO<\/h2>\n<p><strong>\u2022 Campeonato de Frontenis por parejas<\/strong><br \/>Del 4 al 18 de julio<br \/>De lunes a viernes, a partir de las 18.30 h, en el front\u00f3n municipal.<br \/>Campeonato por parejas en dos categor\u00edas: infantil y amateur.<\/p>\n<p><strong>\u2022 Fiesta Ciclista<\/strong><br \/>Jueves 14 de julio<br \/>Lugar: parking de la avenida de Blasco Ib\u00e1\u00f1ez.<br \/>Actividades ciclistas para todas las edades.<br \/>Inscripci\u00f3n necesaria.<\/p>\n<p><strong>\u2022 Fiesta del running<\/strong><br \/>Viernes 22 de julio<br \/>Lugar: calle Mayor.<br \/>Carreras no competitivas para ni\u00f1os y ni\u00f1as.<br \/>Inscripci\u00f3n necesaria.<\/p>\n<p><strong>\u2022 Gincana aqu\u00e1tica<\/strong><br \/>Martes 19 de julio<br \/>Lugar: piscina municipal.<br \/>Actividad acu\u00e1tica dirigida a ni\u00f1os y ni\u00f1as.<br \/>Inscripci\u00f3n necesaria.<\/p>\n<p><strong>\u2022 Campeonato de Front\u00f3n a mano<\/strong><br \/>Del 25 al 29 de julio<br \/>Lugar: front\u00f3n municipal.<br \/>Campeonato de front\u00f3n por parejas y partidas de exhibici\u00f3n.<br \/>Viernes 29 de julio, exhibici\u00f3n de la Escuela de Pelota de Museros y gran final del campeonato.<\/p>\n<p>&nbsp;<\/p>[\/et_pb_text][\/et_pb_column][\/et_pb_row][et_pb_row _builder_version=\u00bb4.16&#8243; _module_preset=\u00bbdefault\u00bb custom_margin=\u00bb0px||||false|false\u00bb custom_padding=\u00bb0px||||false|false\u00bb global_colors_info=\u00bb{}\u00bb][et_pb_column type=\u00bb4_4&#8243; _builder_version=\u00bb4.16&#8243; _module_preset=\u00bbdefault\u00bb global_colors_info=\u00bb{}\u00bb][et_pb_divider color=\u00bb#E02B20&#8243; divider_weight=\u00bb4px\u00bb _builder_version=\u00bb4.16&#8243; _module_preset=\u00bbdefault\u00bb custom_margin=\u00bb40px||||false|false\u00bb global_colors_info=\u00bb{}\u00bb][\/et_pb_divider][\/et_pb_column][\/et_pb_row][\/et_pb_section]\n","protected":false},"excerpt":{"rendered":"<p>ACTIVIDADES DEPORTIVAS DE JULIO \u2022 Campeonato de Frontenis por parejasDel 4 al 18 de julioDe lunes a viernes, a partir de las 18.30 h, en el front\u00f3n municipal.Campeonato por parejas en dos categor\u00edas: infantil y amateur. \u2022 Fiesta CiclistaJueves 14 de julioLugar: parking de la avenida de Blasco Ib\u00e1\u00f1ez.Actividades ciclistas para todas las edades.Inscripci\u00f3n necesaria. [&hellip;]<\/p>\n","protected":false},"author":8,"featured_media":0,"parent":0,"menu_order":0,"comment_status":"closed","ping_status":"closed","template":"","meta":{"_et_pb_use_builder":"on","_et_pb_old_content":"","_et_gb_content_width":"","_mc_calendar":[],"footnotes":""},"wf_page_folders":[297],"class_list":["post-260735","page","type-page","status-publish","hentry"],"_links":{"self":[{"href":"https:\/\/museros.org\/inici\/wp-json\/wp\/v2\/pages\/260735","targetHints":{"allow":["GET"]}}],"collection":[{"href":"https:\/\/museros.org\/inici\/wp-json\/wp\/v2\/pages"}],"about":[{"href":"https:\/\/museros.org\/inici\/wp-json\/wp\/v2\/types\/page"}],"author":[{"embeddable":true,"href":"https:\/\/museros.org\/inici\/wp-json\/wp\/v2\/users\/8"}],"replies":[{"embeddable":true,"href":"https:\/\/museros.org\/inici\/wp-json\/wp\/v2\/comments?post=260735"}],"version-history":[{"count":6,"href":"https:\/\/museros.org\/inici\/wp-json\/wp\/v2\/pages\/260735\/revisions"}],"predecessor-version":[{"id":267775,"href":"https:\/\/museros.org\/inici\/wp-json\/wp\/v2\/pages\/260735\/revisions\/267775"}],"wp:attachment":[{"href":"https:\/\/museros.org\/inici\/wp-json\/wp\/v2\/media?parent=260735"}],"wp:term":[{"taxonomy":"wf_page_folders","embeddable":true,"href":"https:\/\/museros.org\/inici\/wp-json\/wp\/v2\/wf_page_folders?post=260735"}],"curies":[{"name":"wp","href":"https:\/\/api.w.org\/{rel}","templated":true}]}}