{"id":260319,"date":"2022-06-20T20:27:21","date_gmt":"2022-06-20T20:27:21","guid":{"rendered":"https:\/\/museros.org\/inici\/?page_id=260319"},"modified":"2022-06-21T05:32:37","modified_gmt":"2022-06-21T05:32:37","slug":"cursos-natacion-2022","status":"publish","type":"page","link":"https:\/\/museros.org\/inici\/es\/cursos-natacion-2022\/","title":{"rendered":"Cursos nataci\u00f3n 2022"},"content":{"rendered":"<p>[et_pb_section fb_built=\u00bb1&#8243; _builder_version=\u00bb4.16&#8243; _module_preset=\u00bbdefault\u00bb custom_padding=\u00bb0px||||false|false\u00bb locked=\u00bboff\u00bb global_colors_info=\u00bb{}\u00bb][et_pb_row column_structure=\u00bb1_4,3_4&#8243; _builder_version=\u00bb4.16&#8243; _module_preset=\u00bbdefault\u00bb custom_padding=\u00bb0px||||false|false\u00bb global_colors_info=\u00bb{}\u00bb][et_pb_column type=\u00bb1_4&#8243; _builder_version=\u00bb4.16&#8243; _module_preset=\u00bbdefault\u00bb global_colors_info=\u00bb{}\u00bb][et_pb_image src=\u00bbhttps:\/\/museros.org\/wp-content\/uploads\/2022\/06\/cusros-piscina-180&#215;230-1.jpg\u00bb title_text=\u00bbcusros-piscina-180&#215;230&#8243; url=\u00bbhttps:\/\/museros.org\/inici\/es\/piscina-verano-2022\/\u00bb use_overlay=\u00bbon\u00bb overlay_icon_color=\u00bb#E02B20&#8243; hover_overlay_color=\u00bbrgba(255,255,255,0.71)\u00bb hover_icon=\u00bb&#xe04d;||divi||400&#8243; show_bottom_space=\u00bboff\u00bb align=\u00bbcenter\u00bb _builder_version=\u00bb4.17.4&#8243; _module_preset=\u00bbdefault\u00bb locked=\u00bboff\u00bb global_colors_info=\u00bb{}\u00bb][\/et_pb_image][\/et_pb_column][et_pb_column type=\u00bb3_4&#8243; _builder_version=\u00bb4.16&#8243; _module_preset=\u00bbdefault\u00bb global_colors_info=\u00bb{}\u00bb][et_pb_image src=\u00bbhttps:\/\/museros.org\/wp-content\/uploads\/2022\/06\/cursosnatacion-800&#215;300-1.jpg\u00bb title_text=\u00bbcursosnatacion-800&#215;300&#8243; _builder_version=\u00bb4.17.4&#8243; _module_preset=\u00bbdefault\u00bb global_colors_info=\u00bb{}\u00bb][\/et_pb_image][et_pb_text _builder_version=\u00bb4.17.4&#8243; _module_preset=\u00bbdefault\u00bb custom_padding=\u00bb2px|||||\u00bb hover_enabled=\u00bb0&#8243; global_colors_info=\u00bb{}\u00bb sticky_enabled=\u00bb0&#8243;]<\/p>\n<h1>CURSOS 2022<br \/>DE LA PISCINA MUNICIPAL DE MUSEROS<\/h1>\n<h3>Del 5 al 29 de julio<\/h3>\n<p>La piscina municipal de Museros ofrecer\u00e1 tres cursos de nataci\u00f3n en el mes de julio:<\/p>\n<p>&#8211; Curso de iniciaci\u00f3n a la nataci\u00f3n para ni\u00f1os y ni\u00f1as de 3 a 6 a\u00f1os.<br \/>&#8211; Curso de nataci\u00f3n nivel b\u00e1sico para ni\u00f1os y ni\u00f1as de 7 a 12 a\u00f1os.<br \/>&#8211; Curso de gimnasia acu\u00e1tica para personas jubiladas o pensionistas mayores de 60 a\u00f1os.<\/p>\n<p>Las inscripciones de los cursos infantiles son hasta el 30 de junio a trav\u00e9s de la sede electr\u00f3nica: <a href=\"https:\/\/museros.sedelectronica.es\/info.0\" target=\"_blank\" rel=\"noopener\">https:\/\/museros.sedelectronica.es\/info.0<\/a><\/p>\n<p>Las inscripciones del curso de mayores son hasta el 30 de junio presencialmente en la Casa de Cultura, de lunes a jueves, de 10.00 h a 12.30 h y de 17.30 h a 20.30 h.<\/p>\n<p>&nbsp;<\/p>\n<p><strong>M\u00e1s informaci\u00f3n:<\/strong><\/p>\n<p>[\/et_pb_text][\/et_pb_column][\/et_pb_row][et_pb_row column_structure=\u00bb1_4,1_4,1_4,1_4&#8243; _builder_version=\u00bb4.17.4&#8243; _module_preset=\u00bbdefault\u00bb global_colors_info=\u00bb{}\u00bb][et_pb_column type=\u00bb1_4&#8243; _builder_version=\u00bb4.17.4&#8243; _module_preset=\u00bbdefault\u00bb global_colors_info=\u00bb{}\u00bb][\/et_pb_column][et_pb_column type=\u00bb1_4&#8243; _builder_version=\u00bb4.17.4&#8243; _module_preset=\u00bbdefault\u00bb global_colors_info=\u00bb{}\u00bb][et_pb_button button_url=\u00bbhttps:\/\/museros.org\/inici\/es\/curso-de-iniciacion\u00bb button_text=\u00bbCurso de iniciaci\u00f3n a la nataci\u00f3n\u00bb _builder_version=\u00bb4.17.4&#8243; _module_preset=\u00bbdefault\u00bb global_colors_info=\u00bb{}\u00bb][\/et_pb_button][\/et_pb_column][et_pb_column type=\u00bb1_4&#8243; _builder_version=\u00bb4.17.4&#8243; _module_preset=\u00bbdefault\u00bb global_colors_info=\u00bb{}\u00bb][et_pb_button button_url=\u00bbhttps:\/\/museros.org\/inici\/es\/nivel-basico\/\u00bb button_text=\u00bbNivel b\u00e1sico\u00bb button_alignment=\u00bbcenter\u00bb _builder_version=\u00bb4.17.4&#8243; _module_preset=\u00bbdefault\u00bb global_colors_info=\u00bb{}\u00bb][\/et_pb_button][\/et_pb_column][et_pb_column type=\u00bb1_4&#8243; _builder_version=\u00bb4.17.4&#8243; _module_preset=\u00bbdefault\u00bb global_colors_info=\u00bb{}\u00bb][et_pb_button button_url=\u00bbhttps:\/\/museros.org\/inici\/es\/gimnasia-acuatica\/\u00bb button_text=\u00bbCurso de gimnasia aqu\u00e1tica para mayores\u00bb _builder_version=\u00bb4.17.4&#8243; _module_preset=\u00bbdefault\u00bb global_colors_info=\u00bb{}\u00bb][\/et_pb_button][\/et_pb_column][\/et_pb_row][et_pb_row _builder_version=\u00bb4.16&#8243; _module_preset=\u00bbdefault\u00bb custom_margin=\u00bb0px||||false|false\u00bb custom_padding=\u00bb0px||||false|false\u00bb global_colors_info=\u00bb{}\u00bb][et_pb_column type=\u00bb4_4&#8243; _builder_version=\u00bb4.16&#8243; _module_preset=\u00bbdefault\u00bb global_colors_info=\u00bb{}\u00bb][et_pb_divider color=\u00bb#E02B20&#8243; divider_weight=\u00bb4px\u00bb _builder_version=\u00bb4.16&#8243; _module_preset=\u00bbdefault\u00bb custom_margin=\u00bb40px||||false|false\u00bb global_colors_info=\u00bb{}\u00bb][\/et_pb_divider][\/et_pb_column][\/et_pb_row][\/et_pb_section]<\/p>\n","protected":false},"excerpt":{"rendered":"<p>CURSOS 2022DE LA PISCINA MUNICIPAL DE MUSEROS Del 5 al 29 de julio La piscina municipal de Museros ofrecer\u00e1 tres cursos de nataci\u00f3n en el mes de julio: &#8211; Curso de iniciaci\u00f3n a la nataci\u00f3n para ni\u00f1os y ni\u00f1as de 3 a 6 a\u00f1os.- Curso de nataci\u00f3n nivel b\u00e1sico para ni\u00f1os y ni\u00f1as de 7 [&hellip;]<\/p>\n","protected":false},"author":8,"featured_media":0,"parent":0,"menu_order":0,"comment_status":"closed","ping_status":"closed","template":"","meta":{"_et_pb_use_builder":"on","_et_pb_old_content":"","_et_gb_content_width":"","_mc_calendar":[],"footnotes":""},"wf_page_folders":[297],"class_list":["post-260319","page","type-page","status-publish","hentry"],"_links":{"self":[{"href":"https:\/\/museros.org\/inici\/wp-json\/wp\/v2\/pages\/260319","targetHints":{"allow":["GET"]}}],"collection":[{"href":"https:\/\/museros.org\/inici\/wp-json\/wp\/v2\/pages"}],"about":[{"href":"https:\/\/museros.org\/inici\/wp-json\/wp\/v2\/types\/page"}],"author":[{"embeddable":true,"href":"https:\/\/museros.org\/inici\/wp-json\/wp\/v2\/users\/8"}],"replies":[{"embeddable":true,"href":"https:\/\/museros.org\/inici\/wp-json\/wp\/v2\/comments?post=260319"}],"version-history":[{"count":6,"href":"https:\/\/museros.org\/inici\/wp-json\/wp\/v2\/pages\/260319\/revisions"}],"predecessor-version":[{"id":260384,"href":"https:\/\/museros.org\/inici\/wp-json\/wp\/v2\/pages\/260319\/revisions\/260384"}],"wp:attachment":[{"href":"https:\/\/museros.org\/inici\/wp-json\/wp\/v2\/media?parent=260319"}],"wp:term":[{"taxonomy":"wf_page_folders","embeddable":true,"href":"https:\/\/museros.org\/inici\/wp-json\/wp\/v2\/wf_page_folders?post=260319"}],"curies":[{"name":"wp","href":"https:\/\/api.w.org\/{rel}","templated":true}]}}