{"id":256142,"date":"2022-03-25T17:13:47","date_gmt":"2022-03-25T17:13:47","guid":{"rendered":"https:\/\/museros.org\/inici\/?page_id=256142"},"modified":"2025-08-01T15:13:34","modified_gmt":"2025-08-01T15:13:34","slug":"informacio-general","status":"publish","type":"page","link":"https:\/\/museros.org\/inici\/informacio-general\/","title":{"rendered":"Informaci\u00f3 general"},"content":{"rendered":"<p>[et_pb_section fb_built=\u00bb1&#8243; _builder_version=\u00bb4.16&#8243; _module_preset=\u00bbdefault\u00bb custom_margin=\u00bb0px||||false|false\u00bb custom_padding=\u00bb0px||||false|false\u00bb locked=\u00bboff\u00bb global_colors_info=\u00bb{}\u00bb][et_pb_row column_structure=\u00bb1_4,3_4&#8243; _builder_version=\u00bb4.16&#8243; _module_preset=\u00bbdefault\u00bb custom_margin=\u00bb0px||||false|false\u00bb custom_padding=\u00bb0px||||false|false\u00bb global_colors_info=\u00bb{}\u00bb][et_pb_column type=\u00bb1_4&#8243; _builder_version=\u00bb4.16&#8243; _module_preset=\u00bbdefault\u00bb global_colors_info=\u00bb{}\u00bb][et_pb_image src=\u00bbhttps:\/\/museros.org\/wp-content\/uploads\/2022\/03\/informacio-gen-180&#215;230-1.jpg\u00bb title_text=\u00bbinformacio-gen-180&#215;230&#8243; url=\u00bbhttps:\/\/museros.org\/inici\/escola-infantil-municipal\/\u00bb use_overlay=\u00bbon\u00bb overlay_icon_color=\u00bb#E02B20&#8243; hover_overlay_color=\u00bbrgba(255,255,255,0.71)\u00bb hover_icon=\u00bb&#xe04d;||divi||400&#8243; align=\u00bbcenter\u00bb _builder_version=\u00bb4.16&#8243; _module_preset=\u00bbdefault\u00bb global_colors_info=\u00bb{}\u00bb][\/et_pb_image][\/et_pb_column][et_pb_column type=\u00bb3_4&#8243; _builder_version=\u00bb4.16&#8243; _module_preset=\u00bbdefault\u00bb global_colors_info=\u00bb{}\u00bb][et_pb_text _builder_version=\u00bb4.27.4&#8243; _module_preset=\u00bbdefault\u00bb custom_padding=\u00bb2px|||||\u00bb global_colors_info=\u00bb{}\u00bb]<\/p>\n<h2>Informaci\u00f3 general<\/h2>\n<h4>Escola Infantil de Primer Cicle Municipal<\/h4>\n<p>L&#8217;Escola Infantil de Primer Cicle Municipal \u00e9s un projecte de l\u2019Ajuntament de Museros, i concretament, de la Regidoria de Cultura i Educaci\u00f3. Les seues activitats comen\u00e7aren en el curs 2006-2007.<br \/>El centre va ser homologat, d&#8217;acord amb el conveni de creaci\u00f3 entre la Conselleria d&#8217;Educaci\u00f3 i l&#8217;Ajuntament de Museros, de 4 de mar\u00e7 de 2008.<br \/>Codi del centre: 46030451.<br \/>Gratu\u00eftat per a totes les aules d&#8217;1 a 2 i de 2 a 3 anys.<br \/>El seu reglament org\u00e0nic i funcional va ser aprovat, per unanimitat de tots els grups pol\u00edtics, en el ple de 27 de juliol de 2006. L&#8217;\u00faltima modificaci\u00f3 del mateix es va aprovar en el ple de 28 de maig de 2020.<br \/>L&#8217;Escola es troba situada al carrer d&#8217;Enric Valor, 4.<br \/>Tel\u00e8fons: 960262159 &#8211; 960262160<br \/>escolainfantil@museros.es<\/p>\n<h4>A qui va dirigida?<\/h4>\n<p>T\u00e9 una funci\u00f3 social i educativa i est\u00e0 dirigida a 68 xiquets i xiquetes d&#8217;1 any a 3 anys.<\/p>\n<h4>Objectius<\/h4>\n<p>Fomentar el desenvolupament integral dels xiquets i de les xiquetes, i les seues capacitats.<br \/>Facilitar el desenvolupament integral de valors individuals i b\u00e0sics.<br \/>Afavorir l&#8217;adquisici\u00f3 progressiva d&#8217;h\u00e0bits.<br \/>Facilitar la conciliaci\u00f3 entre la vida familiar i laboral.<\/p>\n<h4>Aules<\/h4>\n<p>2 aules d&#8217;1 a 2 anys.<br \/>2 aules de 2 a 3 anys.<\/p>\n<h4>Personal<\/h4>\n<p>Equip docent (directora, educadores i personal de suport).<br \/>Servei de neteja i de manteniment.<br \/>Psic\u00f2loga del Gabinet Psicopedag\u00f2gic.<br \/>Consell Escolar<\/p>\n<h4>Horaris<\/h4>\n<p>Horari lectiu<br \/>Horari ordinari o lectiu: de 9.00 h a 17.00 h<br \/>Mat\u00ed<br \/>entrada: de 9.00 h a 9.15 h<br \/>eixida: de 12.15 h a 12.45 h<br \/>Vesprada<br \/>entrada: de 15.00 h a 15.15 h<br \/>eixida: de 16.30 h a 16.45 h<br \/>Horari extraordinari<br \/>Mat\u00ed: de 7.30 h a 09.00 h<br \/>Vesprada: de 17.00 h a 18.00 h<br \/>En aquest horari extraordinari, es faran activitats de psicomotricitat, expressi\u00f3 musical, relaxaci\u00f3 i jocs.<br \/>Direcci\u00f3: horari d&#8217;atenci\u00f3 a pares<br \/>Dimarts i dijous d&#8217;11.15 h a 12.00 h<\/p>\n<h4>Servei de menjador<\/h4>\n<p>El menjar casol\u00e0 i saludable \u00e9s elaborat cada dia en la cuina de l&#8217;escola amb productes frescos i est\u00e0 adaptat a les necessitats espec\u00edfiques dels alumnes<br \/>Horari de menjador: 12.30 h<\/p>\n<h4>Tarifes i pagament<\/h4>\n<p>Tarifes<br \/>Hores extres de mat\u00ed: 30 \u20ac de 7.30 h a 9.00 h<br \/>Hores extres de vesprada: 20 \u20ac 17.00 h a 18.00 h<br \/>Menjador: 100 \u20ac al mes<br \/>Abonament menjador de 10 dies: 60 \u20ac<br \/>Agenda electr\u00f2nica: 10 \u20ac<br \/>Material: 50 \u20ac por curso<\/p>\n<h4>Educaci\u00f3<\/h4>\n<p>Gratu\u00efta per a tot l&#8217;alumnat d&#8217;1 a 3 anys.<\/p>\n<h4>Pagament<\/h4>\n<p>El pagament es realitzar\u00e0 per domiciliaci\u00f3 banc\u00e0ria.<br \/>Els abonaments de menjador s&#8217;hauran d&#8217;ingressar en quasevol entitat banc\u00e0ria al compte corrent de l&#8217;Ajuntament de Museros.<\/p>\n<h4>Dies de cobrament o pagament<\/h4>\n<p>Els dies de cobrament o pagament seran de l&#8217;1 al 5 de cada mes.<br \/>Si els rebuts no es paguen, es cobraran despeses banc\u00e0ries.<\/p>\n<h4>Programaci\u00f3 did\u00e0ctica<\/h4>\n<p>La programaci\u00f3 did\u00e0ctica ha estat dissenyada d&#8217;acord amb els objectius del curr\u00edculum d&#8217;educaci\u00f3 infantil.<br \/>Es treballar\u00e0 mitjan\u00e7ant el joc i l&#8217;experimentaci\u00f3, segons els interessos i el nivell de desenvolupament dels xiquets.<br \/>La tutora entregar\u00e0, als pares, un informe trimestral amb els objectius treballats.<\/p>\n<h4>Normes de funcionament i salut<\/h4>\n<p>Normes de funcionament<br \/>Els xiquets i les xiquetes portaran una motxilla per dur les seues pertinences.<br \/>La roba haur\u00e0 de ser c\u00f2moda i tota marcada.<br \/>La bata \u00e9s obligat\u00f2ria.<br \/>Per parlar amb l&#8217;educadora, haur\u00e0 de demanar-se cita pr\u00e8via.<br \/>Els xiquets i les xiquetes nom\u00e9s poden ser recollits pels pares o per altra persona en ensenyar el carnet de recollida.<\/p>\n<h4>Normes de salut<\/h4>\n<p>No es pot assistir a classe amb malalties contagioses.<br \/>Quan un xiquet o una xiqueta tinga 37,5\u00ba de febre, es telefonar\u00e0 als pares perqu\u00e8 vinguen a recollir-los.<br \/>Amb la finalitat d&#8217;aconseguir que el centre siga un espai segur, el menor no podr\u00e0 tornar al centre fins que no haja passat 24 hores sense febra, \u00e9s important ser prudents i davant qualsevol dubte consultar amb el vostre\/a pediatra.<br \/>El personal del centre no administrar\u00e0 medicaments als xiquets; en cas que siga absolutament necessari, es presentar\u00e0 l&#8217;autoritzaci\u00f3 dels pares i un informe m\u00e8dic amb la pauta d&#8217;administraci\u00f3 i l&#8217;horari.<\/p>\n<p>[\/et_pb_text][et_pb_button button_url=\u00bbhttps:\/\/museros.org\/wp-content\/uploads\/2021\/10\/Edicte-modificacio-Reglament-BOP-12-06-2020.pdf\u00bb url_new_window=\u00bbon\u00bb button_text=\u00bbEdicte modificacio Reglament BOP 12-06-2020&#8243; _builder_version=\u00bb4.27.4&#8243; _module_preset=\u00bbdefault\u00bb global_colors_info=\u00bb{}\u00bb][\/et_pb_button][\/et_pb_column][\/et_pb_row][et_pb_row _builder_version=\u00bb4.16&#8243; _module_preset=\u00bbdefault\u00bb global_colors_info=\u00bb{}\u00bb][et_pb_column type=\u00bb4_4&#8243; _builder_version=\u00bb4.16&#8243; _module_preset=\u00bbdefault\u00bb global_colors_info=\u00bb{}\u00bb][et_pb_divider color=\u00bb#E02B20&#8243; divider_weight=\u00bb4px\u00bb _builder_version=\u00bb4.16&#8243; _module_preset=\u00bbdefault\u00bb global_colors_info=\u00bb{}\u00bb][\/et_pb_divider][\/et_pb_column][\/et_pb_row][\/et_pb_section]<\/p>\n","protected":false},"excerpt":{"rendered":"<p>Informaci\u00f3 general Escola Infantil de Primer Cicle Municipal L&#8217;Escola Infantil de Primer Cicle Municipal \u00e9s un projecte de l\u2019Ajuntament de Museros, i concretament, de la Regidoria de Cultura i Educaci\u00f3. Les seues activitats comen\u00e7aren en el curs 2006-2007.El centre va ser homologat, d&#8217;acord amb el conveni de creaci\u00f3 entre la Conselleria d&#8217;Educaci\u00f3 i l&#8217;Ajuntament de [&hellip;]<\/p>\n","protected":false},"author":8,"featured_media":0,"parent":0,"menu_order":0,"comment_status":"closed","ping_status":"closed","template":"","meta":{"_et_pb_use_builder":"on","_et_pb_old_content":"","_et_gb_content_width":"","_mc_calendar":[],"footnotes":""},"wf_page_folders":[298],"class_list":["post-256142","page","type-page","status-publish","hentry"],"_links":{"self":[{"href":"https:\/\/museros.org\/inici\/wp-json\/wp\/v2\/pages\/256142","targetHints":{"allow":["GET"]}}],"collection":[{"href":"https:\/\/museros.org\/inici\/wp-json\/wp\/v2\/pages"}],"about":[{"href":"https:\/\/museros.org\/inici\/wp-json\/wp\/v2\/types\/page"}],"author":[{"embeddable":true,"href":"https:\/\/museros.org\/inici\/wp-json\/wp\/v2\/users\/8"}],"replies":[{"embeddable":true,"href":"https:\/\/museros.org\/inici\/wp-json\/wp\/v2\/comments?post=256142"}],"version-history":[{"count":11,"href":"https:\/\/museros.org\/inici\/wp-json\/wp\/v2\/pages\/256142\/revisions"}],"predecessor-version":[{"id":276476,"href":"https:\/\/museros.org\/inici\/wp-json\/wp\/v2\/pages\/256142\/revisions\/276476"}],"wp:attachment":[{"href":"https:\/\/museros.org\/inici\/wp-json\/wp\/v2\/media?parent=256142"}],"wp:term":[{"taxonomy":"wf_page_folders","embeddable":true,"href":"https:\/\/museros.org\/inici\/wp-json\/wp\/v2\/wf_page_folders?post=256142"}],"curies":[{"name":"wp","href":"https:\/\/api.w.org\/{rel}","templated":true}]}}