{"id":253377,"date":"2022-02-26T16:37:56","date_gmt":"2022-02-26T16:37:56","guid":{"rendered":"https:\/\/museros.org\/inici\/?page_id=253377"},"modified":"2025-04-25T16:35:06","modified_gmt":"2025-04-25T16:35:06","slug":"poble-net","status":"publish","type":"page","link":"https:\/\/museros.org\/inici\/poble-net\/","title":{"rendered":"Poble net"},"content":{"rendered":"<p>[et_pb_section fb_built=\u00bb1&#8243; _builder_version=\u00bb4.16&#8243; _module_preset=\u00bbdefault\u00bb custom_margin=\u00bb0px||||false|false\u00bb custom_padding=\u00bb0px||||false|false\u00bb locked=\u00bboff\u00bb global_colors_info=\u00bb{}\u00bb][et_pb_row column_structure=\u00bb1_4,3_4&#8243; _builder_version=\u00bb4.16&#8243; _module_preset=\u00bbdefault\u00bb custom_margin=\u00bb0px||||false|false\u00bb custom_padding=\u00bb0px||||false|false\u00bb global_colors_info=\u00bb{}\u00bb][et_pb_column type=\u00bb1_4&#8243; _builder_version=\u00bb4.16&#8243; _module_preset=\u00bbdefault\u00bb global_colors_info=\u00bb{}\u00bb][et_pb_image src=\u00bbhttps:\/\/museros.org\/wp-content\/uploads\/2023\/07\/logo-transicio-cl-230&#215;180-1.jpg\u00bb title_text=\u00bblogo-transicio-cl-230&#215;180&#8243; url=\u00bbhttps:\/\/museros.org\/inici\/area-de-transicio-ecologica\/\u00bb use_overlay=\u00bbon\u00bb overlay_icon_color=\u00bb#E02B20&#8243; hover_overlay_color=\u00bbrgba(255,255,255,0.71)\u00bb hover_icon=\u00bb&#xe04d;||divi||400&#8243; _builder_version=\u00bb4.27.4&#8243; _module_preset=\u00bbdefault\u00bb global_colors_info=\u00bb{}\u00bb locked=\u00bboff\u00bb][\/et_pb_image][\/et_pb_column][et_pb_column type=\u00bb3_4&#8243; _builder_version=\u00bb4.16&#8243; _module_preset=\u00bbdefault\u00bb global_colors_info=\u00bb{}\u00bb][et_pb_text _builder_version=\u00bb4.17.1&#8243; _module_preset=\u00bbdefault\u00bb custom_margin=\u00bb||5px||false|false\u00bb global_colors_info=\u00bb{}\u00bb]<\/p>\n<h1>Museros, poble teu, poble net<\/h1>\n<p>Mantindre\u2019l net, \u00e9s molt senzill, comen\u00e7a ja!<br \/>\u2022 No tires res a terra, no deixes rastre del teu pas.<br \/>\u2022 Recicla i utilitza els contenidors. No deixes bosses de fem a terra.<br \/>\u2022 Si tens un gos, sigues responsable, recull els seus excrements del carrer i evitar\u00e0s<br \/>problemes sanitaris i donar\u00e0s una imatge neta de la nostra localitat (la sanci\u00f3 m\u00ednima<br \/>per no recollir els excrements \u00e9s de 60 \u20ac).<br \/>\u2022 Involucra la teua gent per mantindre net el nostre poble.<br \/>\u2022 Utilitza correctament el servei de recollida de trastos vells. Dies de recollida els dijous,<br \/>cal avisar pr\u00e8viament a l\u2019Ajuntament, al 961441680 (la sanci\u00f3 m\u00ednima \u00e9s de 60 \u20ac). Sigues respectu\u00f3s amb el medi ambient i amb els teus ve\u00efns! Museros net per a tots!<br \/>Amb la teua participaci\u00f3, tot \u00e9s possible, dep\u00e9n de tu.<\/p>\n<p>[\/et_pb_text][\/et_pb_column][\/et_pb_row][et_pb_row column_structure=\u00bb1_4,1_2,1_4&#8243; _builder_version=\u00bb4.16&#8243; _module_preset=\u00bbdefault\u00bb global_colors_info=\u00bb{}\u00bb][et_pb_column type=\u00bb1_4&#8243; _builder_version=\u00bb4.16&#8243; _module_preset=\u00bbdefault\u00bb global_colors_info=\u00bb{}\u00bb][\/et_pb_column][et_pb_column type=\u00bb1_2&#8243; _builder_version=\u00bb4.16&#8243; _module_preset=\u00bbdefault\u00bb global_colors_info=\u00bb{}\u00bb][et_pb_image src=\u00bbhttps:\/\/museros.org\/wp-content\/uploads\/2022\/02\/ser-respetuosa.jpg\u00bb title_text=\u00bbser-respetuosa\u00bb _builder_version=\u00bb4.16&#8243; _module_preset=\u00bbdefault\u00bb custom_margin=\u00bb0px||||false|false\u00bb custom_padding=\u00bb0px||||false|false\u00bb global_colors_info=\u00bb{}\u00bb][\/et_pb_image][\/et_pb_column][et_pb_column type=\u00bb1_4&#8243; _builder_version=\u00bb4.16&#8243; _module_preset=\u00bbdefault\u00bb global_colors_info=\u00bb{}\u00bb][et_pb_image src=\u00bbhttps:\/\/museros.org\/wp-content\/uploads\/2022\/03\/recollidadetrastes-400&#215;230-1.jpg\u00bb title_text=\u00bbrecollidadetrastes-400&#215;230&#8243; url=\u00bbhttps:\/\/museros.org\/inici\/museros-mes-net\u00bb use_overlay=\u00bbon\u00bb overlay_icon_color=\u00bb#E02B20&#8243; hover_overlay_color=\u00bbrgba(255,255,255,0.68)\u00bb hover_icon=\u00bb&#xe04e;||divi||400&#8243; _builder_version=\u00bb4.16&#8243; _module_preset=\u00bbdefault\u00bb global_colors_info=\u00bb{}\u00bb][\/et_pb_image][\/et_pb_column][\/et_pb_row][et_pb_row column_structure=\u00bb1_4,3_4&#8243; _builder_version=\u00bb4.16&#8243; _module_preset=\u00bbdefault\u00bb global_colors_info=\u00bb{}\u00bb][et_pb_column type=\u00bb1_4&#8243; _builder_version=\u00bb4.16&#8243; _module_preset=\u00bbdefault\u00bb global_colors_info=\u00bb{}\u00bb][\/et_pb_column][et_pb_column type=\u00bb3_4&#8243; _builder_version=\u00bb4.16&#8243; _module_preset=\u00bbdefault\u00bb global_colors_info=\u00bb{}\u00bb][et_pb_text _builder_version=\u00bb4.16&#8243; _module_preset=\u00bbdefault\u00bb global_colors_info=\u00bb{}\u00bb]<\/p>\n<p>Museros disposa de pipicans per facilitar, als propietaris dels gossos, la neteja dels excrements animals i millorar la higiene dels parcs i dels espais p\u00fablics en general:<br \/>\u2022 Avinguda de Blasco Ib\u00e1\u00f1ez<br \/>\u2022 Avinguda d&#8217; Alexandre VI<br \/>Papereres amb dispensador de bosses:<br \/>\u2022 Parc de Verdolaga: 2 KiosPap<br \/>\u2022 Parc Orde de Sant Jaume: 1 KiosPap<br \/>\u2022 Avinguda Alexandre VI (estaci\u00f3 del metro): 1 KiosPap<br \/>\u2022 Carrer U de Maig (parc Tierno Galv\u00e1n): 1 KiosPap<br \/>\u2022 Passeig de les Palmeres: 1 KiosPap<br \/>\u2022 Avinguda de l&#8217;Estaci\u00f3 (parc Casa de Cultura): 1 KiosPap<br \/>La Regidoria de Medi Ambient us agra\u00efx la vostra col\u00b7laboraci\u00f3.<\/p>\n<p>[\/et_pb_text][\/et_pb_column][\/et_pb_row][et_pb_row _builder_version=\u00bb4.16&#8243; _module_preset=\u00bbdefault\u00bb global_colors_info=\u00bb{}\u00bb][et_pb_column type=\u00bb4_4&#8243; _builder_version=\u00bb4.16&#8243; _module_preset=\u00bbdefault\u00bb global_colors_info=\u00bb{}\u00bb][et_pb_divider color=\u00bb#E02B20&#8243; divider_weight=\u00bb4px\u00bb _builder_version=\u00bb4.16&#8243; _module_preset=\u00bbdefault\u00bb global_colors_info=\u00bb{}\u00bb][\/et_pb_divider][\/et_pb_column][\/et_pb_row][\/et_pb_section]<\/p>\n","protected":false},"excerpt":{"rendered":"<p>Museros, poble teu, poble net Mantindre\u2019l net, \u00e9s molt senzill, comen\u00e7a ja!\u2022 No tires res a terra, no deixes rastre del teu pas.\u2022 Recicla i utilitza els contenidors. No deixes bosses de fem a terra.\u2022 Si tens un gos, sigues responsable, recull els seus excrements del carrer i evitar\u00e0sproblemes sanitaris i donar\u00e0s una imatge neta [&hellip;]<\/p>\n","protected":false},"author":8,"featured_media":0,"parent":0,"menu_order":0,"comment_status":"closed","ping_status":"closed","template":"","meta":{"_et_pb_use_builder":"on","_et_pb_old_content":"","_et_gb_content_width":"","_mc_calendar":[],"footnotes":""},"wf_page_folders":[299],"class_list":["post-253377","page","type-page","status-publish","hentry"],"_links":{"self":[{"href":"https:\/\/museros.org\/inici\/wp-json\/wp\/v2\/pages\/253377","targetHints":{"allow":["GET"]}}],"collection":[{"href":"https:\/\/museros.org\/inici\/wp-json\/wp\/v2\/pages"}],"about":[{"href":"https:\/\/museros.org\/inici\/wp-json\/wp\/v2\/types\/page"}],"author":[{"embeddable":true,"href":"https:\/\/museros.org\/inici\/wp-json\/wp\/v2\/users\/8"}],"replies":[{"embeddable":true,"href":"https:\/\/museros.org\/inici\/wp-json\/wp\/v2\/comments?post=253377"}],"version-history":[{"count":6,"href":"https:\/\/museros.org\/inici\/wp-json\/wp\/v2\/pages\/253377\/revisions"}],"predecessor-version":[{"id":273879,"href":"https:\/\/museros.org\/inici\/wp-json\/wp\/v2\/pages\/253377\/revisions\/273879"}],"wp:attachment":[{"href":"https:\/\/museros.org\/inici\/wp-json\/wp\/v2\/media?parent=253377"}],"wp:term":[{"taxonomy":"wf_page_folders","embeddable":true,"href":"https:\/\/museros.org\/inici\/wp-json\/wp\/v2\/wf_page_folders?post=253377"}],"curies":[{"name":"wp","href":"https:\/\/api.w.org\/{rel}","templated":true}]}}