{"id":253033,"date":"2022-02-22T07:23:12","date_gmt":"2022-02-22T07:23:12","guid":{"rendered":"https:\/\/museros.org\/inici\/?page_id=253033"},"modified":"2023-04-07T20:08:44","modified_gmt":"2023-04-07T20:08:44","slug":"reglaments-de-lesport","status":"publish","type":"page","link":"https:\/\/museros.org\/inici\/reglaments-de-lesport\/","title":{"rendered":"Reglaments de l&#8217;esport"},"content":{"rendered":"\n[et_pb_section fb_built=\u00bb1&#8243; _builder_version=\u00bb4.16&#8243; _module_preset=\u00bbdefault\u00bb locked=\u00bboff\u00bb global_colors_info=\u00bb{}\u00bb][et_pb_row column_structure=\u00bb1_4,3_4&#8243; _builder_version=\u00bb4.16&#8243; _module_preset=\u00bbdefault\u00bb custom_margin=\u00bb0px||||false|false\u00bb custom_padding=\u00bb0px||||false|false\u00bb global_colors_info=\u00bb{}\u00bb][et_pb_column type=\u00bb1_4&#8243; _builder_version=\u00bb4.16&#8243; _module_preset=\u00bbdefault\u00bb global_colors_info=\u00bb{}\u00bb][et_pb_image src=\u00bbhttps:\/\/museros.org\/wp-content\/uploads\/2021\/08\/logo-esports-cl-230&#215;180-1.jpg\u00bb title_text=\u00bblogo-esports-cl-230&#215;180&#8243; url=\u00bbhttps:\/\/museros.org\/inici\/area-desports\u00bb use_overlay=\u00bbon\u00bb overlay_icon_color=\u00bb#E02B20&#8243; hover_overlay_color=\u00bbrgba(255,255,255,0.69)\u00bb hover_icon=\u00bb&#xe04d;||divi||400&#8243; align=\u00bbcenter\u00bb _builder_version=\u00bb4.16&#8243; _module_preset=\u00bbdefault\u00bb width=\u00bb100%\u00bb module_alignment=\u00bbcenter\u00bb global_colors_info=\u00bb{}\u00bb][\/et_pb_image][\/et_pb_column][et_pb_column type=\u00bb3_4&#8243; _builder_version=\u00bb4.16&#8243; _module_preset=\u00bbdefault\u00bb global_colors_info=\u00bb{}\u00bb][et_pb_text _builder_version=\u00bb4.20.4&#8243; _module_preset=\u00bbdefault\u00bb hover_enabled=\u00bb0&#8243; global_colors_info=\u00bb{}\u00bb sticky_enabled=\u00bb0&#8243;]<h1>Reglaments i ordenances<\/h1>\n<p>1 Ordenan\u00e7a reguladora dels preus p\u00fablics <a href=\"https:\/\/museros.org\/wp-content\/uploads\/2022\/02\/2-Ordenanca-reguladora-dels-preus-publics.pdf\" target=\"_blank\" rel=\"noopener\">PDF&gt;<\/a><br \/>2 Bases reguladoras para la subvenci\u00f3 <a href=\"https:\/\/museros.org\/wp-content\/uploads\/2022\/02\/5-Bases-reguladoras-para-subvencion.pdf\" target=\"_blank\" rel=\"noopener\">PDF&gt;<\/a><br \/>3 Pla estrat\u00e8gic del Consell de l&#8217;Esport <a href=\"https:\/\/museros.org\/wp-content\/uploads\/2022\/02\/8-Plan-estrategico-Consell-de-lesport.pdf\" target=\"_blank\" rel=\"noopener\">PDF&gt;<\/a><\/p>[\/et_pb_text][\/et_pb_column][\/et_pb_row][et_pb_row _builder_version=\u00bb4.16&#8243; _module_preset=\u00bbdefault\u00bb global_colors_info=\u00bb{}\u00bb][et_pb_column type=\u00bb4_4&#8243; _builder_version=\u00bb4.16&#8243; _module_preset=\u00bbdefault\u00bb global_colors_info=\u00bb{}\u00bb][et_pb_divider color=\u00bb#E02B20&#8243; divider_weight=\u00bb4px\u00bb _builder_version=\u00bb4.16&#8243; _module_preset=\u00bbdefault\u00bb global_colors_info=\u00bb{}\u00bb][\/et_pb_divider][\/et_pb_column][\/et_pb_row][\/et_pb_section]\n","protected":false},"excerpt":{"rendered":"<p>Reglaments i ordenances 1 Ordenan\u00e7a reguladora dels preus p\u00fablics PDF&gt;2 Bases reguladoras para la subvenci\u00f3 PDF&gt;3 Pla estrat\u00e8gic del Consell de l&#8217;Esport PDF&gt;<\/p>\n","protected":false},"author":8,"featured_media":0,"parent":0,"menu_order":0,"comment_status":"closed","ping_status":"closed","template":"","meta":{"_et_pb_use_builder":"on","_et_pb_old_content":"","_et_gb_content_width":"","_mc_calendar":[],"footnotes":""},"wf_page_folders":[297],"class_list":["post-253033","page","type-page","status-publish","hentry"],"_links":{"self":[{"href":"https:\/\/museros.org\/inici\/wp-json\/wp\/v2\/pages\/253033","targetHints":{"allow":["GET"]}}],"collection":[{"href":"https:\/\/museros.org\/inici\/wp-json\/wp\/v2\/pages"}],"about":[{"href":"https:\/\/museros.org\/inici\/wp-json\/wp\/v2\/types\/page"}],"author":[{"embeddable":true,"href":"https:\/\/museros.org\/inici\/wp-json\/wp\/v2\/users\/8"}],"replies":[{"embeddable":true,"href":"https:\/\/museros.org\/inici\/wp-json\/wp\/v2\/comments?post=253033"}],"version-history":[{"count":14,"href":"https:\/\/museros.org\/inici\/wp-json\/wp\/v2\/pages\/253033\/revisions"}],"predecessor-version":[{"id":264172,"href":"https:\/\/museros.org\/inici\/wp-json\/wp\/v2\/pages\/253033\/revisions\/264172"}],"wp:attachment":[{"href":"https:\/\/museros.org\/inici\/wp-json\/wp\/v2\/media?parent=253033"}],"wp:term":[{"taxonomy":"wf_page_folders","embeddable":true,"href":"https:\/\/museros.org\/inici\/wp-json\/wp\/v2\/wf_page_folders?post=253033"}],"curies":[{"name":"wp","href":"https:\/\/api.w.org\/{rel}","templated":true}]}}