{"id":253010,"date":"2022-02-22T06:20:28","date_gmt":"2022-02-22T06:20:28","guid":{"rendered":"https:\/\/museros.org\/inici\/?page_id=253010"},"modified":"2022-02-24T22:30:53","modified_gmt":"2022-02-24T22:30:53","slug":"consejos-deporte","status":"publish","type":"page","link":"https:\/\/museros.org\/inici\/es\/consejos-deporte\/","title":{"rendered":"Consejos deporte"},"content":{"rendered":"<p>[et_pb_section fb_built=\u00bb1&#8243; _builder_version=\u00bb4.14.8&#8243; _module_preset=\u00bbdefault\u00bb locked=\u00bboff\u00bb global_colors_info=\u00bb{}\u00bb][et_pb_row column_structure=\u00bb1_4,3_4&#8243; _builder_version=\u00bb4.14.8&#8243; _module_preset=\u00bbdefault\u00bb custom_margin=\u00bb0px||0px||false|false\u00bb custom_padding=\u00bb0px||0px||false|false\u00bb global_colors_info=\u00bb{}\u00bb][et_pb_column type=\u00bb1_4&#8243; _builder_version=\u00bb4.14.8&#8243; _module_preset=\u00bbdefault\u00bb global_colors_info=\u00bb{}\u00bb][et_pb_image src=\u00bbhttps:\/\/museros.org\/wp-content\/uploads\/2021\/06\/logo-deportes-cl-230&#215;180-1.jpg\u00bb title_text=\u00bblogo-deportes-cl-230&#215;180&#8243; url=\u00bbhttps:\/\/museros.org\/inici\/es\/area-de-deportes\u00bb use_overlay=\u00bbon\u00bb overlay_icon_color=\u00bb#E02B20&#8243; hover_overlay_color=\u00bbrgba(255,255,255,0.69)\u00bb hover_icon=\u00bb&#xe04d;||divi||400&#8243; align=\u00bbcenter\u00bb _builder_version=\u00bb4.14.8&#8243; _module_preset=\u00bbdefault\u00bb width=\u00bb100%\u00bb module_alignment=\u00bbcenter\u00bb global_colors_info=\u00bb{}\u00bb][\/et_pb_image][\/et_pb_column][et_pb_column type=\u00bb3_4&#8243; _builder_version=\u00bb4.14.8&#8243; _module_preset=\u00bbdefault\u00bb global_colors_info=\u00bb{}\u00bb][et_pb_text _builder_version=\u00bb4.14.8&#8243; _module_preset=\u00bbdefault\u00bb global_colors_info=\u00bb{}\u00bb]<\/p>\n<h1>Consejos<\/h1>\n<p>\u00bfAndar 30 minutos al d\u00eda es suficiente actividad f\u00edsica para una persona?<br \/>Realmente NO. Caminar es un ejercicio con una eficiencia muy alta para el cuerpo humano, por lo que no genera suficiente actividad para traernos beneficios. Sin embargo, es mejor caminar 30 minutos al d\u00eda que no caminar nada. Lo interesante es elevar las pulsaciones y mantenerlas durante un periodo de tiempo para afectarnos positivamente. A continuaci\u00f3n, tenemos una imagen que explica la cantidad m\u00ednima de ejercicio que deber\u00edamos practicar seg\u00fan edad:<\/p>\n<h3>Guia de actividad f\u00edsica<\/h3>\n<p>Fuente: Public Health England<\/p>\n<p>[\/et_pb_text][\/et_pb_column][\/et_pb_row][et_pb_row column_structure=\u00bb1_3,1_3,1_3&#8243; _builder_version=\u00bb4.14.8&#8243; _module_preset=\u00bbdefault\u00bb custom_margin=\u00bb0px||0px||false|false\u00bb custom_padding=\u00bb0px||0px||false|false\u00bb global_colors_info=\u00bb{}\u00bb][et_pb_column type=\u00bb1_3&#8243; _builder_version=\u00bb4.14.8&#8243; _module_preset=\u00bbdefault\u00bb global_colors_info=\u00bb{}\u00bb][et_pb_image src=\u00bbhttps:\/\/museros.org\/wp-content\/uploads\/2022\/02\/consells-01-cs.jpg\u00bb title_text=\u00bbconsells-01-cs\u00bb align=\u00bbcenter\u00bb _builder_version=\u00bb4.14.8&#8243; _module_preset=\u00bbdefault\u00bb width=\u00bb75%\u00bb hover_enabled=\u00bb0&#8243; global_colors_info=\u00bb{}\u00bb sticky_enabled=\u00bb0&#8243;][\/et_pb_image][\/et_pb_column][et_pb_column type=\u00bb1_3&#8243; _builder_version=\u00bb4.14.8&#8243; _module_preset=\u00bbdefault\u00bb global_colors_info=\u00bb{}\u00bb][et_pb_image src=\u00bbhttps:\/\/museros.org\/wp-content\/uploads\/2022\/02\/consells-02-cs.jpg\u00bb title_text=\u00bbconsells-02-cs\u00bb align=\u00bbcenter\u00bb _builder_version=\u00bb4.14.8&#8243; _module_preset=\u00bbdefault\u00bb width=\u00bb72%\u00bb hover_enabled=\u00bb0&#8243; global_colors_info=\u00bb{}\u00bb sticky_enabled=\u00bb0&#8243;][\/et_pb_image][\/et_pb_column][et_pb_column type=\u00bb1_3&#8243; _builder_version=\u00bb4.14.8&#8243; _module_preset=\u00bbdefault\u00bb global_colors_info=\u00bb{}\u00bb][et_pb_image src=\u00bbhttps:\/\/museros.org\/wp-content\/uploads\/2022\/02\/consells-03-cs.jpg\u00bb title_text=\u00bbconsells-03-cs\u00bb align=\u00bbcenter\u00bb _builder_version=\u00bb4.14.8&#8243; _module_preset=\u00bbdefault\u00bb hover_enabled=\u00bb0&#8243; global_colors_info=\u00bb{}\u00bb sticky_enabled=\u00bb0&#8243;][\/et_pb_image][\/et_pb_column][\/et_pb_row][et_pb_row column_structure=\u00bb1_4,3_4&#8243; _builder_version=\u00bb4.14.8&#8243; _module_preset=\u00bbdefault\u00bb global_colors_info=\u00bb{}\u00bb][et_pb_column type=\u00bb1_4&#8243; _builder_version=\u00bb4.14.8&#8243; _module_preset=\u00bbdefault\u00bb global_colors_info=\u00bb{}\u00bb][\/et_pb_column][et_pb_column type=\u00bb3_4&#8243; _builder_version=\u00bb4.14.8&#8243; _module_preset=\u00bbdefault\u00bb global_colors_info=\u00bb{}\u00bb][et_pb_text _builder_version=\u00bb4.14.8&#8243; _module_preset=\u00bbdefault\u00bb custom_padding=\u00bb||1px|||\u00bb global_colors_info=\u00bb{}\u00bb]<\/p>\n<p>\u00bfCANSARSE PRACTICANDO UNA ACTIVIDAD COTIDIANA ES SE\u00d1AL DE ESTAR HACIENDO \u201cACTIVIDAD F\u00cdSICA\u201d?<br \/>Tareas como limpiar, trabajar de pie, conducir, etc. Aunque sean actividades que cansen, no llegan a subir nuestras pulsaciones lo suficiente como para poder considerarse actividad f\u00edsica y por lo tanto no tienen los beneficios asociados al deporte, pudiendo ser hasta contraproducentes (mala posici\u00f3n corporal, demasiado tiempo de pie, o sentado\u2026).<\/p>\n<p>\u00bfQU\u00c9 CONSTITUYE ACTIVIDAD AER\u00d3BICA MODERADA?<br \/>Caminar r\u00e1pidamente, hacer ejercicios aer\u00f3bicos en el agua, montar en bicicleta en terrenos planos o con leves cuestas, jugar al tenis en dobles, empujar un cortac\u00e9sped, hacer senderismo, patinar o ir en monopat\u00edn, jugar al voleibol o al baloncesto.<\/p>\n<p>\u00bfQU\u00c9 CONSTITUYE ACTIVIDAD DE GRAN INTENSIDAD?<br \/>Correr, nadar r\u00e1pido, hacer ciclismo de monta\u00f1a o a gran velocidad, jugar al tenis individualmente, al f\u00fatbol, al rugby, al hockey, saltar a la cuerda, hacer ejercicio aer\u00f3bico, gimnasia y artes marciales.<\/p>\n<p>Por ello los ejercicios de gran intensidad son una buena soluci\u00f3n para aquella gente que no disponga de mucho tiempo libre o que prefiera resultado m\u00e1s r\u00e1pidamente.<\/p>\n<p>[\/et_pb_text][\/et_pb_column][\/et_pb_row][et_pb_row _builder_version=\u00bb4.14.8&#8243; _module_preset=\u00bbdefault\u00bb global_colors_info=\u00bb{}\u00bb][et_pb_column type=\u00bb4_4&#8243; _builder_version=\u00bb4.14.8&#8243; _module_preset=\u00bbdefault\u00bb global_colors_info=\u00bb{}\u00bb][et_pb_divider color=\u00bb#E02B20&#8243; divider_weight=\u00bb4px\u00bb _builder_version=\u00bb4.14.8&#8243; _module_preset=\u00bbdefault\u00bb global_colors_info=\u00bb{}\u00bb][\/et_pb_divider][\/et_pb_column][\/et_pb_row][\/et_pb_section]<\/p>\n","protected":false},"excerpt":{"rendered":"<p>Consejos \u00bfAndar 30 minutos al d\u00eda es suficiente actividad f\u00edsica para una persona?Realmente NO. Caminar es un ejercicio con una eficiencia muy alta para el cuerpo humano, por lo que no genera suficiente actividad para traernos beneficios. Sin embargo, es mejor caminar 30 minutos al d\u00eda que no caminar nada. Lo interesante es elevar las [&hellip;]<\/p>\n","protected":false},"author":8,"featured_media":0,"parent":0,"menu_order":0,"comment_status":"closed","ping_status":"closed","template":"","meta":{"_et_pb_use_builder":"on","_et_pb_old_content":"","_et_gb_content_width":"","_mc_calendar":[],"footnotes":""},"wf_page_folders":[297],"class_list":["post-253010","page","type-page","status-publish","hentry"],"_links":{"self":[{"href":"https:\/\/museros.org\/inici\/wp-json\/wp\/v2\/pages\/253010","targetHints":{"allow":["GET"]}}],"collection":[{"href":"https:\/\/museros.org\/inici\/wp-json\/wp\/v2\/pages"}],"about":[{"href":"https:\/\/museros.org\/inici\/wp-json\/wp\/v2\/types\/page"}],"author":[{"embeddable":true,"href":"https:\/\/museros.org\/inici\/wp-json\/wp\/v2\/users\/8"}],"replies":[{"embeddable":true,"href":"https:\/\/museros.org\/inici\/wp-json\/wp\/v2\/comments?post=253010"}],"version-history":[{"count":4,"href":"https:\/\/museros.org\/inici\/wp-json\/wp\/v2\/pages\/253010\/revisions"}],"predecessor-version":[{"id":253200,"href":"https:\/\/museros.org\/inici\/wp-json\/wp\/v2\/pages\/253010\/revisions\/253200"}],"wp:attachment":[{"href":"https:\/\/museros.org\/inici\/wp-json\/wp\/v2\/media?parent=253010"}],"wp:term":[{"taxonomy":"wf_page_folders","embeddable":true,"href":"https:\/\/museros.org\/inici\/wp-json\/wp\/v2\/wf_page_folders?post=253010"}],"curies":[{"name":"wp","href":"https:\/\/api.w.org\/{rel}","templated":true}]}}