{"id":252984,"date":"2022-02-22T05:40:20","date_gmt":"2022-02-22T05:40:20","guid":{"rendered":"https:\/\/museros.org\/inici\/?page_id=252984"},"modified":"2022-04-17T14:27:38","modified_gmt":"2022-04-17T14:27:38","slug":"forum-de-lesport","status":"publish","type":"page","link":"https:\/\/museros.org\/inici\/forum-de-lesport\/","title":{"rendered":"F\u00f2rum de l&#8217;Esport"},"content":{"rendered":"<p>[et_pb_section fb_built=\u00bb1&#8243; _builder_version=\u00bb4.16&#8243; _module_preset=\u00bbdefault\u00bb global_colors_info=\u00bb{}\u00bb][et_pb_row column_structure=\u00bb1_4,3_4&#8243; _builder_version=\u00bb4.16&#8243; _module_preset=\u00bbdefault\u00bb custom_margin=\u00bb0px||||false|false\u00bb custom_padding=\u00bb0px||||false|false\u00bb global_colors_info=\u00bb{}\u00bb][et_pb_column type=\u00bb1_4&#8243; _builder_version=\u00bb4.16&#8243; _module_preset=\u00bbdefault\u00bb global_colors_info=\u00bb{}\u00bb][et_pb_image src=\u00bbhttps:\/\/museros.org\/wp-content\/uploads\/2022\/03\/forum-esport-230&#215;180-1.jpg\u00bb title_text=\u00bbforum-esport-230&#215;180&#8243; url=\u00bbhttps:\/\/museros.org\/inici\/area-desports\u00bb use_overlay=\u00bbon\u00bb overlay_icon_color=\u00bb#E02B20&#8243; hover_overlay_color=\u00bbrgba(255,255,255,0.69)\u00bb hover_icon=\u00bb&#xe04d;||divi||400&#8243; _builder_version=\u00bb4.16&#8243; _module_preset=\u00bbdefault\u00bb width=\u00bb70%\u00bb module_alignment=\u00bbcenter\u00bb global_colors_info=\u00bb{}\u00bb][\/et_pb_image][\/et_pb_column][et_pb_column type=\u00bb3_4&#8243; _builder_version=\u00bb4.16&#8243; _module_preset=\u00bbdefault\u00bb global_colors_info=\u00bb{}\u00bb][et_pb_text _builder_version=\u00bb4.17.1&#8243; _module_preset=\u00bbdefault\u00bb global_colors_info=\u00bb{}\u00bb]<\/p>\n<h1>F\u00f2rum de l\u2019Esport<\/h1>\n<p>Amb l\u2019objectiu d\u2019estructurar, planificar, potenciar i impulsar l\u2019esport al municipi de Museros, es crea, l\u2019abril de 2021, el F\u00f2rum de l\u2019Esport de Museros.<br \/>La finalitat d\u2019aquest \u00f2rgan \u00e9s donar veu, participaci\u00f3 i opini\u00f3 a tots els agents esportius locals per a construir, fer cr\u00e9ixer, impulsar i implantar mesures esportives locals en tots els \u00e0mbits i edats, en posar especial \u00e8mfasi en la poblaci\u00f3 infantil i escolar, amb la col\u00b7laboraci\u00f3 dels clubs i de les associacions esportives locals com a generadors i desenvolupadors de la pr\u00e0ctica esportiva.<br \/>Les l\u00ednies b\u00e0siques de treball del F\u00f2rum de l\u2019Esport s\u00f3n les seg\u00fcents:<br \/>&#8211; Espai multi esportiu.<br \/>&#8211; Accessibilitat total a tots i totes, i arribar a la major part de la poblaci\u00f3.<br \/>&#8211; Transpar\u00e8ncia i compliment de la normativa i dels aspectes legals.<br \/>&#8211; Cohesi\u00f3, uni\u00f3 i actuaci\u00f3 conjunta de l&#8217;esport local.<br \/>&#8211; Tindre veu en les decisions que s&#8217;adopten pel que fa a l\u2019esport.<br \/>Clubs, associacions i agents esportius locals que formen part del F\u00f2rum de l\u2019Esport de Museros:<br \/>\u2022 \u00c0rea d\u2019Esports de l\u2019Ajuntament de Museros.<br \/>\u2022 AMPA CEIP Blasco Ib\u00e1\u00f1ez.<br \/>\u2022 Associaci\u00f3 Seguretat i Autodefensa Val\u00e8ncia (ASAV).<br \/>\u2022 Club Siclista Pascual Bolea.<br \/>\u2022 C.B. Estudiantes de Museros.<br \/>\u2022 Club de Pilota Valenciana Museros.<br \/>\u2022 Museros C.F.<br \/>\u2022 Grup Recreatiu Esportiu &#8216;Grup de C\u00f3rrer&#8217;.<br \/>\u2022 Penya Ciclista Museros.<br \/>\u2022 Xiques-Bici Museros.<br \/>\u2022 &#8216;Boix Team&#8217;.<\/p>\n<p>[\/et_pb_text][\/et_pb_column][\/et_pb_row][et_pb_row _builder_version=\u00bb4.16&#8243; _module_preset=\u00bbdefault\u00bb global_colors_info=\u00bb{}\u00bb][et_pb_column type=\u00bb4_4&#8243; _builder_version=\u00bb4.16&#8243; _module_preset=\u00bbdefault\u00bb global_colors_info=\u00bb{}\u00bb][et_pb_divider color=\u00bb#E02B20&#8243; divider_weight=\u00bb4px\u00bb _builder_version=\u00bb4.16&#8243; _module_preset=\u00bbdefault\u00bb global_colors_info=\u00bb{}\u00bb][\/et_pb_divider][\/et_pb_column][\/et_pb_row][\/et_pb_section]<\/p>\n","protected":false},"excerpt":{"rendered":"<p>F\u00f2rum de l\u2019Esport Amb l\u2019objectiu d\u2019estructurar, planificar, potenciar i impulsar l\u2019esport al municipi de Museros, es crea, l\u2019abril de 2021, el F\u00f2rum de l\u2019Esport de Museros.La finalitat d\u2019aquest \u00f2rgan \u00e9s donar veu, participaci\u00f3 i opini\u00f3 a tots els agents esportius locals per a construir, fer cr\u00e9ixer, impulsar i implantar mesures esportives locals en tots els [&hellip;]<\/p>\n","protected":false},"author":8,"featured_media":0,"parent":0,"menu_order":0,"comment_status":"closed","ping_status":"closed","template":"","meta":{"_et_pb_use_builder":"on","_et_pb_old_content":"","_et_gb_content_width":"","_mc_calendar":[],"footnotes":""},"wf_page_folders":[297],"class_list":["post-252984","page","type-page","status-publish","hentry"],"_links":{"self":[{"href":"https:\/\/museros.org\/inici\/wp-json\/wp\/v2\/pages\/252984","targetHints":{"allow":["GET"]}}],"collection":[{"href":"https:\/\/museros.org\/inici\/wp-json\/wp\/v2\/pages"}],"about":[{"href":"https:\/\/museros.org\/inici\/wp-json\/wp\/v2\/types\/page"}],"author":[{"embeddable":true,"href":"https:\/\/museros.org\/inici\/wp-json\/wp\/v2\/users\/8"}],"replies":[{"embeddable":true,"href":"https:\/\/museros.org\/inici\/wp-json\/wp\/v2\/comments?post=252984"}],"version-history":[{"count":7,"href":"https:\/\/museros.org\/inici\/wp-json\/wp\/v2\/pages\/252984\/revisions"}],"predecessor-version":[{"id":258211,"href":"https:\/\/museros.org\/inici\/wp-json\/wp\/v2\/pages\/252984\/revisions\/258211"}],"wp:attachment":[{"href":"https:\/\/museros.org\/inici\/wp-json\/wp\/v2\/media?parent=252984"}],"wp:term":[{"taxonomy":"wf_page_folders","embeddable":true,"href":"https:\/\/museros.org\/inici\/wp-json\/wp\/v2\/wf_page_folders?post=252984"}],"curies":[{"name":"wp","href":"https:\/\/api.w.org\/{rel}","templated":true}]}}