{"id":252913,"date":"2022-02-21T19:55:56","date_gmt":"2022-02-21T19:55:56","guid":{"rendered":"https:\/\/museros.org\/inici\/?page_id=252913"},"modified":"2025-04-17T12:53:01","modified_gmt":"2025-04-17T12:53:01","slug":"area-desports","status":"publish","type":"page","link":"https:\/\/museros.org\/inici\/area-desports\/","title":{"rendered":"\u00c0rea d&#8217;Esports"},"content":{"rendered":"<p>[et_pb_section fb_built=\u00bb1&#8243; _builder_version=\u00bb4.16&#8243; _module_preset=\u00bbdefault\u00bb custom_margin=\u00bb0px||||false|false\u00bb custom_padding=\u00bb0px||||false|false\u00bb global_colors_info=\u00bb{}\u00bb][et_pb_row column_structure=\u00bb1_4,3_4&#8243; _builder_version=\u00bb4.16&#8243; _module_preset=\u00bbdefault\u00bb custom_margin=\u00bb0px||||false|false\u00bb custom_padding=\u00bb0px||||false|false\u00bb global_colors_info=\u00bb{}\u00bb][et_pb_column type=\u00bb1_4&#8243; _builder_version=\u00bb4.16&#8243; _module_preset=\u00bbdefault\u00bb global_colors_info=\u00bb{}\u00bb][et_pb_image src=\u00bbhttps:\/\/museros.org\/wp-content\/uploads\/2021\/08\/logo-esports-cl-230&#215;180-1.jpg\u00bb title_text=\u00bblogo-esports-cl-230&#215;180&#8243; url=\u00bbhttps:\/\/museros.org\/inici\/regidories\u00bb use_overlay=\u00bbon\u00bb overlay_icon_color=\u00bb#E02B20&#8243; hover_overlay_color=\u00bbrgba(255,255,255,0.72)\u00bb hover_icon=\u00bb&#xe04d;||divi||400&#8243; align=\u00bbcenter\u00bb _builder_version=\u00bb4.16&#8243; _module_preset=\u00bbdefault\u00bb global_colors_info=\u00bb{}\u00bb][\/et_pb_image][\/et_pb_column][et_pb_column type=\u00bb3_4&#8243; _builder_version=\u00bb4.16&#8243; _module_preset=\u00bbdefault\u00bb global_colors_info=\u00bb{}\u00bb][et_pb_text _builder_version=\u00bb4.16&#8243; _module_preset=\u00bbdefault\u00bb global_colors_info=\u00bb{}\u00bb]<\/p>\n<h1>\u00c0rea d&#8217;Esports<\/h1>\n<p>Benvingudes i benvinguts a aquest espai del web on trobareu tota la informaci\u00f3 relacionada amb l\u2019activitat esportiva de Museros. Des de l\u2019\u00c0rea d\u2019Esports, tenim com a objectiu principal la promoci\u00f3 de la pr\u00e0ctica de l\u2019activitat f\u00edsica, en fomentar h\u00e0bits saludables entre la ciutadania, tot procurant arribar al major nombre de persones possible, sense distincions de cap tipus. Disposem d\u2019una gran xarxa de clubs i d\u2019associacions esportives que, juntament amb l\u2019oferta esportiva municipal, permet donar resposta a les necessitats de tots els ve\u00efns i ve\u00efnes de Museros, independentment del sector de la poblaci\u00f3 al qual pertanyen: escolar, adults o majors.<\/p>\n<p>[\/et_pb_text][\/et_pb_column][\/et_pb_row][et_pb_row column_structure=\u00bb1_6,1_6,1_6,1_6,1_6,1_6&#8243; use_custom_gutter=\u00bbon\u00bb gutter_width=\u00bb1&#8243; _builder_version=\u00bb4.24.2&#8243; _module_preset=\u00bbdefault\u00bb custom_margin=\u00bb0px||0px||false|false\u00bb custom_padding=\u00bb0px||0px||false|false\u00bb global_colors_info=\u00bb{}\u00bb][et_pb_column type=\u00bb1_6&#8243; _builder_version=\u00bb4.16&#8243; _module_preset=\u00bbdefault\u00bb global_colors_info=\u00bb{}\u00bb][et_pb_image src=\u00bbhttps:\/\/museros.org\/wp-content\/uploads\/2024\/03\/protocol-230z180.jpg\u00bb title_text=\u00bbprotocol-230z180&#8243; url=\u00bbhttps:\/\/museros.org\/inici\/protocol-piscina\/\u00bb use_overlay=\u00bbon\u00bb overlay_icon_color=\u00bb#E02B20&#8243; hover_overlay_color=\u00bbrgba(255,255,255,0.63)\u00bb hover_icon=\u00bb&#xe04e;||divi||400&#8243; align=\u00bbcenter\u00bb _builder_version=\u00bb4.24.2&#8243; _module_preset=\u00bbdefault\u00bb global_colors_info=\u00bb{}\u00bb][\/et_pb_image][\/et_pb_column][et_pb_column type=\u00bb1_6&#8243; _builder_version=\u00bb4.16&#8243; _module_preset=\u00bbdefault\u00bb global_colors_info=\u00bb{}\u00bb][et_pb_image src=\u00bbhttps:\/\/museros.org\/wp-content\/uploads\/2022\/06\/activitats-esp-230&#215;180-1.jpg\u00bb title_text=\u00bbactivitats-esp-230&#215;180&#8243; url=\u00bbhttps:\/\/museros.org\/inici\/activitats-i-clubs-esportius\/\u00bb use_overlay=\u00bbon\u00bb overlay_icon_color=\u00bb#E02B20&#8243; hover_overlay_color=\u00bbrgba(255,255,255,0.63)\u00bb hover_icon=\u00bb&#xe04e;||divi||400&#8243; align=\u00bbcenter\u00bb _builder_version=\u00bb4.17.6&#8243; _module_preset=\u00bbdefault\u00bb global_colors_info=\u00bb{}\u00bb][\/et_pb_image][\/et_pb_column][et_pb_column type=\u00bb1_6&#8243; _builder_version=\u00bb4.16&#8243; _module_preset=\u00bbdefault\u00bb global_colors_info=\u00bb{}\u00bb][et_pb_image src=\u00bbhttps:\/\/museros.org\/wp-content\/uploads\/2022\/03\/consells-dep-230&#215;180-1.jpg\u00bb title_text=\u00bbconsells-dep-230&#215;180&#8243; url=\u00bbhttps:\/\/museros.org\/inici\/consells-esport\/\u00bb use_overlay=\u00bbon\u00bb overlay_icon_color=\u00bb#E02B20&#8243; hover_overlay_color=\u00bbrgba(255,255,255,0.68)\u00bb hover_icon=\u00bb&#xe04e;||divi||400&#8243; align=\u00bbcenter\u00bb _builder_version=\u00bb4.16&#8243; _module_preset=\u00bbdefault\u00bb global_colors_info=\u00bb{}\u00bb][\/et_pb_image][\/et_pb_column][et_pb_column type=\u00bb1_6&#8243; _builder_version=\u00bb4.16&#8243; _module_preset=\u00bbdefault\u00bb global_colors_info=\u00bb{}\u00bb][et_pb_image src=\u00bbhttps:\/\/museros.org\/wp-content\/uploads\/2022\/03\/ordenances-reglam-dep-230&#215;180-1.jpg\u00bb title_text=\u00bbordenances-reglam-dep-230&#215;180&#8243; url=\u00bbhttps:\/\/museros.org\/inici\/reglaments-de-lesport\/\u00bb use_overlay=\u00bbon\u00bb overlay_icon_color=\u00bb#E02B20&#8243; hover_overlay_color=\u00bbrgba(255,255,255,0.68)\u00bb hover_icon=\u00bb&#xe04e;||divi||400&#8243; align=\u00bbcenter\u00bb _builder_version=\u00bb4.20.4&#8243; _module_preset=\u00bbdefault\u00bb global_colors_info=\u00bb{}\u00bb][\/et_pb_image][\/et_pb_column][et_pb_column type=\u00bb1_6&#8243; _builder_version=\u00bb4.16&#8243; _module_preset=\u00bbdefault\u00bb global_colors_info=\u00bb{}\u00bb][et_pb_image src=\u00bbhttps:\/\/museros.org\/wp-content\/uploads\/2022\/03\/forum-esports-230&#215;180-1.jpg\u00bb title_text=\u00bbforum-esports-230&#215;180&#8243; url=\u00bbhttps:\/\/museros.org\/inici\/forum-de-lesport\/\u00bb use_overlay=\u00bbon\u00bb overlay_icon_color=\u00bb#E02B20&#8243; hover_overlay_color=\u00bbrgba(255,255,255,0.65)\u00bb hover_icon=\u00bb&#xe04e;||divi||400&#8243; align=\u00bbcenter\u00bb _builder_version=\u00bb4.16&#8243; _module_preset=\u00bbdefault\u00bb global_colors_info=\u00bb{}\u00bb][\/et_pb_image][\/et_pb_column][et_pb_column type=\u00bb1_6&#8243; _builder_version=\u00bb4.16&#8243; _module_preset=\u00bbdefault\u00bb global_colors_info=\u00bb{}\u00bb][et_pb_image src=\u00bbhttps:\/\/museros.org\/wp-content\/uploads\/2022\/03\/esdeveniments-dep-230&#215;180-1.jpg\u00bb title_text=\u00bbesdeveniments-dep-230&#215;180&#8243; url=\u00bbhttps:\/\/museros.org\/inici\/esdeveniments-esportius\/\u00bb use_overlay=\u00bbon\u00bb overlay_icon_color=\u00bb#e02b20&#8243; hover_overlay_color=\u00bbrgba(255,255,255,0.7)\u00bb hover_icon=\u00bb&#xe04e;||divi||400&#8243; align=\u00bbcenter\u00bb _builder_version=\u00bb4.16.1&#8243; _module_preset=\u00bbdefault\u00bb locked=\u00bboff\u00bb global_colors_info=\u00bb{}\u00bb][\/et_pb_image][\/et_pb_column][\/et_pb_row][et_pb_row column_structure=\u00bb1_4,3_4&#8243; _builder_version=\u00bb4.16&#8243; _module_preset=\u00bbdefault\u00bb global_colors_info=\u00bb{}\u00bb][et_pb_column type=\u00bb1_4&#8243; _builder_version=\u00bb4.16&#8243; _module_preset=\u00bbdefault\u00bb global_colors_info=\u00bb{}\u00bb][\/et_pb_column][et_pb_column type=\u00bb3_4&#8243; _builder_version=\u00bb4.16&#8243; _module_preset=\u00bbdefault\u00bb global_colors_info=\u00bb{}\u00bb][et_pb_text _builder_version=\u00bb4.27.4&#8243; _module_preset=\u00bbdefault\u00bb hover_enabled=\u00bb0&#8243; global_colors_info=\u00bb{}\u00bb sticky_enabled=\u00bb0&#8243;]<\/p>\n<h2>Per qu\u00e8 fer esport?<\/h2>\n<p>L\u2019activitat f\u00edsica integrada en la rutina di\u00e0ria \u00e9s una eina de promoci\u00f3 de la salut i de la prevenci\u00f3 i control de les malalties. L\u2019exercici f\u00edsic millora la funci\u00f3 mental, l\u2019autonomia, la mem\u00f2ria, la rapidesa, la imatge corporal i la sensaci\u00f3 de benestar.<br \/>Caminar, anar amb bicicleta, practicar algun esport, fer gimn\u00e0stica o simplement jugar conv\u00e9 perqu\u00e8 s\u00f3n nombrosos els seus beneficis.<br \/>\u2022 Preveu malalties i millora la salut mental.<br \/>\u2022 Millora el funcionament del nostre organisme.<br \/>\u2022 Augmenta l\u2019esperan\u00e7a i la qualitat de vida.<br \/>\u2022 Afavoreix les relacions socials i fomenta valors positius.<br \/>\u2022 Millora la mem\u00f2ria, la capacitat d\u2019aprenentatge i el rendiment escolar.<\/p>\n<p>[\/et_pb_text][et_pb_text _builder_version=\u00bb4.27.4&#8243; _module_preset=\u00bbdefault\u00bb hover_enabled=\u00bb0&#8243; global_colors_info=\u00bb{}\u00bb sticky_enabled=\u00bb0&#8243;]<\/p>\n<h2>Com contactar<\/h2>\n<p>Per a qualsevol mena de suggeriment, reclamaci\u00f3 o queixa pel que fa a l&#8217;\u00c0rea d&#8217;Esports, es pot comunicar de la manera seg\u00fcent:<br \/>\u2022 Contacte electr\u00f2nicament amb: <a href=\"mailto:areaesports@museros.es\" target=\"_blank\" rel=\"noopener\">areaesports@museros.es<\/a><br \/>\u2022 Tamb\u00e9 podeu fer-ho mitjan\u00e7ant sol\u00b7licitud d&#8217;inst\u00e0ncia gen\u00e8rica per seu electr\u00f2nica.<\/p>\n<p>[\/et_pb_text][\/et_pb_column][\/et_pb_row][et_pb_row _builder_version=\u00bb4.16&#8243; _module_preset=\u00bbdefault\u00bb locked=\u00bboff\u00bb global_colors_info=\u00bb{}\u00bb][et_pb_column type=\u00bb4_4&#8243; _builder_version=\u00bb4.16&#8243; _module_preset=\u00bbdefault\u00bb global_colors_info=\u00bb{}\u00bb][et_pb_divider color=\u00bb#999999&#8243; divider_style=\u00bbdotted\u00bb divider_weight=\u00bb7px\u00bb _builder_version=\u00bb4.17.4&#8243; _module_preset=\u00bbdefault\u00bb custom_margin=\u00bb||||false|false\u00bb custom_padding=\u00bb||0px||false|false\u00bb global_colors_info=\u00bb{}\u00bb][\/et_pb_divider][et_pb_text _builder_version=\u00bb4.16&#8243; _module_preset=\u00bbdefault\u00bb custom_margin=\u00bb0px||||false|false\u00bb custom_padding=\u00bb0px||||false|false\u00bb global_colors_info=\u00bb{}\u00bb]<\/p>\n<h1>Noticies<\/h1>\n<p>[\/et_pb_text][et_pb_blog fullwidth=\u00bboff\u00bb posts_number=\u00bb3&#8243; include_categories=\u00bb1248&#8243; meta_date=\u00bbj M,Y\u00bb show_author=\u00bboff\u00bb admin_label=\u00bbBlog todas\u00bb _builder_version=\u00bb4.16&#8243; _module_preset=\u00bbdefault\u00bb box_shadow_style=\u00bbpreset1&#8243; global_colors_info=\u00bb{}\u00bb][\/et_pb_blog][et_pb_divider color=\u00bb#E02B20&#8243; divider_weight=\u00bb4px\u00bb _builder_version=\u00bb4.16&#8243; _module_preset=\u00bbdefault\u00bb global_colors_info=\u00bb{}\u00bb][\/et_pb_divider][\/et_pb_column][\/et_pb_row][\/et_pb_section]<\/p>\n","protected":false},"excerpt":{"rendered":"<p>\u00c0rea d&#8217;Esports Benvingudes i benvinguts a aquest espai del web on trobareu tota la informaci\u00f3 relacionada amb l\u2019activitat esportiva de Museros. Des de l\u2019\u00c0rea d\u2019Esports, tenim com a objectiu principal la promoci\u00f3 de la pr\u00e0ctica de l\u2019activitat f\u00edsica, en fomentar h\u00e0bits saludables entre la ciutadania, tot procurant arribar al major nombre de persones possible, sense [&hellip;]<\/p>\n","protected":false},"author":8,"featured_media":0,"parent":0,"menu_order":0,"comment_status":"closed","ping_status":"closed","template":"","meta":{"_et_pb_use_builder":"on","_et_pb_old_content":"","_et_gb_content_width":"","_mc_calendar":[],"footnotes":""},"wf_page_folders":[297],"class_list":["post-252913","page","type-page","status-publish","hentry"],"_links":{"self":[{"href":"https:\/\/museros.org\/inici\/wp-json\/wp\/v2\/pages\/252913","targetHints":{"allow":["GET"]}}],"collection":[{"href":"https:\/\/museros.org\/inici\/wp-json\/wp\/v2\/pages"}],"about":[{"href":"https:\/\/museros.org\/inici\/wp-json\/wp\/v2\/types\/page"}],"author":[{"embeddable":true,"href":"https:\/\/museros.org\/inici\/wp-json\/wp\/v2\/users\/8"}],"replies":[{"embeddable":true,"href":"https:\/\/museros.org\/inici\/wp-json\/wp\/v2\/comments?post=252913"}],"version-history":[{"count":53,"href":"https:\/\/museros.org\/inici\/wp-json\/wp\/v2\/pages\/252913\/revisions"}],"predecessor-version":[{"id":273665,"href":"https:\/\/museros.org\/inici\/wp-json\/wp\/v2\/pages\/252913\/revisions\/273665"}],"wp:attachment":[{"href":"https:\/\/museros.org\/inici\/wp-json\/wp\/v2\/media?parent=252913"}],"wp:term":[{"taxonomy":"wf_page_folders","embeddable":true,"href":"https:\/\/museros.org\/inici\/wp-json\/wp\/v2\/wf_page_folders?post=252913"}],"curies":[{"name":"wp","href":"https:\/\/api.w.org\/{rel}","templated":true}]}}