{"id":251953,"date":"2022-01-12T15:59:51","date_gmt":"2022-01-12T15:59:51","guid":{"rendered":"https:\/\/museros.org\/inici\/?page_id=251953"},"modified":"2022-02-27T22:14:30","modified_gmt":"2022-02-27T22:14:30","slug":"subvencion-para-consorcio-provincial-de-bomberos","status":"publish","type":"page","link":"https:\/\/museros.org\/inici\/es\/subvencion-para-consorcio-provincial-de-bomberos\/","title":{"rendered":"Subvenci\u00f3n para Consorcio Provincial de Bomberos"},"content":{"rendered":"<p>[et_pb_section fb_built=\u00bb1&#8243; _builder_version=\u00bb4.14.5&#8243; _module_preset=\u00bbdefault\u00bb custom_margin=\u00bb0px||||false|false\u00bb custom_padding=\u00bb0px||||false|false\u00bb locked=\u00bboff\u00bb global_colors_info=\u00bb{}\u00bb][et_pb_row column_structure=\u00bb1_4,3_4&#8243; _builder_version=\u00bb4.14.5&#8243; _module_preset=\u00bbdefault\u00bb custom_margin=\u00bb0px||||false|false\u00bb custom_padding=\u00bb0px||||false|false\u00bb global_colors_info=\u00bb{}\u00bb][et_pb_column type=\u00bb1_4&#8243; _builder_version=\u00bb4.14.5&#8243; _module_preset=\u00bbdefault\u00bb global_colors_info=\u00bb{}\u00bb][et_pb_image src=\u00bbhttps:\/\/museros.org\/wp-content\/uploads\/2022\/01\/logo.png\u00bb title_text=\u00bblogo\u00bb url=\u00bbhttps:\/\/museros.org\/inici\/es\/area-de-hacienda-tributos\u00bb use_overlay=\u00bbon\u00bb overlay_icon_color=\u00bb#E02B20&#8243; hover_overlay_color=\u00bbrgba(255,255,255,0.69)\u00bb hover_icon=\u00bb&#xe04d;||divi||400&#8243; align=\u00bbcenter\u00bb _builder_version=\u00bb4.14.8&#8243; _module_preset=\u00bbdefault\u00bb width=\u00bb80%\u00bb width_tablet=\u00bb30%\u00bb width_phone=\u00bb60%\u00bb width_last_edited=\u00bbon|desktop\u00bb hover_enabled=\u00bb0&#8243; global_colors_info=\u00bb{}\u00bb sticky_enabled=\u00bb0&#8243;][\/et_pb_image][\/et_pb_column][et_pb_column type=\u00bb3_4&#8243; _builder_version=\u00bb4.14.5&#8243; _module_preset=\u00bbdefault\u00bb global_colors_info=\u00bb{}\u00bb][et_pb_text _builder_version=\u00bb4.14.5&#8243; _module_preset=\u00bbdefault\u00bb global_colors_info=\u00bb{}\u00bb]<\/p>\n<h2>El Ayuntamiento de Museros recibe una subvenci\u00f3n de 35.763,96\u20ac para Consorcio Provincial de Bomberos en 2021<\/h2>\n<p>[\/et_pb_text][et_pb_image src=\u00bbhttps:\/\/museros.org\/wp-content\/uploads\/2022\/01\/camion-1200&#215;800-1.jpg\u00bb title_text=\u00bbcamion-1200&#215;800&#8243; _builder_version=\u00bb4.14.5&#8243; _module_preset=\u00bbdefault\u00bb custom_margin=\u00bb30px||30px||false|false\u00bb global_colors_info=\u00bb{}\u00bb][\/et_pb_image][et_pb_text _builder_version=\u00bb4.14.5&#8243; _module_preset=\u00bbdefault\u00bb global_colors_info=\u00bb{}\u00bb]<\/p>\n<p>La Diputaci\u00f3n Provincial de Valencia aprueba una subvenci\u00f3n de concesi\u00f3n directa para financiar la cuota que los ayuntamientos de menos de 20.000 habitantes han de abonar al Consorcio Provincial de Bomberos por sus servicios en el ejercicio 2021, seg\u00fan publica el Bolet\u00edn Oficial de la Provincia (BOP 236 de 09 de diciembre de 2021). En el caso de Museros la subvenci\u00f3n asciende 35.763,96 euros.<br \/>Por acuerdo de la Junta de Gobierno de fecha 23 de noviembre de 2021, la Diputaci\u00f3n Provincial de Valencia ha dispuesto:<br \/>\u00abDada cuenta del expediente 859\/20\/MAM instruido por el Servicio de Medio Ambiente para la aprobaci\u00f3n de subvenciones de concesi\u00f3n directa para la financiaci\u00f3n de las aportaciones que las entidades locales de la provincia menores de 20.000 habitantes han de realizar al Consorcio de Prevenci\u00f3n y Extinci\u00f3n de Incendios y Salvamento de la Provincia de Val\u00e8ncia (Consorcio Provincial de Bomberos) en el ejercicio 2021.<br \/>Atendido que es una competencia de la Diputaci\u00f3n de Valencia el apoyo financiero a todas las entidades locales de la provincia para la prestaci\u00f3n de servicios b\u00e1sicos, pero sobre todo a las de menor poblaci\u00f3n por lo que se justifica la concesi\u00f3n de una subvenci\u00f3n directa, de forma excepcional y singular y sin concurrencia ni convocatoria p\u00fablica, dada la naturaleza de la subvenci\u00f3n, consistente en la financiaci\u00f3n de la cuota correspondiente a cada entidad local por pertenecer al Consorcio de Bomberos de la provincia de Val\u00e8ncia\u00bb.<br \/>Informa: Diputaci\u00f3n de Valencia<\/p>\n<p>[\/et_pb_text][et_pb_button button_url=\u00bbhttps:\/\/museros.org\/wp-content\/uploads\/2022\/01\/Subvencion-Diputacion-Bomberos-BOP.pdf\u00bb url_new_window=\u00bbon\u00bb button_text=\u00bbBOLET\u00cdN OFICIAL DE LA PROVINCIA DE VALENCIA\u00bb _builder_version=\u00bb4.14.5&#8243; _module_preset=\u00bbdefault\u00bb global_colors_info=\u00bb{}\u00bb][\/et_pb_button][\/et_pb_column][\/et_pb_row][et_pb_row _builder_version=\u00bb4.14.5&#8243; _module_preset=\u00bbdefault\u00bb global_colors_info=\u00bb{}\u00bb][et_pb_column type=\u00bb4_4&#8243; _builder_version=\u00bb4.14.5&#8243; _module_preset=\u00bbdefault\u00bb global_colors_info=\u00bb{}\u00bb][et_pb_divider color=\u00bb#E02B20&#8243; divider_weight=\u00bb4px\u00bb _builder_version=\u00bb4.14.5&#8243; _module_preset=\u00bbdefault\u00bb global_colors_info=\u00bb{}\u00bb][\/et_pb_divider][\/et_pb_column][\/et_pb_row][\/et_pb_section]<\/p>\n","protected":false},"excerpt":{"rendered":"<p>El Ayuntamiento de Museros recibe una subvenci\u00f3n de 35.763,96\u20ac para Consorcio Provincial de Bomberos en 2021La Diputaci\u00f3n Provincial de Valencia aprueba una subvenci\u00f3n de concesi\u00f3n directa para financiar la cuota que los ayuntamientos de menos de 20.000 habitantes han de abonar al Consorcio Provincial de Bomberos por sus servicios en el ejercicio 2021, seg\u00fan publica [&hellip;]<\/p>\n","protected":false},"author":8,"featured_media":0,"parent":0,"menu_order":0,"comment_status":"closed","ping_status":"closed","template":"","meta":{"_et_pb_use_builder":"on","_et_pb_old_content":"","_et_gb_content_width":"","_mc_calendar":[],"footnotes":""},"wf_page_folders":[262],"class_list":["post-251953","page","type-page","status-publish","hentry"],"_links":{"self":[{"href":"https:\/\/museros.org\/inici\/wp-json\/wp\/v2\/pages\/251953","targetHints":{"allow":["GET"]}}],"collection":[{"href":"https:\/\/museros.org\/inici\/wp-json\/wp\/v2\/pages"}],"about":[{"href":"https:\/\/museros.org\/inici\/wp-json\/wp\/v2\/types\/page"}],"author":[{"embeddable":true,"href":"https:\/\/museros.org\/inici\/wp-json\/wp\/v2\/users\/8"}],"replies":[{"embeddable":true,"href":"https:\/\/museros.org\/inici\/wp-json\/wp\/v2\/comments?post=251953"}],"version-history":[{"count":5,"href":"https:\/\/museros.org\/inici\/wp-json\/wp\/v2\/pages\/251953\/revisions"}],"predecessor-version":[{"id":253832,"href":"https:\/\/museros.org\/inici\/wp-json\/wp\/v2\/pages\/251953\/revisions\/253832"}],"wp:attachment":[{"href":"https:\/\/museros.org\/inici\/wp-json\/wp\/v2\/media?parent=251953"}],"wp:term":[{"taxonomy":"wf_page_folders","embeddable":true,"href":"https:\/\/museros.org\/inici\/wp-json\/wp\/v2\/wf_page_folders?post=251953"}],"curies":[{"name":"wp","href":"https:\/\/api.w.org\/{rel}","templated":true}]}}