{"id":251946,"date":"2022-01-12T15:50:37","date_gmt":"2022-01-12T15:50:37","guid":{"rendered":"https:\/\/museros.org\/inici\/?page_id=251946"},"modified":"2022-02-27T22:13:55","modified_gmt":"2022-02-27T22:13:55","slug":"subvencio-per-a-consorci-provincial-de-bombers","status":"publish","type":"page","link":"https:\/\/museros.org\/inici\/subvencio-per-a-consorci-provincial-de-bombers\/","title":{"rendered":"Subvenci\u00f3 per a Consorci Provincial de Bombers"},"content":{"rendered":"<p>[et_pb_section fb_built=\u00bb1&#8243; _builder_version=\u00bb4.14.5&#8243; _module_preset=\u00bbdefault\u00bb custom_margin=\u00bb0px||||false|false\u00bb custom_padding=\u00bb0px||||false|false\u00bb global_colors_info=\u00bb{}\u00bb][et_pb_row column_structure=\u00bb1_4,3_4&#8243; _builder_version=\u00bb4.14.5&#8243; _module_preset=\u00bbdefault\u00bb custom_margin=\u00bb0px||||false|false\u00bb custom_padding=\u00bb0px||||false|false\u00bb global_colors_info=\u00bb{}\u00bb][et_pb_column type=\u00bb1_4&#8243; _builder_version=\u00bb4.14.5&#8243; _module_preset=\u00bbdefault\u00bb global_colors_info=\u00bb{}\u00bb][et_pb_image src=\u00bbhttps:\/\/museros.org\/wp-content\/uploads\/2022\/01\/logo.png\u00bb title_text=\u00bblogo\u00bb url=\u00bbhttps:\/\/museros.org\/inici\/area-dhisenda-tributs\u00bb use_overlay=\u00bbon\u00bb overlay_icon_color=\u00bb#E02B20&#8243; hover_overlay_color=\u00bbrgba(255,255,255,0.69)\u00bb hover_icon=\u00bb&#xe04d;||divi||400&#8243; align=\u00bbcenter\u00bb _builder_version=\u00bb4.14.8&#8243; _module_preset=\u00bbdefault\u00bb width=\u00bb80%\u00bb width_tablet=\u00bb30%\u00bb width_phone=\u00bb60%\u00bb width_last_edited=\u00bbon|desktop\u00bb hover_enabled=\u00bb0&#8243; locked=\u00bboff\u00bb global_colors_info=\u00bb{}\u00bb sticky_enabled=\u00bb0&#8243;][\/et_pb_image][\/et_pb_column][et_pb_column type=\u00bb3_4&#8243; _builder_version=\u00bb4.14.5&#8243; _module_preset=\u00bbdefault\u00bb global_colors_info=\u00bb{}\u00bb][et_pb_text _builder_version=\u00bb4.14.5&#8243; _module_preset=\u00bbdefault\u00bb global_colors_info=\u00bb{}\u00bb]<\/p>\n<h2>L&#8217;Ajuntament de Museros rep una subvenci\u00f3 de 35.763,96 \u20ac per a Consorci Provincial de Bombers en 2021<\/h2>\n<p>[\/et_pb_text][et_pb_image src=\u00bbhttps:\/\/museros.org\/wp-content\/uploads\/2022\/01\/camion-1200&#215;800-1.jpg\u00bb title_text=\u00bbcamion-1200&#215;800&#8243; _builder_version=\u00bb4.14.5&#8243; _module_preset=\u00bbdefault\u00bb custom_margin=\u00bb30px||30px||false|false\u00bb global_colors_info=\u00bb{}\u00bb][\/et_pb_image][et_pb_text _builder_version=\u00bb4.14.5&#8243; _module_preset=\u00bbdefault\u00bb global_colors_info=\u00bb{}\u00bb]<\/p>\n<p>La Diputaci\u00f3 Provincial de Val\u00e8ncia aprova una subvenci\u00f3 de concessi\u00f3 directa per a finan\u00e7ar la quota que els ajuntaments de menys de 20.000 habitants han d&#8217;abonar al Consorci Provincial de Bombers pels seus serveis en l&#8217;exercici 2021, segons publica el Butllet\u00ed Oficial de la Prov\u00edncia (BOP 236 de 09 de desembre de 2021). En el cas de Museros la subvenci\u00f3 ascendeix 35.763,96 euros.<br \/>Per acord de la Junta de Govern de data 23 de novembre de 2021, la Diputaci\u00f3 Provincial de Val\u00e8ncia ha disposat:<br \/>\u00abDonat compte de l\u2019expedient 185\/20\/MAM instru\u00eft pel Servici de medi ambient per a l\u2019aprovaci\u00f3 de subvencions de concessi\u00f3 directa per al finan\u00e7ament de les aportacions que les entitats locals de la prov\u00edncia menors de 20.000 habitants han de realitzar al Consorci de Prevenci\u00f3 i Extinci\u00f3 d\u2019Incendis i Salvament de la Prov\u00edncia de Val\u00e8ncia (Consorci Provincial de Bombers) en l\u2019exercici 2020.<br \/>At\u00e9s que \u00e9s una compet\u00e8ncia de la Diputaci\u00f3 de Val\u00e8ncia el suport financer a totes les entitats locals de la prov\u00edncia per a la prestaci\u00f3 de servicis b\u00e0sics, per\u00f2 sobretot a les de menor poblaci\u00f3 pel que es justifica la concessi\u00f3 d\u2019una subvenci\u00f3 directa, de forma excepcional i singular i sense concurr\u00e8ncia ni convocat\u00f2ria p\u00fablica donada la naturalesa de la subvenci\u00f3 consistent en el finan\u00e7ament de la quota corresponent a cada entitat local per pert\u00e0nyer al Consorci de Bombers de la provincia de Val\u00e8ncia.\u00bb<br \/>Informa: Diputaci\u00f3 de Val\u00e8ncia<\/p>\n<p>[\/et_pb_text][et_pb_button button_url=\u00bbhttps:\/\/museros.org\/wp-content\/uploads\/2022\/01\/Subvencion-Diputacion-Bomberos-BOP.pdf\u00bb url_new_window=\u00bbon\u00bb button_text=\u00bbBUTLLET\u00cd OFICIAL DE LA PROV\u00cdNCIA DE VAL\u00c8NCIA \u00bb _builder_version=\u00bb4.14.5&#8243; _module_preset=\u00bbdefault\u00bb global_colors_info=\u00bb{}\u00bb][\/et_pb_button][\/et_pb_column][\/et_pb_row][et_pb_row _builder_version=\u00bb4.14.5&#8243; _module_preset=\u00bbdefault\u00bb global_colors_info=\u00bb{}\u00bb][et_pb_column type=\u00bb4_4&#8243; _builder_version=\u00bb4.14.5&#8243; _module_preset=\u00bbdefault\u00bb global_colors_info=\u00bb{}\u00bb][et_pb_divider color=\u00bb#E02B20&#8243; divider_weight=\u00bb4px\u00bb _builder_version=\u00bb4.14.5&#8243; _module_preset=\u00bbdefault\u00bb global_colors_info=\u00bb{}\u00bb][\/et_pb_divider][\/et_pb_column][\/et_pb_row][\/et_pb_section]<\/p>\n","protected":false},"excerpt":{"rendered":"<p>L&#8217;Ajuntament de Museros rep una subvenci\u00f3 de 35.763,96 \u20ac per a Consorci Provincial de Bombers en 2021La Diputaci\u00f3 Provincial de Val\u00e8ncia aprova una subvenci\u00f3 de concessi\u00f3 directa per a finan\u00e7ar la quota que els ajuntaments de menys de 20.000 habitants han d&#8217;abonar al Consorci Provincial de Bombers pels seus serveis en l&#8217;exercici 2021, segons publica [&hellip;]<\/p>\n","protected":false},"author":8,"featured_media":0,"parent":0,"menu_order":0,"comment_status":"closed","ping_status":"closed","template":"","meta":{"_et_pb_use_builder":"on","_et_pb_old_content":"","_et_gb_content_width":"","_mc_calendar":[],"footnotes":""},"wf_page_folders":[262],"class_list":["post-251946","page","type-page","status-publish","hentry"],"_links":{"self":[{"href":"https:\/\/museros.org\/inici\/wp-json\/wp\/v2\/pages\/251946","targetHints":{"allow":["GET"]}}],"collection":[{"href":"https:\/\/museros.org\/inici\/wp-json\/wp\/v2\/pages"}],"about":[{"href":"https:\/\/museros.org\/inici\/wp-json\/wp\/v2\/types\/page"}],"author":[{"embeddable":true,"href":"https:\/\/museros.org\/inici\/wp-json\/wp\/v2\/users\/8"}],"replies":[{"embeddable":true,"href":"https:\/\/museros.org\/inici\/wp-json\/wp\/v2\/comments?post=251946"}],"version-history":[{"count":7,"href":"https:\/\/museros.org\/inici\/wp-json\/wp\/v2\/pages\/251946\/revisions"}],"predecessor-version":[{"id":253831,"href":"https:\/\/museros.org\/inici\/wp-json\/wp\/v2\/pages\/251946\/revisions\/253831"}],"wp:attachment":[{"href":"https:\/\/museros.org\/inici\/wp-json\/wp\/v2\/media?parent=251946"}],"wp:term":[{"taxonomy":"wf_page_folders","embeddable":true,"href":"https:\/\/museros.org\/inici\/wp-json\/wp\/v2\/wf_page_folders?post=251946"}],"curies":[{"name":"wp","href":"https:\/\/api.w.org\/{rel}","templated":true}]}}