{"id":251813,"date":"2022-01-01T14:25:43","date_gmt":"2022-01-01T14:25:43","guid":{"rendered":"https:\/\/museros.org\/inici\/?page_id=251813"},"modified":"2023-04-05T10:16:57","modified_gmt":"2023-04-05T10:16:57","slug":"museros-inclusiu","status":"publish","type":"page","link":"https:\/\/museros.org\/inici\/museros-inclusiu\/","title":{"rendered":"Museros inclusiu"},"content":{"rendered":"<p>[et_pb_section fb_built=\u00bb1&#8243; _builder_version=\u00bb4.16&#8243; _module_preset=\u00bbdefault\u00bb custom_margin=\u00bb0px||||false|false\u00bb custom_padding=\u00bb0px||||false|false\u00bb global_colors_info=\u00bb{}\u00bb][et_pb_row column_structure=\u00bb1_4,3_4&#8243; _builder_version=\u00bb4.19.2&#8243; _module_preset=\u00bbdefault\u00bb custom_margin=\u00bb0px||||false|false\u00bb custom_padding=\u00bb0px||0px||false|false\u00bb global_colors_info=\u00bb{}\u00bb][et_pb_column type=\u00bb1_4&#8243; _builder_version=\u00bb4.16&#8243; _module_preset=\u00bbdefault\u00bb global_colors_info=\u00bb{}\u00bb][et_pb_image src=\u00bbhttps:\/\/museros.org\/wp-content\/uploads\/2022\/11\/serveissocials-230&#215;180-1.jpg\u00bb title_text=\u00bbserveissocials-230&#215;180&#8243; url=\u00bbhttps:\/\/museros.org\/inici\/area-de-benestar-social\u00bb use_overlay=\u00bbon\u00bb overlay_icon_color=\u00bb#E02B20&#8243; hover_overlay_color=\u00bbrgba(255,255,255,0.7)\u00bb hover_icon=\u00bb&#xe04d;||divi||400&#8243; align=\u00bbcenter\u00bb _builder_version=\u00bb4.19.4&#8243; _module_preset=\u00bbdefault\u00bb width=\u00bb100%\u00bb locked=\u00bboff\u00bb global_colors_info=\u00bb{}\u00bb][\/et_pb_image][\/et_pb_column][et_pb_column type=\u00bb3_4&#8243; _builder_version=\u00bb4.16&#8243; _module_preset=\u00bbdefault\u00bb global_colors_info=\u00bb{}\u00bb][et_pb_image src=\u00bbhttps:\/\/museros.org\/wp-content\/uploads\/2022\/11\/iclusiu-800&#215;800-1.jpg\u00bb title_text=\u00bbiclusiu-800&#215;800&#8243; align=\u00bbcenter\u00bb _builder_version=\u00bb4.19.2&#8243; _module_preset=\u00bbdefault\u00bb global_colors_info=\u00bb{}\u00bb][\/et_pb_image][et_pb_text _builder_version=\u00bb4.19.2&#8243; _module_preset=\u00bbdefault\u00bb custom_margin=\u00bb40px||||false|false\u00bb global_colors_info=\u00bb{}\u00bb]<\/p>\n<h1>Serveis Socials de Museros<\/h1>\n<p>Els Serveis Socials d&#8217;Atenci\u00f3 Prim\u00e0ria de l&#8217;Ajuntament de Museros es configuren com el primer nivell d&#8217;acc\u00e9s al Sistema P\u00fablic Valenci\u00e0 de Serveis Socials.<\/p>\n<p>Estan orientats a garantir una atenci\u00f3 integral, de car\u00e0cter individual, familiar o comunitari a les persones que accedisquen al sistema. Estan formats per un conjunt de prestacions i serveis, estrat\u00e8gies i projectes destinats a la prevenci\u00f3; a la promoci\u00f3 de l&#8217;autonomia personal de car\u00e0cter integral; a l\u2019atenci\u00f3 de les necessitats personals, familiars i socials, i a la garantia de la inclusi\u00f3 social.<\/p>\n<p>L&#8217;equip d&#8217;intervenci\u00f3 dels Serveis Socials del municipi est\u00e0 format per les figures professionals seg\u00fcents:<\/p>\n<p>&#8211; Treballadores socials.<\/p>\n<p>&#8211; Educadores socials.<\/p>\n<p>&#8211; T\u00e8cnica d&#8217;integraci\u00f3 social.<\/p>\n<p>&#8211; Psic\u00f2loga.<\/p>\n<p>A m\u00e9s d&#8217;altres professionals com:<br \/>&#8211; Assessora jur\u00eddica: desenvolupa prestacions d&#8217;assist\u00e8ncia t\u00e8cnica i jur\u00eddica per a l&#8217;adequada protecci\u00f3 i per a l\u2019exercici dels drets de les persones.<\/p>\n<p>&#8211; Agent d&#8217;igualtat: garanteix la incorporaci\u00f3 de la perspectiva de g\u00e8nere, en promoure la participaci\u00f3, impulsar plans d&#8217;igualtat i realitzar actuacions de prevenci\u00f3 de la viol\u00e8ncia de g\u00e8nere i masclista, entre altres, amb l&#8217;objectiu de fer efectiu el principi d&#8217;igualtat de dones i homes de manera transversal en el conjunt de pol\u00edtiques d&#8217;\u00e0mbit local.<\/p>\n<p>Els Serveis Socials estan situats en el Centre Social de Dia a l\u2019avinguda de Blasco Ib\u00e1\u00f1ez, 87.<\/p>\n<p>&#8211; Tel\u00e8fon de contacte: 960262153<\/p>\n<p>&#8211; Les treballadores socials atendran el p\u00fablic dilluns i dimecres mitjan\u00e7ant cita pr\u00e8via.<\/p>\n<p>&#8211; Les consultes telef\u00f2niques s&#8217;atendran els divendres.<\/p>\n<p>&#8211; Correu electr\u00f2nic per a consultes <a href=\"mailto:serveissocials@museros.es\">serveissocials@museros.es<\/a><\/p>\n<p>&nbsp;<\/p>\n<h3><\/h3>\n<h3>Els serveis dels quals es disposa s\u00f3n:<\/h3>\n<p>[\/et_pb_text][\/et_pb_column][\/et_pb_row][et_pb_row column_structure=\u00bb1_5,1_5,1_5,1_5,1_5&#8243; use_custom_gutter=\u00bbon\u00bb gutter_width=\u00bb1&#8243; _builder_version=\u00bb4.19.2&#8243; _module_preset=\u00bbdefault\u00bb global_colors_info=\u00bb{}\u00bb][et_pb_column type=\u00bb1_5&#8243; _builder_version=\u00bb4.19.2&#8243; _module_preset=\u00bbdefault\u00bb global_colors_info=\u00bb{}\u00bb][et_pb_image src=\u00bbhttps:\/\/museros.org\/wp-content\/uploads\/2022\/11\/acolliment-230&#215;180-1.jpg\u00bb title_text=\u00bbacolliment-230&#215;180&#8243; url=\u00bbhttps:\/\/museros.org\/inici\/acolliment-i-atencio\u00bb use_overlay=\u00bbon\u00bb overlay_icon_color=\u00bb#E02B20&#8243; hover_overlay_color=\u00bbrgba(255,255,255,0.71)\u00bb hover_icon=\u00bb&#xe04e;||divi||400&#8243; _builder_version=\u00bb4.19.2&#8243; _module_preset=\u00bbdefault\u00bb global_colors_info=\u00bb{}\u00bb][\/et_pb_image][\/et_pb_column][et_pb_column type=\u00bb1_5&#8243; _builder_version=\u00bb4.19.2&#8243; _module_preset=\u00bbdefault\u00bb global_colors_info=\u00bb{}\u00bb][et_pb_image src=\u00bbhttps:\/\/museros.org\/wp-content\/uploads\/2022\/11\/inclusio-230&#215;180-1.jpg\u00bb title_text=\u00bbinclusio-230&#215;180&#8243; url=\u00bbhttps:\/\/museros.org\/inici\/inclusio-social\u00bb use_overlay=\u00bbon\u00bb overlay_icon_color=\u00bb#E02B20&#8243; hover_overlay_color=\u00bbrgba(255,255,255,0.71)\u00bb hover_icon=\u00bb&#xe04e;||divi||400&#8243; _builder_version=\u00bb4.19.2&#8243; _module_preset=\u00bbdefault\u00bb global_colors_info=\u00bb{}\u00bb][\/et_pb_image][\/et_pb_column][et_pb_column type=\u00bb1_5&#8243; _builder_version=\u00bb4.19.2&#8243; _module_preset=\u00bbdefault\u00bb global_colors_info=\u00bb{}\u00bb][et_pb_image src=\u00bbhttps:\/\/museros.org\/wp-content\/uploads\/2022\/11\/promocio-230&#215;180-1.jpg\u00bb title_text=\u00bbpromocio-230&#215;180&#8243; url=\u00bbhttps:\/\/museros.org\/inici\/promocio-de-lautonomia\u00bb use_overlay=\u00bbon\u00bb overlay_icon_color=\u00bb#E02B20&#8243; hover_overlay_color=\u00bbrgba(255,255,255,0.71)\u00bb hover_icon=\u00bb&#xe04e;||divi||400&#8243; _builder_version=\u00bb4.19.2&#8243; _module_preset=\u00bbdefault\u00bb global_colors_info=\u00bb{}\u00bb][\/et_pb_image][\/et_pb_column][et_pb_column type=\u00bb1_5&#8243; _builder_version=\u00bb4.19.2&#8243; _module_preset=\u00bbdefault\u00bb global_colors_info=\u00bb{}\u00bb][et_pb_image src=\u00bbhttps:\/\/museros.org\/wp-content\/uploads\/2022\/11\/prevencio230x180.jpg\u00bb title_text=\u00bbprevencio230x180&#8243; url=\u00bbhttps:\/\/museros.org\/inici\/prevencio-i-intervencio\u00bb use_overlay=\u00bbon\u00bb overlay_icon_color=\u00bb#E02B20&#8243; hover_overlay_color=\u00bbrgba(255,255,255,0.71)\u00bb hover_icon=\u00bb&#xe04e;||divi||400&#8243; _builder_version=\u00bb4.19.2&#8243; _module_preset=\u00bbdefault\u00bb global_colors_info=\u00bb{}\u00bb][\/et_pb_image][\/et_pb_column][et_pb_column type=\u00bb1_5&#8243; _builder_version=\u00bb4.19.2&#8243; _module_preset=\u00bbdefault\u00bb global_colors_info=\u00bb{}\u00bb][et_pb_image src=\u00bbhttps:\/\/museros.org\/wp-content\/uploads\/2022\/11\/accio-230&#215;180-1.jpg\u00bb title_text=\u00bbaccio-230&#215;180&#8243; url=\u00bbhttps:\/\/museros.org\/inici\/accio-comunitaria\u00bb use_overlay=\u00bbon\u00bb overlay_icon_color=\u00bb#E02B20&#8243; hover_overlay_color=\u00bbrgba(255,255,255,0.71)\u00bb hover_icon=\u00bb&#xe04e;||divi||400&#8243; _builder_version=\u00bb4.19.2&#8243; _module_preset=\u00bbdefault\u00bb global_colors_info=\u00bb{}\u00bb][\/et_pb_image][\/et_pb_column][\/et_pb_row][et_pb_row _builder_version=\u00bb4.16&#8243; _module_preset=\u00bbdefault\u00bb min_height=\u00bb77px\u00bb global_colors_info=\u00bb{}\u00bb][et_pb_column type=\u00bb4_4&#8243; _builder_version=\u00bb4.16&#8243; _module_preset=\u00bbdefault\u00bb global_colors_info=\u00bb{}\u00bb][et_pb_divider color=\u00bb#E02B20&#8243; divider_weight=\u00bb4px\u00bb _builder_version=\u00bb4.16&#8243; _module_preset=\u00bbdefault\u00bb global_colors_info=\u00bb{}\u00bb][\/et_pb_divider][\/et_pb_column][\/et_pb_row][\/et_pb_section]<\/p>\n","protected":false},"excerpt":{"rendered":"<p>Serveis Socials de Museros Els Serveis Socials d&#8217;Atenci\u00f3 Prim\u00e0ria de l&#8217;Ajuntament de Museros es configuren com el primer nivell d&#8217;acc\u00e9s al Sistema P\u00fablic Valenci\u00e0 de Serveis Socials. Estan orientats a garantir una atenci\u00f3 integral, de car\u00e0cter individual, familiar o comunitari a les persones que accedisquen al sistema. Estan formats per un conjunt de prestacions i [&hellip;]<\/p>\n","protected":false},"author":8,"featured_media":0,"parent":0,"menu_order":0,"comment_status":"closed","ping_status":"closed","template":"","meta":{"_et_pb_use_builder":"on","_et_pb_old_content":"","_et_gb_content_width":"","_mc_calendar":[],"footnotes":""},"wf_page_folders":[288],"class_list":["post-251813","page","type-page","status-publish","hentry"],"_links":{"self":[{"href":"https:\/\/museros.org\/inici\/wp-json\/wp\/v2\/pages\/251813","targetHints":{"allow":["GET"]}}],"collection":[{"href":"https:\/\/museros.org\/inici\/wp-json\/wp\/v2\/pages"}],"about":[{"href":"https:\/\/museros.org\/inici\/wp-json\/wp\/v2\/types\/page"}],"author":[{"embeddable":true,"href":"https:\/\/museros.org\/inici\/wp-json\/wp\/v2\/users\/8"}],"replies":[{"embeddable":true,"href":"https:\/\/museros.org\/inici\/wp-json\/wp\/v2\/comments?post=251813"}],"version-history":[{"count":16,"href":"https:\/\/museros.org\/inici\/wp-json\/wp\/v2\/pages\/251813\/revisions"}],"predecessor-version":[{"id":264149,"href":"https:\/\/museros.org\/inici\/wp-json\/wp\/v2\/pages\/251813\/revisions\/264149"}],"wp:attachment":[{"href":"https:\/\/museros.org\/inici\/wp-json\/wp\/v2\/media?parent=251813"}],"wp:term":[{"taxonomy":"wf_page_folders","embeddable":true,"href":"https:\/\/museros.org\/inici\/wp-json\/wp\/v2\/wf_page_folders?post=251813"}],"curies":[{"name":"wp","href":"https:\/\/api.w.org\/{rel}","templated":true}]}}