{"id":251649,"date":"2021-12-26T08:24:27","date_gmt":"2021-12-26T08:24:27","guid":{"rendered":"https:\/\/museros.org\/inici\/?page_id=251649"},"modified":"2021-12-26T12:20:20","modified_gmt":"2021-12-26T12:20:20","slug":"2e-primera-reunion","status":"publish","type":"page","link":"https:\/\/museros.org\/inici\/es\/2e-primera-reunion\/","title":{"rendered":"2e Primera reuni\u00f3n"},"content":{"rendered":"<p>[et_pb_section fb_built=\u00bb1&#8243; _builder_version=\u00bb4.10.4&#8243; _module_preset=\u00bbdefault\u00bb custom_margin=\u00bb0px||||false|false\u00bb custom_padding=\u00bb0px||||false|false\u00bb locked=\u00bboff\u00bb global_colors_info=\u00bb{}\u00bb][et_pb_row column_structure=\u00bb1_3,2_3&#8243; _builder_version=\u00bb4.10.4&#8243; _module_preset=\u00bbdefault\u00bb custom_margin=\u00bb0px||||false|false\u00bb custom_padding=\u00bb0px||||false|false\u00bb global_colors_info=\u00bb{}\u00bb][et_pb_column type=\u00bb1_3&#8243; _builder_version=\u00bb4.6.5&#8243; _module_preset=\u00bbdefault\u00bb global_colors_info=\u00bb{}\u00bb][et_pb_image src=\u00bbhttps:\/\/museros.org\/wp-content\/uploads\/2021\/06\/logo-forumvecinal-230&#215;180-1.jpg\u00bb title_text=\u00bblogo-forumvecinal-230&#215;180&#8243; url=\u00bbhttps:\/\/museros.org\/inici\/es\/foro-vecinal\/\u00bb use_overlay=\u00bbon\u00bb overlay_icon_color=\u00bb#E02B20&#8243; hover_overlay_color=\u00bbrgba(255,255,255,0.7)\u00bb hover_icon=\u00bb&#xe04d;||divi||400&#8243; align=\u00bbcenter\u00bb admin_label=\u00bblogo forum vecinal\u00bb _builder_version=\u00bb4.14.4&#8243; _module_preset=\u00bbdefault\u00bb width_tablet=\u00bb\u00bb width_phone=\u00bb100%\u00bb width_last_edited=\u00bbon|desktop\u00bb custom_margin=\u00bb60px||||false|false\u00bb custom_margin_tablet=\u00bb\u00bb custom_margin_phone=\u00bb0px||||false|false\u00bb custom_margin_last_edited=\u00bbon|desktop\u00bb locked=\u00bboff\u00bb global_colors_info=\u00bb{}\u00bb src__hover_enabled=\u00bbon|desktop\u00bb src__hover=\u00bbhttps:\/\/museros.org\/wp-content\/uploads\/2021\/06\/logo-forumvecinal-230&#215;180-1.jpg\u00bb][\/et_pb_image][\/et_pb_column][et_pb_column type=\u00bb2_3&#8243; _builder_version=\u00bb4.6.5&#8243; _module_preset=\u00bbdefault\u00bb global_colors_info=\u00bb{}\u00bb][et_pb_text _builder_version=\u00bb4.14.4&#8243; _module_preset=\u00bbdefault\u00bb global_colors_info=\u00bb{}\u00bb]<\/p>\n<h3>Segunda edici\u00f3n<\/h3>\n<h1>Primera reuni\u00f3n<\/h1>\n<h5>31 de mayo de 2021<\/h5>\n<p>[\/et_pb_text][et_pb_image src=\u00bbhttps:\/\/museros.org\/wp-content\/uploads\/2021\/12\/2e-1a-reunio-forum.jpg\u00bb title_text=\u00bb2e-1a-reunio-forum\u00bb _builder_version=\u00bb4.14.4&#8243; _module_preset=\u00bbdefault\u00bb custom_margin=\u00bb30px||30px||false|false\u00bb global_colors_info=\u00bb{}\u00bb][\/et_pb_image][et_pb_text _builder_version=\u00bb4.14.4&#8243; _module_preset=\u00bbdefault\u00bb global_colors_info=\u00bb{}\u00bb]<\/p>\n<p>El pasado lunes, 31 de mayo de 2021, a las 19.30 h de la tarde, tuvo lugar la primera reuni\u00f3n del II Foro Vecinal de Museros en la Casa de Cultura. En la actividad se hicieron cumplir las medidas sociosanitarias de distancia interpersonal y de uso de mascarilla. Consisti\u00f3 en una sesi\u00f3n formativa a cargo de las dinamizadoras en la cual se compartieron algunas herramientas te\u00f3ricas sobre salud comunitaria, siguiendo el marco de los determinantes sociales de la salud y del urbanismo de las ciudades cuidadoras. Ambos paradigmas se relacionan con el IV Plan de salud y el Plan de movilidad urbana sostenible, sendos proyectos en los cuales trabaj\u00f3 ya la primera edici\u00f3n del Foro y que retoma esta segunda.<br \/>El II Foro Vecinal de Museros est\u00e1 conformado de nuevo por personas a t\u00edtulo individual, escogidas con criterios sociodemogr\u00e1ficos de representatividad, y miembros del tejido asociativo. Mediante metodolog\u00edas participativas se profundizar\u00e1 a lo largo de los doce meses pr\u00f3ximos en asuntos de inter\u00e9s municipal, como por ejemplo los entornos escolares seguros, el comercio de proximidad y la soledad no deseada. Adem\u00e1s, antes del verano, se har\u00e1 un diagn\u00f3stico participado para explorar los problemas y potencialidades de Museros, y definir as\u00ed algunas propuestas de mejora para el pueblo.<br \/>Con el grupo, se acord\u00f3 que las convocatorias se har\u00e1n mediante un grupo de WhatsApp ad hoc. Adem\u00e1s, para asegurar la trazabilidad del proyecto por parte del vecindario que lo deseo se publicar\u00e1n las actas y el material producido en el apartado espec\u00edfico del web del Ayuntamiento.<\/p>\n<p>[\/et_pb_text][\/et_pb_column][\/et_pb_row][et_pb_row _builder_version=\u00bb4.6.5&#8243; _module_preset=\u00bbdefault\u00bb global_colors_info=\u00bb{}\u00bb][et_pb_column type=\u00bb4_4&#8243; _builder_version=\u00bb4.6.5&#8243; _module_preset=\u00bbdefault\u00bb global_colors_info=\u00bb{}\u00bb][et_pb_divider color=\u00bb#cc0000&#8243; divider_weight=\u00bb4px\u00bb _builder_version=\u00bb4.6.5&#8243; _module_preset=\u00bbdefault\u00bb global_colors_info=\u00bb{}\u00bb][\/et_pb_divider][\/et_pb_column][\/et_pb_row][\/et_pb_section]<\/p>\n","protected":false},"excerpt":{"rendered":"<p>Segunda edici\u00f3n Primera reuni\u00f3n 31 de mayo de 2021El pasado lunes, 31 de mayo de 2021, a las 19.30 h de la tarde, tuvo lugar la primera reuni\u00f3n del II Foro Vecinal de Museros en la Casa de Cultura. En la actividad se hicieron cumplir las medidas sociosanitarias de distancia interpersonal y de uso de [&hellip;]<\/p>\n","protected":false},"author":8,"featured_media":0,"parent":0,"menu_order":0,"comment_status":"closed","ping_status":"closed","template":"","meta":{"_et_pb_use_builder":"on","_et_pb_old_content":"","_et_gb_content_width":"","_mc_calendar":[],"footnotes":""},"wf_page_folders":[1066],"class_list":["post-251649","page","type-page","status-publish","hentry"],"_links":{"self":[{"href":"https:\/\/museros.org\/inici\/wp-json\/wp\/v2\/pages\/251649","targetHints":{"allow":["GET"]}}],"collection":[{"href":"https:\/\/museros.org\/inici\/wp-json\/wp\/v2\/pages"}],"about":[{"href":"https:\/\/museros.org\/inici\/wp-json\/wp\/v2\/types\/page"}],"author":[{"embeddable":true,"href":"https:\/\/museros.org\/inici\/wp-json\/wp\/v2\/users\/8"}],"replies":[{"embeddable":true,"href":"https:\/\/museros.org\/inici\/wp-json\/wp\/v2\/comments?post=251649"}],"version-history":[{"count":5,"href":"https:\/\/museros.org\/inici\/wp-json\/wp\/v2\/pages\/251649\/revisions"}],"predecessor-version":[{"id":251744,"href":"https:\/\/museros.org\/inici\/wp-json\/wp\/v2\/pages\/251649\/revisions\/251744"}],"wp:attachment":[{"href":"https:\/\/museros.org\/inici\/wp-json\/wp\/v2\/media?parent=251649"}],"wp:term":[{"taxonomy":"wf_page_folders","embeddable":true,"href":"https:\/\/museros.org\/inici\/wp-json\/wp\/v2\/wf_page_folders?post=251649"}],"curies":[{"name":"wp","href":"https:\/\/api.w.org\/{rel}","templated":true}]}}