{"id":251592,"date":"2021-12-25T17:54:34","date_gmt":"2021-12-25T17:54:34","guid":{"rendered":"https:\/\/museros.org\/inici\/?page_id=251592"},"modified":"2021-12-26T12:17:15","modified_gmt":"2021-12-26T12:17:15","slug":"1e-sexta-reunion","status":"publish","type":"page","link":"https:\/\/museros.org\/inici\/es\/1e-sexta-reunion\/","title":{"rendered":"1e Sexta reuni\u00f3n"},"content":{"rendered":"<p>[et_pb_section fb_built=\u00bb1&#8243; _builder_version=\u00bb4.10.4&#8243; _module_preset=\u00bbdefault\u00bb custom_margin=\u00bb0px||||false|false\u00bb custom_padding=\u00bb0px||||false|false\u00bb locked=\u00bboff\u00bb global_colors_info=\u00bb{}\u00bb][et_pb_row column_structure=\u00bb1_3,2_3&#8243; _builder_version=\u00bb4.10.4&#8243; _module_preset=\u00bbdefault\u00bb custom_margin=\u00bb0px||||false|false\u00bb custom_padding=\u00bb0px||||false|false\u00bb global_colors_info=\u00bb{}\u00bb][et_pb_column type=\u00bb1_3&#8243; _builder_version=\u00bb4.6.5&#8243; _module_preset=\u00bbdefault\u00bb global_colors_info=\u00bb{}\u00bb][et_pb_image src=\u00bbhttps:\/\/museros.org\/wp-content\/uploads\/2021\/06\/logo-forumvecinal-230&#215;180-1.jpg\u00bb title_text=\u00bblogo-forumvecinal-230&#215;180&#8243; url=\u00bbhttps:\/\/museros.org\/inici\/es\/foro-vecinal\/\u00bb use_overlay=\u00bbon\u00bb overlay_icon_color=\u00bb#E02B20&#8243; hover_overlay_color=\u00bbrgba(255,255,255,0.7)\u00bb hover_icon=\u00bb&#xe04d;||divi||400&#8243; align=\u00bbcenter\u00bb admin_label=\u00bblogo forum vecinal\u00bb _builder_version=\u00bb4.14.4&#8243; _module_preset=\u00bbdefault\u00bb width_tablet=\u00bb\u00bb width_phone=\u00bb100%\u00bb width_last_edited=\u00bbon|desktop\u00bb custom_margin=\u00bb60px||||false|false\u00bb custom_margin_tablet=\u00bb\u00bb custom_margin_phone=\u00bb0px||||false|false\u00bb custom_margin_last_edited=\u00bbon|desktop\u00bb locked=\u00bboff\u00bb global_colors_info=\u00bb{}\u00bb src__hover_enabled=\u00bbon|desktop\u00bb src__hover=\u00bbhttps:\/\/museros.org\/wp-content\/uploads\/2021\/06\/logo-forumvecinal-230&#215;180-1.jpg\u00bb][\/et_pb_image][\/et_pb_column][et_pb_column type=\u00bb2_3&#8243; _builder_version=\u00bb4.6.5&#8243; _module_preset=\u00bbdefault\u00bb global_colors_info=\u00bb{}\u00bb][et_pb_text _builder_version=\u00bb4.14.4&#8243; _module_preset=\u00bbdefault\u00bb global_colors_info=\u00bb{}\u00bb]<\/p>\n<h3>Primera edici\u00f3n<\/h3>\n<h1>Sexta reuni\u00f3n<\/h1>\n<h5>24 de noviembre de 2020<\/h5>\n<p>[\/et_pb_text][et_pb_image src=\u00bbhttps:\/\/museros.org\/wp-content\/uploads\/2021\/12\/6a-reunio-forum.jpg\u00bb title_text=\u00bb6a-reunio-forum\u00bb _builder_version=\u00bb4.14.4&#8243; _module_preset=\u00bbdefault\u00bb global_colors_info=\u00bb{}\u00bb][\/et_pb_image][et_pb_text _builder_version=\u00bb4.14.4&#8243; _module_preset=\u00bbdefault\u00bb global_colors_info=\u00bb{}\u00bb]<\/p>\n<p>El martes 24 de noviembre, a las 19.00 h, se convocaron dos reuniones digitales con las personas miembros del Foro Vecinal y con las dinamizadoras mediante la plataforma en l\u00ednea Google Meet.<br \/>Los encuentros fueron simult\u00e1neos, con el objetivo de abordar el dise\u00f1o de la acci\u00f3n de promoci\u00f3n de movilidad de manera m\u00e1s eficiente. As\u00ed pues, durante 45 minutos, un grupo se centr\u00f3 en la log\u00edstica de la jornada y el otro en la comunicaci\u00f3n de esta. A continuaci\u00f3n, se encontraron cinco personas de ambos equipos para hacer una puesta en com\u00fan.<\/p>\n<p>[\/et_pb_text][et_pb_button button_url=\u00bbhttps:\/\/museros.org\/wp-content\/uploads\/2021\/12\/6a-reunio-Forum-Veinal.pdf\u00bb url_new_window=\u00bbon\u00bb button_text=\u00bbDocumento PDF\u00bb _builder_version=\u00bb4.14.4&#8243; _module_preset=\u00bbdefault\u00bb global_colors_info=\u00bb{}\u00bb][\/et_pb_button][\/et_pb_column][\/et_pb_row][et_pb_row _builder_version=\u00bb4.6.5&#8243; _module_preset=\u00bbdefault\u00bb global_colors_info=\u00bb{}\u00bb][et_pb_column type=\u00bb4_4&#8243; _builder_version=\u00bb4.6.5&#8243; _module_preset=\u00bbdefault\u00bb global_colors_info=\u00bb{}\u00bb][et_pb_divider color=\u00bb#cc0000&#8243; divider_weight=\u00bb4px\u00bb _builder_version=\u00bb4.6.5&#8243; _module_preset=\u00bbdefault\u00bb global_colors_info=\u00bb{}\u00bb][\/et_pb_divider][\/et_pb_column][\/et_pb_row][\/et_pb_section]<\/p>\n","protected":false},"excerpt":{"rendered":"<p>Primera edici\u00f3n Sexta reuni\u00f3n 24 de noviembre de 2020El martes 24 de noviembre, a las 19.00 h, se convocaron dos reuniones digitales con las personas miembros del Foro Vecinal y con las dinamizadoras mediante la plataforma en l\u00ednea Google Meet.Los encuentros fueron simult\u00e1neos, con el objetivo de abordar el dise\u00f1o de la acci\u00f3n de promoci\u00f3n [&hellip;]<\/p>\n","protected":false},"author":8,"featured_media":0,"parent":0,"menu_order":0,"comment_status":"closed","ping_status":"closed","template":"","meta":{"_et_pb_use_builder":"on","_et_pb_old_content":"","_et_gb_content_width":"","_mc_calendar":[],"footnotes":""},"wf_page_folders":[1065],"class_list":["post-251592","page","type-page","status-publish","hentry"],"_links":{"self":[{"href":"https:\/\/museros.org\/inici\/wp-json\/wp\/v2\/pages\/251592","targetHints":{"allow":["GET"]}}],"collection":[{"href":"https:\/\/museros.org\/inici\/wp-json\/wp\/v2\/pages"}],"about":[{"href":"https:\/\/museros.org\/inici\/wp-json\/wp\/v2\/types\/page"}],"author":[{"embeddable":true,"href":"https:\/\/museros.org\/inici\/wp-json\/wp\/v2\/users\/8"}],"replies":[{"embeddable":true,"href":"https:\/\/museros.org\/inici\/wp-json\/wp\/v2\/comments?post=251592"}],"version-history":[{"count":4,"href":"https:\/\/museros.org\/inici\/wp-json\/wp\/v2\/pages\/251592\/revisions"}],"predecessor-version":[{"id":251740,"href":"https:\/\/museros.org\/inici\/wp-json\/wp\/v2\/pages\/251592\/revisions\/251740"}],"wp:attachment":[{"href":"https:\/\/museros.org\/inici\/wp-json\/wp\/v2\/media?parent=251592"}],"wp:term":[{"taxonomy":"wf_page_folders","embeddable":true,"href":"https:\/\/museros.org\/inici\/wp-json\/wp\/v2\/wf_page_folders?post=251592"}],"curies":[{"name":"wp","href":"https:\/\/api.w.org\/{rel}","templated":true}]}}