{"id":250994,"date":"2021-12-10T13:17:54","date_gmt":"2021-12-10T13:17:54","guid":{"rendered":"https:\/\/museros.org\/inici\/?page_id=250994"},"modified":"2022-04-03T19:57:39","modified_gmt":"2022-04-03T19:57:39","slug":"anunci-eficiencia-energetica","status":"publish","type":"page","link":"https:\/\/museros.org\/inici\/anunci-eficiencia-energetica\/","title":{"rendered":"Anunci efici\u00e8ncia energ\u00e8tica"},"content":{"rendered":"<p>[et_pb_section fb_built=\u00bb1&#8243; _builder_version=\u00bb4.16&#8243; _module_preset=\u00bbdefault\u00bb custom_margin=\u00bb0px||||false|false\u00bb custom_padding=\u00bb0px||||false|false\u00bb locked=\u00bboff\u00bb global_colors_info=\u00bb{}\u00bb][et_pb_row column_structure=\u00bb1_4,3_4&#8243; _builder_version=\u00bb4.16&#8243; _module_preset=\u00bbdefault\u00bb custom_margin=\u00bb0px||||false|false\u00bb custom_padding=\u00bb0px||||false|false\u00bb global_colors_info=\u00bb{}\u00bb][et_pb_column type=\u00bb1_4&#8243; _builder_version=\u00bb4.16&#8243; _module_preset=\u00bbdefault\u00bb global_colors_info=\u00bb{}\u00bb][et_pb_image src=\u00bbhttps:\/\/museros.org\/wp-content\/uploads\/2021\/08\/logo-urbanisme-cl-230&#215;180-1.jpg\u00bb title_text=\u00bblogo-urbanisme-cl-230&#215;180&#8243; url=\u00bbhttps:\/\/museros.org\/inici\/area-durbanisme\/\u00bb use_overlay=\u00bbon\u00bb overlay_icon_color=\u00bb#E02B20&#8243; hover_overlay_color=\u00bbrgba(255,255,255,0.68)\u00bb hover_icon=\u00bb&#xe04d;||divi||400&#8243; _builder_version=\u00bb4.16.0&#8243; _module_preset=\u00bbdefault\u00bb hover_enabled=\u00bb0&#8243; global_colors_info=\u00bb{}\u00bb sticky_enabled=\u00bb0&#8243;][\/et_pb_image][\/et_pb_column][et_pb_column type=\u00bb3_4&#8243; _builder_version=\u00bb4.16&#8243; _module_preset=\u00bbdefault\u00bb global_colors_info=\u00bb{}\u00bb][et_pb_image src=\u00bbhttps:\/\/museros.org\/wp-content\/uploads\/2021\/12\/anunci-ee-800&#215;320-1.jpg\u00bb title_text=\u00bbanunci-ee-800&#215;320&#8243; _builder_version=\u00bb4.16&#8243; _module_preset=\u00bbdefault\u00bb global_colors_info=\u00bb{}\u00bb][\/et_pb_image][et_pb_text _builder_version=\u00bb4.16&#8243; _module_preset=\u00bbdefault\u00bb custom_margin=\u00bb40px||40px||false|false\u00bb global_colors_info=\u00bb{}\u00bb]<\/p>\n<p>Anunci d\u2019adjudicaci\u00f3 i formalitzaci\u00f3 del contracte de l\u2019obra de mesures d&#8217;estalvi i efici\u00e8ncia energ\u00e8tica en els sistemes d&#8217;enllumenat p\u00fablic exterior existent a Museros el 2020. Sectors 3, 14, 15, 16, 17 i 18 de Museros, cofinan\u00e7ada per l&#8217;Institut Valenci\u00e0 de Competitivitat Empresarial (IVACE).<\/p>\n<p>[\/et_pb_text][et_pb_button button_url=\u00bbhttps:\/\/museros.org\/wp-content\/uploads\/2021\/12\/ANUNCI-ADJUDICACIO-WEB-SUBV.pdf\u00bb url_new_window=\u00bbon\u00bb button_text=\u00bbANUNCI D&#8217;ADJUDICACI\u00d3\u00bb _builder_version=\u00bb4.16&#8243; _module_preset=\u00bbdefault\u00bb global_colors_info=\u00bb{}\u00bb][\/et_pb_button][\/et_pb_column][\/et_pb_row][et_pb_row _builder_version=\u00bb4.16&#8243; _module_preset=\u00bbdefault\u00bb global_colors_info=\u00bb{}\u00bb][et_pb_column type=\u00bb4_4&#8243; _builder_version=\u00bb4.16&#8243; _module_preset=\u00bbdefault\u00bb global_colors_info=\u00bb{}\u00bb][et_pb_divider color=\u00bb#E02B20&#8243; divider_weight=\u00bb4px\u00bb _builder_version=\u00bb4.16&#8243; _module_preset=\u00bbdefault\u00bb global_colors_info=\u00bb{}\u00bb][\/et_pb_divider][\/et_pb_column][\/et_pb_row][\/et_pb_section]<\/p>\n","protected":false},"excerpt":{"rendered":"<p>Anunci d\u2019adjudicaci\u00f3 i formalitzaci\u00f3 del contracte de l\u2019obra de mesures d&#8217;estalvi i efici\u00e8ncia energ\u00e8tica en els sistemes d&#8217;enllumenat p\u00fablic exterior existent a Museros el 2020. Sectors 3, 14, 15, 16, 17 i 18 de Museros, cofinan\u00e7ada per l&#8217;Institut Valenci\u00e0 de Competitivitat Empresarial (IVACE).<\/p>\n","protected":false},"author":8,"featured_media":0,"parent":0,"menu_order":0,"comment_status":"closed","ping_status":"closed","template":"","meta":{"_et_pb_use_builder":"on","_et_pb_old_content":"","_et_gb_content_width":"","_mc_calendar":[],"footnotes":""},"wf_page_folders":[285],"class_list":["post-250994","page","type-page","status-publish","hentry"],"_links":{"self":[{"href":"https:\/\/museros.org\/inici\/wp-json\/wp\/v2\/pages\/250994","targetHints":{"allow":["GET"]}}],"collection":[{"href":"https:\/\/museros.org\/inici\/wp-json\/wp\/v2\/pages"}],"about":[{"href":"https:\/\/museros.org\/inici\/wp-json\/wp\/v2\/types\/page"}],"author":[{"embeddable":true,"href":"https:\/\/museros.org\/inici\/wp-json\/wp\/v2\/users\/8"}],"replies":[{"embeddable":true,"href":"https:\/\/museros.org\/inici\/wp-json\/wp\/v2\/comments?post=250994"}],"version-history":[{"count":6,"href":"https:\/\/museros.org\/inici\/wp-json\/wp\/v2\/pages\/250994\/revisions"}],"predecessor-version":[{"id":271204,"href":"https:\/\/museros.org\/inici\/wp-json\/wp\/v2\/pages\/250994\/revisions\/271204"}],"wp:attachment":[{"href":"https:\/\/museros.org\/inici\/wp-json\/wp\/v2\/media?parent=250994"}],"wp:term":[{"taxonomy":"wf_page_folders","embeddable":true,"href":"https:\/\/museros.org\/inici\/wp-json\/wp\/v2\/wf_page_folders?post=250994"}],"curies":[{"name":"wp","href":"https:\/\/api.w.org\/{rel}","templated":true}]}}